{"id":7219,"date":"2023-03-26T10:00:45","date_gmt":"2023-03-26T10:00:45","guid":{"rendered":"https:\/\/projekt.vombat.ee\/eco\/?page_id=7219"},"modified":"2023-03-26T10:00:45","modified_gmt":"2023-03-26T10:00:45","slug":"meista","status":"publish","type":"page","link":"https:\/\/projekt.vombat.ee\/eco\/fi\/meista\/","title":{"rendered":"Meist\u00e4"},"content":{"rendered":"<h1><span style=\"color: #ffcc00;\">ECOCRUISER.EU<\/span><\/h1>\n<p>Ecocruiser.eu luotiin tavoitteena tarjota asiakkaillemme tuotteita, jotka tuovat paljon iloa ja j\u00e4nnityst\u00e4 el\u00e4m\u00e4\u00e4n ja auttavat v\u00e4hent\u00e4m\u00e4\u00e4n CO2-p\u00e4\u00e4st\u00f6j\u00e4 yhteiskunnassamme.<\/p>\n<p>Tuotevalikoimaan kuuluu useita erilaisia \u200b\u200bs\u00e4hk\u00f6skoottereita sek\u00e4 vanhoilta, tunnetuilta merkeilt\u00e4 ett\u00e4 uusilta tulokkailta.<\/p>\n<p>Toimitusaika on yleens\u00e4 noin 3-4 ty\u00f6p\u00e4iv\u00e4\u00e4, joissain tapauksissa jopa 6 ty\u00f6p\u00e4iv\u00e4\u00e4.<\/p>\n<p>Ecocruiser.eu-kaupassa on mahdollista maksaa tilisiirrolla sek\u00e4 maksulla. Ne, jotka haluavat maksaa eriss\u00e4, voivat pyyt\u00e4\u00e4 t\u00e4t\u00e4 suoraan ostoskorimme kautta ja Esto tarjoaa osamaksun.<\/p>\n<p>Tietoturvaratkaisut tekev\u00e4t verkkomaksuista turvallista ja k\u00e4tev\u00e4\u00e4.<\/p>\n<p><img fetchpriority=\"high\" decoding=\"async\" class=\"attachment-large wp-image-2541\" src=\"https:\/\/projekt.vombat.ee\/eco\/wp-content\/uploads\/2023\/02\/16-1024x1024.jpg\" sizes=\"(max-width: 1024px) 100vw, 1024px\" srcset=\"https:\/\/projekt.vombat.ee\/eco\/wp-content\/uploads\/2023\/02\/16-1024x1024.jpg 1024w, https:\/\/projekt.vombat.ee\/eco\/wp-content\/uploads\/2023\/02\/16-150x150.jpg 150w, https:\/\/projekt.vombat.ee\/eco\/wp-content\/uploads\/2023\/02\/16-300x300.jpg 300w, https:\/\/projekt.vombat.ee\/eco\/wp-content\/uploads\/2023\/02\/16-768x768.jpg 768w, https:\/\/projekt.vombat.ee\/eco\/wp-content\/uploads\/2023\/02\/16-50x50.jpg 50w, https:\/\/projekt.vombat.ee\/eco\/wp-content\/uploads\/2023\/02\/16-100x100.jpg 100w, https:\/\/projekt.vombat.ee\/eco\/wp-content\/uploads\/2023\/02\/16-370x370.jpg 370w, https:\/\/projekt.vombat.ee\/eco\/wp-content\/uploads\/2023\/02\/16-75x75.jpg 75w, https:\/\/projekt.vombat.ee\/eco\/wp-content\/uploads\/2023\/02\/16-760x760.jpg 760w, https:\/\/projekt.vombat.ee\/eco\/wp-content\/uploads\/2023\/02\/16-800x800.jpg 800w, https:\/\/projekt.vombat.ee\/eco\/wp-content\/uploads\/2023\/02\/16-500x500.jpg 500w, https:\/\/projekt.vombat.ee\/eco\/wp-content\/uploads\/2023\/02\/16-165x165.jpg 165w\" alt=\"\" width=\"714\" height=\"714\" \/><\/p>\n<p>&nbsp;<\/p>\n","protected":false},"excerpt":{"rendered":"<p>ECOCRUISER.EU Ecocruiser.eu luotiin tavoitteena tarjota asiakkaillemme tuotteita, jotka tuovat paljon iloa ja j\u00e4nnityst\u00e4 el\u00e4m\u00e4\u00e4n ja auttavat v\u00e4hent\u00e4m\u00e4\u00e4n CO2-p\u00e4\u00e4st\u00f6j\u00e4 yhteiskunnassamme. Tuotevalikoimaan kuuluu useita erilaisia \u200b\u200bs\u00e4hk\u00f6skoottereita sek\u00e4 vanhoilta, tunnetuilta merkeilt\u00e4 ett\u00e4 uusilta tulokkailta. Toimitusaika on yleens\u00e4 noin 3-4 ty\u00f6p\u00e4iv\u00e4\u00e4, joissain tapauksissa jopa 6 ty\u00f6p\u00e4iv\u00e4\u00e4. Ecocruiser.eu-kaupassa on mahdollista maksaa tilisiirrolla sek\u00e4 maksulla. Ne, jotka haluavat maksaa eriss\u00e4, voivat pyyt\u00e4\u00e4 t\u00e4t\u00e4 suoraan ostoskorimme kautta\u2026<\/p>\n","protected":false},"author":3,"featured_media":0,"parent":0,"menu_order":0,"comment_status":"closed","ping_status":"closed","template":"elementor_header_footer","meta":{"footnotes":""},"class_list":["post-7219","page","type-page","status-publish","hentry"],"yoast_head":"<!-- This site is optimized with the Yoast SEO plugin v23.8 - https:\/\/yoast.com\/wordpress\/plugins\/seo\/ -->\n<title>Meist\u00e4 - Ecocruiser<\/title>\n<meta name=\"description\" content=\"Ecocruiser.eu luotiin tavoitteena tarjota asiakkaillemme tuotteita, jotka tuovat paljon iloa ja j\u00e4nnityst\u00e4 el\u00e4m\u00e4\u00e4n ja auttavat v\u00e4hent\u00e4m\u00e4\u00e4n CO2-p\u00e4\u00e4st\u00f6j\u00e4 yhteiskunnassamme.Tuotevalikoimaan kuuluu useita erilaisia \u200b\u200bs\u00e4hk\u00f6skoottereita sek\u00e4 vanhoilta, tunnetuilta merkeilt\u00e4 ett\u00e4 uusilta tulokkailta.Toimitusaika on yleens\u00e4 noin 3-4 ty\u00f6p\u00e4iv\u00e4\u00e4, joissain tapauksissa jopa 6 ty\u00f6p\u00e4iv\u00e4\u00e4. Ecocruiser.eu-kaupassa on mahdollista maksaa tilisiirrolla sek\u00e4 maksulla. Ne, jotka haluavat maksaa eriss\u00e4, voivat pyyt\u00e4\u00e4 t\u00e4t\u00e4 suoraan ostoskorimme kautta ja Esto tarjoaa osamaksun.Tietoturvaratkaisut tekev\u00e4t verkkomaksuista turvallista ja k\u00e4tev\u00e4\u00e4.\" \/>\n<meta name=\"robots\" content=\"noindex, follow, max-snippet:-1, max-image-preview:large, max-video-preview:-1\" \/>\n<meta property=\"og:locale\" content=\"en_GB\" \/>\n<meta property=\"og:type\" content=\"article\" \/>\n<meta property=\"og:title\" content=\"Meist\u00e4 - Ecocruiser\" \/>\n<meta property=\"og:description\" content=\"Ecocruiser.eu luotiin tavoitteena tarjota asiakkaillemme tuotteita, jotka tuovat paljon iloa ja j\u00e4nnityst\u00e4 el\u00e4m\u00e4\u00e4n ja auttavat v\u00e4hent\u00e4m\u00e4\u00e4n CO2-p\u00e4\u00e4st\u00f6j\u00e4 yhteiskunnassamme.Tuotevalikoimaan kuuluu useita erilaisia \u200b\u200bs\u00e4hk\u00f6skoottereita sek\u00e4 vanhoilta, tunnetuilta merkeilt\u00e4 ett\u00e4 uusilta tulokkailta.Toimitusaika on yleens\u00e4 noin 3-4 ty\u00f6p\u00e4iv\u00e4\u00e4, joissain tapauksissa jopa 6 ty\u00f6p\u00e4iv\u00e4\u00e4. Ecocruiser.eu-kaupassa on mahdollista maksaa tilisiirrolla sek\u00e4 maksulla. Ne, jotka haluavat maksaa eriss\u00e4, voivat pyyt\u00e4\u00e4 t\u00e4t\u00e4 suoraan ostoskorimme kautta ja Esto tarjoaa osamaksun.Tietoturvaratkaisut tekev\u00e4t verkkomaksuista turvallista ja k\u00e4tev\u00e4\u00e4.\" \/>\n<meta property=\"og:url\" content=\"https:\/\/projekt.vombat.ee\/eco\/fi\/meista\/\" \/>\n<meta property=\"og:site_name\" content=\"Ecocruiser\" \/>\n<meta property=\"og:image\" content=\"https:\/\/projekt.vombat.ee\/eco\/wp-content\/uploads\/2023\/02\/16-1024x1024.jpg\" \/>\n<meta name=\"twitter:card\" content=\"summary_large_image\" \/>\n<meta name=\"twitter:label1\" content=\"Estimated reading time\" \/>\n\t<meta name=\"twitter:data1\" content=\"1 minute\" \/>\n<script type=\"application\/ld+json\" class=\"yoast-schema-graph\">{\"@context\":\"https:\/\/schema.org\",\"@graph\":[{\"@type\":\"WebPage\",\"@id\":\"https:\/\/projekt.vombat.ee\/eco\/fi\/meista\/\",\"url\":\"https:\/\/projekt.vombat.ee\/eco\/fi\/meista\/\",\"name\":\"Meist\u00e4 - Ecocruiser\",\"isPartOf\":{\"@id\":\"https:\/\/projekt.vombat.ee\/eco\/#website\"},\"primaryImageOfPage\":{\"@id\":\"https:\/\/projekt.vombat.ee\/eco\/fi\/meista\/#primaryimage\"},\"image\":{\"@id\":\"https:\/\/projekt.vombat.ee\/eco\/fi\/meista\/#primaryimage\"},\"thumbnailUrl\":\"https:\/\/projekt.vombat.ee\/eco\/wp-content\/uploads\/2023\/02\/16-1024x1024.jpg\",\"datePublished\":\"2023-03-26T10:00:45+00:00\",\"dateModified\":\"2023-03-26T10:00:45+00:00\",\"description\":\"Ecocruiser.eu luotiin tavoitteena tarjota asiakkaillemme tuotteita, jotka tuovat paljon iloa ja j\u00e4nnityst\u00e4 el\u00e4m\u00e4\u00e4n ja auttavat v\u00e4hent\u00e4m\u00e4\u00e4n CO2-p\u00e4\u00e4st\u00f6j\u00e4 yhteiskunnassamme.Tuotevalikoimaan kuuluu useita erilaisia \u200b\u200bs\u00e4hk\u00f6skoottereita sek\u00e4 vanhoilta, tunnetuilta merkeilt\u00e4 ett\u00e4 uusilta tulokkailta.Toimitusaika on yleens\u00e4 noin 3-4 ty\u00f6p\u00e4iv\u00e4\u00e4, joissain tapauksissa jopa 6 ty\u00f6p\u00e4iv\u00e4\u00e4. Ecocruiser.eu-kaupassa on mahdollista maksaa tilisiirrolla sek\u00e4 maksulla. Ne, jotka haluavat maksaa eriss\u00e4, voivat pyyt\u00e4\u00e4 t\u00e4t\u00e4 suoraan ostoskorimme kautta ja Esto tarjoaa osamaksun.Tietoturvaratkaisut tekev\u00e4t verkkomaksuista turvallista ja k\u00e4tev\u00e4\u00e4.\",\"breadcrumb\":{\"@id\":\"https:\/\/projekt.vombat.ee\/eco\/fi\/meista\/#breadcrumb\"},\"inLanguage\":\"en-GB\",\"potentialAction\":[{\"@type\":\"ReadAction\",\"target\":[\"https:\/\/projekt.vombat.ee\/eco\/fi\/meista\/\"]}]},{\"@type\":\"ImageObject\",\"inLanguage\":\"en-GB\",\"@id\":\"https:\/\/projekt.vombat.ee\/eco\/fi\/meista\/#primaryimage\",\"url\":\"https:\/\/projekt.vombat.ee\/eco\/wp-content\/uploads\/2023\/02\/16.jpg\",\"contentUrl\":\"https:\/\/projekt.vombat.ee\/eco\/wp-content\/uploads\/2023\/02\/16.jpg\",\"width\":900,\"height\":600},{\"@type\":\"BreadcrumbList\",\"@id\":\"https:\/\/projekt.vombat.ee\/eco\/fi\/meista\/#breadcrumb\",\"itemListElement\":[{\"@type\":\"ListItem\",\"position\":1,\"name\":\"Home\",\"item\":\"https:\/\/projekt.vombat.ee\/eco\/\"},{\"@type\":\"ListItem\",\"position\":2,\"name\":\"Meist\u00e4\"}]},{\"@type\":\"WebSite\",\"@id\":\"https:\/\/projekt.vombat.ee\/eco\/#website\",\"url\":\"https:\/\/projekt.vombat.ee\/eco\/\",\"name\":\"Ecocruiser\",\"description\":\"\",\"publisher\":{\"@id\":\"https:\/\/projekt.vombat.ee\/eco\/#organization\"},\"potentialAction\":[{\"@type\":\"SearchAction\",\"target\":{\"@type\":\"EntryPoint\",\"urlTemplate\":\"https:\/\/projekt.vombat.ee\/eco\/?s={search_term_string}\"},\"query-input\":{\"@type\":\"PropertyValueSpecification\",\"valueRequired\":true,\"valueName\":\"search_term_string\"}}],\"inLanguage\":\"en-GB\"},{\"@type\":\"Organization\",\"@id\":\"https:\/\/projekt.vombat.ee\/eco\/#organization\",\"name\":\"Ecocruiser\",\"url\":\"https:\/\/projekt.vombat.ee\/eco\/\",\"logo\":{\"@type\":\"ImageObject\",\"inLanguage\":\"en-GB\",\"@id\":\"https:\/\/projekt.vombat.ee\/eco\/#\/schema\/logo\/image\/\",\"url\":\"https:\/\/projekt.vombat.ee\/eco\/wp-content\/uploads\/2023\/03\/ECOCRUISER_5.png\",\"contentUrl\":\"https:\/\/projekt.vombat.ee\/eco\/wp-content\/uploads\/2023\/03\/ECOCRUISER_5.png\",\"width\":234,\"height\":91,\"caption\":\"Ecocruiser\"},\"image\":{\"@id\":\"https:\/\/projekt.vombat.ee\/eco\/#\/schema\/logo\/image\/\"}}]}<\/script>\n<!-- \/ Yoast SEO plugin. -->","yoast_head_json":{"title":"Meist\u00e4 - Ecocruiser","description":"Ecocruiser.eu luotiin tavoitteena tarjota asiakkaillemme tuotteita, jotka tuovat paljon iloa ja j\u00e4nnityst\u00e4 el\u00e4m\u00e4\u00e4n ja auttavat v\u00e4hent\u00e4m\u00e4\u00e4n CO2-p\u00e4\u00e4st\u00f6j\u00e4 yhteiskunnassamme.Tuotevalikoimaan kuuluu useita erilaisia \u200b\u200bs\u00e4hk\u00f6skoottereita sek\u00e4 vanhoilta, tunnetuilta merkeilt\u00e4 ett\u00e4 uusilta tulokkailta.Toimitusaika on yleens\u00e4 noin 3-4 ty\u00f6p\u00e4iv\u00e4\u00e4, joissain tapauksissa jopa 6 ty\u00f6p\u00e4iv\u00e4\u00e4. Ecocruiser.eu-kaupassa on mahdollista maksaa tilisiirrolla sek\u00e4 maksulla. Ne, jotka haluavat maksaa eriss\u00e4, voivat pyyt\u00e4\u00e4 t\u00e4t\u00e4 suoraan ostoskorimme kautta ja Esto tarjoaa osamaksun.Tietoturvaratkaisut tekev\u00e4t verkkomaksuista turvallista ja k\u00e4tev\u00e4\u00e4.","robots":{"index":"noindex","follow":"follow","max-snippet":"max-snippet:-1","max-image-preview":"max-image-preview:large","max-video-preview":"max-video-preview:-1"},"og_locale":"en_GB","og_type":"article","og_title":"Meist\u00e4 - Ecocruiser","og_description":"Ecocruiser.eu luotiin tavoitteena tarjota asiakkaillemme tuotteita, jotka tuovat paljon iloa ja j\u00e4nnityst\u00e4 el\u00e4m\u00e4\u00e4n ja auttavat v\u00e4hent\u00e4m\u00e4\u00e4n CO2-p\u00e4\u00e4st\u00f6j\u00e4 yhteiskunnassamme.Tuotevalikoimaan kuuluu useita erilaisia \u200b\u200bs\u00e4hk\u00f6skoottereita sek\u00e4 vanhoilta, tunnetuilta merkeilt\u00e4 ett\u00e4 uusilta tulokkailta.Toimitusaika on yleens\u00e4 noin 3-4 ty\u00f6p\u00e4iv\u00e4\u00e4, joissain tapauksissa jopa 6 ty\u00f6p\u00e4iv\u00e4\u00e4. Ecocruiser.eu-kaupassa on mahdollista maksaa tilisiirrolla sek\u00e4 maksulla. Ne, jotka haluavat maksaa eriss\u00e4, voivat pyyt\u00e4\u00e4 t\u00e4t\u00e4 suoraan ostoskorimme kautta ja Esto tarjoaa osamaksun.Tietoturvaratkaisut tekev\u00e4t verkkomaksuista turvallista ja k\u00e4tev\u00e4\u00e4.","og_url":"https:\/\/projekt.vombat.ee\/eco\/fi\/meista\/","og_site_name":"Ecocruiser","og_image":[{"url":"https:\/\/projekt.vombat.ee\/eco\/wp-content\/uploads\/2023\/02\/16-1024x1024.jpg"}],"twitter_card":"summary_large_image","twitter_misc":{"Estimated reading time":"1 minute"},"schema":{"@context":"https:\/\/schema.org","@graph":[{"@type":"WebPage","@id":"https:\/\/projekt.vombat.ee\/eco\/fi\/meista\/","url":"https:\/\/projekt.vombat.ee\/eco\/fi\/meista\/","name":"Meist\u00e4 - Ecocruiser","isPartOf":{"@id":"https:\/\/projekt.vombat.ee\/eco\/#website"},"primaryImageOfPage":{"@id":"https:\/\/projekt.vombat.ee\/eco\/fi\/meista\/#primaryimage"},"image":{"@id":"https:\/\/projekt.vombat.ee\/eco\/fi\/meista\/#primaryimage"},"thumbnailUrl":"https:\/\/projekt.vombat.ee\/eco\/wp-content\/uploads\/2023\/02\/16-1024x1024.jpg","datePublished":"2023-03-26T10:00:45+00:00","dateModified":"2023-03-26T10:00:45+00:00","description":"Ecocruiser.eu luotiin tavoitteena tarjota asiakkaillemme tuotteita, jotka tuovat paljon iloa ja j\u00e4nnityst\u00e4 el\u00e4m\u00e4\u00e4n ja auttavat v\u00e4hent\u00e4m\u00e4\u00e4n CO2-p\u00e4\u00e4st\u00f6j\u00e4 yhteiskunnassamme.Tuotevalikoimaan kuuluu useita erilaisia \u200b\u200bs\u00e4hk\u00f6skoottereita sek\u00e4 vanhoilta, tunnetuilta merkeilt\u00e4 ett\u00e4 uusilta tulokkailta.Toimitusaika on yleens\u00e4 noin 3-4 ty\u00f6p\u00e4iv\u00e4\u00e4, joissain tapauksissa jopa 6 ty\u00f6p\u00e4iv\u00e4\u00e4. Ecocruiser.eu-kaupassa on mahdollista maksaa tilisiirrolla sek\u00e4 maksulla. Ne, jotka haluavat maksaa eriss\u00e4, voivat pyyt\u00e4\u00e4 t\u00e4t\u00e4 suoraan ostoskorimme kautta ja Esto tarjoaa osamaksun.Tietoturvaratkaisut tekev\u00e4t verkkomaksuista turvallista ja k\u00e4tev\u00e4\u00e4.","breadcrumb":{"@id":"https:\/\/projekt.vombat.ee\/eco\/fi\/meista\/#breadcrumb"},"inLanguage":"en-GB","potentialAction":[{"@type":"ReadAction","target":["https:\/\/projekt.vombat.ee\/eco\/fi\/meista\/"]}]},{"@type":"ImageObject","inLanguage":"en-GB","@id":"https:\/\/projekt.vombat.ee\/eco\/fi\/meista\/#primaryimage","url":"https:\/\/projekt.vombat.ee\/eco\/wp-content\/uploads\/2023\/02\/16.jpg","contentUrl":"https:\/\/projekt.vombat.ee\/eco\/wp-content\/uploads\/2023\/02\/16.jpg","width":900,"height":600},{"@type":"BreadcrumbList","@id":"https:\/\/projekt.vombat.ee\/eco\/fi\/meista\/#breadcrumb","itemListElement":[{"@type":"ListItem","position":1,"name":"Home","item":"https:\/\/projekt.vombat.ee\/eco\/"},{"@type":"ListItem","position":2,"name":"Meist\u00e4"}]},{"@type":"WebSite","@id":"https:\/\/projekt.vombat.ee\/eco\/#website","url":"https:\/\/projekt.vombat.ee\/eco\/","name":"Ecocruiser","description":"","publisher":{"@id":"https:\/\/projekt.vombat.ee\/eco\/#organization"},"potentialAction":[{"@type":"SearchAction","target":{"@type":"EntryPoint","urlTemplate":"https:\/\/projekt.vombat.ee\/eco\/?s={search_term_string}"},"query-input":{"@type":"PropertyValueSpecification","valueRequired":true,"valueName":"search_term_string"}}],"inLanguage":"en-GB"},{"@type":"Organization","@id":"https:\/\/projekt.vombat.ee\/eco\/#organization","name":"Ecocruiser","url":"https:\/\/projekt.vombat.ee\/eco\/","logo":{"@type":"ImageObject","inLanguage":"en-GB","@id":"https:\/\/projekt.vombat.ee\/eco\/#\/schema\/logo\/image\/","url":"https:\/\/projekt.vombat.ee\/eco\/wp-content\/uploads\/2023\/03\/ECOCRUISER_5.png","contentUrl":"https:\/\/projekt.vombat.ee\/eco\/wp-content\/uploads\/2023\/03\/ECOCRUISER_5.png","width":234,"height":91,"caption":"Ecocruiser"},"image":{"@id":"https:\/\/projekt.vombat.ee\/eco\/#\/schema\/logo\/image\/"}}]}},"lang":"fi","translations":{"fi":7219,"ru":5704,"et":1146,"lv":5934,"en":12169,"fr":17116},"pll_sync_post":[],"_links":{"self":[{"href":"https:\/\/projekt.vombat.ee\/eco\/wp-json\/wp\/v2\/pages\/7219"}],"collection":[{"href":"https:\/\/projekt.vombat.ee\/eco\/wp-json\/wp\/v2\/pages"}],"about":[{"href":"https:\/\/projekt.vombat.ee\/eco\/wp-json\/wp\/v2\/types\/page"}],"author":[{"embeddable":true,"href":"https:\/\/projekt.vombat.ee\/eco\/wp-json\/wp\/v2\/users\/3"}],"replies":[{"embeddable":true,"href":"https:\/\/projekt.vombat.ee\/eco\/wp-json\/wp\/v2\/comments?post=7219"}],"version-history":[{"count":1,"href":"https:\/\/projekt.vombat.ee\/eco\/wp-json\/wp\/v2\/pages\/7219\/revisions"}],"predecessor-version":[{"id":7223,"href":"https:\/\/projekt.vombat.ee\/eco\/wp-json\/wp\/v2\/pages\/7219\/revisions\/7223"}],"wp:attachment":[{"href":"https:\/\/projekt.vombat.ee\/eco\/wp-json\/wp\/v2\/media?parent=7219"}],"curies":[{"name":"wp","href":"https:\/\/api.w.org\/{rel}","templated":true}]}}