{"id":7215,"date":"2023-03-26T09:55:22","date_gmt":"2023-03-26T09:55:22","guid":{"rendered":"https:\/\/projekt.vombat.ee\/eco\/?page_id=7215"},"modified":"2023-03-26T09:55:22","modified_gmt":"2023-03-26T09:55:22","slug":"toimitus","status":"publish","type":"page","link":"https:\/\/projekt.vombat.ee\/eco\/fi\/toimitus\/","title":{"rendered":"TOIMITUS"},"content":{"rendered":"<h1>Ecocruiser.eu toimitusvaihtoehdot<\/h1>\n<p>1. Yhteisty\u00f6kumppani l\u00e4hetyksen toimittamisessa <strong>Suomessa, Latviassa, Virossa ja Liettuassa<\/strong> on DPD.<\/p>\n<p><strong>DPD kuriiri<\/strong> &#8211; tavarat toimitetaan asiakkaan toivomaan osoitteeseen, yleens\u00e4 2-8 arkip\u00e4iv\u00e4n sis\u00e4ll\u00e4.<\/p>\n<p>Maksimi toimitusaika jopa 14 p\u00e4iv\u00e4\u00e4.<br \/>\nPyyd\u00e4 kuljetustarjous info@projekt.vombat.ee tai puhelimitse +372 56638381<\/p>\n","protected":false},"excerpt":{"rendered":"<p>Ecocruiser.eu toimitusvaihtoehdot 1. Yhteisty\u00f6kumppani l\u00e4hetyksen toimittamisessa Suomessa, Latviassa, Virossa ja Liettuassa on DPD. DPD kuriiri &#8211; tavarat toimitetaan asiakkaan toivomaan osoitteeseen, yleens\u00e4 2-8 arkip\u00e4iv\u00e4n sis\u00e4ll\u00e4. Maksimi toimitusaika jopa 14 p\u00e4iv\u00e4\u00e4. Pyyd\u00e4 kuljetustarjous info@projekt.vombat.ee tai puhelimitse +372 56638381<\/p>\n","protected":false},"author":3,"featured_media":0,"parent":0,"menu_order":0,"comment_status":"closed","ping_status":"closed","template":"","meta":{"footnotes":""},"class_list":["post-7215","page","type-page","status-publish","hentry"],"yoast_head":"<!-- This site is optimized with the Yoast SEO plugin v23.8 - https:\/\/yoast.com\/wordpress\/plugins\/seo\/ -->\n<title>TOIMITUS - Ecocruiser<\/title>\n<meta name=\"robots\" content=\"noindex, follow, max-snippet:-1, max-image-preview:large, max-video-preview:-1\" \/>\n<meta property=\"og:locale\" content=\"en_GB\" \/>\n<meta property=\"og:type\" content=\"article\" \/>\n<meta property=\"og:title\" content=\"TOIMITUS - Ecocruiser\" \/>\n<meta property=\"og:description\" content=\"Ecocruiser.eu toimitusvaihtoehdot 1. Yhteisty\u00f6kumppani l\u00e4hetyksen toimittamisessa Suomessa, Latviassa, Virossa ja Liettuassa on DPD. DPD kuriiri &#8211; tavarat toimitetaan asiakkaan toivomaan osoitteeseen, yleens\u00e4 2-8 arkip\u00e4iv\u00e4n sis\u00e4ll\u00e4. Maksimi toimitusaika jopa 14 p\u00e4iv\u00e4\u00e4. Pyyd\u00e4 kuljetustarjous info@projekt.vombat.ee tai puhelimitse +372 56638381\" \/>\n<meta property=\"og:url\" content=\"https:\/\/projekt.vombat.ee\/eco\/fi\/toimitus\/\" \/>\n<meta property=\"og:site_name\" content=\"Ecocruiser\" \/>\n<meta name=\"twitter:card\" content=\"summary_large_image\" \/>\n<meta name=\"twitter:label1\" content=\"Estimated reading time\" \/>\n\t<meta name=\"twitter:data1\" content=\"1 minute\" \/>\n<script type=\"application\/ld+json\" class=\"yoast-schema-graph\">{\"@context\":\"https:\/\/schema.org\",\"@graph\":[{\"@type\":\"WebPage\",\"@id\":\"https:\/\/projekt.vombat.ee\/eco\/fi\/toimitus\/\",\"url\":\"https:\/\/projekt.vombat.ee\/eco\/fi\/toimitus\/\",\"name\":\"TOIMITUS - Ecocruiser\",\"isPartOf\":{\"@id\":\"https:\/\/projekt.vombat.ee\/eco\/#website\"},\"datePublished\":\"2023-03-26T09:55:22+00:00\",\"dateModified\":\"2023-03-26T09:55:22+00:00\",\"breadcrumb\":{\"@id\":\"https:\/\/projekt.vombat.ee\/eco\/fi\/toimitus\/#breadcrumb\"},\"inLanguage\":\"en-GB\",\"potentialAction\":[{\"@type\":\"ReadAction\",\"target\":[\"https:\/\/projekt.vombat.ee\/eco\/fi\/toimitus\/\"]}]},{\"@type\":\"BreadcrumbList\",\"@id\":\"https:\/\/projekt.vombat.ee\/eco\/fi\/toimitus\/#breadcrumb\",\"itemListElement\":[{\"@type\":\"ListItem\",\"position\":1,\"name\":\"Home\",\"item\":\"https:\/\/projekt.vombat.ee\/eco\/\"},{\"@type\":\"ListItem\",\"position\":2,\"name\":\"TOIMITUS\"}]},{\"@type\":\"WebSite\",\"@id\":\"https:\/\/projekt.vombat.ee\/eco\/#website\",\"url\":\"https:\/\/projekt.vombat.ee\/eco\/\",\"name\":\"Ecocruiser\",\"description\":\"\",\"publisher\":{\"@id\":\"https:\/\/projekt.vombat.ee\/eco\/#organization\"},\"potentialAction\":[{\"@type\":\"SearchAction\",\"target\":{\"@type\":\"EntryPoint\",\"urlTemplate\":\"https:\/\/projekt.vombat.ee\/eco\/?s={search_term_string}\"},\"query-input\":{\"@type\":\"PropertyValueSpecification\",\"valueRequired\":true,\"valueName\":\"search_term_string\"}}],\"inLanguage\":\"en-GB\"},{\"@type\":\"Organization\",\"@id\":\"https:\/\/projekt.vombat.ee\/eco\/#organization\",\"name\":\"Ecocruiser\",\"url\":\"https:\/\/projekt.vombat.ee\/eco\/\",\"logo\":{\"@type\":\"ImageObject\",\"inLanguage\":\"en-GB\",\"@id\":\"https:\/\/projekt.vombat.ee\/eco\/#\/schema\/logo\/image\/\",\"url\":\"https:\/\/projekt.vombat.ee\/eco\/wp-content\/uploads\/2023\/03\/ECOCRUISER_5.png\",\"contentUrl\":\"https:\/\/projekt.vombat.ee\/eco\/wp-content\/uploads\/2023\/03\/ECOCRUISER_5.png\",\"width\":234,\"height\":91,\"caption\":\"Ecocruiser\"},\"image\":{\"@id\":\"https:\/\/projekt.vombat.ee\/eco\/#\/schema\/logo\/image\/\"}}]}<\/script>\n<!-- \/ Yoast SEO plugin. -->","yoast_head_json":{"title":"TOIMITUS - Ecocruiser","robots":{"index":"noindex","follow":"follow","max-snippet":"max-snippet:-1","max-image-preview":"max-image-preview:large","max-video-preview":"max-video-preview:-1"},"og_locale":"en_GB","og_type":"article","og_title":"TOIMITUS - Ecocruiser","og_description":"Ecocruiser.eu toimitusvaihtoehdot 1. Yhteisty\u00f6kumppani l\u00e4hetyksen toimittamisessa Suomessa, Latviassa, Virossa ja Liettuassa on DPD. DPD kuriiri &#8211; tavarat toimitetaan asiakkaan toivomaan osoitteeseen, yleens\u00e4 2-8 arkip\u00e4iv\u00e4n sis\u00e4ll\u00e4. Maksimi toimitusaika jopa 14 p\u00e4iv\u00e4\u00e4. Pyyd\u00e4 kuljetustarjous info@projekt.vombat.ee tai puhelimitse +372 56638381","og_url":"https:\/\/projekt.vombat.ee\/eco\/fi\/toimitus\/","og_site_name":"Ecocruiser","twitter_card":"summary_large_image","twitter_misc":{"Estimated reading time":"1 minute"},"schema":{"@context":"https:\/\/schema.org","@graph":[{"@type":"WebPage","@id":"https:\/\/projekt.vombat.ee\/eco\/fi\/toimitus\/","url":"https:\/\/projekt.vombat.ee\/eco\/fi\/toimitus\/","name":"TOIMITUS - Ecocruiser","isPartOf":{"@id":"https:\/\/projekt.vombat.ee\/eco\/#website"},"datePublished":"2023-03-26T09:55:22+00:00","dateModified":"2023-03-26T09:55:22+00:00","breadcrumb":{"@id":"https:\/\/projekt.vombat.ee\/eco\/fi\/toimitus\/#breadcrumb"},"inLanguage":"en-GB","potentialAction":[{"@type":"ReadAction","target":["https:\/\/projekt.vombat.ee\/eco\/fi\/toimitus\/"]}]},{"@type":"BreadcrumbList","@id":"https:\/\/projekt.vombat.ee\/eco\/fi\/toimitus\/#breadcrumb","itemListElement":[{"@type":"ListItem","position":1,"name":"Home","item":"https:\/\/projekt.vombat.ee\/eco\/"},{"@type":"ListItem","position":2,"name":"TOIMITUS"}]},{"@type":"WebSite","@id":"https:\/\/projekt.vombat.ee\/eco\/#website","url":"https:\/\/projekt.vombat.ee\/eco\/","name":"Ecocruiser","description":"","publisher":{"@id":"https:\/\/projekt.vombat.ee\/eco\/#organization"},"potentialAction":[{"@type":"SearchAction","target":{"@type":"EntryPoint","urlTemplate":"https:\/\/projekt.vombat.ee\/eco\/?s={search_term_string}"},"query-input":{"@type":"PropertyValueSpecification","valueRequired":true,"valueName":"search_term_string"}}],"inLanguage":"en-GB"},{"@type":"Organization","@id":"https:\/\/projekt.vombat.ee\/eco\/#organization","name":"Ecocruiser","url":"https:\/\/projekt.vombat.ee\/eco\/","logo":{"@type":"ImageObject","inLanguage":"en-GB","@id":"https:\/\/projekt.vombat.ee\/eco\/#\/schema\/logo\/image\/","url":"https:\/\/projekt.vombat.ee\/eco\/wp-content\/uploads\/2023\/03\/ECOCRUISER_5.png","contentUrl":"https:\/\/projekt.vombat.ee\/eco\/wp-content\/uploads\/2023\/03\/ECOCRUISER_5.png","width":234,"height":91,"caption":"Ecocruiser"},"image":{"@id":"https:\/\/projekt.vombat.ee\/eco\/#\/schema\/logo\/image\/"}}]}},"lang":"fi","translations":{"fi":7215,"ru":5139,"et":2577,"lv":5973,"en":16312,"fr":17139},"pll_sync_post":[],"_links":{"self":[{"href":"https:\/\/projekt.vombat.ee\/eco\/wp-json\/wp\/v2\/pages\/7215"}],"collection":[{"href":"https:\/\/projekt.vombat.ee\/eco\/wp-json\/wp\/v2\/pages"}],"about":[{"href":"https:\/\/projekt.vombat.ee\/eco\/wp-json\/wp\/v2\/types\/page"}],"author":[{"embeddable":true,"href":"https:\/\/projekt.vombat.ee\/eco\/wp-json\/wp\/v2\/users\/3"}],"replies":[{"embeddable":true,"href":"https:\/\/projekt.vombat.ee\/eco\/wp-json\/wp\/v2\/comments?post=7215"}],"version-history":[{"count":2,"href":"https:\/\/projekt.vombat.ee\/eco\/wp-json\/wp\/v2\/pages\/7215\/revisions"}],"predecessor-version":[{"id":7243,"href":"https:\/\/projekt.vombat.ee\/eco\/wp-json\/wp\/v2\/pages\/7215\/revisions\/7243"}],"wp:attachment":[{"href":"https:\/\/projekt.vombat.ee\/eco\/wp-json\/wp\/v2\/media?parent=7215"}],"curies":[{"name":"wp","href":"https:\/\/api.w.org\/{rel}","templated":true}]}}