{"id":7212,"date":"2023-03-26T09:43:30","date_gmt":"2023-03-26T09:43:30","guid":{"rendered":"https:\/\/projekt.vombat.ee\/eco\/?page_id=7212"},"modified":"2023-03-26T09:43:30","modified_gmt":"2023-03-26T09:43:30","slug":"tavaroiden-palautus","status":"publish","type":"page","link":"https:\/\/projekt.vombat.ee\/eco\/fi\/tavaroiden-palautus\/","title":{"rendered":"Tavaroiden palautus"},"content":{"rendered":"<h1>TAVAROIDEN PALAUTUS<\/h1>\n<p>Asiakkaalla on oikeus peruuttaa sopimus 14 p\u00e4iv\u00e4n kuluessa tilauksensa vastaanottamisesta sek\u00e4 vaihtaa tai palauttaa myyt\u00e4v\u00e4t tavarat.<\/p>\n<h3>PALAUTUKSEN EHDOT:<\/h3>\n<p>Tavaraa voidaan kokeilla ja tarkastaa sen sopivuuden tai sopimattomuuden varmistamiseksi, mutta tavaroita ja sen pakkauksia tulee kokeilla mahdollisimman v\u00e4h\u00e4n. HUOM! Kokeilu tarkoittaa v\u00e4hitt\u00e4isliikkeiss\u00e4 tavanomaista vastaavaa k\u00e4ytt\u00f6\u00e4 ennen ostoa.<\/p>\n<p>Palautettavan tuotteen tulee olla alkuper\u00e4isess\u00e4 pakkauksessaan alkuper\u00e4isill\u00e4 merkinn\u00f6ill\u00e4 ja samassa t\u00e4ydellisyydess\u00e4<br \/>\nAsiakkaalle my\u00f6nt\u00e4mishetkell\u00e4. Jaetuissa pakkauksissa Asiakkaalle saapuvat tavarat on my\u00f6s jaettava ja pakattava samalla tavalla kuin tavarat toimitettaessa asiakkaalle.<\/p>\n<p>Mik\u00e4li tavaran pakkaus on mahdollista avata pakkausta vahingoittamatta, Asiakas sitoutuu avaamaan pakkauksen t\u00e4ll\u00e4 tavalla. Tuotteeseen tuotteen kunnon suojaamiseksi kiinnitettyj\u00e4 esineit\u00e4 (esim. suojakalvot), jotka eiv\u00e4t est\u00e4 tuotteen kokeilemista ja tarkastelua, ei saa poistaa tuotteen palautuksen yhteydess\u00e4. Jos pakkausta ei voida avata rikkomatta\/vaurioittamatta, kuluttaja ei ole vastuussa vahingoittuneesta pakkauksesta.<\/p>\n<p>Siin\u00e4 tapauksessa, ett\u00e4 tavaran alkuper\u00e4inen pakkaus on vaurioitunut tai jos tavaran k\u00e4ytt\u00f6 tavaran koeaikana ylitt\u00e4\u00e4 tavaran tuntemiseen tarvittavan kohtuullisen laajuuden tai jos palautettava tavara ei ole samankaltaisessa kunnossa kuin uudet vastaavat tavarat, niin Ecocruiserilla on oikeus yksipuolisesti v\u00e4hent\u00e4\u00e4 Asiakkaalle palautettavasta summasta tavaran arvon alenemista vastaava korvaus.<\/p>\n<p>Korvauksen suuruus m\u00e4\u00e4r\u00e4ytyy palautettavan tavaran mahdollisen arvon alenemisen laajuuden perusteella ja korvauksen m\u00e4\u00e4r\u00e4 ilmoitetaan Asiakkaalle mahdollisimman pian korvauksen m\u00e4\u00e4r\u00e4n m\u00e4\u00e4ritt\u00e4misen j\u00e4lkeen.<\/p>\n<p>Palautusoikeus ei ulotu oikeushenkil\u00f6ihin. Kuluttajansuojalain mukaan kuluttaja on yksityinen henkil\u00f6<br \/>\nPalauttaessaan tuotetta kuriirin v\u00e4lityksell\u00e4 palveluntarjoajalla on oikeus kielt\u00e4yty\u00e4 vastaanottamasta tavaraa, jos tuotetta ei ole pakattu oikein ja turvallisesti. Toiseen palautukseen tilatun kuriirin kulut maksaa Asiakas.<\/p>\n","protected":false},"excerpt":{"rendered":"<p>TAVAROIDEN PALAUTUS Asiakkaalla on oikeus peruuttaa sopimus 14 p\u00e4iv\u00e4n kuluessa tilauksensa vastaanottamisesta sek\u00e4 vaihtaa tai palauttaa myyt\u00e4v\u00e4t tavarat. PALAUTUKSEN EHDOT: Tavaraa voidaan kokeilla ja tarkastaa sen sopivuuden tai sopimattomuuden varmistamiseksi, mutta tavaroita ja sen pakkauksia tulee kokeilla mahdollisimman v\u00e4h\u00e4n. HUOM! Kokeilu tarkoittaa v\u00e4hitt\u00e4isliikkeiss\u00e4 tavanomaista vastaavaa k\u00e4ytt\u00f6\u00e4 ennen ostoa. Palautettavan tuotteen tulee olla alkuper\u00e4isess\u00e4 pakkauksessaan alkuper\u00e4isill\u00e4 merkinn\u00f6ill\u00e4 ja samassa t\u00e4ydellisyydess\u00e4 Asiakkaalle\u2026<\/p>\n","protected":false},"author":3,"featured_media":0,"parent":0,"menu_order":0,"comment_status":"closed","ping_status":"closed","template":"","meta":{"footnotes":""},"class_list":["post-7212","page","type-page","status-publish","hentry"],"yoast_head":"<!-- This site is optimized with the Yoast SEO plugin v23.8 - https:\/\/yoast.com\/wordpress\/plugins\/seo\/ -->\n<title>Tavaroiden palautus - Ecocruiser<\/title>\n<meta name=\"robots\" content=\"noindex, follow, max-snippet:-1, max-image-preview:large, max-video-preview:-1\" \/>\n<meta property=\"og:locale\" content=\"en_GB\" \/>\n<meta property=\"og:type\" content=\"article\" \/>\n<meta property=\"og:title\" content=\"Tavaroiden palautus - Ecocruiser\" \/>\n<meta property=\"og:description\" content=\"TAVAROIDEN PALAUTUS Asiakkaalla on oikeus peruuttaa sopimus 14 p\u00e4iv\u00e4n kuluessa tilauksensa vastaanottamisesta sek\u00e4 vaihtaa tai palauttaa myyt\u00e4v\u00e4t tavarat. PALAUTUKSEN EHDOT: Tavaraa voidaan kokeilla ja tarkastaa sen sopivuuden tai sopimattomuuden varmistamiseksi, mutta tavaroita ja sen pakkauksia tulee kokeilla mahdollisimman v\u00e4h\u00e4n. HUOM! Kokeilu tarkoittaa v\u00e4hitt\u00e4isliikkeiss\u00e4 tavanomaista vastaavaa k\u00e4ytt\u00f6\u00e4 ennen ostoa. Palautettavan tuotteen tulee olla alkuper\u00e4isess\u00e4 pakkauksessaan alkuper\u00e4isill\u00e4 merkinn\u00f6ill\u00e4 ja samassa t\u00e4ydellisyydess\u00e4 Asiakkaalle\u2026\" \/>\n<meta property=\"og:url\" content=\"https:\/\/projekt.vombat.ee\/eco\/fi\/tavaroiden-palautus\/\" \/>\n<meta property=\"og:site_name\" content=\"Ecocruiser\" \/>\n<meta name=\"twitter:card\" content=\"summary_large_image\" \/>\n<meta name=\"twitter:label1\" content=\"Estimated reading time\" \/>\n\t<meta name=\"twitter:data1\" content=\"2 minutes\" \/>\n<script type=\"application\/ld+json\" class=\"yoast-schema-graph\">{\"@context\":\"https:\/\/schema.org\",\"@graph\":[{\"@type\":\"WebPage\",\"@id\":\"https:\/\/projekt.vombat.ee\/eco\/fi\/tavaroiden-palautus\/\",\"url\":\"https:\/\/projekt.vombat.ee\/eco\/fi\/tavaroiden-palautus\/\",\"name\":\"Tavaroiden palautus - Ecocruiser\",\"isPartOf\":{\"@id\":\"https:\/\/projekt.vombat.ee\/eco\/#website\"},\"datePublished\":\"2023-03-26T09:43:30+00:00\",\"dateModified\":\"2023-03-26T09:43:30+00:00\",\"breadcrumb\":{\"@id\":\"https:\/\/projekt.vombat.ee\/eco\/fi\/tavaroiden-palautus\/#breadcrumb\"},\"inLanguage\":\"en-GB\",\"potentialAction\":[{\"@type\":\"ReadAction\",\"target\":[\"https:\/\/projekt.vombat.ee\/eco\/fi\/tavaroiden-palautus\/\"]}]},{\"@type\":\"BreadcrumbList\",\"@id\":\"https:\/\/projekt.vombat.ee\/eco\/fi\/tavaroiden-palautus\/#breadcrumb\",\"itemListElement\":[{\"@type\":\"ListItem\",\"position\":1,\"name\":\"Home\",\"item\":\"https:\/\/projekt.vombat.ee\/eco\/\"},{\"@type\":\"ListItem\",\"position\":2,\"name\":\"Tavaroiden palautus\"}]},{\"@type\":\"WebSite\",\"@id\":\"https:\/\/projekt.vombat.ee\/eco\/#website\",\"url\":\"https:\/\/projekt.vombat.ee\/eco\/\",\"name\":\"Ecocruiser\",\"description\":\"\",\"publisher\":{\"@id\":\"https:\/\/projekt.vombat.ee\/eco\/#organization\"},\"potentialAction\":[{\"@type\":\"SearchAction\",\"target\":{\"@type\":\"EntryPoint\",\"urlTemplate\":\"https:\/\/projekt.vombat.ee\/eco\/?s={search_term_string}\"},\"query-input\":{\"@type\":\"PropertyValueSpecification\",\"valueRequired\":true,\"valueName\":\"search_term_string\"}}],\"inLanguage\":\"en-GB\"},{\"@type\":\"Organization\",\"@id\":\"https:\/\/projekt.vombat.ee\/eco\/#organization\",\"name\":\"Ecocruiser\",\"url\":\"https:\/\/projekt.vombat.ee\/eco\/\",\"logo\":{\"@type\":\"ImageObject\",\"inLanguage\":\"en-GB\",\"@id\":\"https:\/\/projekt.vombat.ee\/eco\/#\/schema\/logo\/image\/\",\"url\":\"https:\/\/projekt.vombat.ee\/eco\/wp-content\/uploads\/2023\/03\/ECOCRUISER_5.png\",\"contentUrl\":\"https:\/\/projekt.vombat.ee\/eco\/wp-content\/uploads\/2023\/03\/ECOCRUISER_5.png\",\"width\":234,\"height\":91,\"caption\":\"Ecocruiser\"},\"image\":{\"@id\":\"https:\/\/projekt.vombat.ee\/eco\/#\/schema\/logo\/image\/\"}}]}<\/script>\n<!-- \/ Yoast SEO plugin. -->","yoast_head_json":{"title":"Tavaroiden palautus - Ecocruiser","robots":{"index":"noindex","follow":"follow","max-snippet":"max-snippet:-1","max-image-preview":"max-image-preview:large","max-video-preview":"max-video-preview:-1"},"og_locale":"en_GB","og_type":"article","og_title":"Tavaroiden palautus - Ecocruiser","og_description":"TAVAROIDEN PALAUTUS Asiakkaalla on oikeus peruuttaa sopimus 14 p\u00e4iv\u00e4n kuluessa tilauksensa vastaanottamisesta sek\u00e4 vaihtaa tai palauttaa myyt\u00e4v\u00e4t tavarat. PALAUTUKSEN EHDOT: Tavaraa voidaan kokeilla ja tarkastaa sen sopivuuden tai sopimattomuuden varmistamiseksi, mutta tavaroita ja sen pakkauksia tulee kokeilla mahdollisimman v\u00e4h\u00e4n. HUOM! Kokeilu tarkoittaa v\u00e4hitt\u00e4isliikkeiss\u00e4 tavanomaista vastaavaa k\u00e4ytt\u00f6\u00e4 ennen ostoa. Palautettavan tuotteen tulee olla alkuper\u00e4isess\u00e4 pakkauksessaan alkuper\u00e4isill\u00e4 merkinn\u00f6ill\u00e4 ja samassa t\u00e4ydellisyydess\u00e4 Asiakkaalle\u2026","og_url":"https:\/\/projekt.vombat.ee\/eco\/fi\/tavaroiden-palautus\/","og_site_name":"Ecocruiser","twitter_card":"summary_large_image","twitter_misc":{"Estimated reading time":"2 minutes"},"schema":{"@context":"https:\/\/schema.org","@graph":[{"@type":"WebPage","@id":"https:\/\/projekt.vombat.ee\/eco\/fi\/tavaroiden-palautus\/","url":"https:\/\/projekt.vombat.ee\/eco\/fi\/tavaroiden-palautus\/","name":"Tavaroiden palautus - Ecocruiser","isPartOf":{"@id":"https:\/\/projekt.vombat.ee\/eco\/#website"},"datePublished":"2023-03-26T09:43:30+00:00","dateModified":"2023-03-26T09:43:30+00:00","breadcrumb":{"@id":"https:\/\/projekt.vombat.ee\/eco\/fi\/tavaroiden-palautus\/#breadcrumb"},"inLanguage":"en-GB","potentialAction":[{"@type":"ReadAction","target":["https:\/\/projekt.vombat.ee\/eco\/fi\/tavaroiden-palautus\/"]}]},{"@type":"BreadcrumbList","@id":"https:\/\/projekt.vombat.ee\/eco\/fi\/tavaroiden-palautus\/#breadcrumb","itemListElement":[{"@type":"ListItem","position":1,"name":"Home","item":"https:\/\/projekt.vombat.ee\/eco\/"},{"@type":"ListItem","position":2,"name":"Tavaroiden palautus"}]},{"@type":"WebSite","@id":"https:\/\/projekt.vombat.ee\/eco\/#website","url":"https:\/\/projekt.vombat.ee\/eco\/","name":"Ecocruiser","description":"","publisher":{"@id":"https:\/\/projekt.vombat.ee\/eco\/#organization"},"potentialAction":[{"@type":"SearchAction","target":{"@type":"EntryPoint","urlTemplate":"https:\/\/projekt.vombat.ee\/eco\/?s={search_term_string}"},"query-input":{"@type":"PropertyValueSpecification","valueRequired":true,"valueName":"search_term_string"}}],"inLanguage":"en-GB"},{"@type":"Organization","@id":"https:\/\/projekt.vombat.ee\/eco\/#organization","name":"Ecocruiser","url":"https:\/\/projekt.vombat.ee\/eco\/","logo":{"@type":"ImageObject","inLanguage":"en-GB","@id":"https:\/\/projekt.vombat.ee\/eco\/#\/schema\/logo\/image\/","url":"https:\/\/projekt.vombat.ee\/eco\/wp-content\/uploads\/2023\/03\/ECOCRUISER_5.png","contentUrl":"https:\/\/projekt.vombat.ee\/eco\/wp-content\/uploads\/2023\/03\/ECOCRUISER_5.png","width":234,"height":91,"caption":"Ecocruiser"},"image":{"@id":"https:\/\/projekt.vombat.ee\/eco\/#\/schema\/logo\/image\/"}}]}},"lang":"fi","translations":{"fi":7212,"ru":5713,"et":2591,"lv":5875,"en":16320,"fr":17136},"pll_sync_post":[],"_links":{"self":[{"href":"https:\/\/projekt.vombat.ee\/eco\/wp-json\/wp\/v2\/pages\/7212"}],"collection":[{"href":"https:\/\/projekt.vombat.ee\/eco\/wp-json\/wp\/v2\/pages"}],"about":[{"href":"https:\/\/projekt.vombat.ee\/eco\/wp-json\/wp\/v2\/types\/page"}],"author":[{"embeddable":true,"href":"https:\/\/projekt.vombat.ee\/eco\/wp-json\/wp\/v2\/users\/3"}],"replies":[{"embeddable":true,"href":"https:\/\/projekt.vombat.ee\/eco\/wp-json\/wp\/v2\/comments?post=7212"}],"version-history":[{"count":1,"href":"https:\/\/projekt.vombat.ee\/eco\/wp-json\/wp\/v2\/pages\/7212\/revisions"}],"predecessor-version":[{"id":7214,"href":"https:\/\/projekt.vombat.ee\/eco\/wp-json\/wp\/v2\/pages\/7212\/revisions\/7214"}],"wp:attachment":[{"href":"https:\/\/projekt.vombat.ee\/eco\/wp-json\/wp\/v2\/media?parent=7212"}],"curies":[{"name":"wp","href":"https:\/\/api.w.org\/{rel}","templated":true}]}}