{"id":5973,"date":"2023-03-04T17:02:04","date_gmt":"2023-03-04T17:02:04","guid":{"rendered":"https:\/\/projekt.vombat.ee\/eco\/?page_id=5973"},"modified":"2023-03-04T17:36:14","modified_gmt":"2023-03-04T17:36:14","slug":"piegade","status":"publish","type":"page","link":"https:\/\/projekt.vombat.ee\/eco\/lv\/piegade\/","title":{"rendered":"Pieg\u0101de"},"content":{"rendered":"<h1>Ecocruiser.eu pied\u0101v\u0101t\u0101s pieg\u0101des iesp\u0113jas<\/h1>\n<p>1. DPD kurjers &#8211; preces tiek pieg\u0101d\u0101tas uz klienta piepras\u012bto adresi, parasti 2-6 darba dienu laik\u0101.<\/p>\n<p>2. Pre\u010du pieg\u0101de:<\/p>\n<p>2.1. Sadarb\u012bbas partneris s\u016bt\u012bjuma pieg\u0101dei Somij\u0101, Latvij\u0101 un Lietuv\u0101 ir DPD.<br \/>\nPieg\u0101des laiks 3-8 dienas<br \/>\nMaksim\u0101lais pieg\u0101des laiks l\u012bdz 14 dien\u0101m.<br \/>\nTransporta pied\u0101v\u0101jumu jaut\u0101jiet info@projekt.vombat.ee vai t\u0101lruni +372 56638381<\/p>\n","protected":false},"excerpt":{"rendered":"<p>Ecocruiser.eu pied\u0101v\u0101t\u0101s pieg\u0101des iesp\u0113jas 1. DPD kurjers &#8211; preces tiek pieg\u0101d\u0101tas uz klienta piepras\u012bto adresi, parasti 2-6 darba dienu laik\u0101. 2. Pre\u010du pieg\u0101de: 2.1. Sadarb\u012bbas partneris s\u016bt\u012bjuma pieg\u0101dei Somij\u0101, Latvij\u0101 un Lietuv\u0101 ir DPD. Pieg\u0101des laiks 3-8 dienas Maksim\u0101lais pieg\u0101des laiks l\u012bdz 14 dien\u0101m. Transporta pied\u0101v\u0101jumu jaut\u0101jiet info@projekt.vombat.ee vai t\u0101lruni +372 56638381<\/p>\n","protected":false},"author":3,"featured_media":0,"parent":0,"menu_order":0,"comment_status":"closed","ping_status":"closed","template":"","meta":{"footnotes":""},"class_list":["post-5973","page","type-page","status-publish","hentry"],"yoast_head":"<!-- This site is optimized with the Yoast SEO plugin v23.8 - https:\/\/yoast.com\/wordpress\/plugins\/seo\/ -->\n<title>Pieg\u0101de - Ecocruiser<\/title>\n<meta name=\"robots\" content=\"noindex, follow, max-snippet:-1, max-image-preview:large, max-video-preview:-1\" \/>\n<meta property=\"og:locale\" content=\"en_GB\" \/>\n<meta property=\"og:type\" content=\"article\" \/>\n<meta property=\"og:title\" content=\"Pieg\u0101de - Ecocruiser\" \/>\n<meta property=\"og:description\" content=\"Ecocruiser.eu pied\u0101v\u0101t\u0101s pieg\u0101des iesp\u0113jas 1. DPD kurjers &#8211; preces tiek pieg\u0101d\u0101tas uz klienta piepras\u012bto adresi, parasti 2-6 darba dienu laik\u0101. 2. Pre\u010du pieg\u0101de: 2.1. Sadarb\u012bbas partneris s\u016bt\u012bjuma pieg\u0101dei Somij\u0101, Latvij\u0101 un Lietuv\u0101 ir DPD. Pieg\u0101des laiks 3-8 dienas Maksim\u0101lais pieg\u0101des laiks l\u012bdz 14 dien\u0101m. Transporta pied\u0101v\u0101jumu jaut\u0101jiet info@projekt.vombat.ee vai t\u0101lruni +372 56638381\" \/>\n<meta property=\"og:url\" content=\"https:\/\/projekt.vombat.ee\/eco\/lv\/piegade\/\" \/>\n<meta property=\"og:site_name\" content=\"Ecocruiser\" \/>\n<meta property=\"article:modified_time\" content=\"2023-03-04T17:36:14+00:00\" \/>\n<meta name=\"twitter:card\" content=\"summary_large_image\" \/>\n<meta name=\"twitter:label1\" content=\"Estimated reading time\" \/>\n\t<meta name=\"twitter:data1\" content=\"1 minute\" \/>\n<script type=\"application\/ld+json\" class=\"yoast-schema-graph\">{\"@context\":\"https:\/\/schema.org\",\"@graph\":[{\"@type\":\"WebPage\",\"@id\":\"https:\/\/projekt.vombat.ee\/eco\/lv\/piegade\/\",\"url\":\"https:\/\/projekt.vombat.ee\/eco\/lv\/piegade\/\",\"name\":\"Pieg\u0101de - Ecocruiser\",\"isPartOf\":{\"@id\":\"https:\/\/projekt.vombat.ee\/eco\/#website\"},\"datePublished\":\"2023-03-04T17:02:04+00:00\",\"dateModified\":\"2023-03-04T17:36:14+00:00\",\"breadcrumb\":{\"@id\":\"https:\/\/projekt.vombat.ee\/eco\/lv\/piegade\/#breadcrumb\"},\"inLanguage\":\"en-GB\",\"potentialAction\":[{\"@type\":\"ReadAction\",\"target\":[\"https:\/\/projekt.vombat.ee\/eco\/lv\/piegade\/\"]}]},{\"@type\":\"BreadcrumbList\",\"@id\":\"https:\/\/projekt.vombat.ee\/eco\/lv\/piegade\/#breadcrumb\",\"itemListElement\":[{\"@type\":\"ListItem\",\"position\":1,\"name\":\"Home\",\"item\":\"https:\/\/projekt.vombat.ee\/eco\/\"},{\"@type\":\"ListItem\",\"position\":2,\"name\":\"Pieg\u0101de\"}]},{\"@type\":\"WebSite\",\"@id\":\"https:\/\/projekt.vombat.ee\/eco\/#website\",\"url\":\"https:\/\/projekt.vombat.ee\/eco\/\",\"name\":\"Ecocruiser\",\"description\":\"\",\"publisher\":{\"@id\":\"https:\/\/projekt.vombat.ee\/eco\/#organization\"},\"potentialAction\":[{\"@type\":\"SearchAction\",\"target\":{\"@type\":\"EntryPoint\",\"urlTemplate\":\"https:\/\/projekt.vombat.ee\/eco\/?s={search_term_string}\"},\"query-input\":{\"@type\":\"PropertyValueSpecification\",\"valueRequired\":true,\"valueName\":\"search_term_string\"}}],\"inLanguage\":\"en-GB\"},{\"@type\":\"Organization\",\"@id\":\"https:\/\/projekt.vombat.ee\/eco\/#organization\",\"name\":\"Ecocruiser\",\"url\":\"https:\/\/projekt.vombat.ee\/eco\/\",\"logo\":{\"@type\":\"ImageObject\",\"inLanguage\":\"en-GB\",\"@id\":\"https:\/\/projekt.vombat.ee\/eco\/#\/schema\/logo\/image\/\",\"url\":\"https:\/\/projekt.vombat.ee\/eco\/wp-content\/uploads\/2023\/03\/ECOCRUISER_5.png\",\"contentUrl\":\"https:\/\/projekt.vombat.ee\/eco\/wp-content\/uploads\/2023\/03\/ECOCRUISER_5.png\",\"width\":234,\"height\":91,\"caption\":\"Ecocruiser\"},\"image\":{\"@id\":\"https:\/\/projekt.vombat.ee\/eco\/#\/schema\/logo\/image\/\"}}]}<\/script>\n<!-- \/ Yoast SEO plugin. -->","yoast_head_json":{"title":"Pieg\u0101de - Ecocruiser","robots":{"index":"noindex","follow":"follow","max-snippet":"max-snippet:-1","max-image-preview":"max-image-preview:large","max-video-preview":"max-video-preview:-1"},"og_locale":"en_GB","og_type":"article","og_title":"Pieg\u0101de - Ecocruiser","og_description":"Ecocruiser.eu pied\u0101v\u0101t\u0101s pieg\u0101des iesp\u0113jas 1. DPD kurjers &#8211; preces tiek pieg\u0101d\u0101tas uz klienta piepras\u012bto adresi, parasti 2-6 darba dienu laik\u0101. 2. Pre\u010du pieg\u0101de: 2.1. Sadarb\u012bbas partneris s\u016bt\u012bjuma pieg\u0101dei Somij\u0101, Latvij\u0101 un Lietuv\u0101 ir DPD. Pieg\u0101des laiks 3-8 dienas Maksim\u0101lais pieg\u0101des laiks l\u012bdz 14 dien\u0101m. Transporta pied\u0101v\u0101jumu jaut\u0101jiet info@projekt.vombat.ee vai t\u0101lruni +372 56638381","og_url":"https:\/\/projekt.vombat.ee\/eco\/lv\/piegade\/","og_site_name":"Ecocruiser","article_modified_time":"2023-03-04T17:36:14+00:00","twitter_card":"summary_large_image","twitter_misc":{"Estimated reading time":"1 minute"},"schema":{"@context":"https:\/\/schema.org","@graph":[{"@type":"WebPage","@id":"https:\/\/projekt.vombat.ee\/eco\/lv\/piegade\/","url":"https:\/\/projekt.vombat.ee\/eco\/lv\/piegade\/","name":"Pieg\u0101de - Ecocruiser","isPartOf":{"@id":"https:\/\/projekt.vombat.ee\/eco\/#website"},"datePublished":"2023-03-04T17:02:04+00:00","dateModified":"2023-03-04T17:36:14+00:00","breadcrumb":{"@id":"https:\/\/projekt.vombat.ee\/eco\/lv\/piegade\/#breadcrumb"},"inLanguage":"en-GB","potentialAction":[{"@type":"ReadAction","target":["https:\/\/projekt.vombat.ee\/eco\/lv\/piegade\/"]}]},{"@type":"BreadcrumbList","@id":"https:\/\/projekt.vombat.ee\/eco\/lv\/piegade\/#breadcrumb","itemListElement":[{"@type":"ListItem","position":1,"name":"Home","item":"https:\/\/projekt.vombat.ee\/eco\/"},{"@type":"ListItem","position":2,"name":"Pieg\u0101de"}]},{"@type":"WebSite","@id":"https:\/\/projekt.vombat.ee\/eco\/#website","url":"https:\/\/projekt.vombat.ee\/eco\/","name":"Ecocruiser","description":"","publisher":{"@id":"https:\/\/projekt.vombat.ee\/eco\/#organization"},"potentialAction":[{"@type":"SearchAction","target":{"@type":"EntryPoint","urlTemplate":"https:\/\/projekt.vombat.ee\/eco\/?s={search_term_string}"},"query-input":{"@type":"PropertyValueSpecification","valueRequired":true,"valueName":"search_term_string"}}],"inLanguage":"en-GB"},{"@type":"Organization","@id":"https:\/\/projekt.vombat.ee\/eco\/#organization","name":"Ecocruiser","url":"https:\/\/projekt.vombat.ee\/eco\/","logo":{"@type":"ImageObject","inLanguage":"en-GB","@id":"https:\/\/projekt.vombat.ee\/eco\/#\/schema\/logo\/image\/","url":"https:\/\/projekt.vombat.ee\/eco\/wp-content\/uploads\/2023\/03\/ECOCRUISER_5.png","contentUrl":"https:\/\/projekt.vombat.ee\/eco\/wp-content\/uploads\/2023\/03\/ECOCRUISER_5.png","width":234,"height":91,"caption":"Ecocruiser"},"image":{"@id":"https:\/\/projekt.vombat.ee\/eco\/#\/schema\/logo\/image\/"}}]}},"lang":"lv","translations":{"lv":5973,"ru":5139,"et":2577,"fi":7215,"en":16312,"fr":17139},"pll_sync_post":[],"_links":{"self":[{"href":"https:\/\/projekt.vombat.ee\/eco\/wp-json\/wp\/v2\/pages\/5973"}],"collection":[{"href":"https:\/\/projekt.vombat.ee\/eco\/wp-json\/wp\/v2\/pages"}],"about":[{"href":"https:\/\/projekt.vombat.ee\/eco\/wp-json\/wp\/v2\/types\/page"}],"author":[{"embeddable":true,"href":"https:\/\/projekt.vombat.ee\/eco\/wp-json\/wp\/v2\/users\/3"}],"replies":[{"embeddable":true,"href":"https:\/\/projekt.vombat.ee\/eco\/wp-json\/wp\/v2\/comments?post=5973"}],"version-history":[{"count":1,"href":"https:\/\/projekt.vombat.ee\/eco\/wp-json\/wp\/v2\/pages\/5973\/revisions"}],"predecessor-version":[{"id":5976,"href":"https:\/\/projekt.vombat.ee\/eco\/wp-json\/wp\/v2\/pages\/5973\/revisions\/5976"}],"wp:attachment":[{"href":"https:\/\/projekt.vombat.ee\/eco\/wp-json\/wp\/v2\/media?parent=5973"}],"curies":[{"name":"wp","href":"https:\/\/api.w.org\/{rel}","templated":true}]}}