{"id":5934,"date":"2023-03-04T16:45:22","date_gmt":"2023-03-04T16:45:22","guid":{"rendered":"https:\/\/projekt.vombat.ee\/eco\/?page_id=5934"},"modified":"2023-03-04T16:45:52","modified_gmt":"2023-03-04T16:45:52","slug":"par-mums","status":"publish","type":"page","link":"https:\/\/projekt.vombat.ee\/eco\/lv\/par-mums\/","title":{"rendered":"Par mums"},"content":{"rendered":"<h1><span style=\"color: #99cc00;\">ECOCRUISER.EU<\/span><\/h1>\n<p>Ecocruiser.eu tika izveidots ar m\u0113r\u0137i pied\u0101v\u0101t m\u016bsu klientiem produktus, kas dz\u012bv\u0113 sag\u0101d\u0101 daudz prieka un saj\u016bsmas un pal\u012bdz samazin\u0101t CO2 daudzumu m\u016bsu sabiedr\u012bb\u0101. Pre\u010du kl\u0101st\u0101 ir vair\u0101ki da\u017e\u0101di elektriskie skrejrite\u0146i gan no sen\u0101kiem paz\u012bstamiem z\u012bmoliem, gan jaunpien\u0101c\u0113jiem. Pieg\u0101de parasti ir aptuveni 3-4 darba dienas, da\u017eos gad\u012bjumos tas var aiz\u0146emt pat 6 darba dienas. Veikal\u0101 Ecocruiser.eu iesp\u0113jams nor\u0113\u0137in\u0101ties ar p\u0101rskait\u012bjumu, k\u0101 ar\u012b ar nomaksu. Tie, kas v\u0113las maks\u0101t pa da\u013c\u0101m, to var piepras\u012bt tie\u0161i caur m\u016bsu iepirkumu grozu, un Esto pied\u0101v\u0101 nomaksu. Dro\u0161\u012bbas risin\u0101jumi padara tie\u0161saistes maks\u0101jumus dro\u0161us un \u0113rtus.<\/p>\n<p><img fetchpriority=\"high\" decoding=\"async\" class=\"attachment-large wp-image-2541\" src=\"https:\/\/projekt.vombat.ee\/eco\/wp-content\/uploads\/2023\/02\/16-1024x1024.jpg\" sizes=\"(max-width: 1024px) 100vw, 1024px\" srcset=\"https:\/\/projekt.vombat.ee\/eco\/wp-content\/uploads\/2023\/02\/16-1024x1024.jpg 1024w, https:\/\/projekt.vombat.ee\/eco\/wp-content\/uploads\/2023\/02\/16-150x150.jpg 150w, https:\/\/projekt.vombat.ee\/eco\/wp-content\/uploads\/2023\/02\/16-300x300.jpg 300w, https:\/\/projekt.vombat.ee\/eco\/wp-content\/uploads\/2023\/02\/16-768x768.jpg 768w, https:\/\/projekt.vombat.ee\/eco\/wp-content\/uploads\/2023\/02\/16-50x50.jpg 50w, https:\/\/projekt.vombat.ee\/eco\/wp-content\/uploads\/2023\/02\/16-100x100.jpg 100w, https:\/\/projekt.vombat.ee\/eco\/wp-content\/uploads\/2023\/02\/16-370x370.jpg 370w, https:\/\/projekt.vombat.ee\/eco\/wp-content\/uploads\/2023\/02\/16-75x75.jpg 75w, https:\/\/projekt.vombat.ee\/eco\/wp-content\/uploads\/2023\/02\/16-760x760.jpg 760w, https:\/\/projekt.vombat.ee\/eco\/wp-content\/uploads\/2023\/02\/16-800x800.jpg 800w, https:\/\/projekt.vombat.ee\/eco\/wp-content\/uploads\/2023\/02\/16-500x500.jpg 500w, https:\/\/projekt.vombat.ee\/eco\/wp-content\/uploads\/2023\/02\/16-165x165.jpg 165w\" alt=\"\" width=\"714\" height=\"714\" \/><\/p>\n","protected":false},"excerpt":{"rendered":"<p>ECOCRUISER.EU Ecocruiser.eu tika izveidots ar m\u0113r\u0137i pied\u0101v\u0101t m\u016bsu klientiem produktus, kas dz\u012bv\u0113 sag\u0101d\u0101 daudz prieka un saj\u016bsmas un pal\u012bdz samazin\u0101t CO2 daudzumu m\u016bsu sabiedr\u012bb\u0101. Pre\u010du kl\u0101st\u0101 ir vair\u0101ki da\u017e\u0101di elektriskie skrejrite\u0146i gan no sen\u0101kiem paz\u012bstamiem z\u012bmoliem, gan jaunpien\u0101c\u0113jiem. Pieg\u0101de parasti ir aptuveni 3-4 darba dienas, da\u017eos gad\u012bjumos tas var aiz\u0146emt pat 6 darba dienas. Veikal\u0101 Ecocruiser.eu iesp\u0113jams nor\u0113\u0137in\u0101ties ar p\u0101rskait\u012bjumu,\u2026<\/p>\n","protected":false},"author":3,"featured_media":0,"parent":0,"menu_order":0,"comment_status":"closed","ping_status":"closed","template":"elementor_header_footer","meta":{"footnotes":""},"class_list":["post-5934","page","type-page","status-publish","hentry"],"yoast_head":"<!-- This site is optimized with the Yoast SEO plugin v23.8 - https:\/\/yoast.com\/wordpress\/plugins\/seo\/ -->\n<title>Par mums - Ecocruiser<\/title>\n<meta name=\"robots\" content=\"noindex, follow, max-snippet:-1, max-image-preview:large, max-video-preview:-1\" \/>\n<meta property=\"og:locale\" content=\"en_GB\" \/>\n<meta property=\"og:type\" content=\"article\" \/>\n<meta property=\"og:title\" content=\"Par mums - Ecocruiser\" \/>\n<meta property=\"og:description\" content=\"ECOCRUISER.EU Ecocruiser.eu tika izveidots ar m\u0113r\u0137i pied\u0101v\u0101t m\u016bsu klientiem produktus, kas dz\u012bv\u0113 sag\u0101d\u0101 daudz prieka un saj\u016bsmas un pal\u012bdz samazin\u0101t CO2 daudzumu m\u016bsu sabiedr\u012bb\u0101. Pre\u010du kl\u0101st\u0101 ir vair\u0101ki da\u017e\u0101di elektriskie skrejrite\u0146i gan no sen\u0101kiem paz\u012bstamiem z\u012bmoliem, gan jaunpien\u0101c\u0113jiem. Pieg\u0101de parasti ir aptuveni 3-4 darba dienas, da\u017eos gad\u012bjumos tas var aiz\u0146emt pat 6 darba dienas. Veikal\u0101 Ecocruiser.eu iesp\u0113jams nor\u0113\u0137in\u0101ties ar p\u0101rskait\u012bjumu,\u2026\" \/>\n<meta property=\"og:url\" content=\"https:\/\/projekt.vombat.ee\/eco\/lv\/par-mums\/\" \/>\n<meta property=\"og:site_name\" content=\"Ecocruiser\" \/>\n<meta property=\"article:modified_time\" content=\"2023-03-04T16:45:52+00:00\" \/>\n<meta property=\"og:image\" content=\"https:\/\/projekt.vombat.ee\/eco\/wp-content\/uploads\/2023\/02\/16-1024x1024.jpg\" \/>\n<meta name=\"twitter:card\" content=\"summary_large_image\" \/>\n<meta name=\"twitter:label1\" content=\"Estimated reading time\" \/>\n\t<meta name=\"twitter:data1\" content=\"1 minute\" \/>\n<script type=\"application\/ld+json\" class=\"yoast-schema-graph\">{\"@context\":\"https:\/\/schema.org\",\"@graph\":[{\"@type\":\"WebPage\",\"@id\":\"https:\/\/projekt.vombat.ee\/eco\/lv\/par-mums\/\",\"url\":\"https:\/\/projekt.vombat.ee\/eco\/lv\/par-mums\/\",\"name\":\"Par mums - Ecocruiser\",\"isPartOf\":{\"@id\":\"https:\/\/projekt.vombat.ee\/eco\/#website\"},\"primaryImageOfPage\":{\"@id\":\"https:\/\/projekt.vombat.ee\/eco\/lv\/par-mums\/#primaryimage\"},\"image\":{\"@id\":\"https:\/\/projekt.vombat.ee\/eco\/lv\/par-mums\/#primaryimage\"},\"thumbnailUrl\":\"https:\/\/projekt.vombat.ee\/eco\/wp-content\/uploads\/2023\/02\/16-1024x1024.jpg\",\"datePublished\":\"2023-03-04T16:45:22+00:00\",\"dateModified\":\"2023-03-04T16:45:52+00:00\",\"breadcrumb\":{\"@id\":\"https:\/\/projekt.vombat.ee\/eco\/lv\/par-mums\/#breadcrumb\"},\"inLanguage\":\"en-GB\",\"potentialAction\":[{\"@type\":\"ReadAction\",\"target\":[\"https:\/\/projekt.vombat.ee\/eco\/lv\/par-mums\/\"]}]},{\"@type\":\"ImageObject\",\"inLanguage\":\"en-GB\",\"@id\":\"https:\/\/projekt.vombat.ee\/eco\/lv\/par-mums\/#primaryimage\",\"url\":\"https:\/\/projekt.vombat.ee\/eco\/wp-content\/uploads\/2023\/02\/16.jpg\",\"contentUrl\":\"https:\/\/projekt.vombat.ee\/eco\/wp-content\/uploads\/2023\/02\/16.jpg\",\"width\":900,\"height\":600},{\"@type\":\"BreadcrumbList\",\"@id\":\"https:\/\/projekt.vombat.ee\/eco\/lv\/par-mums\/#breadcrumb\",\"itemListElement\":[{\"@type\":\"ListItem\",\"position\":1,\"name\":\"Home\",\"item\":\"https:\/\/projekt.vombat.ee\/eco\/\"},{\"@type\":\"ListItem\",\"position\":2,\"name\":\"Par mums\"}]},{\"@type\":\"WebSite\",\"@id\":\"https:\/\/projekt.vombat.ee\/eco\/#website\",\"url\":\"https:\/\/projekt.vombat.ee\/eco\/\",\"name\":\"Ecocruiser\",\"description\":\"\",\"publisher\":{\"@id\":\"https:\/\/projekt.vombat.ee\/eco\/#organization\"},\"potentialAction\":[{\"@type\":\"SearchAction\",\"target\":{\"@type\":\"EntryPoint\",\"urlTemplate\":\"https:\/\/projekt.vombat.ee\/eco\/?s={search_term_string}\"},\"query-input\":{\"@type\":\"PropertyValueSpecification\",\"valueRequired\":true,\"valueName\":\"search_term_string\"}}],\"inLanguage\":\"en-GB\"},{\"@type\":\"Organization\",\"@id\":\"https:\/\/projekt.vombat.ee\/eco\/#organization\",\"name\":\"Ecocruiser\",\"url\":\"https:\/\/projekt.vombat.ee\/eco\/\",\"logo\":{\"@type\":\"ImageObject\",\"inLanguage\":\"en-GB\",\"@id\":\"https:\/\/projekt.vombat.ee\/eco\/#\/schema\/logo\/image\/\",\"url\":\"https:\/\/projekt.vombat.ee\/eco\/wp-content\/uploads\/2023\/03\/ECOCRUISER_5.png\",\"contentUrl\":\"https:\/\/projekt.vombat.ee\/eco\/wp-content\/uploads\/2023\/03\/ECOCRUISER_5.png\",\"width\":234,\"height\":91,\"caption\":\"Ecocruiser\"},\"image\":{\"@id\":\"https:\/\/projekt.vombat.ee\/eco\/#\/schema\/logo\/image\/\"}}]}<\/script>\n<!-- \/ Yoast SEO plugin. -->","yoast_head_json":{"title":"Par mums - Ecocruiser","robots":{"index":"noindex","follow":"follow","max-snippet":"max-snippet:-1","max-image-preview":"max-image-preview:large","max-video-preview":"max-video-preview:-1"},"og_locale":"en_GB","og_type":"article","og_title":"Par mums - Ecocruiser","og_description":"ECOCRUISER.EU Ecocruiser.eu tika izveidots ar m\u0113r\u0137i pied\u0101v\u0101t m\u016bsu klientiem produktus, kas dz\u012bv\u0113 sag\u0101d\u0101 daudz prieka un saj\u016bsmas un pal\u012bdz samazin\u0101t CO2 daudzumu m\u016bsu sabiedr\u012bb\u0101. Pre\u010du kl\u0101st\u0101 ir vair\u0101ki da\u017e\u0101di elektriskie skrejrite\u0146i gan no sen\u0101kiem paz\u012bstamiem z\u012bmoliem, gan jaunpien\u0101c\u0113jiem. Pieg\u0101de parasti ir aptuveni 3-4 darba dienas, da\u017eos gad\u012bjumos tas var aiz\u0146emt pat 6 darba dienas. Veikal\u0101 Ecocruiser.eu iesp\u0113jams nor\u0113\u0137in\u0101ties ar p\u0101rskait\u012bjumu,\u2026","og_url":"https:\/\/projekt.vombat.ee\/eco\/lv\/par-mums\/","og_site_name":"Ecocruiser","article_modified_time":"2023-03-04T16:45:52+00:00","og_image":[{"url":"https:\/\/projekt.vombat.ee\/eco\/wp-content\/uploads\/2023\/02\/16-1024x1024.jpg"}],"twitter_card":"summary_large_image","twitter_misc":{"Estimated reading time":"1 minute"},"schema":{"@context":"https:\/\/schema.org","@graph":[{"@type":"WebPage","@id":"https:\/\/projekt.vombat.ee\/eco\/lv\/par-mums\/","url":"https:\/\/projekt.vombat.ee\/eco\/lv\/par-mums\/","name":"Par mums - Ecocruiser","isPartOf":{"@id":"https:\/\/projekt.vombat.ee\/eco\/#website"},"primaryImageOfPage":{"@id":"https:\/\/projekt.vombat.ee\/eco\/lv\/par-mums\/#primaryimage"},"image":{"@id":"https:\/\/projekt.vombat.ee\/eco\/lv\/par-mums\/#primaryimage"},"thumbnailUrl":"https:\/\/projekt.vombat.ee\/eco\/wp-content\/uploads\/2023\/02\/16-1024x1024.jpg","datePublished":"2023-03-04T16:45:22+00:00","dateModified":"2023-03-04T16:45:52+00:00","breadcrumb":{"@id":"https:\/\/projekt.vombat.ee\/eco\/lv\/par-mums\/#breadcrumb"},"inLanguage":"en-GB","potentialAction":[{"@type":"ReadAction","target":["https:\/\/projekt.vombat.ee\/eco\/lv\/par-mums\/"]}]},{"@type":"ImageObject","inLanguage":"en-GB","@id":"https:\/\/projekt.vombat.ee\/eco\/lv\/par-mums\/#primaryimage","url":"https:\/\/projekt.vombat.ee\/eco\/wp-content\/uploads\/2023\/02\/16.jpg","contentUrl":"https:\/\/projekt.vombat.ee\/eco\/wp-content\/uploads\/2023\/02\/16.jpg","width":900,"height":600},{"@type":"BreadcrumbList","@id":"https:\/\/projekt.vombat.ee\/eco\/lv\/par-mums\/#breadcrumb","itemListElement":[{"@type":"ListItem","position":1,"name":"Home","item":"https:\/\/projekt.vombat.ee\/eco\/"},{"@type":"ListItem","position":2,"name":"Par mums"}]},{"@type":"WebSite","@id":"https:\/\/projekt.vombat.ee\/eco\/#website","url":"https:\/\/projekt.vombat.ee\/eco\/","name":"Ecocruiser","description":"","publisher":{"@id":"https:\/\/projekt.vombat.ee\/eco\/#organization"},"potentialAction":[{"@type":"SearchAction","target":{"@type":"EntryPoint","urlTemplate":"https:\/\/projekt.vombat.ee\/eco\/?s={search_term_string}"},"query-input":{"@type":"PropertyValueSpecification","valueRequired":true,"valueName":"search_term_string"}}],"inLanguage":"en-GB"},{"@type":"Organization","@id":"https:\/\/projekt.vombat.ee\/eco\/#organization","name":"Ecocruiser","url":"https:\/\/projekt.vombat.ee\/eco\/","logo":{"@type":"ImageObject","inLanguage":"en-GB","@id":"https:\/\/projekt.vombat.ee\/eco\/#\/schema\/logo\/image\/","url":"https:\/\/projekt.vombat.ee\/eco\/wp-content\/uploads\/2023\/03\/ECOCRUISER_5.png","contentUrl":"https:\/\/projekt.vombat.ee\/eco\/wp-content\/uploads\/2023\/03\/ECOCRUISER_5.png","width":234,"height":91,"caption":"Ecocruiser"},"image":{"@id":"https:\/\/projekt.vombat.ee\/eco\/#\/schema\/logo\/image\/"}}]}},"lang":"lv","translations":{"lv":5934,"ru":5704,"et":1146,"fi":7219,"en":12169,"fr":17116},"pll_sync_post":[],"_links":{"self":[{"href":"https:\/\/projekt.vombat.ee\/eco\/wp-json\/wp\/v2\/pages\/5934"}],"collection":[{"href":"https:\/\/projekt.vombat.ee\/eco\/wp-json\/wp\/v2\/pages"}],"about":[{"href":"https:\/\/projekt.vombat.ee\/eco\/wp-json\/wp\/v2\/types\/page"}],"author":[{"embeddable":true,"href":"https:\/\/projekt.vombat.ee\/eco\/wp-json\/wp\/v2\/users\/3"}],"replies":[{"embeddable":true,"href":"https:\/\/projekt.vombat.ee\/eco\/wp-json\/wp\/v2\/comments?post=5934"}],"version-history":[{"count":2,"href":"https:\/\/projekt.vombat.ee\/eco\/wp-json\/wp\/v2\/pages\/5934\/revisions"}],"predecessor-version":[{"id":5950,"href":"https:\/\/projekt.vombat.ee\/eco\/wp-json\/wp\/v2\/pages\/5934\/revisions\/5950"}],"wp:attachment":[{"href":"https:\/\/projekt.vombat.ee\/eco\/wp-json\/wp\/v2\/media?parent=5934"}],"curies":[{"name":"wp","href":"https:\/\/api.w.org\/{rel}","templated":true}]}}