{"id":5872,"date":"2023-03-04T16:22:44","date_gmt":"2023-03-04T16:22:44","guid":{"rendered":"https:\/\/projekt.vombat.ee\/eco\/?page_id=5872"},"modified":"2023-03-04T17:40:16","modified_gmt":"2023-03-04T17:40:16","slug":"nomaksa","status":"publish","type":"page","link":"https:\/\/projekt.vombat.ee\/eco\/lv\/nomaksa\/","title":{"rendered":"Nomaksa"},"content":{"rendered":"<h1>ESTO Nomaksa<\/h1>\n<p>ESTO ir finan\u0161u pakalpojumu uz\u0146\u0113mums, kas dibin\u0101ts 2016. gad\u0101. Z\u012bmols s\u0101k\u0101s<br \/>\npar nepiecie\u0161am\u012bbu p\u0113c jaunas paaudzes maks\u0101jumu risin\u0101jumiem, kas b\u016btu piem\u0113roti gan gala pat\u0113r\u0113t\u0101jam, gan<br \/>\np\u0101rdev\u0113jam. \u0160odien ESTO pied\u0101v\u0101 liel\u0101ko da\u017e\u0101du maks\u0101jumu risin\u0101jumu izv\u0113li Baltij\u0101 un ESTO<br \/>\npartneru t\u012bkl\u0101 ir vair\u0101k nek\u0101 2000 sadarb\u012bbas partneru un veikalu un vair\u0101k nek\u0101 200 000 klientu. Ja jums ir k\u0101di jaut\u0101jumi, sazinieties ar ESTO klientu atbalsta dienestu info@esto.ee.<\/p>\n<p>Apmaks\u0101jot preces vai pakalpojumus, izmantojiet ESTO nomaksu \u2013 pieejam\u0101k\u0101, \u0113rt\u0101k\u0101 un \u0101tr\u0101k\u0101 nomaksas saite Igaunij\u0101!<\/p>\n<p>Pievienojiet preces iepirkumu grozam, apstipriniet pas\u016bt\u012bjumu un no maks\u0101juma veidiem izv\u0113lieties ESTO nomaksu. Maks\u0101jot izv\u0113lieties atbilsto\u0161o periodu, ikm\u0113ne\u0161a iemaksas lielumu un \u0113rti parakstieties digit\u0101li, izmantojot ID karti vai Mobilo ID.<\/p>\n<p>ESTO nomaksas gad\u012bjum\u0101 tas ir \u0101rk\u0101rt\u012bgi \u0101trs un \u0113rts nor\u0113\u0137inu risin\u0101jums, kas pal\u012bdz sagatavot maks\u0101jumu grafiku, vadoties p\u0113c J\u016bsu izv\u0113l\u0113t\u0101 perioda, t.i., maks\u0101t pa da\u013c\u0101m. \u0160is maks\u0101jumu risin\u0101jums pie\u0146em l\u0113mumu par kred\u012btu re\u0101llaik\u0101 un pal\u012bdz veikt pirkumu maz\u0101k nek\u0101 60 sekund\u0113s.<\/p>\n<p>ESTO nomaksas nodro\u0161in\u0101t\u0101js ir ESTO AS (re\u0123. kods 14180709).<\/p>\n<p>ESTO nomaksas standarta nosac\u012bjumi ir \u0161\u0101di:<br \/>\n\u2022 Procenti no 0%<br \/>\n\u2022 L\u012bguma maksa no 0 eiro<br \/>\n\u2022 Periods l\u012bdz 5 gadiem<\/p>\n<p>ESTO nomaksai var pieteikties visi Igaunijas Republikas pilso\u0146i vecum\u0101 no 18 l\u012bdz 70 gadiem. ESTO nomaksas var veikt \u0101tri un \u0113rti pat juridiskai personai.<\/p>\n<p>katrs finan\u0161u l\u0113mums ir saist\u012bts ar riskiem un pien\u0101kumiem, t\u0101p\u0113c aicin\u0101m r\u016bp\u012bgi p\u0101rdom\u0101t aizdevuma produktu izmanto\u0161anas nepiecie\u0161am\u012bbu. Piem\u0113ram, aizdevumam 790 eiro ar fiks\u0113to procentu likmi 14,90% gad\u0101 un l\u012bguma maksu 0\u20ac GPL ir 32,89%, ikm\u0113ne\u0161a maks\u0101jums ir 76,54 eiro, un kop\u0113j\u0101 atmaks\u0101jam\u0101 summa. pat\u0113r\u0113t\u0101js ir 918,48 eiro. Gal\u012bgais maks\u0101jums ir finansi\u0101las saist\u012bbas, un pirms l\u0113muma pie\u0146em\u0161anas r\u016bp\u012bgi iepaz\u012bstieties ar l\u012bguma nosac\u012bjumiem un, ja nepiecie\u0161ams, konsult\u0113jieties ar AS ESTO darbinieku vai citu ekspertu. Nomaksu pied\u0101v\u0101 un p\u0101rvalda ESTO AS<\/p>\n","protected":false},"excerpt":{"rendered":"<p>ESTO Nomaksa ESTO ir finan\u0161u pakalpojumu uz\u0146\u0113mums, kas dibin\u0101ts 2016. gad\u0101. Z\u012bmols s\u0101k\u0101s par nepiecie\u0161am\u012bbu p\u0113c jaunas paaudzes maks\u0101jumu risin\u0101jumiem, kas b\u016btu piem\u0113roti gan gala pat\u0113r\u0113t\u0101jam, gan p\u0101rdev\u0113jam. \u0160odien ESTO pied\u0101v\u0101 liel\u0101ko da\u017e\u0101du maks\u0101jumu risin\u0101jumu izv\u0113li Baltij\u0101 un ESTO partneru t\u012bkl\u0101 ir vair\u0101k nek\u0101 2000 sadarb\u012bbas partneru un veikalu un vair\u0101k nek\u0101 200 000 klientu. Ja jums ir k\u0101di jaut\u0101jumi,\u2026<\/p>\n","protected":false},"author":3,"featured_media":0,"parent":0,"menu_order":0,"comment_status":"closed","ping_status":"closed","template":"","meta":{"footnotes":""},"class_list":["post-5872","page","type-page","status-publish","hentry"],"yoast_head":"<!-- This site is optimized with the Yoast SEO plugin v23.8 - https:\/\/yoast.com\/wordpress\/plugins\/seo\/ -->\n<title>Nomaksa - Ecocruiser<\/title>\n<meta name=\"robots\" content=\"noindex, follow, max-snippet:-1, max-image-preview:large, max-video-preview:-1\" \/>\n<meta property=\"og:locale\" content=\"en_GB\" \/>\n<meta property=\"og:type\" content=\"article\" \/>\n<meta property=\"og:title\" content=\"Nomaksa - Ecocruiser\" \/>\n<meta property=\"og:description\" content=\"ESTO Nomaksa ESTO ir finan\u0161u pakalpojumu uz\u0146\u0113mums, kas dibin\u0101ts 2016. gad\u0101. Z\u012bmols s\u0101k\u0101s par nepiecie\u0161am\u012bbu p\u0113c jaunas paaudzes maks\u0101jumu risin\u0101jumiem, kas b\u016btu piem\u0113roti gan gala pat\u0113r\u0113t\u0101jam, gan p\u0101rdev\u0113jam. \u0160odien ESTO pied\u0101v\u0101 liel\u0101ko da\u017e\u0101du maks\u0101jumu risin\u0101jumu izv\u0113li Baltij\u0101 un ESTO partneru t\u012bkl\u0101 ir vair\u0101k nek\u0101 2000 sadarb\u012bbas partneru un veikalu un vair\u0101k nek\u0101 200 000 klientu. Ja jums ir k\u0101di jaut\u0101jumi,\u2026\" \/>\n<meta property=\"og:url\" content=\"https:\/\/projekt.vombat.ee\/eco\/lv\/nomaksa\/\" \/>\n<meta property=\"og:site_name\" content=\"Ecocruiser\" \/>\n<meta property=\"article:modified_time\" content=\"2023-03-04T17:40:16+00:00\" \/>\n<meta name=\"twitter:card\" content=\"summary_large_image\" \/>\n<meta name=\"twitter:label1\" content=\"Estimated reading time\" \/>\n\t<meta name=\"twitter:data1\" content=\"2 minutes\" \/>\n<script type=\"application\/ld+json\" class=\"yoast-schema-graph\">{\"@context\":\"https:\/\/schema.org\",\"@graph\":[{\"@type\":\"WebPage\",\"@id\":\"https:\/\/projekt.vombat.ee\/eco\/lv\/nomaksa\/\",\"url\":\"https:\/\/projekt.vombat.ee\/eco\/lv\/nomaksa\/\",\"name\":\"Nomaksa - Ecocruiser\",\"isPartOf\":{\"@id\":\"https:\/\/projekt.vombat.ee\/eco\/#website\"},\"datePublished\":\"2023-03-04T16:22:44+00:00\",\"dateModified\":\"2023-03-04T17:40:16+00:00\",\"breadcrumb\":{\"@id\":\"https:\/\/projekt.vombat.ee\/eco\/lv\/nomaksa\/#breadcrumb\"},\"inLanguage\":\"en-GB\",\"potentialAction\":[{\"@type\":\"ReadAction\",\"target\":[\"https:\/\/projekt.vombat.ee\/eco\/lv\/nomaksa\/\"]}]},{\"@type\":\"BreadcrumbList\",\"@id\":\"https:\/\/projekt.vombat.ee\/eco\/lv\/nomaksa\/#breadcrumb\",\"itemListElement\":[{\"@type\":\"ListItem\",\"position\":1,\"name\":\"Home\",\"item\":\"https:\/\/projekt.vombat.ee\/eco\/\"},{\"@type\":\"ListItem\",\"position\":2,\"name\":\"Nomaksa\"}]},{\"@type\":\"WebSite\",\"@id\":\"https:\/\/projekt.vombat.ee\/eco\/#website\",\"url\":\"https:\/\/projekt.vombat.ee\/eco\/\",\"name\":\"Ecocruiser\",\"description\":\"\",\"publisher\":{\"@id\":\"https:\/\/projekt.vombat.ee\/eco\/#organization\"},\"potentialAction\":[{\"@type\":\"SearchAction\",\"target\":{\"@type\":\"EntryPoint\",\"urlTemplate\":\"https:\/\/projekt.vombat.ee\/eco\/?s={search_term_string}\"},\"query-input\":{\"@type\":\"PropertyValueSpecification\",\"valueRequired\":true,\"valueName\":\"search_term_string\"}}],\"inLanguage\":\"en-GB\"},{\"@type\":\"Organization\",\"@id\":\"https:\/\/projekt.vombat.ee\/eco\/#organization\",\"name\":\"Ecocruiser\",\"url\":\"https:\/\/projekt.vombat.ee\/eco\/\",\"logo\":{\"@type\":\"ImageObject\",\"inLanguage\":\"en-GB\",\"@id\":\"https:\/\/projekt.vombat.ee\/eco\/#\/schema\/logo\/image\/\",\"url\":\"https:\/\/projekt.vombat.ee\/eco\/wp-content\/uploads\/2023\/03\/ECOCRUISER_5.png\",\"contentUrl\":\"https:\/\/projekt.vombat.ee\/eco\/wp-content\/uploads\/2023\/03\/ECOCRUISER_5.png\",\"width\":234,\"height\":91,\"caption\":\"Ecocruiser\"},\"image\":{\"@id\":\"https:\/\/projekt.vombat.ee\/eco\/#\/schema\/logo\/image\/\"}}]}<\/script>\n<!-- \/ Yoast SEO plugin. -->","yoast_head_json":{"title":"Nomaksa - Ecocruiser","robots":{"index":"noindex","follow":"follow","max-snippet":"max-snippet:-1","max-image-preview":"max-image-preview:large","max-video-preview":"max-video-preview:-1"},"og_locale":"en_GB","og_type":"article","og_title":"Nomaksa - Ecocruiser","og_description":"ESTO Nomaksa ESTO ir finan\u0161u pakalpojumu uz\u0146\u0113mums, kas dibin\u0101ts 2016. gad\u0101. Z\u012bmols s\u0101k\u0101s par nepiecie\u0161am\u012bbu p\u0113c jaunas paaudzes maks\u0101jumu risin\u0101jumiem, kas b\u016btu piem\u0113roti gan gala pat\u0113r\u0113t\u0101jam, gan p\u0101rdev\u0113jam. \u0160odien ESTO pied\u0101v\u0101 liel\u0101ko da\u017e\u0101du maks\u0101jumu risin\u0101jumu izv\u0113li Baltij\u0101 un ESTO partneru t\u012bkl\u0101 ir vair\u0101k nek\u0101 2000 sadarb\u012bbas partneru un veikalu un vair\u0101k nek\u0101 200 000 klientu. Ja jums ir k\u0101di jaut\u0101jumi,\u2026","og_url":"https:\/\/projekt.vombat.ee\/eco\/lv\/nomaksa\/","og_site_name":"Ecocruiser","article_modified_time":"2023-03-04T17:40:16+00:00","twitter_card":"summary_large_image","twitter_misc":{"Estimated reading time":"2 minutes"},"schema":{"@context":"https:\/\/schema.org","@graph":[{"@type":"WebPage","@id":"https:\/\/projekt.vombat.ee\/eco\/lv\/nomaksa\/","url":"https:\/\/projekt.vombat.ee\/eco\/lv\/nomaksa\/","name":"Nomaksa - Ecocruiser","isPartOf":{"@id":"https:\/\/projekt.vombat.ee\/eco\/#website"},"datePublished":"2023-03-04T16:22:44+00:00","dateModified":"2023-03-04T17:40:16+00:00","breadcrumb":{"@id":"https:\/\/projekt.vombat.ee\/eco\/lv\/nomaksa\/#breadcrumb"},"inLanguage":"en-GB","potentialAction":[{"@type":"ReadAction","target":["https:\/\/projekt.vombat.ee\/eco\/lv\/nomaksa\/"]}]},{"@type":"BreadcrumbList","@id":"https:\/\/projekt.vombat.ee\/eco\/lv\/nomaksa\/#breadcrumb","itemListElement":[{"@type":"ListItem","position":1,"name":"Home","item":"https:\/\/projekt.vombat.ee\/eco\/"},{"@type":"ListItem","position":2,"name":"Nomaksa"}]},{"@type":"WebSite","@id":"https:\/\/projekt.vombat.ee\/eco\/#website","url":"https:\/\/projekt.vombat.ee\/eco\/","name":"Ecocruiser","description":"","publisher":{"@id":"https:\/\/projekt.vombat.ee\/eco\/#organization"},"potentialAction":[{"@type":"SearchAction","target":{"@type":"EntryPoint","urlTemplate":"https:\/\/projekt.vombat.ee\/eco\/?s={search_term_string}"},"query-input":{"@type":"PropertyValueSpecification","valueRequired":true,"valueName":"search_term_string"}}],"inLanguage":"en-GB"},{"@type":"Organization","@id":"https:\/\/projekt.vombat.ee\/eco\/#organization","name":"Ecocruiser","url":"https:\/\/projekt.vombat.ee\/eco\/","logo":{"@type":"ImageObject","inLanguage":"en-GB","@id":"https:\/\/projekt.vombat.ee\/eco\/#\/schema\/logo\/image\/","url":"https:\/\/projekt.vombat.ee\/eco\/wp-content\/uploads\/2023\/03\/ECOCRUISER_5.png","contentUrl":"https:\/\/projekt.vombat.ee\/eco\/wp-content\/uploads\/2023\/03\/ECOCRUISER_5.png","width":234,"height":91,"caption":"Ecocruiser"},"image":{"@id":"https:\/\/projekt.vombat.ee\/eco\/#\/schema\/logo\/image\/"}}]}},"lang":"lv","translations":{"lv":5872,"ru":5141,"et":2586,"fi":7209},"pll_sync_post":[],"_links":{"self":[{"href":"https:\/\/projekt.vombat.ee\/eco\/wp-json\/wp\/v2\/pages\/5872"}],"collection":[{"href":"https:\/\/projekt.vombat.ee\/eco\/wp-json\/wp\/v2\/pages"}],"about":[{"href":"https:\/\/projekt.vombat.ee\/eco\/wp-json\/wp\/v2\/types\/page"}],"author":[{"embeddable":true,"href":"https:\/\/projekt.vombat.ee\/eco\/wp-json\/wp\/v2\/users\/3"}],"replies":[{"embeddable":true,"href":"https:\/\/projekt.vombat.ee\/eco\/wp-json\/wp\/v2\/comments?post=5872"}],"version-history":[{"count":3,"href":"https:\/\/projekt.vombat.ee\/eco\/wp-json\/wp\/v2\/pages\/5872\/revisions"}],"predecessor-version":[{"id":5981,"href":"https:\/\/projekt.vombat.ee\/eco\/wp-json\/wp\/v2\/pages\/5872\/revisions\/5981"}],"wp:attachment":[{"href":"https:\/\/projekt.vombat.ee\/eco\/wp-json\/wp\/v2\/media?parent=5872"}],"curies":[{"name":"wp","href":"https:\/\/api.w.org\/{rel}","templated":true}]}}