{"id":5860,"date":"2023-03-04T16:20:06","date_gmt":"2023-03-04T16:20:06","guid":{"rendered":"https:\/\/projekt.vombat.ee\/eco\/?page_id=5860"},"modified":"2023-03-04T17:34:49","modified_gmt":"2023-03-04T17:34:49","slug":"pardosanas-noteikumi-2","status":"publish","type":"page","link":"https:\/\/projekt.vombat.ee\/eco\/lv\/pardosanas-noteikumi-2\/","title":{"rendered":"P\u0101rdo\u0161anas noteikumi"},"content":{"rendered":"<h1>P\u0100RDO\u0160ANAS NOTEIKUMI<\/h1>\n<p>1. VISP\u0100R\u0112JO TIRDZNIEC\u012aBAS NOTEIKUMI SP\u0112K\u0100 DARB\u012aBA<br \/>\n1.1. Visp\u0101r\u012bgie p\u0101rdo\u0161anas noteikumi ir sp\u0113k\u0101 starp ecocruiser.eu klientiem (turpm\u0101k \u2013 Klients) un Ecocruiser.eu Gofain Marketing Agency O\u00dc \u012bpa\u0161nieku (re\u0123. numurs 14506370, re\u0123. adrese Harju maakond, Saue vald, Alliku k\u00fcla, Kriisa, 76403). , turpm\u0101k tekst\u0101 ecocruiser.eu), ieg\u0101d\u0101joties preces par topo\u0161\u0101m tiesiskaj\u0101m attiec\u012bb\u0101m.<\/p>\n<p>1.2. Visp\u0101r\u0113jie p\u0101rdo\u0161anas noteikumi nevar b\u016bt pretrun\u0101 ar Igaunijas Republik\u0101 sp\u0113k\u0101 eso\u0161aj\u0101m ties\u012bbu norm\u0101m un nepiecie\u0161am\u012bbas gad\u012bjum\u0101 (str\u012bdu vai inform\u0101cijas tr\u016bkuma gad\u012bjum\u0101) \u0161\u012bs normas ir papildin\u0101tas.<\/p>\n<p>1.3. Papildus \u0161iem Visp\u0101r\u0113jiem p\u0101rdo\u0161anas nosac\u012bjumiem attiec\u012bbas starp Klientu un ecocruiser.eu regul\u0113 ecocruiser.eu inform\u0101cija par produktiem, cenr\u0101dis, inform\u0101cija par pirkumiem un iedibin\u0101t\u0101 lab\u0101 prakse.<\/p>\n<p>1.4. Ecocruiser.eu patur ties\u012bbas vienpus\u0113ji main\u012bt \u0161os nosac\u012bjumus un pre\u010du cenas efektivit\u0101tes, konkur\u0113tsp\u0113jas, turpm\u0101k\u0101s att\u012bst\u012bbas un pre\u010du sortimenta papildin\u0101\u0161anas vai reorganiz\u0101cijas nol\u016bkos. Izmai\u0146as un papildin\u0101jumi nosac\u012bjumos un pre\u010du cen\u0101s st\u0101jas sp\u0113k\u0101 ar br\u012bdi, kad min\u0113t\u0101 inform\u0101cija par\u0101d\u0101s www.ecocruiser.eu lap\u0101. Ja Klients pas\u016bt\u012bjumu iesniedzis pirms noteikumu izmai\u0146u sp\u0113k\u0101 st\u0101\u0161an\u0101s, tad uz Klientu attiecas tie noteikumi, kas bija sp\u0113k\u0101 pas\u016bt\u012bjuma iesnieg\u0161anas br\u012bd\u012b, ja likum\u0101 vai \u0161ajos noteikumos nav noteikts cit\u0101di.<\/p>\n<p>1.5. Ecocruiser.eu un Klients v\u0113las veikt tirdzniec\u012bbu, izmantojot vietni ecocruiser.eu saska\u0146\u0101 ar \u0161aj\u0101 dokument\u0101 izkl\u0101st\u012btajiem nosac\u012bjumiem. Veicot pas\u016bt\u012bjumu ecocruiser.eu m\u0101jaslap\u0101 un veicot avansa maks\u0101jumu, Klients apliecina, ka ir iepazinies ar p\u0101rdo\u0161anas noteikumiem un piekr\u012bt tiem.<\/p>\n<p>1.6. Att\u0113liem ar prec\u0113m ir ilustrat\u012bvs raksturs.<\/p>\n<p>2. ECOCRUISER.EU CENS<br \/>\n2.1. Ecocruiser.eu e-veikal\u0101 nop\u0113rkamo pre\u010du cenas ir nor\u0101d\u012btas eiro un neietver pieg\u0101des izmaksas.<\/p>\n<p>2.2. Pre\u010du pieg\u0101des cena ir atkar\u012bga no Klienta izv\u0113l\u0113t\u0101 pieg\u0101des veida, veicot pas\u016bt\u012bjumu.<\/p>\n<p>2.3. Ecocruiser.eu patur ties\u012bbas kori\u0123\u0113t cenas. Ja Klients pas\u016bt\u012bjumu iesniedzis pirms cenu izmai\u0146u st\u0101\u0161an\u0101s sp\u0113k\u0101, uz vi\u0146u attiecas cena, kas bija nor\u0101d\u012bta priek\u0161apmaksas r\u0113\u0137in\u0101 pas\u016bt\u012bjuma veik\u0161anas br\u012bd\u012b.<\/p>\n<p>3. IEPIRKUMU GROZS UN PAS\u016aT\u012aJUMA VEIDO\u0160ANA<br \/>\n3.1. M\u016bsu interneta veikal\u0101 preces varat pas\u016bt\u012bt bez re\u0123istr\u0101cijas, ta\u010du re\u0123istr\u0113tajiem lietot\u0101jiem var tikt piem\u0113rotas papildu atlaides. Sist\u0113ma ir dro\u0161a un \u0113rta lieto\u0161an\u0101, un m\u0113s aizsarg\u0101jam personas datus.<br \/>\n3.2. Lai iesniegtu pas\u016bt\u012bjumu, ir j\u0101veic \u0161\u0101das darb\u012bbas:<br \/>\n1) Pievieno iepirkumu grozam atbilsto\u0161o preci\/preces;<br \/>\n2) Dodieties uz iepirkumu grozu, nospie\u017eot iepirkumu groza formas pogu lapas aug\u0161pus\u0113;<br \/>\n3) Aizpildiet piepras\u012bt\u0101s \u0161\u016bnas, izv\u0113lieties atbilsto\u0161o transporta un apmaksas veidu;<br \/>\n4) Izlasiet pirk\u0161anas un p\u0101rdo\u0161anas noteikumus un, ja piekr\u012btat, apstipriniet savu piekri\u0161anu;<br \/>\n5) Nospiediet pogu &#8220;Iesniegt pas\u016bt\u012bjumu&#8221; un veiciet pas\u016bt\u012bjuma apmaksu.<br \/>\nTagad atliek tikai pagaid\u012bt, l\u012bdz sa\u0146emsiet pas\u016bt\u012bjuma apstiprin\u0101jumu pa e-pastu un J\u016bsu pas\u016bt\u012bjums s\u0101ks tikt pabeigts.<br \/>\n4. MAKS\u0100JUMS PAR PAS\u016aT\u012aT\u0100M PREC\u0112M<br \/>\n4.1. P\u0113c pirkuma apmaksas noteikti nospiediet pogu &#8220;Atpaka\u013c pie tirgot\u0101ja&#8221;.<br \/>\n4.2. J\u016bs varat \u0101tri un dro\u0161i apmaks\u0101t pas\u016bt\u012bjumu m\u016bsu vietn\u0113, izmantojot bankas saites, nomaksas partnerus un uz r\u0113\u0137ina\/e-r\u0113\u0137ina pamata.<br \/>\n4.2.1. M\u0113s atbalst\u0101m \u0161\u0101das bankas saites: Swedbank, SEB, LHV banka, Luminor bank un COOP bank. Maks\u0101jumus veic Gofain Marketing Agency O\u00dc.<br \/>\n4.3. Pas\u016bt\u012bjums tiks apstr\u0101d\u0101ts, tikl\u012bdz J\u016bsu veiktais maks\u0101jums b\u016bs piln\u012bb\u0101 sa\u0146emts nor\u0113\u0137inu kont\u0101.<br \/>\n4.4. Ar maks\u0101jumiem saist\u012bt\u0101s pakalpojumu maksas sedz klients.<br \/>\n5. PRODUKTU PIEG\u0100DE UN NODO\u0160ANA<br \/>\n5.1. Ja esat veiksm\u012bgi samaks\u0101jis par sav\u0101m prec\u0113m, sav\u0101 e-past\u0101 sa\u0146emsiet v\u0113stuli &#8220;pas\u016bt\u012bjums apstiprin\u0101ts&#8221; ar detaliz\u0113tu inform\u0101ciju. Ja neesat sa\u0146\u0113mis \u0161o v\u0113stuli, noteikti sazinieties ar klientu apkalpo\u0161anas dienestu. P\u0113c tam j\u016bsu pas\u016bt\u012bjums tiks apstr\u0101d\u0101ts. Kad prece b\u016bs nokomplekt\u0113ta, t\u0101 Jums tiks nos\u016bt\u012bta un J\u016bs uzreiz sa\u0146emsiet e-pastu &#8220;J\u016bsu pas\u016bt\u012bjums ir nos\u016bt\u012bts&#8221;.<br \/>\n5.1.1. NB! Sv\u0113tku dien\u0101s pieg\u0101de\/sa\u0146em\u0161ana netiek veikta.<br \/>\n5.2. Prec\u012bzas un aktu\u0101las pieg\u0101des metodes un to izmaksas varat uzzin\u0101t Transporta inform\u0101cijas lap\u0101. Atsauce: Transporta inform\u0101cija<br \/>\n5.3. Ja klients nesa\u0146em paku laic\u012bgi un t\u0101 tiek atgriezta ecocruiser.eu, klients ir atbild\u012bgs par ar atgrie\u0161anu saist\u012bto izmaksu un, ja v\u0113las, atk\u0101rtotas izs\u016bt\u012b\u0161anas izmaksu apmaksu.<\/p>\n<p>6. PAS\u016aT\u012aJUMA ATCEL\u0160ANA UN PRECES ATGRIE\u0160ANA<br \/>\n6.1. Klientam ir ties\u012bbas atk\u0101pties no l\u012bguma un apmain\u012bt vai atgriezt preci 14 dienu laik\u0101 no pas\u016bt\u012bt\u0101s preces sa\u0146em\u0161anas, nenor\u0101dot iemeslu. Atteik\u0161an\u0101s no l\u012bguma gad\u012bjum\u0101 klientam prece ir j\u0101atgrie\u017e nekav\u0113joties, bet ne v\u0113l\u0101k k\u0101 14 dienu laik\u0101.<br \/>\n6.2. Preces var pielaikot un p\u0101rbaud\u012bt, lai p\u0101rliecin\u0101tos par to piem\u0113rot\u012bbu vai nepiem\u0113rot\u012bbu, ta\u010du pielaiko\u0161anas laik\u0101 preces un to iepakojums ir minim\u0101li j\u0101ieskaras. Izm\u0113\u0123in\u0101jums noz\u012bm\u0113 l\u012bdzv\u0113rt\u012bgu izmanto\u0161anu, k\u0101 tas ir ierasts mazumtirdzniec\u012bbas iest\u0101d\u0113s pirms pirkuma veik\u0161anas.<br \/>\n6.3. Atgrie\u017eamajai precei j\u0101b\u016bt ori\u0123in\u0101laj\u0101 iepakojum\u0101, ar ori\u0123in\u0101lo mar\u0137\u0113jumu un t\u0101d\u0101 pa\u0161\u0101 sare\u017e\u0123\u012bt\u012bb\u0101 k\u0101 pieg\u0101des br\u012bd\u012b klientam. Ja ir iesp\u0113jams atv\u0113rt preces iepakojumu, nesaboj\u0101jot iepakojumu, klients ap\u0146emas atv\u0113rt iepakojumu \u0161\u0101d\u0101 veid\u0101. Ja preces ori\u0123in\u0101lais iepakojums ir boj\u0101ts vai preces izlietojums preces izm\u0113\u0123in\u0101juma period\u0101 p\u0101rsniedz sapr\u0101t\u012bgo apjomu, kas nepiecie\u0161ams, lai iepaz\u012btos ar preci vai ja atgriezt\u0101 prece nav l\u012bdz\u012bg\u0101 st\u0101vokl\u012b k\u0101 jaun\u0101m l\u012bdz\u012bg\u0101m prec\u0113m, tad ecocruiser.eu ir ties\u012bbas vienpus\u0113ji atskait\u012bt preces v\u0113rt\u012bbas samazin\u0101jumu no Klientam atdodam\u0101s summas.atbilsto\u0161a kompens\u0101cija. Atl\u012bdz\u012bbas apm\u0113rs tiek noteikts katru reizi, pamatojoties uz iesp\u0113jam\u0101s atgrie\u017eam\u0101s preces v\u0113rt\u012bbas samazin\u0101\u0161an\u0101s apm\u0113ru, un klients tiek inform\u0113ts par atl\u012bdz\u012bbas apm\u0113ru p\u0113c iesp\u0113jas \u0101tr\u0101k p\u0113c atl\u012bdz\u012bbas apm\u0113ra noteik\u0161anas.<br \/>\n6.4. Pre\u010du atgrie\u0161anas izmaksas sedz klients, ja vien atgrie\u0161anas iemesls nav t\u0101ds, ka atgrie\u017eam\u0101 prece neatbilst pas\u016bt\u012btajai (piem\u0113ram, nepareiza vai boj\u0101ta prece).<br \/>\n6.5. Klientam ir j\u0101atgrie\u017e prece 14 dienu laik\u0101 p\u0113c pieteikuma iesnieg\u0161anas vai j\u0101iesniedz pier\u0101d\u012bjums, ka vi\u0146\u0161 ir nodevis preci p\u0101rvad\u0101t\u0101jam iepriek\u0161 min\u0113taj\u0101 termi\u0146\u0101.<br \/>\n6.6. Sa\u0146emot atgriezto preci, Ecocruiser.eu nekav\u0113joties atgriez\u012bs pirc\u0113jam, bet ne v\u0113l\u0101k k\u0101 14 dienu laik\u0101 p\u0113c atteikuma sa\u0146em\u0161anas visas no pirc\u0113ja saska\u0146\u0101 ar l\u012bgumu sa\u0146emt\u0101s maksas.<br \/>\n6.7. Ecocruiser.eu var atteikties izsniegt naudas atmaksu, kam\u0113r prece, uz kuru attiecas l\u012bgums, nav atgriezta vai klients nav iesniedzis pier\u0101d\u012bjumus par preces atdo\u0161anu, atkar\u012bb\u0101 no t\u0101, kas notiek vispirms.<br \/>\n6.8. Ja klients ir nep\u0101rprotami izv\u0113l\u0113jies citu pieg\u0101des veidu, nevis l\u0113t\u0101ko standarta pieg\u0101des veidu, ko pied\u0101v\u0101 Ecocruiser.eu, ecocruiser.eu nav j\u0101atmaks\u0101 pat\u0113r\u0113t\u0101jam izmaksas, kas p\u0101rsniedz izmaksas, kas saist\u012btas ar standarta pieg\u0101des veidu.<br \/>\n6.9. Ecocruiser.eu ir ties\u012bbas atk\u0101pties no p\u0101rdo\u0161anas dar\u012bjuma un piepras\u012bt preces atgrie\u0161anu no klienta, ja preces cena interneta veikal\u0101 k\u013c\u016bdas d\u0113\u013c ir atz\u012bm\u0113ta iev\u0113rojami zem\u0101ka par preces tirgus cenu.<br \/>\n6.10. Lai atteiktos no preces, klientam ir j\u0101aizpilda pieteikums par atteik\u0161anos no preces, kas atrodams \u0161eit: Pre\u010du atgrie\u0161anas pieteikums<br \/>\n6.11. P\u0113c pieteikuma iesnieg\u0161anas preces varat nos\u016bt\u012bt uz Haaberst Smartpost vai Haaberst rim Omniva pakom\u0101tu pa t\u0101lruni +372 566338381, vai liel\u0101kas preces gad\u012bjum\u0101 atgriezt m\u016bsu biroj\u0101 Meistri 16-304, 13517 Tallina.<br \/>\n6.12. Pretenziju iesnieg\u0161anas laiks ir 2 gadi. To darot, j\u0101\u0146em v\u0113r\u0101, ka gad\u012bjum\u0101, ja precei 6 m\u0113ne\u0161u laik\u0101 p\u0113c t\u0101s ieg\u0101des ir konstat\u0113ti defekti, tiek pie\u0146emts, ka tie bija jau ieg\u0101des br\u012bd\u012b, ja vien Ecocruiser.eu nepier\u0101da pret\u0113jo. Kad ir pag\u0101ju\u0161i 6 m\u0113ne\u0161i kop\u0161 preces ieg\u0101des, pat\u0113r\u0113t\u0101jam ir j\u0101pier\u0101da, ka t\u0101 ir ra\u017eo\u0161anas k\u013c\u016bda, nevis defekts, kas radies pa\u0161a pat\u0113r\u0113t\u0101ja nepareizas lieto\u0161anas rezult\u0101t\u0101.<br \/>\n6.13. Defekta gad\u012bjum\u0101 klientam ir ties\u012bbas ne v\u0113l\u0101k k\u0101 divu m\u0113ne\u0161u laik\u0101 sazin\u0101ties ar interneta veikalu, s\u016btot e-pastu uz info@projekt.vombat.ee vai zvanot pa t\u0101lruni: +372 56638381. Ecocruiser.eu atbild\u0113s uz pat\u0113r\u0113t\u0101ja s\u016bdz\u012bbu rakstveid\u0101 vai form\u0101, kas nodro\u0161ina rakstisku pavairo\u0161anu 15 dienu laik\u0101.<br \/>\n6.14. Ja pas\u016bt\u012bt\u0101s preces nevar pieg\u0101d\u0101t preces beigu vai cita iemesla d\u0113\u013c, pirc\u0113js par to tiks inform\u0113ts p\u0113c iesp\u0113jas \u0101tr\u0101k un samaks\u0101t\u0101 nauda (ieskaitot pre\u010du pieg\u0101des izmaksas) tiks atgriezta, parasti 1-2 darba dienas. Atkar\u012bb\u0101 no maks\u0101juma veida t\u0101 sa\u0146em\u0161ana var ilgt l\u012bdz 7\u00a0darba dien\u0101m.<\/p>\n<p>7. ATBILD\u012aBA UN Nep\u0101rvarama vara<br \/>\n7.1. Ecocruiser.eu ir atbild\u012bgs Klienta priek\u0161\u0101 par kait\u0113jumu, ko ecocruiser.eu nodar\u012bjis, p\u0101rk\u0101pjot \u0161os noteikumus un nosac\u012bjumus Igaunijas Republik\u0101 sp\u0113k\u0101 eso\u0161ajos ties\u012bbu aktos paredz\u0113tajos gad\u012bjumos un apjom\u0101.<\/p>\n<p>7.2. Klients ir atbild\u012bgs ecocruiser.eu par zaud\u0113jumiem, kas radu\u0161ies klienta \u0161o noteikumu un nosac\u012bjumu p\u0101rk\u0101puma d\u0113\u013c Igaunijas Republik\u0101 sp\u0113k\u0101 eso\u0161ajos ties\u012bbu aktos noteiktajos gad\u012bjumos un apjom\u0101.<\/p>\n<p>7.3. Neviena no pus\u0113m nav atbild\u012bga pret otru pusi, un t\u0101s r\u012bc\u012bba nav uzskat\u0101ma par \u0161o noteikumu un nosac\u012bjumu p\u0101rk\u0101pumu k\u0101das t\u0101s saist\u012bbas izpildes nov\u0113lotas vai nepild\u012b\u0161anas d\u0113\u013c, ja \u0161\u0101das kav\u0113\u0161an\u0101s vai neizpildes iemesls. -izpilde nebija min\u0113t\u0101s puses kontrol\u0113 (force majeure).<\/p>\n<p>7.4. Ecocruiser.eu nekompens\u0113 Klientam izmaksas, kas radu\u0161\u0101s t\u0101d\u0113\u013c, ka Klients uz\u0146\u0113m\u0101s saist\u012bbas pret tre\u0161aj\u0101m person\u0101m (kas nav atkar\u012bgas no Ecocruiser.eu) ar nosac\u012bjumiem, kas neatbilst \u0161iem noteikumiem un nosac\u012bjumiem.<\/p>\n<p>8. CITI NOTEIKUMI<br \/>\n8.1. Ecocruiser.eu izmanto Klienta sniegtos personas datus tikai, lai izpild\u012btu Klienta pirkuma pas\u016bt\u012bjumu. Dati tiek apstr\u0101d\u0101ti konfidenci\u0101li un netiek izpausti tre\u0161aj\u0101m person\u0101m, iz\u0146emot ja to prasa Pas\u016bt\u012bt\u0101ja izv\u0113l\u0113tais pieg\u0101des veids un likum\u0101 noteiktajos gad\u012bjumos.<\/p>\n<p>8.2. Ecocruiser.eu patur ties\u012bbas nos\u016bt\u012bt Klientam inform\u0101ciju par jauniem produktiem un \u012bpa\u0161ajiem pied\u0101v\u0101jumiem, ja Klients ir abon\u0113jis ecocruiser.eu jaunumu bi\u013cetenu. Klientam ir ties\u012bbas piepras\u012bt savu datu dz\u0113\u0161anu no ecocruiser.eu datu b\u0101zes.<\/p>\n<p>8.3. \u0160ajos nosac\u012bjumos nereglament\u0113tajos jaut\u0101jumos Klients un ecocruiser.eu vad\u0101s p\u0113c Igaunijas Republik\u0101 sp\u0113k\u0101 eso\u0161\u0101s likumdo\u0161anas un citiem ties\u012bbu aktiem, kas regul\u0113 pu\u0161u attiec\u012bbas.<\/p>\n<p>8.4. Nesaska\u0146as un str\u012bdi, kas izriet no \u0161o noteikumu un nosac\u012bjumu izpildes, puses risina galvenok\u0101rt p\u0101rrunu ce\u013c\u0101. Ja no L\u012bguma izrieto\u0161os str\u012bdus nav iesp\u0113jams atrisin\u0101t pu\u0161u sarunu ce\u013c\u0101, gan Klientam, gan ecocruiser.eu ir ties\u012bbas v\u0113rsties Pat\u0113r\u0113t\u0101ju ties\u012bbu aizsardz\u012bbas p\u0101rvald\u0113 vai ties\u0101 savu ties\u012bbu aizsardz\u012bbai. Turkl\u0101t Eiropas Savien\u012bbas elektronisk\u0101s vides ODR platforma (Online Dispute Resolution) ir pieejama visiem klientiem s\u016bdz\u012bbu risin\u0101\u0161anai ar e-tirgot\u0101jiem vietn\u0113 http:\/\/ec.europa.eu\/odr.<\/p>\n<p>9. NOBEIGUMA NOTEIKUMI<br \/>\n9.1. Uz \u0161iem pas\u016bt\u012b\u0161anas nosac\u012bjumiem un ecocruiser.eu e-veikala pirk\u0161anas un p\u0101rdo\u0161anas l\u012bgumiem attiecas Igaunijas ties\u012bbu akti. Ja k\u0101ds no pas\u016bt\u012bjuma nosac\u012bjumiem ir sp\u0113k\u0101 neeso\u0161s, tas neietekm\u0113 p\u0101r\u0113jo pas\u016bt\u012bjuma nosac\u012bjumu vai pirk\u0161anas un p\u0101rdo\u0161anas l\u012bguma sp\u0113k\u0101 esam\u012bbu. Neder\u012bgu noteikumu aizst\u0101j ar ties\u012bbu normu, kas juridiski un ekonomiski ir vistuv\u0101k\u0101 sp\u0113k\u0101 neeso\u0161ajam noteikumam.<\/p>\n","protected":false},"excerpt":{"rendered":"<p>P\u0100RDO\u0160ANAS NOTEIKUMI 1. VISP\u0100R\u0112JO TIRDZNIEC\u012aBAS NOTEIKUMI SP\u0112K\u0100 DARB\u012aBA 1.1. Visp\u0101r\u012bgie p\u0101rdo\u0161anas noteikumi ir sp\u0113k\u0101 starp ecocruiser.eu klientiem (turpm\u0101k \u2013 Klients) un Ecocruiser.eu Gofain Marketing Agency O\u00dc \u012bpa\u0161nieku (re\u0123. numurs 14506370, re\u0123. adrese Harju maakond, Saue vald, Alliku k\u00fcla, Kriisa, 76403). , turpm\u0101k tekst\u0101 ecocruiser.eu), ieg\u0101d\u0101joties preces par topo\u0161\u0101m tiesiskaj\u0101m attiec\u012bb\u0101m. 1.2. Visp\u0101r\u0113jie p\u0101rdo\u0161anas noteikumi nevar b\u016bt pretrun\u0101 ar Igaunijas Republik\u0101\u2026<\/p>\n","protected":false},"author":3,"featured_media":0,"parent":0,"menu_order":0,"comment_status":"closed","ping_status":"closed","template":"","meta":{"footnotes":""},"class_list":["post-5860","page","type-page","status-publish","hentry"],"yoast_head":"<!-- This site is optimized with the Yoast SEO plugin v23.8 - https:\/\/yoast.com\/wordpress\/plugins\/seo\/ -->\n<title>P\u0101rdo\u0161anas noteikumi - Ecocruiser<\/title>\n<meta name=\"robots\" content=\"noindex, follow, max-snippet:-1, max-image-preview:large, max-video-preview:-1\" \/>\n<meta property=\"og:locale\" content=\"en_GB\" \/>\n<meta property=\"og:type\" content=\"article\" \/>\n<meta property=\"og:title\" content=\"P\u0101rdo\u0161anas noteikumi - Ecocruiser\" \/>\n<meta property=\"og:description\" content=\"P\u0100RDO\u0160ANAS NOTEIKUMI 1. VISP\u0100R\u0112JO TIRDZNIEC\u012aBAS NOTEIKUMI SP\u0112K\u0100 DARB\u012aBA 1.1. Visp\u0101r\u012bgie p\u0101rdo\u0161anas noteikumi ir sp\u0113k\u0101 starp ecocruiser.eu klientiem (turpm\u0101k \u2013 Klients) un Ecocruiser.eu Gofain Marketing Agency O\u00dc \u012bpa\u0161nieku (re\u0123. numurs 14506370, re\u0123. adrese Harju maakond, Saue vald, Alliku k\u00fcla, Kriisa, 76403). , turpm\u0101k tekst\u0101 ecocruiser.eu), ieg\u0101d\u0101joties preces par topo\u0161\u0101m tiesiskaj\u0101m attiec\u012bb\u0101m. 1.2. Visp\u0101r\u0113jie p\u0101rdo\u0161anas noteikumi nevar b\u016bt pretrun\u0101 ar Igaunijas Republik\u0101\u2026\" \/>\n<meta property=\"og:url\" content=\"https:\/\/projekt.vombat.ee\/eco\/lv\/pardosanas-noteikumi-2\/\" \/>\n<meta property=\"og:site_name\" content=\"Ecocruiser\" \/>\n<meta property=\"article:modified_time\" content=\"2023-03-04T17:34:49+00:00\" \/>\n<meta name=\"twitter:card\" content=\"summary_large_image\" \/>\n<meta name=\"twitter:label1\" content=\"Estimated reading time\" \/>\n\t<meta name=\"twitter:data1\" content=\"8 minutes\" \/>\n<script type=\"application\/ld+json\" class=\"yoast-schema-graph\">{\"@context\":\"https:\/\/schema.org\",\"@graph\":[{\"@type\":\"WebPage\",\"@id\":\"https:\/\/projekt.vombat.ee\/eco\/lv\/pardosanas-noteikumi-2\/\",\"url\":\"https:\/\/projekt.vombat.ee\/eco\/lv\/pardosanas-noteikumi-2\/\",\"name\":\"P\u0101rdo\u0161anas noteikumi - Ecocruiser\",\"isPartOf\":{\"@id\":\"https:\/\/projekt.vombat.ee\/eco\/#website\"},\"datePublished\":\"2023-03-04T16:20:06+00:00\",\"dateModified\":\"2023-03-04T17:34:49+00:00\",\"breadcrumb\":{\"@id\":\"https:\/\/projekt.vombat.ee\/eco\/lv\/pardosanas-noteikumi-2\/#breadcrumb\"},\"inLanguage\":\"en-GB\",\"potentialAction\":[{\"@type\":\"ReadAction\",\"target\":[\"https:\/\/projekt.vombat.ee\/eco\/lv\/pardosanas-noteikumi-2\/\"]}]},{\"@type\":\"BreadcrumbList\",\"@id\":\"https:\/\/projekt.vombat.ee\/eco\/lv\/pardosanas-noteikumi-2\/#breadcrumb\",\"itemListElement\":[{\"@type\":\"ListItem\",\"position\":1,\"name\":\"Home\",\"item\":\"https:\/\/projekt.vombat.ee\/eco\/\"},{\"@type\":\"ListItem\",\"position\":2,\"name\":\"P\u0101rdo\u0161anas noteikumi\"}]},{\"@type\":\"WebSite\",\"@id\":\"https:\/\/projekt.vombat.ee\/eco\/#website\",\"url\":\"https:\/\/projekt.vombat.ee\/eco\/\",\"name\":\"Ecocruiser\",\"description\":\"\",\"publisher\":{\"@id\":\"https:\/\/projekt.vombat.ee\/eco\/#organization\"},\"potentialAction\":[{\"@type\":\"SearchAction\",\"target\":{\"@type\":\"EntryPoint\",\"urlTemplate\":\"https:\/\/projekt.vombat.ee\/eco\/?s={search_term_string}\"},\"query-input\":{\"@type\":\"PropertyValueSpecification\",\"valueRequired\":true,\"valueName\":\"search_term_string\"}}],\"inLanguage\":\"en-GB\"},{\"@type\":\"Organization\",\"@id\":\"https:\/\/projekt.vombat.ee\/eco\/#organization\",\"name\":\"Ecocruiser\",\"url\":\"https:\/\/projekt.vombat.ee\/eco\/\",\"logo\":{\"@type\":\"ImageObject\",\"inLanguage\":\"en-GB\",\"@id\":\"https:\/\/projekt.vombat.ee\/eco\/#\/schema\/logo\/image\/\",\"url\":\"https:\/\/projekt.vombat.ee\/eco\/wp-content\/uploads\/2023\/03\/ECOCRUISER_5.png\",\"contentUrl\":\"https:\/\/projekt.vombat.ee\/eco\/wp-content\/uploads\/2023\/03\/ECOCRUISER_5.png\",\"width\":234,\"height\":91,\"caption\":\"Ecocruiser\"},\"image\":{\"@id\":\"https:\/\/projekt.vombat.ee\/eco\/#\/schema\/logo\/image\/\"}}]}<\/script>\n<!-- \/ Yoast SEO plugin. -->","yoast_head_json":{"title":"P\u0101rdo\u0161anas noteikumi - Ecocruiser","robots":{"index":"noindex","follow":"follow","max-snippet":"max-snippet:-1","max-image-preview":"max-image-preview:large","max-video-preview":"max-video-preview:-1"},"og_locale":"en_GB","og_type":"article","og_title":"P\u0101rdo\u0161anas noteikumi - Ecocruiser","og_description":"P\u0100RDO\u0160ANAS NOTEIKUMI 1. VISP\u0100R\u0112JO TIRDZNIEC\u012aBAS NOTEIKUMI SP\u0112K\u0100 DARB\u012aBA 1.1. Visp\u0101r\u012bgie p\u0101rdo\u0161anas noteikumi ir sp\u0113k\u0101 starp ecocruiser.eu klientiem (turpm\u0101k \u2013 Klients) un Ecocruiser.eu Gofain Marketing Agency O\u00dc \u012bpa\u0161nieku (re\u0123. numurs 14506370, re\u0123. adrese Harju maakond, Saue vald, Alliku k\u00fcla, Kriisa, 76403). , turpm\u0101k tekst\u0101 ecocruiser.eu), ieg\u0101d\u0101joties preces par topo\u0161\u0101m tiesiskaj\u0101m attiec\u012bb\u0101m. 1.2. Visp\u0101r\u0113jie p\u0101rdo\u0161anas noteikumi nevar b\u016bt pretrun\u0101 ar Igaunijas Republik\u0101\u2026","og_url":"https:\/\/projekt.vombat.ee\/eco\/lv\/pardosanas-noteikumi-2\/","og_site_name":"Ecocruiser","article_modified_time":"2023-03-04T17:34:49+00:00","twitter_card":"summary_large_image","twitter_misc":{"Estimated reading time":"8 minutes"},"schema":{"@context":"https:\/\/schema.org","@graph":[{"@type":"WebPage","@id":"https:\/\/projekt.vombat.ee\/eco\/lv\/pardosanas-noteikumi-2\/","url":"https:\/\/projekt.vombat.ee\/eco\/lv\/pardosanas-noteikumi-2\/","name":"P\u0101rdo\u0161anas noteikumi - Ecocruiser","isPartOf":{"@id":"https:\/\/projekt.vombat.ee\/eco\/#website"},"datePublished":"2023-03-04T16:20:06+00:00","dateModified":"2023-03-04T17:34:49+00:00","breadcrumb":{"@id":"https:\/\/projekt.vombat.ee\/eco\/lv\/pardosanas-noteikumi-2\/#breadcrumb"},"inLanguage":"en-GB","potentialAction":[{"@type":"ReadAction","target":["https:\/\/projekt.vombat.ee\/eco\/lv\/pardosanas-noteikumi-2\/"]}]},{"@type":"BreadcrumbList","@id":"https:\/\/projekt.vombat.ee\/eco\/lv\/pardosanas-noteikumi-2\/#breadcrumb","itemListElement":[{"@type":"ListItem","position":1,"name":"Home","item":"https:\/\/projekt.vombat.ee\/eco\/"},{"@type":"ListItem","position":2,"name":"P\u0101rdo\u0161anas noteikumi"}]},{"@type":"WebSite","@id":"https:\/\/projekt.vombat.ee\/eco\/#website","url":"https:\/\/projekt.vombat.ee\/eco\/","name":"Ecocruiser","description":"","publisher":{"@id":"https:\/\/projekt.vombat.ee\/eco\/#organization"},"potentialAction":[{"@type":"SearchAction","target":{"@type":"EntryPoint","urlTemplate":"https:\/\/projekt.vombat.ee\/eco\/?s={search_term_string}"},"query-input":{"@type":"PropertyValueSpecification","valueRequired":true,"valueName":"search_term_string"}}],"inLanguage":"en-GB"},{"@type":"Organization","@id":"https:\/\/projekt.vombat.ee\/eco\/#organization","name":"Ecocruiser","url":"https:\/\/projekt.vombat.ee\/eco\/","logo":{"@type":"ImageObject","inLanguage":"en-GB","@id":"https:\/\/projekt.vombat.ee\/eco\/#\/schema\/logo\/image\/","url":"https:\/\/projekt.vombat.ee\/eco\/wp-content\/uploads\/2023\/03\/ECOCRUISER_5.png","contentUrl":"https:\/\/projekt.vombat.ee\/eco\/wp-content\/uploads\/2023\/03\/ECOCRUISER_5.png","width":234,"height":91,"caption":"Ecocruiser"},"image":{"@id":"https:\/\/projekt.vombat.ee\/eco\/#\/schema\/logo\/image\/"}}]}},"lang":"lv","translations":{"lv":5860,"ru":5136,"et":1902,"fi":7237,"en":12175,"fr":17143},"pll_sync_post":[],"_links":{"self":[{"href":"https:\/\/projekt.vombat.ee\/eco\/wp-json\/wp\/v2\/pages\/5860"}],"collection":[{"href":"https:\/\/projekt.vombat.ee\/eco\/wp-json\/wp\/v2\/pages"}],"about":[{"href":"https:\/\/projekt.vombat.ee\/eco\/wp-json\/wp\/v2\/types\/page"}],"author":[{"embeddable":true,"href":"https:\/\/projekt.vombat.ee\/eco\/wp-json\/wp\/v2\/users\/3"}],"replies":[{"embeddable":true,"href":"https:\/\/projekt.vombat.ee\/eco\/wp-json\/wp\/v2\/comments?post=5860"}],"version-history":[{"count":3,"href":"https:\/\/projekt.vombat.ee\/eco\/wp-json\/wp\/v2\/pages\/5860\/revisions"}],"predecessor-version":[{"id":5977,"href":"https:\/\/projekt.vombat.ee\/eco\/wp-json\/wp\/v2\/pages\/5860\/revisions\/5977"}],"wp:attachment":[{"href":"https:\/\/projekt.vombat.ee\/eco\/wp-json\/wp\/v2\/media?parent=5860"}],"curies":[{"name":"wp","href":"https:\/\/api.w.org\/{rel}","templated":true}]}}