{"id":5094,"date":"2023-03-01T15:02:53","date_gmt":"2023-03-01T15:02:53","guid":{"rendered":"https:\/\/projekt.vombat.ee\/eco\/?page_id=5094"},"modified":"2023-07-09T16:03:36","modified_gmt":"2023-07-09T16:03:36","slug":"privatuma-politika","status":"publish","type":"page","link":"https:\/\/projekt.vombat.ee\/eco\/lv\/privatuma-politika\/","title":{"rendered":"Priv\u0101tuma politika"},"content":{"rendered":"<p>Ecocruiser.eu e-veikalu p\u0101rvalda Gofain Marketing Agency O\u00dc. Galven\u0101 darb\u012bba ir mazumtirdzniec\u012bba ar interneta starpniec\u012bbu. \u0160\u012bs vietnes ecocruiser.eu m\u0113r\u0137is ir iepaz\u012bstin\u0101t un p\u0101rdot elektriskos transportl\u012bdzek\u013cus.<\/p>\n<p>M\u0113s apstr\u0101d\u0101jam personas datus saska\u0146\u0101 ar ES Visp\u0101r\u012bgo datu aizsardz\u012bbas regulu (VDAR, ES 2016\/679) un Igaunijas Republikas ties\u012bbu aktiem. M\u016bsu priv\u0101tuma politik\u0101 ir paskaidrots, k\u0101 un k\u0101p\u0113c m\u0113s apkopojam un apstr\u0101d\u0101jam personas datus.<\/p>\n<p>K\u0100DU PERSONAS DATU M\u0112S V\u0100K\u0100M?<\/p>\n<p>J\u016bsu personas dati netiek v\u0101kti, apmekl\u0113jot vietni ecocruiser.eu. Jums ir iesp\u0113ja br\u012bvpr\u0101t\u012bgi sniegt personas datus, pievienojoties adres\u0101tu sarakstam vai veicot pas\u016bt\u012bjumu. Jums tiks jaut\u0101ts:<\/p>\n<p>nosaukums<br \/>\nepasta adrese<br \/>\ntelefona numurs<br \/>\nK\u0100P\u0112C M\u0112S V\u0100K\u0100M PERSONAS DATU?<\/p>\n<p>M\u0113s apkopojam un apstr\u0101d\u0101jam personas datus \u0161\u0101diem m\u0113r\u0137iem:<\/p>\n<p>lai nos\u016bt\u012btu atbildes uz j\u016bsu jaut\u0101jumiem.<br \/>\nlai nos\u016bt\u012btu bi\u013cetenus<br \/>\nlai izpild\u012btu pas\u016bt\u012bjumus, ko esat veicis pie mums<br \/>\nDATU P\u0100RS\u016aT\u012a\u0160ANA \u0100RPUS ES<\/p>\n<p>Gofain Marketing Agency O\u00dc nenodod klientu datus \u0101rpus Eiropas (ES) Ekonomikas zonas. M\u0113s apstr\u0101d\u0101jam j\u016bsu personas datus k\u0101 konfidenci\u0101lus un nenodosim tos cit\u0101m pus\u0113m. Uz\u0146\u0113mums inform\u0101ciju par maks\u0101jumiem p\u0101rs\u016bta Maksekeskus AS, pilnvarotajai personai (jur) datu apstr\u0101dei.<\/p>\n<p>&nbsp;<\/p>\n<p>PERSONAS DATU P\u0100RS\u016aT\u012a\u0160ANA \u0100RPUS ES<\/p>\n<p>M\u0113s nenododam j\u016bsu personas datus \u0101rpus Eiropas Savien\u012bbas vai Eiropas Ekonomikas zonas (EEZ).<\/p>\n<p>&nbsp;<\/p>\n<p>DATU DRO\u0160\u012aBA<\/p>\n<p>M\u0113s str\u0101d\u0101jam, lai aizsarg\u0101tu j\u016bsu datus no nesankcion\u0113tas piek\u013cuves vai no nesankcion\u0113tas modifik\u0101cijas, izpau\u0161anas vai p\u0101rk\u0101pumiem.<\/p>\n<p>Lai nodro\u0161in\u0101tu datu dro\u0161\u012bbu, m\u0113s r\u012bkojamies \u0161\u0101di:<\/p>\n<p>M\u0113s apstr\u0101d\u0101jam visus personas datus k\u0101 konfidenci\u0101lus.<br \/>\nM\u0113s izmantojam tikai \u0161ifr\u0113tus pakalpojumus, izmantojot SSL.<br \/>\nM\u0113s ierobe\u017eojam piek\u013cuvi personas inform\u0101cijai, nodro\u0161inot piek\u013cuvi tikai tiem darbiniekiem un darbuz\u0146\u0113m\u0113jiem, kuriem inform\u0101cija ir nepiecie\u0161ama t\u0101s apstr\u0101dei, uz kuriem attiecas stingras l\u012bgumisk\u0101s konfidencialit\u0101tes saist\u012bbas un kuriem var tikt piem\u0113rotas sankcijas vai l\u012bguma p\u0101rtrauk\u0161ana, ja vi\u0146i nepilda \u0161\u012bs saist\u012bbas.<br \/>\nPersonas datus glab\u0101jam galvenok\u0101rt digit\u0101l\u0101 form\u0101t\u0101, nevis pap\u012bra form\u0101t\u0101, lai nodro\u0161in\u0101tu dro\u0161\u0101ku piek\u013cuves kontroli.<br \/>\nPersonas datu kr\u0101tuve ir aizsarg\u0101ta ar nepiecie\u0161amajiem IT tehniskajiem un organizatoriskajiem aizsardz\u012bbas pas\u0101kumiem.<\/p>\n<p>Lai gan m\u0113s izmantojam stingrus dro\u0161\u012bbas noteikumus attiec\u012bb\u0101 uz personas datiem, kas non\u0101k m\u016bsu vid\u0113, j\u0101\u0146em v\u0113r\u0101, ka internets nekad nav piln\u012bb\u0101 dro\u0161s un m\u0113s nevaram garant\u0113t nek\u0101du j\u016bsu mums nos\u016bt\u012bto datu dro\u0161u p\u0101rs\u016bt\u012b\u0161anu. Datu s\u016bt\u012b\u0161anas dro\u0161\u012bba vienm\u0113r ir j\u016bsu pa\u0161u risks.<\/p>\n<p>&nbsp;<\/p>\n<p>K\u0100DAS TIES\u012aBAS JUMS IR UN K\u0100 T\u0100S IZMANTOT?<\/p>\n<p>Ja esat devis piekri\u0161anu savu personas datu v\u0101k\u0161anai, apstr\u0101dei un izmanto\u0161anai noteikt\u0101 veid\u0101, j\u016bs jebkur\u0101 laik\u0101 varat atsaukt \u0161o piekri\u0161anu.<\/p>\n<p>Saska\u0146\u0101 ar piem\u0113rojamajiem datu aizsardz\u012bbas ties\u012bbu aktiem jums ir ties\u012bbas:<\/p>\n<p>Piepras\u012bt piek\u013cuvi saviem personas datiem.<br \/>\nPiepras\u012bt savu personas datu labo\u0161anu.<br \/>\nPiepras\u012bt savu personas datu dz\u0113\u0161anu.<br \/>\nPiepras\u012bt savu personas datu apstr\u0101des ierobe\u017eo\u0161anu.<br \/>\nPiepras\u012bt savu personas datu p\u0101rs\u016bt\u012b\u0161anu.<br \/>\nPiepras\u012bt atsaukt piekri\u0161anu j\u016bsu personas datu apstr\u0101dei.<br \/>\nIebilst pret automatiz\u0113tu l\u0113mumu pie\u0146em\u0161anu (ieskaitot profil\u0113\u0161anu).<\/p>\n<p>Lietojumprogrammai ir j\u0101\u013cauj j\u016bs unik\u0101li identific\u0113t. Lai \u012bstenotu savas ties\u012bbas un p\u0101rs\u016bt\u012btu piepras\u012bjumu, l\u016bdzu, sazinieties ar mums sada\u013c\u0101 (&#8220;Sazin\u0101ties&#8221;) nor\u0101d\u012btaj\u0101 veid\u0101.<\/p>\n<p>L\u016bdzu, \u0146emiet v\u0113r\u0101, ka J\u016bs varat piepras\u012bt savu personas datu dz\u0113\u0161anu, apstr\u0101des ierobe\u017eo\u0161anu u.c. tikai tad, ja tas ir saska\u0146\u0101 ar tiesisko pamatu un ties\u012bbu aktiem par datu aizsardz\u012bbu.<\/p>\n<p>S\u016bdz\u012bbu gad\u012bjum\u0101 jums ir ties\u012bbas iesniegt s\u016bdz\u012bbu kompetentajai datu aizsardz\u012bbas iest\u0101dei. M\u0113s sadarbojamies ar attiec\u012bgaj\u0101m regulat\u012bvaj\u0101m iest\u0101d\u0113m, tostarp viet\u0113j\u0101m datu aizsardz\u012bbas iest\u0101d\u0113m, lai atrisin\u0101tu s\u016bdz\u012bbas, kas saist\u012btas ar personas datu p\u0101rs\u016bt\u012b\u0161anu.<\/p>\n<p>&nbsp;<\/p>\n<p>CIK ILGI M\u0112S UZGLAB\u0100JAM J\u016aSU PERSONAS DATU?<\/p>\n<p>J\u016bsu personas dati tiks glab\u0101ti tik ilgi, cik tas b\u016bs nepiecie\u0161ams, lai sniegtu Jums piepras\u012btos pakalpojumus. Ja personas dati nav izmantoti 3 gadus p\u0113c k\u0101rtas, m\u0113s dz\u0113s\u012bsim j\u016bsu personas datus vai anonimiz\u0113sim j\u016bsu personas datus, ja vien netiks piem\u0113rotas oblig\u0101tas saglab\u0101\u0161anas pras\u012bbas.<\/p>\n<p>Apkopotie nepersonaliz\u0113tie dati tiks glab\u0101ti neierobe\u017eotu laiku.<\/p>\n<p>&nbsp;<\/p>\n<p>KONFIDENCIALIT\u0100TES POLITIKAS NOTEIKUMI UN IZMAI\u0145AS<\/p>\n<p>Izmantojot \u0161o vietni, j\u016bs esat izlas\u012bjis un piekr\u012btat \u0161iem noteikumiem un nosac\u012bjumiem.<\/p>\n<p>M\u016bsu priv\u0101tuma politika laiku pa laikam var main\u012bties. M\u0113s nesamazin\u0101sim j\u016bsu ties\u012bbas saska\u0146\u0101 ar Priv\u0101tuma politiku bez j\u016bsu nep\u0101rprotamas piekri\u0161anas. M\u0113s public\u0113sim pazi\u0146ojumu par jebkur\u0101m izmai\u0146\u0101m Priv\u0101tuma politik\u0101 \u0161aj\u0101 lap\u0101 un sniegsim detaliz\u0113t\u0101ku pazi\u0146ojumu par b\u016btisk\u0101m izmai\u0146\u0101m.<\/p>\n<p>&nbsp;<\/p>\n<p>SAZINIETIES; SAZINIETIES<\/p>\n<p>Jaut\u0101jumu gad\u012bjum\u0101 s\u016btiet e-pastu uz info@projekt.vombat.ee Papildus inform\u0101cija un kontakti atrodami \u0161eit!<\/p>\n","protected":false},"excerpt":{"rendered":"<p>Ecocruiser.eu e-veikalu p\u0101rvalda Gofain Marketing Agency O\u00dc. Galven\u0101 darb\u012bba ir mazumtirdzniec\u012bba ar interneta starpniec\u012bbu. \u0160\u012bs vietnes ecocruiser.eu m\u0113r\u0137is ir iepaz\u012bstin\u0101t un p\u0101rdot elektriskos transportl\u012bdzek\u013cus. M\u0113s apstr\u0101d\u0101jam personas datus saska\u0146\u0101 ar ES Visp\u0101r\u012bgo datu aizsardz\u012bbas regulu (VDAR, ES 2016\/679) un Igaunijas Republikas ties\u012bbu aktiem. M\u016bsu priv\u0101tuma politik\u0101 ir paskaidrots, k\u0101 un k\u0101p\u0113c m\u0113s apkopojam un apstr\u0101d\u0101jam personas datus. K\u0100DU PERSONAS DATU\u2026<\/p>\n","protected":false},"author":3,"featured_media":0,"parent":0,"menu_order":0,"comment_status":"closed","ping_status":"open","template":"","meta":{"footnotes":""},"class_list":["post-5094","page","type-page","status-publish","hentry"],"yoast_head":"<!-- This site is optimized with the Yoast SEO plugin v23.8 - https:\/\/yoast.com\/wordpress\/plugins\/seo\/ -->\n<title>Priv\u0101tuma politika - Ecocruiser<\/title>\n<meta name=\"robots\" content=\"noindex, follow, max-snippet:-1, max-image-preview:large, max-video-preview:-1\" \/>\n<meta property=\"og:locale\" content=\"en_GB\" \/>\n<meta property=\"og:type\" content=\"article\" \/>\n<meta property=\"og:title\" content=\"Priv\u0101tuma politika - Ecocruiser\" \/>\n<meta property=\"og:description\" content=\"Ecocruiser.eu e-veikalu p\u0101rvalda Gofain Marketing Agency O\u00dc. Galven\u0101 darb\u012bba ir mazumtirdzniec\u012bba ar interneta starpniec\u012bbu. \u0160\u012bs vietnes ecocruiser.eu m\u0113r\u0137is ir iepaz\u012bstin\u0101t un p\u0101rdot elektriskos transportl\u012bdzek\u013cus. M\u0113s apstr\u0101d\u0101jam personas datus saska\u0146\u0101 ar ES Visp\u0101r\u012bgo datu aizsardz\u012bbas regulu (VDAR, ES 2016\/679) un Igaunijas Republikas ties\u012bbu aktiem. M\u016bsu priv\u0101tuma politik\u0101 ir paskaidrots, k\u0101 un k\u0101p\u0113c m\u0113s apkopojam un apstr\u0101d\u0101jam personas datus. K\u0100DU PERSONAS DATU\u2026\" \/>\n<meta property=\"og:url\" content=\"https:\/\/projekt.vombat.ee\/eco\/lv\/privatuma-politika\/\" \/>\n<meta property=\"og:site_name\" content=\"Ecocruiser\" \/>\n<meta property=\"article:modified_time\" content=\"2023-07-09T16:03:36+00:00\" \/>\n<meta name=\"twitter:card\" content=\"summary_large_image\" \/>\n<meta name=\"twitter:label1\" content=\"Estimated reading time\" \/>\n\t<meta name=\"twitter:data1\" content=\"4 minutes\" \/>\n<script type=\"application\/ld+json\" class=\"yoast-schema-graph\">{\"@context\":\"https:\/\/schema.org\",\"@graph\":[{\"@type\":\"WebPage\",\"@id\":\"https:\/\/projekt.vombat.ee\/eco\/lv\/privatuma-politika\/\",\"url\":\"https:\/\/projekt.vombat.ee\/eco\/lv\/privatuma-politika\/\",\"name\":\"Priv\u0101tuma politika - Ecocruiser\",\"isPartOf\":{\"@id\":\"https:\/\/projekt.vombat.ee\/eco\/#website\"},\"datePublished\":\"2023-03-01T15:02:53+00:00\",\"dateModified\":\"2023-07-09T16:03:36+00:00\",\"breadcrumb\":{\"@id\":\"https:\/\/projekt.vombat.ee\/eco\/lv\/privatuma-politika\/#breadcrumb\"},\"inLanguage\":\"en-GB\",\"potentialAction\":[{\"@type\":\"ReadAction\",\"target\":[\"https:\/\/projekt.vombat.ee\/eco\/lv\/privatuma-politika\/\"]}]},{\"@type\":\"BreadcrumbList\",\"@id\":\"https:\/\/projekt.vombat.ee\/eco\/lv\/privatuma-politika\/#breadcrumb\",\"itemListElement\":[{\"@type\":\"ListItem\",\"position\":1,\"name\":\"Home\",\"item\":\"https:\/\/projekt.vombat.ee\/eco\/\"},{\"@type\":\"ListItem\",\"position\":2,\"name\":\"Priv\u0101tuma politika\"}]},{\"@type\":\"WebSite\",\"@id\":\"https:\/\/projekt.vombat.ee\/eco\/#website\",\"url\":\"https:\/\/projekt.vombat.ee\/eco\/\",\"name\":\"Ecocruiser\",\"description\":\"\",\"publisher\":{\"@id\":\"https:\/\/projekt.vombat.ee\/eco\/#organization\"},\"potentialAction\":[{\"@type\":\"SearchAction\",\"target\":{\"@type\":\"EntryPoint\",\"urlTemplate\":\"https:\/\/projekt.vombat.ee\/eco\/?s={search_term_string}\"},\"query-input\":{\"@type\":\"PropertyValueSpecification\",\"valueRequired\":true,\"valueName\":\"search_term_string\"}}],\"inLanguage\":\"en-GB\"},{\"@type\":\"Organization\",\"@id\":\"https:\/\/projekt.vombat.ee\/eco\/#organization\",\"name\":\"Ecocruiser\",\"url\":\"https:\/\/projekt.vombat.ee\/eco\/\",\"logo\":{\"@type\":\"ImageObject\",\"inLanguage\":\"en-GB\",\"@id\":\"https:\/\/projekt.vombat.ee\/eco\/#\/schema\/logo\/image\/\",\"url\":\"https:\/\/projekt.vombat.ee\/eco\/wp-content\/uploads\/2023\/03\/ECOCRUISER_5.png\",\"contentUrl\":\"https:\/\/projekt.vombat.ee\/eco\/wp-content\/uploads\/2023\/03\/ECOCRUISER_5.png\",\"width\":234,\"height\":91,\"caption\":\"Ecocruiser\"},\"image\":{\"@id\":\"https:\/\/projekt.vombat.ee\/eco\/#\/schema\/logo\/image\/\"}}]}<\/script>\n<!-- \/ Yoast SEO plugin. -->","yoast_head_json":{"title":"Priv\u0101tuma politika - Ecocruiser","robots":{"index":"noindex","follow":"follow","max-snippet":"max-snippet:-1","max-image-preview":"max-image-preview:large","max-video-preview":"max-video-preview:-1"},"og_locale":"en_GB","og_type":"article","og_title":"Priv\u0101tuma politika - Ecocruiser","og_description":"Ecocruiser.eu e-veikalu p\u0101rvalda Gofain Marketing Agency O\u00dc. Galven\u0101 darb\u012bba ir mazumtirdzniec\u012bba ar interneta starpniec\u012bbu. \u0160\u012bs vietnes ecocruiser.eu m\u0113r\u0137is ir iepaz\u012bstin\u0101t un p\u0101rdot elektriskos transportl\u012bdzek\u013cus. M\u0113s apstr\u0101d\u0101jam personas datus saska\u0146\u0101 ar ES Visp\u0101r\u012bgo datu aizsardz\u012bbas regulu (VDAR, ES 2016\/679) un Igaunijas Republikas ties\u012bbu aktiem. M\u016bsu priv\u0101tuma politik\u0101 ir paskaidrots, k\u0101 un k\u0101p\u0113c m\u0113s apkopojam un apstr\u0101d\u0101jam personas datus. K\u0100DU PERSONAS DATU\u2026","og_url":"https:\/\/projekt.vombat.ee\/eco\/lv\/privatuma-politika\/","og_site_name":"Ecocruiser","article_modified_time":"2023-07-09T16:03:36+00:00","twitter_card":"summary_large_image","twitter_misc":{"Estimated reading time":"4 minutes"},"schema":{"@context":"https:\/\/schema.org","@graph":[{"@type":"WebPage","@id":"https:\/\/projekt.vombat.ee\/eco\/lv\/privatuma-politika\/","url":"https:\/\/projekt.vombat.ee\/eco\/lv\/privatuma-politika\/","name":"Priv\u0101tuma politika - Ecocruiser","isPartOf":{"@id":"https:\/\/projekt.vombat.ee\/eco\/#website"},"datePublished":"2023-03-01T15:02:53+00:00","dateModified":"2023-07-09T16:03:36+00:00","breadcrumb":{"@id":"https:\/\/projekt.vombat.ee\/eco\/lv\/privatuma-politika\/#breadcrumb"},"inLanguage":"en-GB","potentialAction":[{"@type":"ReadAction","target":["https:\/\/projekt.vombat.ee\/eco\/lv\/privatuma-politika\/"]}]},{"@type":"BreadcrumbList","@id":"https:\/\/projekt.vombat.ee\/eco\/lv\/privatuma-politika\/#breadcrumb","itemListElement":[{"@type":"ListItem","position":1,"name":"Home","item":"https:\/\/projekt.vombat.ee\/eco\/"},{"@type":"ListItem","position":2,"name":"Priv\u0101tuma politika"}]},{"@type":"WebSite","@id":"https:\/\/projekt.vombat.ee\/eco\/#website","url":"https:\/\/projekt.vombat.ee\/eco\/","name":"Ecocruiser","description":"","publisher":{"@id":"https:\/\/projekt.vombat.ee\/eco\/#organization"},"potentialAction":[{"@type":"SearchAction","target":{"@type":"EntryPoint","urlTemplate":"https:\/\/projekt.vombat.ee\/eco\/?s={search_term_string}"},"query-input":{"@type":"PropertyValueSpecification","valueRequired":true,"valueName":"search_term_string"}}],"inLanguage":"en-GB"},{"@type":"Organization","@id":"https:\/\/projekt.vombat.ee\/eco\/#organization","name":"Ecocruiser","url":"https:\/\/projekt.vombat.ee\/eco\/","logo":{"@type":"ImageObject","inLanguage":"en-GB","@id":"https:\/\/projekt.vombat.ee\/eco\/#\/schema\/logo\/image\/","url":"https:\/\/projekt.vombat.ee\/eco\/wp-content\/uploads\/2023\/03\/ECOCRUISER_5.png","contentUrl":"https:\/\/projekt.vombat.ee\/eco\/wp-content\/uploads\/2023\/03\/ECOCRUISER_5.png","width":234,"height":91,"caption":"Ecocruiser"},"image":{"@id":"https:\/\/projekt.vombat.ee\/eco\/#\/schema\/logo\/image\/"}}]}},"lang":"lv","translations":{"lv":5094,"ru":5087,"et":3,"en":5092,"fi":7227,"fr":17133},"pll_sync_post":[],"_links":{"self":[{"href":"https:\/\/projekt.vombat.ee\/eco\/wp-json\/wp\/v2\/pages\/5094"}],"collection":[{"href":"https:\/\/projekt.vombat.ee\/eco\/wp-json\/wp\/v2\/pages"}],"about":[{"href":"https:\/\/projekt.vombat.ee\/eco\/wp-json\/wp\/v2\/types\/page"}],"author":[{"embeddable":true,"href":"https:\/\/projekt.vombat.ee\/eco\/wp-json\/wp\/v2\/users\/3"}],"replies":[{"embeddable":true,"href":"https:\/\/projekt.vombat.ee\/eco\/wp-json\/wp\/v2\/comments?post=5094"}],"version-history":[{"count":2,"href":"https:\/\/projekt.vombat.ee\/eco\/wp-json\/wp\/v2\/pages\/5094\/revisions"}],"predecessor-version":[{"id":10952,"href":"https:\/\/projekt.vombat.ee\/eco\/wp-json\/wp\/v2\/pages\/5094\/revisions\/10952"}],"wp:attachment":[{"href":"https:\/\/projekt.vombat.ee\/eco\/wp-json\/wp\/v2\/media?parent=5094"}],"curies":[{"name":"wp","href":"https:\/\/api.w.org\/{rel}","templated":true}]}}