{"id":5029,"date":"2021-09-16T15:36:22","date_gmt":"2021-09-16T15:36:22","guid":{"rendered":"https:\/\/sportie.novaworks.net\/?page_id=34"},"modified":"2023-04-07T11:51:39","modified_gmt":"2023-04-07T11:51:39","slug":"ecocruiser","status":"publish","type":"page","link":"https:\/\/projekt.vombat.ee\/eco\/fi\/ecocruiser\/","title":{"rendered":"Ecocruiser &#8211; Suomi"},"content":{"rendered":"\t\t<div data-elementor-type=\"wp-page\" data-elementor-id=\"5029\" class=\"elementor elementor-5029\" data-elementor-post-type=\"page\">\n\t\t\t\t\t\t<section class=\"elementor-section elementor-top-section elementor-element elementor-element-4a173e15 elementor-section-boxed elementor-section-height-default elementor-section-height-default\" data-id=\"4a173e15\" data-element_type=\"section\">\n\t\t\t\t\t\t<div class=\"elementor-container elementor-column-gap-default\">\n\t\t\t\t\t<div class=\"elementor-column elementor-col-100 elementor-top-column elementor-element elementor-element-7839af98\" data-id=\"7839af98\" data-element_type=\"column\">\n\t\t\t<div class=\"elementor-widget-wrap elementor-element-populated\">\n\t\t\t\t\t\t<div class=\"elementor-element elementor-element-46498dc elementor-arrows-position-inside elementor-pagination-position-outside elementor-widget elementor-widget-image-carousel\" data-id=\"46498dc\" data-element_type=\"widget\" data-settings=\"{&quot;slides_to_show&quot;:&quot;1&quot;,&quot;navigation&quot;:&quot;both&quot;,&quot;autoplay&quot;:&quot;yes&quot;,&quot;pause_on_hover&quot;:&quot;yes&quot;,&quot;pause_on_interaction&quot;:&quot;yes&quot;,&quot;autoplay_speed&quot;:5000,&quot;infinite&quot;:&quot;yes&quot;,&quot;effect&quot;:&quot;slide&quot;,&quot;speed&quot;:500}\" data-widget_type=\"image-carousel.default\">\n\t\t\t\t<div class=\"elementor-widget-container\">\n\t\t\t\t\t<div class=\"elementor-image-carousel-wrapper swiper\" dir=\"ltr\">\n\t\t\t<div class=\"elementor-image-carousel swiper-wrapper swiper-image-stretch\" aria-live=\"off\">\n\t\t\t\t\t\t\t\t<div class=\"swiper-slide\" role=\"group\" aria-roledescription=\"slide\" aria-label=\"1 of 2\"><figure class=\"swiper-slide-inner\"><img decoding=\"async\" class=\"swiper-slide-image\" src=\"https:\/\/projekt.vombat.ee\/eco\/wp-content\/uploads\/2021\/09\/Untitled-design-2023-04-06T133115.348.png\" alt=\"Untitled design - 2023-04-06T133115.348\" \/><\/figure><\/div><div class=\"swiper-slide\" role=\"group\" aria-roledescription=\"slide\" aria-label=\"2 of 2\"><figure class=\"swiper-slide-inner\"><img decoding=\"async\" class=\"swiper-slide-image\" src=\"https:\/\/projekt.vombat.ee\/eco\/wp-content\/uploads\/2021\/09\/Untitled-design-2023-04-06T133547.310.png\" alt=\"Untitled design - 2023-04-06T133547.310\" \/><\/figure><\/div>\t\t\t<\/div>\n\t\t\t\t\t\t\t\t\t\t\t\t<div class=\"elementor-swiper-button elementor-swiper-button-prev\" role=\"button\" tabindex=\"0\">\n\t\t\t\t\t\t<i aria-hidden=\"true\" class=\"eicon-chevron-left\"><\/i>\t\t\t\t\t<\/div>\n\t\t\t\t\t<div class=\"elementor-swiper-button elementor-swiper-button-next\" role=\"button\" tabindex=\"0\">\n\t\t\t\t\t\t<i aria-hidden=\"true\" class=\"eicon-chevron-right\"><\/i>\t\t\t\t\t<\/div>\n\t\t\t\t\n\t\t\t\t\t\t\t\t\t<div class=\"swiper-pagination\"><\/div>\n\t\t\t\t\t\t\t\t\t<\/div>\n\t\t\t\t<\/div>\n\t\t\t\t<\/div>\n\t\t\t\t\t<\/div>\n\t\t<\/div>\n\t\t\t\t\t<\/div>\n\t\t<\/section>\n\t\t\t\t<section class=\"elementor-section elementor-top-section elementor-element elementor-element-1052d383 elementor-section-boxed elementor-section-height-default elementor-section-height-default\" data-id=\"1052d383\" data-element_type=\"section\">\n\t\t\t\t\t\t<div class=\"elementor-container elementor-column-gap-default\">\n\t\t\t\t\t<div class=\"elementor-column elementor-col-33 elementor-top-column elementor-element elementor-element-c8ff3b6\" data-id=\"c8ff3b6\" data-element_type=\"column\">\n\t\t\t<div class=\"elementor-widget-wrap\">\n\t\t\t\t\t\t\t<\/div>\n\t\t<\/div>\n\t\t\t\t<div class=\"elementor-column elementor-col-33 elementor-top-column elementor-element elementor-element-cb7dacc\" data-id=\"cb7dacc\" data-element_type=\"column\">\n\t\t\t<div class=\"elementor-widget-wrap\">\n\t\t\t\t\t\t\t<\/div>\n\t\t<\/div>\n\t\t\t\t<div class=\"elementor-column elementor-col-33 elementor-top-column elementor-element elementor-element-2ffb7fec\" data-id=\"2ffb7fec\" data-element_type=\"column\">\n\t\t\t<div class=\"elementor-widget-wrap\">\n\t\t\t\t\t\t\t<\/div>\n\t\t<\/div>\n\t\t\t\t\t<\/div>\n\t\t<\/section>\n\t\t\t\t<section class=\"elementor-section elementor-top-section elementor-element elementor-element-5ff45dc elementor-section-boxed elementor-section-height-default elementor-section-height-default\" data-id=\"5ff45dc\" data-element_type=\"section\">\n\t\t\t\t\t\t<div class=\"elementor-container elementor-column-gap-default\">\n\t\t\t\t\t<div class=\"elementor-column elementor-col-100 elementor-top-column elementor-element elementor-element-c9b1abb\" data-id=\"c9b1abb\" data-element_type=\"column\">\n\t\t\t<div class=\"elementor-widget-wrap elementor-element-populated\">\n\t\t\t\t\t\t<div class=\"elementor-element elementor-element-6437c4a elementor-widget elementor-widget-spacer\" data-id=\"6437c4a\" data-element_type=\"widget\" data-widget_type=\"spacer.default\">\n\t\t\t\t<div class=\"elementor-widget-container\">\n\t\t\t\t\t<div class=\"elementor-spacer\">\n\t\t\t<div class=\"elementor-spacer-inner\"><\/div>\n\t\t<\/div>\n\t\t\t\t<\/div>\n\t\t\t\t<\/div>\n\t\t\t\t\t<\/div>\n\t\t<\/div>\n\t\t\t\t\t<\/div>\n\t\t<\/section>\n\t\t\t\t<section class=\"elementor-section elementor-top-section elementor-element elementor-element-68c9b37 elementor-section-boxed elementor-section-height-default elementor-section-height-default\" data-id=\"68c9b37\" data-element_type=\"section\">\n\t\t\t\t\t\t<div class=\"elementor-container elementor-column-gap-default\">\n\t\t\t\t\t<div class=\"elementor-column elementor-col-100 elementor-top-column elementor-element elementor-element-21fefdf\" data-id=\"21fefdf\" data-element_type=\"column\">\n\t\t\t<div class=\"elementor-widget-wrap\">\n\t\t\t\t\t\t\t<\/div>\n\t\t<\/div>\n\t\t\t\t\t<\/div>\n\t\t<\/section>\n\t\t\t\t<section class=\"elementor-section elementor-top-section elementor-element elementor-element-c4873e2 elementor-section-boxed elementor-section-height-default elementor-section-height-default\" data-id=\"c4873e2\" data-element_type=\"section\">\n\t\t\t\t\t\t<div class=\"elementor-container elementor-column-gap-default\">\n\t\t\t\t\t<div class=\"elementor-column elementor-col-100 elementor-top-column elementor-element elementor-element-2e020e1 elementor-invisible\" data-id=\"2e020e1\" data-element_type=\"column\" data-settings=\"{&quot;animation&quot;:&quot;fadeInUp&quot;,&quot;animation_delay&quot;:700}\">\n\t\t\t<div class=\"elementor-widget-wrap elementor-element-populated\">\n\t\t\t\t\t\t<div class=\"elementor-element elementor-element-1042eb2 elementor-position-top elementor-widget elementor-widget-image-box\" data-id=\"1042eb2\" data-element_type=\"widget\" data-widget_type=\"image-box.default\">\n\t\t\t\t<div class=\"elementor-widget-container\">\n\t\t\t<div class=\"elementor-image-box-wrapper\"><figure class=\"elementor-image-box-img\"><a href=\"https:\/\/projekt.vombat.ee\/eco\/2023\/02\/25\/miks-osta-elektrijalgratas-huved-ja-eelised\/\" tabindex=\"-1\"><img fetchpriority=\"high\" decoding=\"async\" width=\"1200\" height=\"628\" src=\"https:\/\/projekt.vombat.ee\/eco\/wp-content\/uploads\/2021\/11\/why-ride-an-electric-bikeheader.jpg\" class=\"elementor-animation-wobble-vertical attachment-full size-full wp-image-2633\" alt=\"\" srcset=\"https:\/\/projekt.vombat.ee\/eco\/wp-content\/uploads\/2021\/11\/why-ride-an-electric-bikeheader.jpg 1200w, https:\/\/projekt.vombat.ee\/eco\/wp-content\/uploads\/2021\/11\/why-ride-an-electric-bikeheader-500x262.jpg 500w, https:\/\/projekt.vombat.ee\/eco\/wp-content\/uploads\/2021\/11\/why-ride-an-electric-bikeheader-800x419.jpg 800w, https:\/\/projekt.vombat.ee\/eco\/wp-content\/uploads\/2021\/11\/why-ride-an-electric-bikeheader-300x157.jpg 300w, https:\/\/projekt.vombat.ee\/eco\/wp-content\/uploads\/2021\/11\/why-ride-an-electric-bikeheader-1024x536.jpg 1024w, https:\/\/projekt.vombat.ee\/eco\/wp-content\/uploads\/2021\/11\/why-ride-an-electric-bikeheader-768x402.jpg 768w, https:\/\/projekt.vombat.ee\/eco\/wp-content\/uploads\/2021\/11\/why-ride-an-electric-bikeheader-760x398.jpg 760w, https:\/\/projekt.vombat.ee\/eco\/wp-content\/uploads\/2021\/11\/why-ride-an-electric-bikeheader-370x194.jpg 370w\" sizes=\"(max-width: 1200px) 100vw, 1200px\" \/><\/a><\/figure><div class=\"elementor-image-box-content\"><h3 class=\"elementor-image-box-title\"><a href=\"https:\/\/projekt.vombat.ee\/eco\/2023\/02\/25\/miks-osta-elektrijalgratas-huved-ja-eelised\/\">Miksi ostaa s\u00e4hk\u00f6py\u00f6r\u00e4?<\/a><\/h3><\/div><\/div>\t\t<\/div>\n\t\t\t\t<\/div>\n\t\t\t\t<div class=\"elementor-element elementor-element-4d8402e elementor-widget__width-initial elementor-absolute elementor-widget elementor-widget-heading\" data-id=\"4d8402e\" data-element_type=\"widget\" data-settings=\"{&quot;_position&quot;:&quot;absolute&quot;}\" data-widget_type=\"heading.default\">\n\t\t\t\t<div class=\"elementor-widget-container\">\n\t\t\t<h2 class=\"elementor-heading-title elementor-size-default\"><a href=\"https:\/\/projekt.vombat.ee\/eco\/2023\/02\/25\/miks-osta-elektrijalgratas-huved-ja-eelised\/\">LOE L\u00c4HEMALT<\/a><\/h2>\t\t<\/div>\n\t\t\t\t<\/div>\n\t\t\t\t<div class=\"elementor-element elementor-element-a81065e elementor-icon-list--layout-inline elementor-align-center elementor-list-item-link-full_width elementor-widget elementor-widget-icon-list\" data-id=\"a81065e\" data-element_type=\"widget\" data-widget_type=\"icon-list.default\">\n\t\t\t\t<div class=\"elementor-widget-container\">\n\t\t\t\t\t<ul class=\"elementor-icon-list-items elementor-inline-items\">\n\t\t\t\t\t\t\t<li class=\"elementor-icon-list-item elementor-inline-item\">\n\t\t\t\t\t\t\t\t\t\t\t<span class=\"elementor-icon-list-icon\">\n\t\t\t\t\t\t\t<i aria-hidden=\"true\" class=\"novaicon ui-1_calendar-grid-58\"><\/i>\t\t\t\t\t\t<\/span>\n\t\t\t\t\t\t\t\t\t\t<span class=\"elementor-icon-list-text\">25 veebruar<\/span>\n\t\t\t\t\t\t\t\t\t<\/li>\n\t\t\t\t\t\t\t\t<li class=\"elementor-icon-list-item elementor-inline-item\">\n\t\t\t\t\t\t\t\t\t\t\t<span class=\"elementor-icon-list-icon\">\n\t\t\t\t\t\t\t<i aria-hidden=\"true\" class=\"novaicon location_map-pin\"><\/i>\t\t\t\t\t\t<\/span>\n\t\t\t\t\t\t\t\t\t\t<span class=\"elementor-icon-list-text\">ECOCRUISER.EU<\/span>\n\t\t\t\t\t\t\t\t\t<\/li>\n\t\t\t\t\t\t<\/ul>\n\t\t\t\t<\/div>\n\t\t\t\t<\/div>\n\t\t\t\t\t<\/div>\n\t\t<\/div>\n\t\t\t\t\t<\/div>\n\t\t<\/section>\n\t\t\t\t<section class=\"elementor-section elementor-top-section elementor-element elementor-element-f725df7 elementor-section-full_width elementor-section-height-default elementor-section-height-default\" data-id=\"f725df7\" data-element_type=\"section\" data-settings=\"{&quot;background_background&quot;:&quot;classic&quot;}\">\n\t\t\t\t\t\t<div class=\"elementor-container elementor-column-gap-default\">\n\t\t\t\t\t<div class=\"elementor-column elementor-col-100 elementor-top-column elementor-element elementor-element-8d4cc9e\" data-id=\"8d4cc9e\" data-element_type=\"column\">\n\t\t\t<div class=\"elementor-widget-wrap elementor-element-populated\">\n\t\t\t\t\t\t<div class=\"elementor-element elementor-element-fd86f08 elementor-widget elementor-widget-heading\" data-id=\"fd86f08\" data-element_type=\"widget\" data-widget_type=\"heading.default\">\n\t\t\t\t<div class=\"elementor-widget-container\">\n\t\t\t<h2 class=\"elementor-heading-title elementor-size-default\">RISTEILY ON SIISTI\u00c4. ALOITA RISTEILY KANSSAMME<\/h2>\t\t<\/div>\n\t\t\t\t<\/div>\n\t\t\t\t\t<\/div>\n\t\t<\/div>\n\t\t\t\t\t<\/div>\n\t\t<\/section>\n\t\t\t\t<\/div>\n\t\t","protected":false},"excerpt":{"rendered":"<p>Previous Next S\u00c4HK\u00d6PY\u00d6R\u00c4T KATSO S\u00c4HK\u00d6POTKULAUDAT KATSO VARAOSAT KATSO SUOSITUT TUOTTEET Blogin kautta tuomme sinulle uutta ja mielenkiintoista tietoa Miksi ostaa s\u00e4hk\u00f6py\u00f6r\u00e4? LOE L\u00c4HEMALT 25 veebruar ECOCRUISER.EU RISTEILY ON SIISTI\u00c4. ALOITA RISTEILY KANSSAMME<\/p>\n","protected":false},"author":1,"featured_media":13323,"parent":0,"menu_order":0,"comment_status":"closed","ping_status":"closed","template":"","meta":{"footnotes":""},"class_list":["post-5029","page","type-page","status-publish","has-post-thumbnail","hentry"],"yoast_head":"<!-- This site is optimized with the Yoast SEO plugin v23.8 - https:\/\/yoast.com\/wordpress\/plugins\/seo\/ -->\n<title>Ecocruiser - Suomi - Ecocruiser<\/title>\n<meta name=\"description\" content=\"Ecocruiser pakub sulle keskkonnas\u00f5bralikke elektrirattaid, elektrit\u00f5ukerattaid ja teisi s\u00f5iduvahendeid. Meie tooted on taskukohased ja sobivad suurep\u00e4raselt t\u00f6\u00f6le s\u00f5itmiseks, asjaajamiseks v\u00f5i rahulikuks s\u00f5itmiseks. Meie asjatundlik meeskond aitab sul leida just sinu vajadustele sobiva s\u00f5iduvahendi . Kvaliteet, ohutus ja j\u00f5udlus on meie peamised prioriteedid.\" \/>\n<meta name=\"robots\" content=\"noindex, follow, max-snippet:-1, max-image-preview:large, max-video-preview:-1\" \/>\n<meta property=\"og:locale\" content=\"en_GB\" \/>\n<meta property=\"og:type\" content=\"article\" \/>\n<meta property=\"og:title\" content=\"Ecocruiser - Suomi - Ecocruiser\" \/>\n<meta property=\"og:description\" content=\"Ecocruiser pakub sulle keskkonnas\u00f5bralikke elektrirattaid, elektrit\u00f5ukerattaid ja teisi s\u00f5iduvahendeid. Meie tooted on taskukohased ja sobivad suurep\u00e4raselt t\u00f6\u00f6le s\u00f5itmiseks, asjaajamiseks v\u00f5i rahulikuks s\u00f5itmiseks. Meie asjatundlik meeskond aitab sul leida just sinu vajadustele sobiva s\u00f5iduvahendi . Kvaliteet, ohutus ja j\u00f5udlus on meie peamised prioriteedid.\" \/>\n<meta property=\"og:url\" content=\"https:\/\/projekt.vombat.ee\/eco\/fi\/ecocruiser\/\" \/>\n<meta property=\"og:site_name\" content=\"Ecocruiser\" \/>\n<meta property=\"article:modified_time\" content=\"2023-04-07T11:51:39+00:00\" \/>\n<meta property=\"og:image\" content=\"https:\/\/projekt.vombat.ee\/eco\/wp-content\/uploads\/2021\/09\/Untitled-design-2023-04-06T133115.348.png\" \/>\n<meta name=\"twitter:card\" content=\"summary_large_image\" \/>\n<meta name=\"twitter:label1\" content=\"Estimated reading time\" \/>\n\t<meta name=\"twitter:data1\" content=\"3 minutes\" \/>\n<script type=\"application\/ld+json\" class=\"yoast-schema-graph\">{\"@context\":\"https:\/\/schema.org\",\"@graph\":[{\"@type\":\"WebPage\",\"@id\":\"https:\/\/projekt.vombat.ee\/eco\/fi\/ecocruiser\/\",\"url\":\"https:\/\/projekt.vombat.ee\/eco\/fi\/ecocruiser\/\",\"name\":\"Ecocruiser - Suomi - Ecocruiser\",\"isPartOf\":{\"@id\":\"https:\/\/projekt.vombat.ee\/eco\/#website\"},\"primaryImageOfPage\":{\"@id\":\"https:\/\/projekt.vombat.ee\/eco\/fi\/ecocruiser\/#primaryimage\"},\"image\":{\"@id\":\"https:\/\/projekt.vombat.ee\/eco\/fi\/ecocruiser\/#primaryimage\"},\"thumbnailUrl\":\"https:\/\/projekt.vombat.ee\/eco\/wp-content\/uploads\/2024\/01\/Untitled-design-17.png\",\"datePublished\":\"2021-09-16T15:36:22+00:00\",\"dateModified\":\"2023-04-07T11:51:39+00:00\",\"description\":\"Ecocruiser pakub sulle keskkonnas\u00f5bralikke elektrirattaid, elektrit\u00f5ukerattaid ja teisi s\u00f5iduvahendeid. Meie tooted on taskukohased ja sobivad suurep\u00e4raselt t\u00f6\u00f6le s\u00f5itmiseks, asjaajamiseks v\u00f5i rahulikuks s\u00f5itmiseks. Meie asjatundlik meeskond aitab sul leida just sinu vajadustele sobiva s\u00f5iduvahendi . Kvaliteet, ohutus ja j\u00f5udlus on meie peamised prioriteedid.\",\"breadcrumb\":{\"@id\":\"https:\/\/projekt.vombat.ee\/eco\/fi\/ecocruiser\/#breadcrumb\"},\"inLanguage\":\"en-GB\",\"potentialAction\":[{\"@type\":\"ReadAction\",\"target\":[\"https:\/\/projekt.vombat.ee\/eco\/fi\/ecocruiser\/\"]}]},{\"@type\":\"ImageObject\",\"inLanguage\":\"en-GB\",\"@id\":\"https:\/\/projekt.vombat.ee\/eco\/fi\/ecocruiser\/#primaryimage\",\"url\":\"https:\/\/projekt.vombat.ee\/eco\/wp-content\/uploads\/2024\/01\/Untitled-design-17.png\",\"contentUrl\":\"https:\/\/projekt.vombat.ee\/eco\/wp-content\/uploads\/2024\/01\/Untitled-design-17.png\",\"width\":1000,\"height\":1000,\"caption\":\"Ecocruiser\"},{\"@type\":\"BreadcrumbList\",\"@id\":\"https:\/\/projekt.vombat.ee\/eco\/fi\/ecocruiser\/#breadcrumb\",\"itemListElement\":[{\"@type\":\"ListItem\",\"position\":1,\"name\":\"Home\",\"item\":\"https:\/\/projekt.vombat.ee\/eco\/\"},{\"@type\":\"ListItem\",\"position\":2,\"name\":\"Ecocruiser &#8211; Suomi\"}]},{\"@type\":\"WebSite\",\"@id\":\"https:\/\/projekt.vombat.ee\/eco\/#website\",\"url\":\"https:\/\/projekt.vombat.ee\/eco\/\",\"name\":\"Ecocruiser\",\"description\":\"\",\"publisher\":{\"@id\":\"https:\/\/projekt.vombat.ee\/eco\/#organization\"},\"potentialAction\":[{\"@type\":\"SearchAction\",\"target\":{\"@type\":\"EntryPoint\",\"urlTemplate\":\"https:\/\/projekt.vombat.ee\/eco\/?s={search_term_string}\"},\"query-input\":{\"@type\":\"PropertyValueSpecification\",\"valueRequired\":true,\"valueName\":\"search_term_string\"}}],\"inLanguage\":\"en-GB\"},{\"@type\":\"Organization\",\"@id\":\"https:\/\/projekt.vombat.ee\/eco\/#organization\",\"name\":\"Ecocruiser\",\"url\":\"https:\/\/projekt.vombat.ee\/eco\/\",\"logo\":{\"@type\":\"ImageObject\",\"inLanguage\":\"en-GB\",\"@id\":\"https:\/\/projekt.vombat.ee\/eco\/#\/schema\/logo\/image\/\",\"url\":\"https:\/\/projekt.vombat.ee\/eco\/wp-content\/uploads\/2023\/03\/ECOCRUISER_5.png\",\"contentUrl\":\"https:\/\/projekt.vombat.ee\/eco\/wp-content\/uploads\/2023\/03\/ECOCRUISER_5.png\",\"width\":234,\"height\":91,\"caption\":\"Ecocruiser\"},\"image\":{\"@id\":\"https:\/\/projekt.vombat.ee\/eco\/#\/schema\/logo\/image\/\"}}]}<\/script>\n<!-- \/ Yoast SEO plugin. -->","yoast_head_json":{"title":"Ecocruiser - Suomi - Ecocruiser","description":"Ecocruiser pakub sulle keskkonnas\u00f5bralikke elektrirattaid, elektrit\u00f5ukerattaid ja teisi s\u00f5iduvahendeid. Meie tooted on taskukohased ja sobivad suurep\u00e4raselt t\u00f6\u00f6le s\u00f5itmiseks, asjaajamiseks v\u00f5i rahulikuks s\u00f5itmiseks. Meie asjatundlik meeskond aitab sul leida just sinu vajadustele sobiva s\u00f5iduvahendi . Kvaliteet, ohutus ja j\u00f5udlus on meie peamised prioriteedid.","robots":{"index":"noindex","follow":"follow","max-snippet":"max-snippet:-1","max-image-preview":"max-image-preview:large","max-video-preview":"max-video-preview:-1"},"og_locale":"en_GB","og_type":"article","og_title":"Ecocruiser - Suomi - Ecocruiser","og_description":"Ecocruiser pakub sulle keskkonnas\u00f5bralikke elektrirattaid, elektrit\u00f5ukerattaid ja teisi s\u00f5iduvahendeid. Meie tooted on taskukohased ja sobivad suurep\u00e4raselt t\u00f6\u00f6le s\u00f5itmiseks, asjaajamiseks v\u00f5i rahulikuks s\u00f5itmiseks. Meie asjatundlik meeskond aitab sul leida just sinu vajadustele sobiva s\u00f5iduvahendi . Kvaliteet, ohutus ja j\u00f5udlus on meie peamised prioriteedid.","og_url":"https:\/\/projekt.vombat.ee\/eco\/fi\/ecocruiser\/","og_site_name":"Ecocruiser","article_modified_time":"2023-04-07T11:51:39+00:00","og_image":[{"url":"https:\/\/projekt.vombat.ee\/eco\/wp-content\/uploads\/2021\/09\/Untitled-design-2023-04-06T133115.348.png"}],"twitter_card":"summary_large_image","twitter_misc":{"Estimated reading time":"3 minutes"},"schema":{"@context":"https:\/\/schema.org","@graph":[{"@type":"WebPage","@id":"https:\/\/projekt.vombat.ee\/eco\/fi\/ecocruiser\/","url":"https:\/\/projekt.vombat.ee\/eco\/fi\/ecocruiser\/","name":"Ecocruiser - Suomi - Ecocruiser","isPartOf":{"@id":"https:\/\/projekt.vombat.ee\/eco\/#website"},"primaryImageOfPage":{"@id":"https:\/\/projekt.vombat.ee\/eco\/fi\/ecocruiser\/#primaryimage"},"image":{"@id":"https:\/\/projekt.vombat.ee\/eco\/fi\/ecocruiser\/#primaryimage"},"thumbnailUrl":"https:\/\/projekt.vombat.ee\/eco\/wp-content\/uploads\/2024\/01\/Untitled-design-17.png","datePublished":"2021-09-16T15:36:22+00:00","dateModified":"2023-04-07T11:51:39+00:00","description":"Ecocruiser pakub sulle keskkonnas\u00f5bralikke elektrirattaid, elektrit\u00f5ukerattaid ja teisi s\u00f5iduvahendeid. Meie tooted on taskukohased ja sobivad suurep\u00e4raselt t\u00f6\u00f6le s\u00f5itmiseks, asjaajamiseks v\u00f5i rahulikuks s\u00f5itmiseks. Meie asjatundlik meeskond aitab sul leida just sinu vajadustele sobiva s\u00f5iduvahendi . Kvaliteet, ohutus ja j\u00f5udlus on meie peamised prioriteedid.","breadcrumb":{"@id":"https:\/\/projekt.vombat.ee\/eco\/fi\/ecocruiser\/#breadcrumb"},"inLanguage":"en-GB","potentialAction":[{"@type":"ReadAction","target":["https:\/\/projekt.vombat.ee\/eco\/fi\/ecocruiser\/"]}]},{"@type":"ImageObject","inLanguage":"en-GB","@id":"https:\/\/projekt.vombat.ee\/eco\/fi\/ecocruiser\/#primaryimage","url":"https:\/\/projekt.vombat.ee\/eco\/wp-content\/uploads\/2024\/01\/Untitled-design-17.png","contentUrl":"https:\/\/projekt.vombat.ee\/eco\/wp-content\/uploads\/2024\/01\/Untitled-design-17.png","width":1000,"height":1000,"caption":"Ecocruiser"},{"@type":"BreadcrumbList","@id":"https:\/\/projekt.vombat.ee\/eco\/fi\/ecocruiser\/#breadcrumb","itemListElement":[{"@type":"ListItem","position":1,"name":"Home","item":"https:\/\/projekt.vombat.ee\/eco\/"},{"@type":"ListItem","position":2,"name":"Ecocruiser &#8211; Suomi"}]},{"@type":"WebSite","@id":"https:\/\/projekt.vombat.ee\/eco\/#website","url":"https:\/\/projekt.vombat.ee\/eco\/","name":"Ecocruiser","description":"","publisher":{"@id":"https:\/\/projekt.vombat.ee\/eco\/#organization"},"potentialAction":[{"@type":"SearchAction","target":{"@type":"EntryPoint","urlTemplate":"https:\/\/projekt.vombat.ee\/eco\/?s={search_term_string}"},"query-input":{"@type":"PropertyValueSpecification","valueRequired":true,"valueName":"search_term_string"}}],"inLanguage":"en-GB"},{"@type":"Organization","@id":"https:\/\/projekt.vombat.ee\/eco\/#organization","name":"Ecocruiser","url":"https:\/\/projekt.vombat.ee\/eco\/","logo":{"@type":"ImageObject","inLanguage":"en-GB","@id":"https:\/\/projekt.vombat.ee\/eco\/#\/schema\/logo\/image\/","url":"https:\/\/projekt.vombat.ee\/eco\/wp-content\/uploads\/2023\/03\/ECOCRUISER_5.png","contentUrl":"https:\/\/projekt.vombat.ee\/eco\/wp-content\/uploads\/2023\/03\/ECOCRUISER_5.png","width":234,"height":91,"caption":"Ecocruiser"},"image":{"@id":"https:\/\/projekt.vombat.ee\/eco\/#\/schema\/logo\/image\/"}}]}},"lang":"fi","translations":{"fi":5029,"et":34,"ru":5027,"lv":5030,"lt":5031,"en":16287,"fr":16808},"pll_sync_post":[],"_links":{"self":[{"href":"https:\/\/projekt.vombat.ee\/eco\/wp-json\/wp\/v2\/pages\/5029"}],"collection":[{"href":"https:\/\/projekt.vombat.ee\/eco\/wp-json\/wp\/v2\/pages"}],"about":[{"href":"https:\/\/projekt.vombat.ee\/eco\/wp-json\/wp\/v2\/types\/page"}],"author":[{"embeddable":true,"href":"https:\/\/projekt.vombat.ee\/eco\/wp-json\/wp\/v2\/users\/1"}],"replies":[{"embeddable":true,"href":"https:\/\/projekt.vombat.ee\/eco\/wp-json\/wp\/v2\/comments?post=5029"}],"version-history":[{"count":9,"href":"https:\/\/projekt.vombat.ee\/eco\/wp-json\/wp\/v2\/pages\/5029\/revisions"}],"predecessor-version":[{"id":8552,"href":"https:\/\/projekt.vombat.ee\/eco\/wp-json\/wp\/v2\/pages\/5029\/revisions\/8552"}],"wp:featuredmedia":[{"embeddable":true,"href":"https:\/\/projekt.vombat.ee\/eco\/wp-json\/wp\/v2\/media\/13323"}],"wp:attachment":[{"href":"https:\/\/projekt.vombat.ee\/eco\/wp-json\/wp\/v2\/media?parent=5029"}],"curies":[{"name":"wp","href":"https:\/\/api.w.org\/{rel}","templated":true}]}}