{"id":3,"date":"2023-02-20T12:15:02","date_gmt":"2023-02-20T12:15:02","guid":{"rendered":"https:\/\/projekt.vombat.ee\/eco\/?page_id=3"},"modified":"2023-09-29T08:12:31","modified_gmt":"2023-09-29T08:12:31","slug":"privaatsuspoliitika","status":"publish","type":"page","link":"https:\/\/projekt.vombat.ee\/eco\/privaatsuspoliitika\/","title":{"rendered":"Privaatsuspoliitika"},"content":{"rendered":"<p>Ecocruiser.eu e-poodi haldab SW Kah O\u00dc. P\u00f5hitegevusalaks jaem\u00fc\u00fck interneti teel. K\u00e4esoleva veebisaidi ecocruiser.eu eesm\u00e4rk on tutvustada ja m\u00fc\u00fca elektri s\u00f5iduvahendeid.<\/p>\r\n<p>Me t\u00f6\u00f6tleme isikuandmeid vastavuses EU Isikuandmete kaitse \u00fcldm\u00e4\u00e4rusega (GDPR, EU 2016\/679) ja Eesti Vabariigi seadustega. Meie privaatsuspoliitika selgitab kuidas ja miks me isikuandmeid kogume ja t\u00f6\u00f6tleme.<\/p>\r\n<h2 class=\"wp-block-heading\">MILLISEID ISIKUANDMEID ME KOGUME?<\/h2>\r\n<p>Kodulehte ecocruiser.eu k\u00fclastades teie isikuandmeid ei koguta. Teil on v\u00f5imalus esitada isikuandmeid vabatahtlikult meililistiga liitumisel v\u00f5i tellimust sooritades. Teilt k\u00fcsitakse:<\/p>\r\n<ul>\r\n<li>nime<\/li>\r\n<li>e-posti aadressi<\/li>\r\n<li>telefoninumber<\/li>\r\n<\/ul>\r\n<h2>MIKS ME ISIKUANDMEID KOGUME?<\/h2>\r\n<p>Me kogume ja t\u00f6\u00f6tleme isikuandmeid j\u00e4rgmistel eesm\u00e4rkidel:<\/p>\r\n<ul>\r\n<li>et saata Teie k\u00fcsimustele vastuseid.<\/li>\r\n<li>et saata uudiskirju<\/li>\r\n<li>et t\u00e4ita tellimusi, mis olete meile esitanud<\/li>\r\n<\/ul>\r\n<h2>ANDMETE EDASTAMINE V\u00c4LJASPOOL ELi<\/h2>\r\n<p>SW Kah O\u00dc ei edasta kliendi andmeid v\u00e4ljapoole Euroopa (EU) Majanduspiirkonda. Me k\u00e4sitleme teie isikuandmeid konfidentsiaalsetena ja ei edasta neid teistele isikutele. Ettev\u00f5te edastab makseid puudutava info andmete t\u00f6\u00f6tlemiseks volitatud (jur) isikule Maksekeskus AS.<br \/><br \/><\/p>\r\n<h2>ISIKUANDMETE EDASTAMINE V\u00c4LJASPOOL ELi<\/h2>\r\n<p>Me ei edasta teie isikuandmeid v\u00e4ljaspoole Euroopa Liitu v\u00f5i Euroopa Majanduspiirkonda (EMP).<br \/><br \/><\/p>\r\n<h2>ANDMETE TURVALISUS<\/h2>\r\n<p>Me to\u0308o\u0308tame selle nimel, et kaitsta teie andmeid volitamata juurdepa\u0308a\u0308su eest vo\u0303i selle volitamata muutmise, avalikustamise vo\u0303i rikkumise eest.<\/p>\r\n<p>Andmete turvalisuse tagamiseks teeme j\u00e4rgmist:<\/p>\r\n<ul>\r\n<li>K\u00e4sitleme k\u00f5iki isikuandmeid konfidentsiaalsetena.<\/li>\r\n<li>Kasutame ainult kru\u0308pteerime teenuseid, kasutades SSL-i.<\/li>\r\n<li>Piirame juurdepa\u0308a\u0308su isikuandmetele, andes ligip\u00e4\u00e4su ainult neile to\u0308o\u0308tajatele ja lepinguosalistele, kellel on seda teavet vaja selle to\u0308o\u0308tlemiseks, ning kellele kehtivad ranged lepingulised konfidentsiaalsusega seotud kohustused ja keda vo\u0303ib karistada vo\u0303i nendega lepingu lo\u0303petada, kui nad ei ta\u0308ida neid kohustusi.<\/li>\r\n<li>Hoiame isikuandmeid peamiselt digitaalsel kujul ja mitte paberkandjal, et tagada turvalisem ligip\u00e4\u00e4sukontrolli teostamine.<\/li>\r\n<li>Isikuandmete hoidla on kaitstud vajalike IT tehniliste ja organisatoorsete kaitsemeetmetega.<\/li>\r\n<\/ul>\r\n<p>Kuigi me kasutame rangeid turvalisuse reegleid nende isikuandmete kohta, mis on meie keskkonda j\u00f5udnud, tuleb m\u00e4rkida, et internet ei ole kunagi t\u00e4iesti turvaline ja me ei saa garanteerida teie poolt saadetud andmete turvalist edastust meieni. \u00a0Andmete saatmise turvalisus on alati teie enda risk.<br \/><br \/><\/p>\r\n<h2>MILLISED \u00d5IGUSED TEIL ON NING KUIDAS NEID TEOSTADA?<\/h2>\r\n<p>Kui te olete avaldanud n\u00f5usoleku oma isikuandmete teatud viisil kogumiseks, t\u00f6\u00f6tlemiseks ja kasutamiseks, v\u00f5ite selle n\u00f5usoleku tulevikus igal ajal tagasi v\u00f5tta.<\/p>\r\n<p>Koosk\u00f5las kohalduvate andmekaitset k\u00e4sitlevate \u00f5igusaktidega on teil \u00f5igus:<\/p>\r\n<ul>\r\n<li>Taotleda juurdep\u00e4\u00e4su oma isikuandmetele.<\/li>\r\n<li>Taotleda oma isikuandmete parandamist.<\/li>\r\n<li>Taotleda oma isikuandmete kustutamist.<\/li>\r\n<li>Taotleda oma isikuandmete t\u00f6\u00f6tlemise piiramist.<\/li>\r\n<li>Taotleda oma isikuandmete \u00fclekandmist.<\/li>\r\n<li>Taotleda oma isikuandmete t\u00f6\u00f6tlemise n\u00f5usoleku tagasiv\u00f5tmist.<\/li>\r\n<li>Avaldada vastuseisu automatiseeritud otsuste tegemisele (sealhulgas profileerimisele).<\/li>\r\n<\/ul>\r\n<p>Taotlus peab v\u00f5imaldama teie isikut \u00fcheselt identifitseerida. Oma \u00f5iguste teostamiseks ja taotluse edastamiseks v\u00f5tke palun meiega \u00fchendust punktis (\u201eV\u00f5tke \u00fchendust\u201c) s\u00e4testatud viisil.<\/p>\r\n<p>Palun arvestage, et te saate n\u00f5uda oma isikuandmete kustutamist, t\u00f6\u00f6tlemisele piirangu seadmist vm ainult juhul, kui see on koosk\u00f5las seadusliku alusega ja andmekaitset k\u00e4sitlevate \u00f5igusaktidega.<\/p>\r\n<p>Kaebuste korral on teil \u00f5igus esitada kaebus p\u00e4devale andmekaitseasutusele. Teeme koosto\u0308o\u0308d vastavate reguleerivate asutustega, sh kohalike andmekaitseasutustega, et lahendada isikuandmete edastusega seotud kaebusi.<br \/><br \/><\/p>\r\n<h2>KUI KAUA S\u00c4ILITAME TEIE ISIKUANDMEID?<\/h2>\r\n<p>Teie isikuandmeid s\u00e4ilitatakse nii kaua, kui see on vajalik teile soovitud teenuste osutamiseks. Kui \u00a0isikuandmeid ei ole kasutatud j\u00e4rjest 3 aasta jooksul, siis kustutame teie isikuandmed v\u00f5i muudame teie isikuandmed anon\u00fc\u00fcmseks, v\u00e4lja arvatud juhul, kui kohalduvad kohustuslikud s\u00e4ilitamisn\u00f5uded.<\/p>\r\n<p>Isikustamata kogutud andmeid s\u00e4ilitatakse t\u00e4htajatult.<br \/><br \/><\/p>\r\n<h2>PRIVAATSUSPOLIITIKA TINGIMUSED JA MUUDATUSED<\/h2>\r\n<p>K\u00e4esolevat veebisaiti kasutades olete k\u00e4esolevate p\u00f5him\u00f5tete ja tingimustega tutvunud ning nendega n\u00f5ustunud.<\/p>\r\n<p>Meie privaatsuseeskirjad vo\u0303ivad aeg-ajalt muutuda. Me ei va\u0308henda teie privaatsuseeskirjadest tulenevaid o\u0303igusi ilma teie selgeso\u0303nalise no\u0303usolekuta. Postitame teate privaatsuseeskirjade mis tahes muudatustest sellel lehel ja suuremate muudatuste korral edastame ta\u0308psema teate.<br \/><br \/><\/p>\r\n<h2>V\u00d5TKE \u00dcHENDUST<\/h2>\r\n<p>Tekkivate k\u00fcsimuste korral v\u00f5ta \u00fchendust klienditoega telefonil\u00a0<strong>(+372) 56638381<\/strong> v\u00f5i saada kiri e-posti aadressil info@projekt.vombat.ee<strong>\u00a0<\/strong>T\u00e4iendavad andmed ja kontaktid leiate\u00a0<a href=\"https:\/\/projekt.vombat.ee\/eco\/kontakt\/\">siit!<\/a><\/p>","protected":false},"excerpt":{"rendered":"<p>Ecocruiser.eu e-poodi haldab SW Kah O\u00dc. P\u00f5hitegevusalaks jaem\u00fc\u00fck interneti teel. K\u00e4esoleva veebisaidi ecocruiser.eu eesm\u00e4rk on tutvustada ja m\u00fc\u00fca elektri s\u00f5iduvahendeid. Me t\u00f6\u00f6tleme isikuandmeid vastavuses EU Isikuandmete kaitse \u00fcldm\u00e4\u00e4rusega (GDPR, EU 2016\/679) ja Eesti Vabariigi seadustega. Meie privaatsuspoliitika selgitab kuidas ja miks me isikuandmeid kogume ja t\u00f6\u00f6tleme. MILLISEID ISIKUANDMEID ME KOGUME? Kodulehte ecocruiser.eu k\u00fclastades teie isikuandmeid ei koguta. Teil on v\u00f5imalus\u2026<\/p>\n","protected":false},"author":1,"featured_media":0,"parent":0,"menu_order":0,"comment_status":"closed","ping_status":"open","template":"","meta":{"footnotes":""},"class_list":["post-3","page","type-page","status-publish","hentry"],"yoast_head":"<!-- This site is optimized with the Yoast SEO plugin v23.8 - https:\/\/yoast.com\/wordpress\/plugins\/seo\/ -->\n<title>Privaatsuspoliitika - Ecocruiser<\/title>\n<meta name=\"robots\" content=\"noindex, follow, max-snippet:-1, max-image-preview:large, max-video-preview:-1\" \/>\n<meta property=\"og:locale\" content=\"en_GB\" \/>\n<meta property=\"og:type\" content=\"article\" \/>\n<meta property=\"og:title\" content=\"Privaatsuspoliitika - Ecocruiser\" \/>\n<meta property=\"og:description\" content=\"Ecocruiser.eu e-poodi haldab SW Kah O\u00dc. P\u00f5hitegevusalaks jaem\u00fc\u00fck interneti teel. K\u00e4esoleva veebisaidi ecocruiser.eu eesm\u00e4rk on tutvustada ja m\u00fc\u00fca elektri s\u00f5iduvahendeid. Me t\u00f6\u00f6tleme isikuandmeid vastavuses EU Isikuandmete kaitse \u00fcldm\u00e4\u00e4rusega (GDPR, EU 2016\/679) ja Eesti Vabariigi seadustega. Meie privaatsuspoliitika selgitab kuidas ja miks me isikuandmeid kogume ja t\u00f6\u00f6tleme. MILLISEID ISIKUANDMEID ME KOGUME? Kodulehte ecocruiser.eu k\u00fclastades teie isikuandmeid ei koguta. Teil on v\u00f5imalus\u2026\" \/>\n<meta property=\"og:url\" content=\"https:\/\/projekt.vombat.ee\/eco\/privaatsuspoliitika\/\" \/>\n<meta property=\"og:site_name\" content=\"Ecocruiser\" \/>\n<meta property=\"article:modified_time\" content=\"2023-09-29T08:12:31+00:00\" \/>\n<meta name=\"twitter:card\" content=\"summary_large_image\" \/>\n<meta name=\"twitter:label1\" content=\"Estimated reading time\" \/>\n\t<meta name=\"twitter:data1\" content=\"4 minutes\" \/>\n<script type=\"application\/ld+json\" class=\"yoast-schema-graph\">{\"@context\":\"https:\/\/schema.org\",\"@graph\":[{\"@type\":\"WebPage\",\"@id\":\"https:\/\/projekt.vombat.ee\/eco\/privaatsuspoliitika\/\",\"url\":\"https:\/\/projekt.vombat.ee\/eco\/privaatsuspoliitika\/\",\"name\":\"Privaatsuspoliitika - Ecocruiser\",\"isPartOf\":{\"@id\":\"https:\/\/projekt.vombat.ee\/eco\/#website\"},\"datePublished\":\"2023-02-20T12:15:02+00:00\",\"dateModified\":\"2023-09-29T08:12:31+00:00\",\"breadcrumb\":{\"@id\":\"https:\/\/projekt.vombat.ee\/eco\/privaatsuspoliitika\/#breadcrumb\"},\"inLanguage\":\"en-GB\",\"potentialAction\":[{\"@type\":\"ReadAction\",\"target\":[\"https:\/\/projekt.vombat.ee\/eco\/privaatsuspoliitika\/\"]}]},{\"@type\":\"BreadcrumbList\",\"@id\":\"https:\/\/projekt.vombat.ee\/eco\/privaatsuspoliitika\/#breadcrumb\",\"itemListElement\":[{\"@type\":\"ListItem\",\"position\":1,\"name\":\"Home\",\"item\":\"https:\/\/projekt.vombat.ee\/eco\/\"},{\"@type\":\"ListItem\",\"position\":2,\"name\":\"Privaatsuspoliitika\"}]},{\"@type\":\"WebSite\",\"@id\":\"https:\/\/projekt.vombat.ee\/eco\/#website\",\"url\":\"https:\/\/projekt.vombat.ee\/eco\/\",\"name\":\"Ecocruiser\",\"description\":\"\",\"publisher\":{\"@id\":\"https:\/\/projekt.vombat.ee\/eco\/#organization\"},\"potentialAction\":[{\"@type\":\"SearchAction\",\"target\":{\"@type\":\"EntryPoint\",\"urlTemplate\":\"https:\/\/projekt.vombat.ee\/eco\/?s={search_term_string}\"},\"query-input\":{\"@type\":\"PropertyValueSpecification\",\"valueRequired\":true,\"valueName\":\"search_term_string\"}}],\"inLanguage\":\"en-GB\"},{\"@type\":\"Organization\",\"@id\":\"https:\/\/projekt.vombat.ee\/eco\/#organization\",\"name\":\"Ecocruiser\",\"url\":\"https:\/\/projekt.vombat.ee\/eco\/\",\"logo\":{\"@type\":\"ImageObject\",\"inLanguage\":\"en-GB\",\"@id\":\"https:\/\/projekt.vombat.ee\/eco\/#\/schema\/logo\/image\/\",\"url\":\"https:\/\/projekt.vombat.ee\/eco\/wp-content\/uploads\/2023\/03\/ECOCRUISER_5.png\",\"contentUrl\":\"https:\/\/projekt.vombat.ee\/eco\/wp-content\/uploads\/2023\/03\/ECOCRUISER_5.png\",\"width\":234,\"height\":91,\"caption\":\"Ecocruiser\"},\"image\":{\"@id\":\"https:\/\/projekt.vombat.ee\/eco\/#\/schema\/logo\/image\/\"}}]}<\/script>\n<!-- \/ Yoast SEO plugin. -->","yoast_head_json":{"title":"Privaatsuspoliitika - Ecocruiser","robots":{"index":"noindex","follow":"follow","max-snippet":"max-snippet:-1","max-image-preview":"max-image-preview:large","max-video-preview":"max-video-preview:-1"},"og_locale":"en_GB","og_type":"article","og_title":"Privaatsuspoliitika - Ecocruiser","og_description":"Ecocruiser.eu e-poodi haldab SW Kah O\u00dc. P\u00f5hitegevusalaks jaem\u00fc\u00fck interneti teel. K\u00e4esoleva veebisaidi ecocruiser.eu eesm\u00e4rk on tutvustada ja m\u00fc\u00fca elektri s\u00f5iduvahendeid. Me t\u00f6\u00f6tleme isikuandmeid vastavuses EU Isikuandmete kaitse \u00fcldm\u00e4\u00e4rusega (GDPR, EU 2016\/679) ja Eesti Vabariigi seadustega. Meie privaatsuspoliitika selgitab kuidas ja miks me isikuandmeid kogume ja t\u00f6\u00f6tleme. MILLISEID ISIKUANDMEID ME KOGUME? Kodulehte ecocruiser.eu k\u00fclastades teie isikuandmeid ei koguta. Teil on v\u00f5imalus\u2026","og_url":"https:\/\/projekt.vombat.ee\/eco\/privaatsuspoliitika\/","og_site_name":"Ecocruiser","article_modified_time":"2023-09-29T08:12:31+00:00","twitter_card":"summary_large_image","twitter_misc":{"Estimated reading time":"4 minutes"},"schema":{"@context":"https:\/\/schema.org","@graph":[{"@type":"WebPage","@id":"https:\/\/projekt.vombat.ee\/eco\/privaatsuspoliitika\/","url":"https:\/\/projekt.vombat.ee\/eco\/privaatsuspoliitika\/","name":"Privaatsuspoliitika - Ecocruiser","isPartOf":{"@id":"https:\/\/projekt.vombat.ee\/eco\/#website"},"datePublished":"2023-02-20T12:15:02+00:00","dateModified":"2023-09-29T08:12:31+00:00","breadcrumb":{"@id":"https:\/\/projekt.vombat.ee\/eco\/privaatsuspoliitika\/#breadcrumb"},"inLanguage":"en-GB","potentialAction":[{"@type":"ReadAction","target":["https:\/\/projekt.vombat.ee\/eco\/privaatsuspoliitika\/"]}]},{"@type":"BreadcrumbList","@id":"https:\/\/projekt.vombat.ee\/eco\/privaatsuspoliitika\/#breadcrumb","itemListElement":[{"@type":"ListItem","position":1,"name":"Home","item":"https:\/\/projekt.vombat.ee\/eco\/"},{"@type":"ListItem","position":2,"name":"Privaatsuspoliitika"}]},{"@type":"WebSite","@id":"https:\/\/projekt.vombat.ee\/eco\/#website","url":"https:\/\/projekt.vombat.ee\/eco\/","name":"Ecocruiser","description":"","publisher":{"@id":"https:\/\/projekt.vombat.ee\/eco\/#organization"},"potentialAction":[{"@type":"SearchAction","target":{"@type":"EntryPoint","urlTemplate":"https:\/\/projekt.vombat.ee\/eco\/?s={search_term_string}"},"query-input":{"@type":"PropertyValueSpecification","valueRequired":true,"valueName":"search_term_string"}}],"inLanguage":"en-GB"},{"@type":"Organization","@id":"https:\/\/projekt.vombat.ee\/eco\/#organization","name":"Ecocruiser","url":"https:\/\/projekt.vombat.ee\/eco\/","logo":{"@type":"ImageObject","inLanguage":"en-GB","@id":"https:\/\/projekt.vombat.ee\/eco\/#\/schema\/logo\/image\/","url":"https:\/\/projekt.vombat.ee\/eco\/wp-content\/uploads\/2023\/03\/ECOCRUISER_5.png","contentUrl":"https:\/\/projekt.vombat.ee\/eco\/wp-content\/uploads\/2023\/03\/ECOCRUISER_5.png","width":234,"height":91,"caption":"Ecocruiser"},"image":{"@id":"https:\/\/projekt.vombat.ee\/eco\/#\/schema\/logo\/image\/"}}]}},"lang":"et","translations":{"et":3,"ru":5087,"en":5092,"lv":5094,"fi":7227,"fr":17133},"pll_sync_post":[],"_links":{"self":[{"href":"https:\/\/projekt.vombat.ee\/eco\/wp-json\/wp\/v2\/pages\/3"}],"collection":[{"href":"https:\/\/projekt.vombat.ee\/eco\/wp-json\/wp\/v2\/pages"}],"about":[{"href":"https:\/\/projekt.vombat.ee\/eco\/wp-json\/wp\/v2\/types\/page"}],"author":[{"embeddable":true,"href":"https:\/\/projekt.vombat.ee\/eco\/wp-json\/wp\/v2\/users\/1"}],"replies":[{"embeddable":true,"href":"https:\/\/projekt.vombat.ee\/eco\/wp-json\/wp\/v2\/comments?post=3"}],"version-history":[{"count":8,"href":"https:\/\/projekt.vombat.ee\/eco\/wp-json\/wp\/v2\/pages\/3\/revisions"}],"predecessor-version":[{"id":12339,"href":"https:\/\/projekt.vombat.ee\/eco\/wp-json\/wp\/v2\/pages\/3\/revisions\/12339"}],"wp:attachment":[{"href":"https:\/\/projekt.vombat.ee\/eco\/wp-json\/wp\/v2\/media?parent=3"}],"curies":[{"name":"wp","href":"https:\/\/api.w.org\/{rel}","templated":true}]}}