{"id":2591,"date":"2023-02-24T20:17:06","date_gmt":"2023-02-24T20:17:06","guid":{"rendered":"https:\/\/projekt.vombat.ee\/eco\/?page_id=2591"},"modified":"2023-02-24T20:33:50","modified_gmt":"2023-02-24T20:33:50","slug":"kauba-tagastamine","status":"publish","type":"page","link":"https:\/\/projekt.vombat.ee\/eco\/kauba-tagastamine\/","title":{"rendered":"Kauba tagastamine"},"content":{"rendered":"\t\t<div data-elementor-type=\"wp-page\" data-elementor-id=\"2591\" class=\"elementor elementor-2591\" data-elementor-post-type=\"page\">\n\t\t\t\t\t\t<section class=\"elementor-section elementor-top-section elementor-element elementor-element-6a5e5b2 elementor-section-boxed elementor-section-height-default elementor-section-height-default\" data-id=\"6a5e5b2\" data-element_type=\"section\">\n\t\t\t\t\t\t<div class=\"elementor-container elementor-column-gap-default\">\n\t\t\t\t\t<div class=\"elementor-column elementor-col-100 elementor-top-column elementor-element elementor-element-e3daf29\" data-id=\"e3daf29\" data-element_type=\"column\">\n\t\t\t<div class=\"elementor-widget-wrap elementor-element-populated\">\n\t\t\t\t\t\t<div class=\"elementor-element elementor-element-4e9c575 elementor-widget elementor-widget-text-editor\" data-id=\"4e9c575\" data-element_type=\"widget\" data-widget_type=\"text-editor.default\">\n\t\t\t\t<div class=\"elementor-widget-container\">\n\t\t\t\t\t\t\t<h2><strong>KAUBA TAGASTAMINE<\/strong><\/h2><p>Tellijal on \u00f5igus 14 p\u00e4eva jooksul tellitud kauba k\u00e4ttesaamisest lepingust taganeda ning m\u00fc\u00fcgik\u00f5lblik kaup \u00fcmber vahetada v\u00f5i tagastada.<\/p>\t\t\t\t\t\t<\/div>\n\t\t\t\t<\/div>\n\t\t\t\t\t<\/div>\n\t\t<\/div>\n\t\t\t\t\t<\/div>\n\t\t<\/section>\n\t\t\t\t<section class=\"elementor-section elementor-top-section elementor-element elementor-element-07b9824 elementor-section-boxed elementor-section-height-default elementor-section-height-default\" data-id=\"07b9824\" data-element_type=\"section\">\n\t\t\t\t\t\t<div class=\"elementor-container elementor-column-gap-default\">\n\t\t\t\t\t<div class=\"elementor-column elementor-col-100 elementor-top-column elementor-element elementor-element-045082f\" data-id=\"045082f\" data-element_type=\"column\">\n\t\t\t<div class=\"elementor-widget-wrap elementor-element-populated\">\n\t\t\t\t\t\t<div class=\"elementor-element elementor-element-6ddc6ea elementor-widget elementor-widget-text-editor\" data-id=\"6ddc6ea\" data-element_type=\"widget\" data-widget_type=\"text-editor.default\">\n\t\t\t\t<div class=\"elementor-widget-container\">\n\t\t\t\t\t\t\t<h3><strong>TAGASTAMISE TINGIMUSED:<\/strong><\/h3><ul><li>Kaupa v\u00f5ib proovida ja sellega tutvuda, et veenduda selle sobivuses v\u00f5i mittesobivuses, kuid proovimise k\u00e4igus tuleb tagada kauba ja selle pakendi minimaalne m\u00f5jutatus. NB! Proovimine t\u00e4hendab samav\u00e4\u00e4rset kasutust nagu on tavaks jaekaubandusasutustes enne ostu sooritamist.<\/li><\/ul><ul><li>Tagastatud toode peab olema originaalpakendis, originaalmarkeeringus ning samasuguses komplektsuses nagu Tellijale v\u00e4ljastamise hetkel. Kaup, mis saabub Tellijani pakendis osadeks v\u00f5etuna, peab tagastamisel olema samuti osadeks v\u00f5etud ning pakendatud samamoodi nagu kauba v\u00e4ljastamisel Tellijale.<\/li><\/ul><ul><li>Kui kauba pakendit on v\u00f5imalik avada pakendit rikkumata, kohustub Tellija pakendi selliselt ka avama. Kauba k\u00fcljes olevad kauba seisukorra kaitsmiseks paigaldatud esemed (nt kaitsekiled), mis ei takista kauba proovimist ja sellega tutvumist, peavad kauba tagastamisel olema eemaldamata. Kui pakendit ei saa l\u00f5hkumata\/rikkumata avada, ei vastuta tarbija rikutud pakendi eest.<\/li><\/ul><ul><li>Juhul, kui kauba originaalpakend on kahjustunud v\u00f5i kui kauba prooviperioodil toimunud kauba kasutamine \u00fcletab kaubaga tutvumiseks vajaliku m\u00f5istliku ulatuse v\u00f5i kui tagastatav kaup ei ole uue samalaadse kaubaga analoogilises seisukorras, siis on Ecocruiseril \u00f5igus arvestada Tellijale tagastamisele kuuluvast summast \u00fchepoolselt maha kauba v\u00e4\u00e4rtuse v\u00e4henemisele vastav h\u00fcvitis.<\/li><\/ul><ul><li>H\u00fcvitise suurus m\u00e4\u00e4ratakse kindlaks l\u00e4htudes tagastatud kauba v\u00e4\u00e4rtuse v\u00f5imaliku v\u00e4henemise ulatusest ning h\u00fcvitise suurusest teavitatakse Tellijat esimesel v\u00f5imalusel p\u00e4rast h\u00fcvitise suuruse v\u00e4ljaselgitamist.<\/li><\/ul><ul><li>Tagastamise \u00f5igus ei laiene juriidilistele isikutele. Tarbijakaitseseaduse m\u00f5istes on tarbija eraisik<\/li><\/ul><ul><li>Tagastades toodet kulleriga, on \u00f5igus teenusepakkujal kauba vastuv\u00f5tmisest keelduda, kui toode ei ole pakendatud korrektselt ja turvaliselt. Teistkordseks tagastamiseks tellitud kulleri kulu katab Tellija.<\/li><\/ul>\t\t\t\t\t\t<\/div>\n\t\t\t\t<\/div>\n\t\t\t\t\t<\/div>\n\t\t<\/div>\n\t\t\t\t\t<\/div>\n\t\t<\/section>\n\t\t\t\t<section class=\"elementor-section elementor-top-section elementor-element elementor-element-5aa993b elementor-section-boxed elementor-section-height-default elementor-section-height-default\" data-id=\"5aa993b\" data-element_type=\"section\">\n\t\t\t\t\t\t<div class=\"elementor-container elementor-column-gap-default\">\n\t\t\t\t\t<div class=\"elementor-column elementor-col-100 elementor-top-column elementor-element elementor-element-42f27b8\" data-id=\"42f27b8\" data-element_type=\"column\">\n\t\t\t<div class=\"elementor-widget-wrap\">\n\t\t\t\t\t\t\t<\/div>\n\t\t<\/div>\n\t\t\t\t\t<\/div>\n\t\t<\/section>\n\t\t\t\t<\/div>\n\t\t","protected":false},"excerpt":{"rendered":"<p>KAUBA TAGASTAMINE Tellijal on \u00f5igus 14 p\u00e4eva jooksul tellitud kauba k\u00e4ttesaamisest lepingust taganeda ning m\u00fc\u00fcgik\u00f5lblik kaup \u00fcmber vahetada v\u00f5i tagastada. TAGASTAMISE TINGIMUSED: Kaupa v\u00f5ib proovida ja sellega tutvuda, et veenduda selle sobivuses v\u00f5i mittesobivuses, kuid proovimise k\u00e4igus tuleb tagada kauba ja selle pakendi minimaalne m\u00f5jutatus. NB! Proovimine t\u00e4hendab samav\u00e4\u00e4rset kasutust nagu on tavaks jaekaubandusasutustes enne ostu sooritamist. Tagastatud toode peab\u2026<\/p>\n","protected":false},"author":2,"featured_media":0,"parent":0,"menu_order":0,"comment_status":"closed","ping_status":"closed","template":"","meta":{"footnotes":""},"class_list":["post-2591","page","type-page","status-publish","hentry"],"yoast_head":"<!-- This site is optimized with the Yoast SEO plugin v23.8 - https:\/\/yoast.com\/wordpress\/plugins\/seo\/ -->\n<title>Kauba tagastamine - Ecocruiser<\/title>\n<meta name=\"robots\" content=\"noindex, follow, max-snippet:-1, max-image-preview:large, max-video-preview:-1\" \/>\n<meta property=\"og:locale\" content=\"en_GB\" \/>\n<meta property=\"og:type\" content=\"article\" \/>\n<meta property=\"og:title\" content=\"Kauba tagastamine - Ecocruiser\" \/>\n<meta property=\"og:description\" content=\"KAUBA TAGASTAMINE Tellijal on \u00f5igus 14 p\u00e4eva jooksul tellitud kauba k\u00e4ttesaamisest lepingust taganeda ning m\u00fc\u00fcgik\u00f5lblik kaup \u00fcmber vahetada v\u00f5i tagastada. TAGASTAMISE TINGIMUSED: Kaupa v\u00f5ib proovida ja sellega tutvuda, et veenduda selle sobivuses v\u00f5i mittesobivuses, kuid proovimise k\u00e4igus tuleb tagada kauba ja selle pakendi minimaalne m\u00f5jutatus. NB! Proovimine t\u00e4hendab samav\u00e4\u00e4rset kasutust nagu on tavaks jaekaubandusasutustes enne ostu sooritamist. Tagastatud toode peab\u2026\" \/>\n<meta property=\"og:url\" content=\"https:\/\/projekt.vombat.ee\/eco\/kauba-tagastamine\/\" \/>\n<meta property=\"og:site_name\" content=\"Ecocruiser\" \/>\n<meta property=\"article:modified_time\" content=\"2023-02-24T20:33:50+00:00\" \/>\n<meta name=\"twitter:card\" content=\"summary_large_image\" \/>\n<meta name=\"twitter:label1\" content=\"Estimated reading time\" \/>\n\t<meta name=\"twitter:data1\" content=\"2 minutes\" \/>\n<script type=\"application\/ld+json\" class=\"yoast-schema-graph\">{\"@context\":\"https:\/\/schema.org\",\"@graph\":[{\"@type\":\"WebPage\",\"@id\":\"https:\/\/projekt.vombat.ee\/eco\/kauba-tagastamine\/\",\"url\":\"https:\/\/projekt.vombat.ee\/eco\/kauba-tagastamine\/\",\"name\":\"Kauba tagastamine - Ecocruiser\",\"isPartOf\":{\"@id\":\"https:\/\/projekt.vombat.ee\/eco\/#website\"},\"datePublished\":\"2023-02-24T20:17:06+00:00\",\"dateModified\":\"2023-02-24T20:33:50+00:00\",\"breadcrumb\":{\"@id\":\"https:\/\/projekt.vombat.ee\/eco\/kauba-tagastamine\/#breadcrumb\"},\"inLanguage\":\"en-GB\",\"potentialAction\":[{\"@type\":\"ReadAction\",\"target\":[\"https:\/\/projekt.vombat.ee\/eco\/kauba-tagastamine\/\"]}]},{\"@type\":\"BreadcrumbList\",\"@id\":\"https:\/\/projekt.vombat.ee\/eco\/kauba-tagastamine\/#breadcrumb\",\"itemListElement\":[{\"@type\":\"ListItem\",\"position\":1,\"name\":\"Home\",\"item\":\"https:\/\/projekt.vombat.ee\/eco\/\"},{\"@type\":\"ListItem\",\"position\":2,\"name\":\"Kauba tagastamine\"}]},{\"@type\":\"WebSite\",\"@id\":\"https:\/\/projekt.vombat.ee\/eco\/#website\",\"url\":\"https:\/\/projekt.vombat.ee\/eco\/\",\"name\":\"Ecocruiser\",\"description\":\"\",\"publisher\":{\"@id\":\"https:\/\/projekt.vombat.ee\/eco\/#organization\"},\"potentialAction\":[{\"@type\":\"SearchAction\",\"target\":{\"@type\":\"EntryPoint\",\"urlTemplate\":\"https:\/\/projekt.vombat.ee\/eco\/?s={search_term_string}\"},\"query-input\":{\"@type\":\"PropertyValueSpecification\",\"valueRequired\":true,\"valueName\":\"search_term_string\"}}],\"inLanguage\":\"en-GB\"},{\"@type\":\"Organization\",\"@id\":\"https:\/\/projekt.vombat.ee\/eco\/#organization\",\"name\":\"Ecocruiser\",\"url\":\"https:\/\/projekt.vombat.ee\/eco\/\",\"logo\":{\"@type\":\"ImageObject\",\"inLanguage\":\"en-GB\",\"@id\":\"https:\/\/projekt.vombat.ee\/eco\/#\/schema\/logo\/image\/\",\"url\":\"https:\/\/projekt.vombat.ee\/eco\/wp-content\/uploads\/2023\/03\/ECOCRUISER_5.png\",\"contentUrl\":\"https:\/\/projekt.vombat.ee\/eco\/wp-content\/uploads\/2023\/03\/ECOCRUISER_5.png\",\"width\":234,\"height\":91,\"caption\":\"Ecocruiser\"},\"image\":{\"@id\":\"https:\/\/projekt.vombat.ee\/eco\/#\/schema\/logo\/image\/\"}}]}<\/script>\n<!-- \/ Yoast SEO plugin. -->","yoast_head_json":{"title":"Kauba tagastamine - Ecocruiser","robots":{"index":"noindex","follow":"follow","max-snippet":"max-snippet:-1","max-image-preview":"max-image-preview:large","max-video-preview":"max-video-preview:-1"},"og_locale":"en_GB","og_type":"article","og_title":"Kauba tagastamine - Ecocruiser","og_description":"KAUBA TAGASTAMINE Tellijal on \u00f5igus 14 p\u00e4eva jooksul tellitud kauba k\u00e4ttesaamisest lepingust taganeda ning m\u00fc\u00fcgik\u00f5lblik kaup \u00fcmber vahetada v\u00f5i tagastada. TAGASTAMISE TINGIMUSED: Kaupa v\u00f5ib proovida ja sellega tutvuda, et veenduda selle sobivuses v\u00f5i mittesobivuses, kuid proovimise k\u00e4igus tuleb tagada kauba ja selle pakendi minimaalne m\u00f5jutatus. NB! Proovimine t\u00e4hendab samav\u00e4\u00e4rset kasutust nagu on tavaks jaekaubandusasutustes enne ostu sooritamist. Tagastatud toode peab\u2026","og_url":"https:\/\/projekt.vombat.ee\/eco\/kauba-tagastamine\/","og_site_name":"Ecocruiser","article_modified_time":"2023-02-24T20:33:50+00:00","twitter_card":"summary_large_image","twitter_misc":{"Estimated reading time":"2 minutes"},"schema":{"@context":"https:\/\/schema.org","@graph":[{"@type":"WebPage","@id":"https:\/\/projekt.vombat.ee\/eco\/kauba-tagastamine\/","url":"https:\/\/projekt.vombat.ee\/eco\/kauba-tagastamine\/","name":"Kauba tagastamine - Ecocruiser","isPartOf":{"@id":"https:\/\/projekt.vombat.ee\/eco\/#website"},"datePublished":"2023-02-24T20:17:06+00:00","dateModified":"2023-02-24T20:33:50+00:00","breadcrumb":{"@id":"https:\/\/projekt.vombat.ee\/eco\/kauba-tagastamine\/#breadcrumb"},"inLanguage":"en-GB","potentialAction":[{"@type":"ReadAction","target":["https:\/\/projekt.vombat.ee\/eco\/kauba-tagastamine\/"]}]},{"@type":"BreadcrumbList","@id":"https:\/\/projekt.vombat.ee\/eco\/kauba-tagastamine\/#breadcrumb","itemListElement":[{"@type":"ListItem","position":1,"name":"Home","item":"https:\/\/projekt.vombat.ee\/eco\/"},{"@type":"ListItem","position":2,"name":"Kauba tagastamine"}]},{"@type":"WebSite","@id":"https:\/\/projekt.vombat.ee\/eco\/#website","url":"https:\/\/projekt.vombat.ee\/eco\/","name":"Ecocruiser","description":"","publisher":{"@id":"https:\/\/projekt.vombat.ee\/eco\/#organization"},"potentialAction":[{"@type":"SearchAction","target":{"@type":"EntryPoint","urlTemplate":"https:\/\/projekt.vombat.ee\/eco\/?s={search_term_string}"},"query-input":{"@type":"PropertyValueSpecification","valueRequired":true,"valueName":"search_term_string"}}],"inLanguage":"en-GB"},{"@type":"Organization","@id":"https:\/\/projekt.vombat.ee\/eco\/#organization","name":"Ecocruiser","url":"https:\/\/projekt.vombat.ee\/eco\/","logo":{"@type":"ImageObject","inLanguage":"en-GB","@id":"https:\/\/projekt.vombat.ee\/eco\/#\/schema\/logo\/image\/","url":"https:\/\/projekt.vombat.ee\/eco\/wp-content\/uploads\/2023\/03\/ECOCRUISER_5.png","contentUrl":"https:\/\/projekt.vombat.ee\/eco\/wp-content\/uploads\/2023\/03\/ECOCRUISER_5.png","width":234,"height":91,"caption":"Ecocruiser"},"image":{"@id":"https:\/\/projekt.vombat.ee\/eco\/#\/schema\/logo\/image\/"}}]}},"lang":"et","translations":{"et":2591,"ru":5713,"lv":5875,"fi":7212,"en":16320,"fr":17136},"pll_sync_post":[],"_links":{"self":[{"href":"https:\/\/projekt.vombat.ee\/eco\/wp-json\/wp\/v2\/pages\/2591"}],"collection":[{"href":"https:\/\/projekt.vombat.ee\/eco\/wp-json\/wp\/v2\/pages"}],"about":[{"href":"https:\/\/projekt.vombat.ee\/eco\/wp-json\/wp\/v2\/types\/page"}],"author":[{"embeddable":true,"href":"https:\/\/projekt.vombat.ee\/eco\/wp-json\/wp\/v2\/users\/2"}],"replies":[{"embeddable":true,"href":"https:\/\/projekt.vombat.ee\/eco\/wp-json\/wp\/v2\/comments?post=2591"}],"version-history":[{"count":10,"href":"https:\/\/projekt.vombat.ee\/eco\/wp-json\/wp\/v2\/pages\/2591\/revisions"}],"predecessor-version":[{"id":2603,"href":"https:\/\/projekt.vombat.ee\/eco\/wp-json\/wp\/v2\/pages\/2591\/revisions\/2603"}],"wp:attachment":[{"href":"https:\/\/projekt.vombat.ee\/eco\/wp-json\/wp\/v2\/media?parent=2591"}],"curies":[{"name":"wp","href":"https:\/\/api.w.org\/{rel}","templated":true}]}}