{"id":2586,"date":"2023-02-24T19:30:56","date_gmt":"2023-02-24T19:30:56","guid":{"rendered":"https:\/\/projekt.vombat.ee\/eco\/?page_id=2586"},"modified":"2023-11-08T14:07:32","modified_gmt":"2023-11-08T14:07:32","slug":"jarelmaks","status":"publish","type":"page","link":"https:\/\/projekt.vombat.ee\/eco\/jarelmaks\/","title":{"rendered":"J\u00e4relmaks"},"content":{"rendered":"\t\t<div data-elementor-type=\"wp-page\" data-elementor-id=\"2586\" class=\"elementor elementor-2586\" data-elementor-post-type=\"page\">\n\t\t\t\t\t\t<section class=\"elementor-section elementor-top-section elementor-element elementor-element-20cc92e2 elementor-section-boxed elementor-section-height-default elementor-section-height-default\" data-id=\"20cc92e2\" data-element_type=\"section\">\n\t\t\t\t\t\t<div class=\"elementor-container elementor-column-gap-default\">\n\t\t\t\t\t<div class=\"elementor-column elementor-col-100 elementor-top-column elementor-element elementor-element-4db8c41b\" data-id=\"4db8c41b\" data-element_type=\"column\">\n\t\t\t<div class=\"elementor-widget-wrap elementor-element-populated\">\n\t\t\t\t\t\t<div class=\"elementor-element elementor-element-46c23b41 elementor-widget elementor-widget-text-editor\" data-id=\"46c23b41\" data-element_type=\"widget\" data-widget_type=\"text-editor.default\">\n\t\t\t\t<div class=\"elementor-widget-container\">\n\t\t\t\t\t\t\t<section class=\"elementor-section elementor-top-section elementor-element elementor-element-7381c11 elementor-section-boxed elementor-section-height-default elementor-section-height-default sc_fly_static\" data-id=\"7381c11\" data-element_type=\"section\">\n<div class=\"elementor-container elementor-column-gap-extended\">\n<div class=\"elementor-row\">\n<div class=\"elementor-column elementor-col-100 elementor-top-column elementor-element elementor-element-39ad6a2 sc_inner_width_none sc_content_align_inherit sc_layouts_column_icons_position_left sc_fly_static\" data-id=\"39ad6a2\" data-element_type=\"column\">\n<div class=\"elementor-column-wrap elementor-element-populated\">\n<div class=\"elementor-widget-wrap\">\n<div class=\"elementor-element elementor-element-5de6557 sc_fly_static elementor-widget elementor-widget-heading\" data-id=\"5de6557\" data-element_type=\"widget\" data-widget_type=\"heading.default\">\n<div class=\"elementor-widget-container\">\n<h2 class=\"elementor-heading-title elementor-size-default\">ESTO J\u00c4RELMAKS<br><\/h2><div><br><\/div>\n<\/div>\n<\/div>\n<\/div>\n<\/div>\n<\/div>\n<\/div>\n<\/div>\n<\/section>\n<section class=\"elementor-section elementor-top-section elementor-element elementor-element-33614c77 elementor-section-boxed elementor-section-height-default elementor-section-height-default sc_fly_static\" data-id=\"33614c77\" data-element_type=\"section\">\n<div class=\"elementor-container elementor-column-gap-extended\">\n<div class=\"elementor-row\">\n<div class=\"elementor-column elementor-col-100 elementor-top-column elementor-element elementor-element-41dde855 sc_inner_width_none sc_content_align_inherit sc_layouts_column_icons_position_left sc_fly_static\" data-id=\"41dde855\" data-element_type=\"column\">\n<div class=\"elementor-column-wrap elementor-element-populated\">\n<div class=\"elementor-widget-wrap\">\n<div class=\"elementor-element elementor-element-7e0d66d8 sc_fly_static elementor-widget elementor-widget-text-editor\" data-id=\"7e0d66d8\" data-element_type=\"widget\" data-widget_type=\"text-editor.default\">\n<div class=\"elementor-widget-container\">\n<div class=\"elementor-text-editor elementor-clearfix\">\n<p>ESTO on finantsteenuseid pakkuv ettev\u00f5te, mille algusaeg ulatub aastasse 2016. Br\u00e4nd sai alguse<br>\nvajadusest uue generatsiooni makselahenduste j\u00e4rele, mis oleksid sobilikud nii l\u00f5pptarbijale kui ka<br>\nm\u00fc\u00fcjale. T\u00e4na pakub ESTO k\u00f5ige suuremat valikut erinevaid makselahendusi Baltikumis ning ESTO<br>\npartnerv\u00f5rgustikku kuulub \u00fcle 2000 koost\u00f6\u00f6partneri ja kaupluse ning \u00fcle 200 000 kliendi. K\u00fcsimuste korral v\u00f5ta \u00fchendust ESTO klienditoega aadressil info@esto.ee.<\/p>\n<p><strong>Kasuta toodete v\u00f5i teenuste eest maksmisel just ESTO j\u00e4relmaksu \u2013 k\u00f5ige soodsam, mugavam ja kiirem j\u00e4relmaksulink Eestis!<\/strong><\/p>\n<p>Lisa tooted ostukorvi, kinnita oma tellimus ning vali makseviisidest ESTO j\u00e4relmaks. Maksmisel valige sobiv periood, igakuise osamakse suurus ning digiallkirjastage mugavalt ID-kaardi v\u00f5i Mobiili-ID abil.<\/p>\n<p><strong>ESTO j\u00e4relmaksu<\/strong>&nbsp;puhul on tegemist \u00fclimalt kiire ning mugava makselahendusega, mis aitab koostada sulle sinu poolt valitud perioodi alusel maksegraafiku ehk maksta osamaksete kaupa. Antud makselahendus teeb krediidiotsuse reaalajas ning aitab ostu sooritada v\u00e4hem kui<strong>&nbsp;60 sekundiga<\/strong>.<\/p>\n<p>ESTO j\u00e4relmaksu pakkujaks on&nbsp;ESTO AS&nbsp;(reg. kood 14180709).<\/p>\n<p><strong>ESTO j\u00e4relmaksu tavatingimused on j\u00e4rgmised:<\/strong><br>\n\u2022&nbsp;&nbsp;Intess alates 0%<br>\n\u2022&nbsp;&nbsp;Lepingutasu alates 0 eurost<br>\n\u2022&nbsp;&nbsp;Periood kuni 5 aastat<\/p>\n<p>ESTO j\u00e4relmaksu saavad taotleda k\u00f5ik 18-70-aastased Eesti Vabariigi kodanikud. ESTO j\u00e4relmaksu on v\u00f5imalik vormistada kiirelt ja mugavalt ka juriidilisele isikule.<\/p>\n<\/div>\n<\/div>\n<\/div>\n<\/div>\n<\/div>\n<\/div>\n<\/div>\n<\/div>\n<\/section>\n<section class=\"elementor-section elementor-top-section elementor-element elementor-element-5baae57 elementor-section-boxed elementor-section-height-default elementor-section-height-default sc_fly_static\" data-id=\"5baae57\" data-element_type=\"section\">\n<div class=\"elementor-container elementor-column-gap-extended\">\n<div class=\"elementor-row\">\n<div class=\"elementor-column elementor-col-100 elementor-top-column elementor-element elementor-element-d25365e sc_inner_width_none sc_content_align_inherit sc_layouts_column_icons_position_left sc_fly_static\" data-id=\"d25365e\" data-element_type=\"column\">\n<div class=\"elementor-column-wrap elementor-element-populated\">\n<div class=\"elementor-widget-wrap\">\n<div class=\"elementor-element elementor-element-9dbf5fe sc_fly_static elementor-widget elementor-widget-text-editor\" data-id=\"9dbf5fe\" data-element_type=\"widget\" data-widget_type=\"text-editor.default\">\n<div class=\"elementor-widget-container\">\n<div class=\"elementor-text-editor elementor-clearfix\">\n<p>iga finantsotsusega kaasnevad riskid ja kohustused, mist\u00f5ttu palume laenutoodete tarbimise vajadus hoolikalt l\u00e4bi m\u00f5elda. N\u00e4iteks 790-eurose laenusumma puhul fikseeritud intressiga 14,90%&nbsp; aastas ja lepingutasuga 0\u20ac on krediidi kulukuse m\u00e4\u00e4r 32.89%, kuumakse suurus 76.54 eurot ning tarbija poolt tagasimakstav kogusumma 918,48 eurot. J\u00e4relmaks on finantskohustus ning enne otsuse tegemist tutvuge p\u00f5hjalikult lepingutingimustega ja vajadusel pidage n\u00f5u ESTO AS t\u00f6\u00f6tajaga v\u00f5i muu asjatundjaga. J\u00e4relmaksu pakub ja haldab ESTO AS<\/p>\n<\/div>\n<\/div>\n<\/div>\n<\/div>\n<\/div>\n<\/div>\n<\/div>\n<\/div>\n<\/section>\t\t\t\t\t\t<\/div>\n\t\t\t\t<\/div>\n\t\t\t\t\t<\/div>\n\t\t<\/div>\n\t\t\t\t\t<\/div>\n\t\t<\/section>\n\t\t\t\t<\/div>\n\t\t","protected":false},"excerpt":{"rendered":"<p>Inbank Inbanki makseviisid Inbanki makseviisid aitavad ostude eest veelgi\u00a0mugavamalt tasuda. Tasu oma ostu eest\u00a0alles j\u00e4rgmisel kuul v\u00f5i jaga ostusumma mitmeks v\u00f5rdseks osaks,\u00a0lihtsalt ja\u00a0ilma \u00fchegi lisatasuta. Inbanki makselahendused on nutikas viis soetada kohe k\u00f5ik, mida vajad, tegemata valikute\u00a0arvelt j\u00e4releandmisi. Ost kinnitatakse vaid m\u00f5ne hetkega. Leia sobiv makselahendus kassast ja vali endale sobivaim j\u00e4rgmistest valikutest. Inbank maksa j\u00e4rgmisel kuul &nbsp; Maksa j\u00e4rgmise\u2026<\/p>\n","protected":false},"author":2,"featured_media":0,"parent":0,"menu_order":0,"comment_status":"closed","ping_status":"closed","template":"","meta":{"footnotes":""},"class_list":["post-2586","page","type-page","status-publish","hentry"],"yoast_head":"<!-- This site is optimized with the Yoast SEO plugin v23.8 - https:\/\/yoast.com\/wordpress\/plugins\/seo\/ -->\n<title>J\u00e4relmaks - Ecocruiser<\/title>\n<meta name=\"robots\" content=\"noindex, follow, max-snippet:-1, max-image-preview:large, max-video-preview:-1\" \/>\n<meta property=\"og:locale\" content=\"en_GB\" \/>\n<meta property=\"og:type\" content=\"article\" \/>\n<meta property=\"og:title\" content=\"J\u00e4relmaks - Ecocruiser\" \/>\n<meta property=\"og:description\" content=\"Inbank Inbanki makseviisid Inbanki makseviisid aitavad ostude eest veelgi\u00a0mugavamalt tasuda. Tasu oma ostu eest\u00a0alles j\u00e4rgmisel kuul v\u00f5i jaga ostusumma mitmeks v\u00f5rdseks osaks,\u00a0lihtsalt ja\u00a0ilma \u00fchegi lisatasuta. Inbanki makselahendused on nutikas viis soetada kohe k\u00f5ik, mida vajad, tegemata valikute\u00a0arvelt j\u00e4releandmisi. Ost kinnitatakse vaid m\u00f5ne hetkega. Leia sobiv makselahendus kassast ja vali endale sobivaim j\u00e4rgmistest valikutest. Inbank maksa j\u00e4rgmisel kuul &nbsp; Maksa j\u00e4rgmise\u2026\" \/>\n<meta property=\"og:url\" content=\"https:\/\/projekt.vombat.ee\/eco\/jarelmaks\/\" \/>\n<meta property=\"og:site_name\" content=\"Ecocruiser\" \/>\n<meta property=\"article:modified_time\" content=\"2023-11-08T14:07:32+00:00\" \/>\n<meta property=\"og:image\" content=\"https:\/\/kehahooldus24.ee\/wp-content\/uploads\/2023\/10\/Picture1.png\" \/>\n<meta name=\"twitter:card\" content=\"summary_large_image\" \/>\n<meta name=\"twitter:label1\" content=\"Estimated reading time\" \/>\n\t<meta name=\"twitter:data1\" content=\"5 minutes\" \/>\n<script type=\"application\/ld+json\" class=\"yoast-schema-graph\">{\"@context\":\"https:\/\/schema.org\",\"@graph\":[{\"@type\":\"WebPage\",\"@id\":\"https:\/\/projekt.vombat.ee\/eco\/jarelmaks\/\",\"url\":\"https:\/\/projekt.vombat.ee\/eco\/jarelmaks\/\",\"name\":\"J\u00e4relmaks - Ecocruiser\",\"isPartOf\":{\"@id\":\"https:\/\/projekt.vombat.ee\/eco\/#website\"},\"primaryImageOfPage\":{\"@id\":\"https:\/\/projekt.vombat.ee\/eco\/jarelmaks\/#primaryimage\"},\"image\":{\"@id\":\"https:\/\/projekt.vombat.ee\/eco\/jarelmaks\/#primaryimage\"},\"thumbnailUrl\":\"https:\/\/kehahooldus24.ee\/wp-content\/uploads\/2023\/10\/Picture1.png\",\"datePublished\":\"2023-02-24T19:30:56+00:00\",\"dateModified\":\"2023-11-08T14:07:32+00:00\",\"breadcrumb\":{\"@id\":\"https:\/\/projekt.vombat.ee\/eco\/jarelmaks\/#breadcrumb\"},\"inLanguage\":\"en-GB\",\"potentialAction\":[{\"@type\":\"ReadAction\",\"target\":[\"https:\/\/projekt.vombat.ee\/eco\/jarelmaks\/\"]}]},{\"@type\":\"ImageObject\",\"inLanguage\":\"en-GB\",\"@id\":\"https:\/\/projekt.vombat.ee\/eco\/jarelmaks\/#primaryimage\",\"url\":\"https:\/\/kehahooldus24.ee\/wp-content\/uploads\/2023\/10\/Picture1.png\",\"contentUrl\":\"https:\/\/kehahooldus24.ee\/wp-content\/uploads\/2023\/10\/Picture1.png\"},{\"@type\":\"BreadcrumbList\",\"@id\":\"https:\/\/projekt.vombat.ee\/eco\/jarelmaks\/#breadcrumb\",\"itemListElement\":[{\"@type\":\"ListItem\",\"position\":1,\"name\":\"Home\",\"item\":\"https:\/\/projekt.vombat.ee\/eco\/\"},{\"@type\":\"ListItem\",\"position\":2,\"name\":\"J\u00e4relmaks\"}]},{\"@type\":\"WebSite\",\"@id\":\"https:\/\/projekt.vombat.ee\/eco\/#website\",\"url\":\"https:\/\/projekt.vombat.ee\/eco\/\",\"name\":\"Ecocruiser\",\"description\":\"\",\"publisher\":{\"@id\":\"https:\/\/projekt.vombat.ee\/eco\/#organization\"},\"potentialAction\":[{\"@type\":\"SearchAction\",\"target\":{\"@type\":\"EntryPoint\",\"urlTemplate\":\"https:\/\/projekt.vombat.ee\/eco\/?s={search_term_string}\"},\"query-input\":{\"@type\":\"PropertyValueSpecification\",\"valueRequired\":true,\"valueName\":\"search_term_string\"}}],\"inLanguage\":\"en-GB\"},{\"@type\":\"Organization\",\"@id\":\"https:\/\/projekt.vombat.ee\/eco\/#organization\",\"name\":\"Ecocruiser\",\"url\":\"https:\/\/projekt.vombat.ee\/eco\/\",\"logo\":{\"@type\":\"ImageObject\",\"inLanguage\":\"en-GB\",\"@id\":\"https:\/\/projekt.vombat.ee\/eco\/#\/schema\/logo\/image\/\",\"url\":\"https:\/\/projekt.vombat.ee\/eco\/wp-content\/uploads\/2023\/03\/ECOCRUISER_5.png\",\"contentUrl\":\"https:\/\/projekt.vombat.ee\/eco\/wp-content\/uploads\/2023\/03\/ECOCRUISER_5.png\",\"width\":234,\"height\":91,\"caption\":\"Ecocruiser\"},\"image\":{\"@id\":\"https:\/\/projekt.vombat.ee\/eco\/#\/schema\/logo\/image\/\"}}]}<\/script>\n<!-- \/ Yoast SEO plugin. -->","yoast_head_json":{"title":"J\u00e4relmaks - Ecocruiser","robots":{"index":"noindex","follow":"follow","max-snippet":"max-snippet:-1","max-image-preview":"max-image-preview:large","max-video-preview":"max-video-preview:-1"},"og_locale":"en_GB","og_type":"article","og_title":"J\u00e4relmaks - Ecocruiser","og_description":"Inbank Inbanki makseviisid Inbanki makseviisid aitavad ostude eest veelgi\u00a0mugavamalt tasuda. Tasu oma ostu eest\u00a0alles j\u00e4rgmisel kuul v\u00f5i jaga ostusumma mitmeks v\u00f5rdseks osaks,\u00a0lihtsalt ja\u00a0ilma \u00fchegi lisatasuta. Inbanki makselahendused on nutikas viis soetada kohe k\u00f5ik, mida vajad, tegemata valikute\u00a0arvelt j\u00e4releandmisi. Ost kinnitatakse vaid m\u00f5ne hetkega. Leia sobiv makselahendus kassast ja vali endale sobivaim j\u00e4rgmistest valikutest. Inbank maksa j\u00e4rgmisel kuul &nbsp; Maksa j\u00e4rgmise\u2026","og_url":"https:\/\/projekt.vombat.ee\/eco\/jarelmaks\/","og_site_name":"Ecocruiser","article_modified_time":"2023-11-08T14:07:32+00:00","og_image":[{"url":"https:\/\/kehahooldus24.ee\/wp-content\/uploads\/2023\/10\/Picture1.png"}],"twitter_card":"summary_large_image","twitter_misc":{"Estimated reading time":"5 minutes"},"schema":{"@context":"https:\/\/schema.org","@graph":[{"@type":"WebPage","@id":"https:\/\/projekt.vombat.ee\/eco\/jarelmaks\/","url":"https:\/\/projekt.vombat.ee\/eco\/jarelmaks\/","name":"J\u00e4relmaks - Ecocruiser","isPartOf":{"@id":"https:\/\/projekt.vombat.ee\/eco\/#website"},"primaryImageOfPage":{"@id":"https:\/\/projekt.vombat.ee\/eco\/jarelmaks\/#primaryimage"},"image":{"@id":"https:\/\/projekt.vombat.ee\/eco\/jarelmaks\/#primaryimage"},"thumbnailUrl":"https:\/\/kehahooldus24.ee\/wp-content\/uploads\/2023\/10\/Picture1.png","datePublished":"2023-02-24T19:30:56+00:00","dateModified":"2023-11-08T14:07:32+00:00","breadcrumb":{"@id":"https:\/\/projekt.vombat.ee\/eco\/jarelmaks\/#breadcrumb"},"inLanguage":"en-GB","potentialAction":[{"@type":"ReadAction","target":["https:\/\/projekt.vombat.ee\/eco\/jarelmaks\/"]}]},{"@type":"ImageObject","inLanguage":"en-GB","@id":"https:\/\/projekt.vombat.ee\/eco\/jarelmaks\/#primaryimage","url":"https:\/\/kehahooldus24.ee\/wp-content\/uploads\/2023\/10\/Picture1.png","contentUrl":"https:\/\/kehahooldus24.ee\/wp-content\/uploads\/2023\/10\/Picture1.png"},{"@type":"BreadcrumbList","@id":"https:\/\/projekt.vombat.ee\/eco\/jarelmaks\/#breadcrumb","itemListElement":[{"@type":"ListItem","position":1,"name":"Home","item":"https:\/\/projekt.vombat.ee\/eco\/"},{"@type":"ListItem","position":2,"name":"J\u00e4relmaks"}]},{"@type":"WebSite","@id":"https:\/\/projekt.vombat.ee\/eco\/#website","url":"https:\/\/projekt.vombat.ee\/eco\/","name":"Ecocruiser","description":"","publisher":{"@id":"https:\/\/projekt.vombat.ee\/eco\/#organization"},"potentialAction":[{"@type":"SearchAction","target":{"@type":"EntryPoint","urlTemplate":"https:\/\/projekt.vombat.ee\/eco\/?s={search_term_string}"},"query-input":{"@type":"PropertyValueSpecification","valueRequired":true,"valueName":"search_term_string"}}],"inLanguage":"en-GB"},{"@type":"Organization","@id":"https:\/\/projekt.vombat.ee\/eco\/#organization","name":"Ecocruiser","url":"https:\/\/projekt.vombat.ee\/eco\/","logo":{"@type":"ImageObject","inLanguage":"en-GB","@id":"https:\/\/projekt.vombat.ee\/eco\/#\/schema\/logo\/image\/","url":"https:\/\/projekt.vombat.ee\/eco\/wp-content\/uploads\/2023\/03\/ECOCRUISER_5.png","contentUrl":"https:\/\/projekt.vombat.ee\/eco\/wp-content\/uploads\/2023\/03\/ECOCRUISER_5.png","width":234,"height":91,"caption":"Ecocruiser"},"image":{"@id":"https:\/\/projekt.vombat.ee\/eco\/#\/schema\/logo\/image\/"}}]}},"lang":"et","translations":{"et":2586,"ru":5141,"lv":5872,"fi":7209},"pll_sync_post":[],"_links":{"self":[{"href":"https:\/\/projekt.vombat.ee\/eco\/wp-json\/wp\/v2\/pages\/2586"}],"collection":[{"href":"https:\/\/projekt.vombat.ee\/eco\/wp-json\/wp\/v2\/pages"}],"about":[{"href":"https:\/\/projekt.vombat.ee\/eco\/wp-json\/wp\/v2\/types\/page"}],"author":[{"embeddable":true,"href":"https:\/\/projekt.vombat.ee\/eco\/wp-json\/wp\/v2\/users\/2"}],"replies":[{"embeddable":true,"href":"https:\/\/projekt.vombat.ee\/eco\/wp-json\/wp\/v2\/comments?post=2586"}],"version-history":[{"count":32,"href":"https:\/\/projekt.vombat.ee\/eco\/wp-json\/wp\/v2\/pages\/2586\/revisions"}],"predecessor-version":[{"id":16393,"href":"https:\/\/projekt.vombat.ee\/eco\/wp-json\/wp\/v2\/pages\/2586\/revisions\/16393"}],"wp:attachment":[{"href":"https:\/\/projekt.vombat.ee\/eco\/wp-json\/wp\/v2\/media?parent=2586"}],"curies":[{"name":"wp","href":"https:\/\/api.w.org\/{rel}","templated":true}]}}