{"id":2577,"date":"2023-02-24T19:13:13","date_gmt":"2023-02-24T19:13:13","guid":{"rendered":"https:\/\/projekt.vombat.ee\/eco\/?page_id=2577"},"modified":"2023-07-27T12:49:40","modified_gmt":"2023-07-27T12:49:40","slug":"kohaletoimetamine","status":"publish","type":"page","link":"https:\/\/projekt.vombat.ee\/eco\/kohaletoimetamine\/","title":{"rendered":"Kohaletoimetamine"},"content":{"rendered":"\t\t<div data-elementor-type=\"wp-page\" data-elementor-id=\"2577\" class=\"elementor elementor-2577\" data-elementor-post-type=\"page\">\n\t\t\t\t\t\t<section class=\"elementor-section elementor-top-section elementor-element elementor-element-23cb47c elementor-section-boxed elementor-section-height-default elementor-section-height-default\" data-id=\"23cb47c\" data-element_type=\"section\">\n\t\t\t\t\t\t<div class=\"elementor-container elementor-column-gap-default\">\n\t\t\t\t\t<div class=\"elementor-column elementor-col-100 elementor-top-column elementor-element elementor-element-2eed7c8\" data-id=\"2eed7c8\" data-element_type=\"column\">\n\t\t\t<div class=\"elementor-widget-wrap elementor-element-populated\">\n\t\t\t\t\t\t<div class=\"elementor-element elementor-element-d48a228 elementor-widget elementor-widget-text-editor\" data-id=\"d48a228\" data-element_type=\"widget\" data-widget_type=\"text-editor.default\">\n\t\t\t\t<div class=\"elementor-widget-container\">\n\t\t\t\t\t\t\t<h3 style=\"margin-top: 20px; margin-bottom: 20px; font-family: Rajdhani, sans-serif; color: #585858; font-size: 22px; line-height: 26px;\">Ecocruiser.eu poolt pakutavad tarnev\u00f5imalused<\/h3><p style=\"margin-top: 20px; margin-bottom: 20px; color: #000000; font-family: 'Open Sans', sans-serif; font-size: 14px;\"><span style=\"font-weight: bold;\">1. Eesti piires saadetiste k\u00e4ttetoimetamine:<\/span><\/p><p style=\"margin-top: 20px; margin-bottom: 20px; color: #000000; font-family: 'Open Sans', sans-serif; font-size: 14px;\"><span style=\"font-weight: bold;\">1.1 DPD kuller<\/span>\u00a0\u2013 kaup toimetatakse kliendi poolt soovitud aadressile \u00fcldjuhul 1-5 t\u00f6\u00f6p\u00e4eva jooksul.<br \/>\u00a0 \u00a0 \u00a0 Kulleri tasu on 7.99\u20ac \u00fche t\u00f5ukeratta v\u00f5i jalgratta kohta. Suurema koguse puhul tuleks esitada eelnevalt p\u00e4ring tarne maksumuse kohta. P\u00e4ringu saate esitada: info@projekt.vombat.ee<\/p><p style=\"margin-top: 20px; margin-bottom: 20px; color: #000000; font-family: 'Open Sans', sans-serif; font-size: 14px;\"><span style=\"font-weight: bold;\">2. Kauba saatmine v\u00e4lisriikidesse:<\/span><\/p><p style=\"margin-top: 20px; margin-bottom: 20px; font-family: 'Open Sans', sans-serif; font-size: 14px;\"><span style=\"color: #000000;\"><span style=\"font-weight: bold;\">2.1 Koost\u00f6\u00f6partneriks saadetise k\u00e4ttetoimetamiseks Soomes, L\u00e4tis ja Leedus<\/span>\u00a0on samuti DPD.<br \/>\u00a0 \u00a0 \u00a0 Maksimaalne tarneaeg kuni 14 p\u00e4eva.<br \/>\u00a0 \u00a0 \u00a0 K\u00fcsi transpordipakkumist info@projekt.vombat.ee\u00a0v\u00f5i tel +372 5<\/span><span style=\"color: #000000;\">6638381<\/span><\/p>\t\t\t\t\t\t<\/div>\n\t\t\t\t<\/div>\n\t\t\t\t\t<\/div>\n\t\t<\/div>\n\t\t\t\t\t<\/div>\n\t\t<\/section>\n\t\t\t\t<\/div>\n\t\t","protected":false},"excerpt":{"rendered":"<p>Ecocruiser.eu poolt pakutavad tarnev\u00f5imalused 1. Eesti piires saadetiste k\u00e4ttetoimetamine: 1.1 DPD kuller\u00a0\u2013 kaup toimetatakse kliendi poolt soovitud aadressile \u00fcldjuhul 1-5 t\u00f6\u00f6p\u00e4eva jooksul.\u00a0 \u00a0 \u00a0 Kulleri tasu on 7.99\u20ac \u00fche t\u00f5ukeratta v\u00f5i jalgratta kohta. Suurema koguse puhul tuleks esitada eelnevalt p\u00e4ring tarne maksumuse kohta. P\u00e4ringu saate esitada: info@projekt.vombat.ee 2. Kauba saatmine v\u00e4lisriikidesse: 2.1 Koost\u00f6\u00f6partneriks saadetise k\u00e4ttetoimetamiseks Soomes, L\u00e4tis ja Leedus\u00a0on samuti\u2026<\/p>\n","protected":false},"author":2,"featured_media":0,"parent":0,"menu_order":0,"comment_status":"closed","ping_status":"closed","template":"","meta":{"footnotes":""},"class_list":["post-2577","page","type-page","status-publish","hentry"],"yoast_head":"<!-- This site is optimized with the Yoast SEO plugin v23.8 - https:\/\/yoast.com\/wordpress\/plugins\/seo\/ -->\n<title>Kohaletoimetamine - Ecocruiser<\/title>\n<meta name=\"robots\" content=\"noindex, follow, max-snippet:-1, max-image-preview:large, max-video-preview:-1\" \/>\n<meta property=\"og:locale\" content=\"en_GB\" \/>\n<meta property=\"og:type\" content=\"article\" \/>\n<meta property=\"og:title\" content=\"Kohaletoimetamine - Ecocruiser\" \/>\n<meta property=\"og:description\" content=\"Ecocruiser.eu poolt pakutavad tarnev\u00f5imalused 1. Eesti piires saadetiste k\u00e4ttetoimetamine: 1.1 DPD kuller\u00a0\u2013 kaup toimetatakse kliendi poolt soovitud aadressile \u00fcldjuhul 1-5 t\u00f6\u00f6p\u00e4eva jooksul.\u00a0 \u00a0 \u00a0 Kulleri tasu on 7.99\u20ac \u00fche t\u00f5ukeratta v\u00f5i jalgratta kohta. Suurema koguse puhul tuleks esitada eelnevalt p\u00e4ring tarne maksumuse kohta. P\u00e4ringu saate esitada: info@projekt.vombat.ee 2. Kauba saatmine v\u00e4lisriikidesse: 2.1 Koost\u00f6\u00f6partneriks saadetise k\u00e4ttetoimetamiseks Soomes, L\u00e4tis ja Leedus\u00a0on samuti\u2026\" \/>\n<meta property=\"og:url\" content=\"https:\/\/projekt.vombat.ee\/eco\/kohaletoimetamine\/\" \/>\n<meta property=\"og:site_name\" content=\"Ecocruiser\" \/>\n<meta property=\"article:modified_time\" content=\"2023-07-27T12:49:40+00:00\" \/>\n<meta name=\"twitter:card\" content=\"summary_large_image\" \/>\n<meta name=\"twitter:label1\" content=\"Estimated reading time\" \/>\n\t<meta name=\"twitter:data1\" content=\"1 minute\" \/>\n<script type=\"application\/ld+json\" class=\"yoast-schema-graph\">{\"@context\":\"https:\/\/schema.org\",\"@graph\":[{\"@type\":\"WebPage\",\"@id\":\"https:\/\/projekt.vombat.ee\/eco\/kohaletoimetamine\/\",\"url\":\"https:\/\/projekt.vombat.ee\/eco\/kohaletoimetamine\/\",\"name\":\"Kohaletoimetamine - Ecocruiser\",\"isPartOf\":{\"@id\":\"https:\/\/projekt.vombat.ee\/eco\/#website\"},\"datePublished\":\"2023-02-24T19:13:13+00:00\",\"dateModified\":\"2023-07-27T12:49:40+00:00\",\"breadcrumb\":{\"@id\":\"https:\/\/projekt.vombat.ee\/eco\/kohaletoimetamine\/#breadcrumb\"},\"inLanguage\":\"en-GB\",\"potentialAction\":[{\"@type\":\"ReadAction\",\"target\":[\"https:\/\/projekt.vombat.ee\/eco\/kohaletoimetamine\/\"]}]},{\"@type\":\"BreadcrumbList\",\"@id\":\"https:\/\/projekt.vombat.ee\/eco\/kohaletoimetamine\/#breadcrumb\",\"itemListElement\":[{\"@type\":\"ListItem\",\"position\":1,\"name\":\"Home\",\"item\":\"https:\/\/projekt.vombat.ee\/eco\/\"},{\"@type\":\"ListItem\",\"position\":2,\"name\":\"Kohaletoimetamine\"}]},{\"@type\":\"WebSite\",\"@id\":\"https:\/\/projekt.vombat.ee\/eco\/#website\",\"url\":\"https:\/\/projekt.vombat.ee\/eco\/\",\"name\":\"Ecocruiser\",\"description\":\"\",\"publisher\":{\"@id\":\"https:\/\/projekt.vombat.ee\/eco\/#organization\"},\"potentialAction\":[{\"@type\":\"SearchAction\",\"target\":{\"@type\":\"EntryPoint\",\"urlTemplate\":\"https:\/\/projekt.vombat.ee\/eco\/?s={search_term_string}\"},\"query-input\":{\"@type\":\"PropertyValueSpecification\",\"valueRequired\":true,\"valueName\":\"search_term_string\"}}],\"inLanguage\":\"en-GB\"},{\"@type\":\"Organization\",\"@id\":\"https:\/\/projekt.vombat.ee\/eco\/#organization\",\"name\":\"Ecocruiser\",\"url\":\"https:\/\/projekt.vombat.ee\/eco\/\",\"logo\":{\"@type\":\"ImageObject\",\"inLanguage\":\"en-GB\",\"@id\":\"https:\/\/projekt.vombat.ee\/eco\/#\/schema\/logo\/image\/\",\"url\":\"https:\/\/projekt.vombat.ee\/eco\/wp-content\/uploads\/2023\/03\/ECOCRUISER_5.png\",\"contentUrl\":\"https:\/\/projekt.vombat.ee\/eco\/wp-content\/uploads\/2023\/03\/ECOCRUISER_5.png\",\"width\":234,\"height\":91,\"caption\":\"Ecocruiser\"},\"image\":{\"@id\":\"https:\/\/projekt.vombat.ee\/eco\/#\/schema\/logo\/image\/\"}}]}<\/script>\n<!-- \/ Yoast SEO plugin. -->","yoast_head_json":{"title":"Kohaletoimetamine - Ecocruiser","robots":{"index":"noindex","follow":"follow","max-snippet":"max-snippet:-1","max-image-preview":"max-image-preview:large","max-video-preview":"max-video-preview:-1"},"og_locale":"en_GB","og_type":"article","og_title":"Kohaletoimetamine - Ecocruiser","og_description":"Ecocruiser.eu poolt pakutavad tarnev\u00f5imalused 1. Eesti piires saadetiste k\u00e4ttetoimetamine: 1.1 DPD kuller\u00a0\u2013 kaup toimetatakse kliendi poolt soovitud aadressile \u00fcldjuhul 1-5 t\u00f6\u00f6p\u00e4eva jooksul.\u00a0 \u00a0 \u00a0 Kulleri tasu on 7.99\u20ac \u00fche t\u00f5ukeratta v\u00f5i jalgratta kohta. Suurema koguse puhul tuleks esitada eelnevalt p\u00e4ring tarne maksumuse kohta. P\u00e4ringu saate esitada: info@projekt.vombat.ee 2. Kauba saatmine v\u00e4lisriikidesse: 2.1 Koost\u00f6\u00f6partneriks saadetise k\u00e4ttetoimetamiseks Soomes, L\u00e4tis ja Leedus\u00a0on samuti\u2026","og_url":"https:\/\/projekt.vombat.ee\/eco\/kohaletoimetamine\/","og_site_name":"Ecocruiser","article_modified_time":"2023-07-27T12:49:40+00:00","twitter_card":"summary_large_image","twitter_misc":{"Estimated reading time":"1 minute"},"schema":{"@context":"https:\/\/schema.org","@graph":[{"@type":"WebPage","@id":"https:\/\/projekt.vombat.ee\/eco\/kohaletoimetamine\/","url":"https:\/\/projekt.vombat.ee\/eco\/kohaletoimetamine\/","name":"Kohaletoimetamine - Ecocruiser","isPartOf":{"@id":"https:\/\/projekt.vombat.ee\/eco\/#website"},"datePublished":"2023-02-24T19:13:13+00:00","dateModified":"2023-07-27T12:49:40+00:00","breadcrumb":{"@id":"https:\/\/projekt.vombat.ee\/eco\/kohaletoimetamine\/#breadcrumb"},"inLanguage":"en-GB","potentialAction":[{"@type":"ReadAction","target":["https:\/\/projekt.vombat.ee\/eco\/kohaletoimetamine\/"]}]},{"@type":"BreadcrumbList","@id":"https:\/\/projekt.vombat.ee\/eco\/kohaletoimetamine\/#breadcrumb","itemListElement":[{"@type":"ListItem","position":1,"name":"Home","item":"https:\/\/projekt.vombat.ee\/eco\/"},{"@type":"ListItem","position":2,"name":"Kohaletoimetamine"}]},{"@type":"WebSite","@id":"https:\/\/projekt.vombat.ee\/eco\/#website","url":"https:\/\/projekt.vombat.ee\/eco\/","name":"Ecocruiser","description":"","publisher":{"@id":"https:\/\/projekt.vombat.ee\/eco\/#organization"},"potentialAction":[{"@type":"SearchAction","target":{"@type":"EntryPoint","urlTemplate":"https:\/\/projekt.vombat.ee\/eco\/?s={search_term_string}"},"query-input":{"@type":"PropertyValueSpecification","valueRequired":true,"valueName":"search_term_string"}}],"inLanguage":"en-GB"},{"@type":"Organization","@id":"https:\/\/projekt.vombat.ee\/eco\/#organization","name":"Ecocruiser","url":"https:\/\/projekt.vombat.ee\/eco\/","logo":{"@type":"ImageObject","inLanguage":"en-GB","@id":"https:\/\/projekt.vombat.ee\/eco\/#\/schema\/logo\/image\/","url":"https:\/\/projekt.vombat.ee\/eco\/wp-content\/uploads\/2023\/03\/ECOCRUISER_5.png","contentUrl":"https:\/\/projekt.vombat.ee\/eco\/wp-content\/uploads\/2023\/03\/ECOCRUISER_5.png","width":234,"height":91,"caption":"Ecocruiser"},"image":{"@id":"https:\/\/projekt.vombat.ee\/eco\/#\/schema\/logo\/image\/"}}]}},"lang":"et","translations":{"et":2577,"ru":5139,"lv":5973,"fi":7215,"en":16312,"fr":17139},"pll_sync_post":[],"_links":{"self":[{"href":"https:\/\/projekt.vombat.ee\/eco\/wp-json\/wp\/v2\/pages\/2577"}],"collection":[{"href":"https:\/\/projekt.vombat.ee\/eco\/wp-json\/wp\/v2\/pages"}],"about":[{"href":"https:\/\/projekt.vombat.ee\/eco\/wp-json\/wp\/v2\/types\/page"}],"author":[{"embeddable":true,"href":"https:\/\/projekt.vombat.ee\/eco\/wp-json\/wp\/v2\/users\/2"}],"replies":[{"embeddable":true,"href":"https:\/\/projekt.vombat.ee\/eco\/wp-json\/wp\/v2\/comments?post=2577"}],"version-history":[{"count":11,"href":"https:\/\/projekt.vombat.ee\/eco\/wp-json\/wp\/v2\/pages\/2577\/revisions"}],"predecessor-version":[{"id":16311,"href":"https:\/\/projekt.vombat.ee\/eco\/wp-json\/wp\/v2\/pages\/2577\/revisions\/16311"}],"wp:attachment":[{"href":"https:\/\/projekt.vombat.ee\/eco\/wp-json\/wp\/v2\/media?parent=2577"}],"curies":[{"name":"wp","href":"https:\/\/api.w.org\/{rel}","templated":true}]}}