{"id":17143,"date":"2024-05-15T20:12:29","date_gmt":"2024-05-15T20:12:29","guid":{"rendered":"https:\/\/projekt.vombat.ee\/eco\/?page_id=17143"},"modified":"2024-05-15T20:12:29","modified_gmt":"2024-05-15T20:12:29","slug":"conditions-generales","status":"publish","type":"page","link":"https:\/\/projekt.vombat.ee\/eco\/fr\/conditions-generales\/","title":{"rendered":"CONDITIONS G\u00c9N\u00c9RALES"},"content":{"rendered":"<h1>CONDITIONS DE VENTE<\/h1>\n<p>1. VALIDIT\u00c9 DES CONDITIONS G\u00c9N\u00c9RALES DE VENTE<br \/>\n1.1. Les conditions g\u00e9n\u00e9rales de vente s&#8217;appliquent entre les clients de Ecocruiser.eu (ci-apr\u00e8s le client) et le propri\u00e9taire de Ecocruiser.eu SW Kah O\u00dc (n\u00b0 de registre 16811462, adresse de registre Harju maakond, Saue vald, Alliku k\u00fcla, Kriisa, 76403, ci-apr\u00e8s ecocruiser.eu) lors de l&#8217;achat de marchandises concernant des relations juridiques naissantes.<\/p>\n<p>1.2. Les conditions g\u00e9n\u00e9rales de vente ne peuvent \u00eatre en contradiction avec les normes juridiques en vigueur dans la R\u00e9publique d&#8217;Estonie et, si n\u00e9cessaire (en cas de litiges ou d&#8217;informations manquantes), ces normes ont \u00e9t\u00e9 compl\u00e9t\u00e9es.<\/p>\n<p>1.3. En plus de ces conditions g\u00e9n\u00e9rales de vente, les relations entre le client et ecocruiser.eu sont r\u00e9gies par les informations sur les produits, la liste de prix, les informations d&#8217;achat et les bonnes pratiques \u00e9tablies par ecocruiser.eu.<\/p>\n<p>1.4. Ecocruiser.eu se r\u00e9serve le droit de modifier unilat\u00e9ralement ces conditions et les prix des produits dans un but d&#8217;efficacit\u00e9, de comp\u00e9titivit\u00e9, de d\u00e9veloppement futur et de r\u00e9approvisionnement ou de r\u00e9organisation de la gamme de produits. Les modifications et les ajouts aux conditions et aux prix des produits entrent en vigueur \u00e0 partir du moment o\u00f9 l&#8217;information mentionn\u00e9e appara\u00eet sur le site web www.ecocruiser.eu. Si le client a pass\u00e9 sa commande avant l&#8217;entr\u00e9e en vigueur des modifications des conditions g\u00e9n\u00e9rales, les conditions g\u00e9n\u00e9rales en vigueur au moment o\u00f9 la commande a \u00e9t\u00e9 pass\u00e9e s&#8217;appliquent au client, sauf disposition contraire de la loi ou des pr\u00e9sentes conditions g\u00e9n\u00e9rales.<\/p>\n<p>1.5. Ecocruiser.eu et le Client souhaitent faire du commerce par le biais du site ecocruiser.eu dans les conditions \u00e9nonc\u00e9es dans le pr\u00e9sent document. En passant une commande sur le site ecocruiser.eu et en effectuant un paiement anticip\u00e9, le Client confirme qu&#8217;il a pris connaissance des conditions de vente et qu&#8217;il les accepte.<\/p>\n<p>1.6. Les images des produits sont illustratives.<\/p>\n<p>2. LISTE DE PRIX ECOCRUISER.EU<br \/>\n2.1. Les prix des produits vendus dans l&#8217;e-shop Ecocruiser.eu sont indiqu\u00e9s en euros et n&#8217;incluent pas les frais de livraison.<\/p>\n<p>2.2. Le prix de la livraison de la marchandise d\u00e9pend du mode de livraison choisi par le Client lors de la commande.<\/p>\n<p>2.3. Ecocruiser.eu se r\u00e9serve le droit d&#8217;adapter les prix. Si le Client a pass\u00e9 sa commande avant l&#8217;entr\u00e9e en vigueur de la modification de prix, le prix qui lui est applicable est celui qui figurait sur la facture de pr\u00e9paiement au moment de la passation de la commande.<\/p>\n<p>3. PANIER D&#8217;ACHAT ET FORMATION DE LA COMMANDE<br \/>\n3.1. Vous pouvez commander des produits dans notre magasin en ligne sans vous inscrire, mais des r\u00e9ductions suppl\u00e9mentaires peuvent \u00eatre accord\u00e9es aux utilisateurs inscrits. Le syst\u00e8me est s\u00fbr et pratique \u00e0 utiliser, et nous prot\u00e9geons les donn\u00e9es personnelles.<br \/>\n3.2. Pour passer une commande, les actions suivantes doivent \u00eatre effectu\u00e9es :<br \/>\n1) Ajouter le(s) produit(s) appropri\u00e9(s) au panier d&#8217;achat ;<br \/>\n2) Acc\u00e9der au panier en cliquant sur le bouton en forme de panier situ\u00e9 en haut de la page ;<br \/>\n3) Remplir les cases demand\u00e9es, s\u00e9lectionner le mode de transport et de paiement appropri\u00e9 ;<\/p>\n<p>4) Lisez les conditions g\u00e9n\u00e9rales d&#8217;achat et de vente et, si vous \u00eates d&#8217;accord, confirmez votre consentement ;<br \/>\n5) Cliquez sur le bouton &#8220;Soumettre la commande&#8221; et effectuez le paiement de la commande.<br \/>\nIl ne vous reste plus qu&#8217;\u00e0 attendre de recevoir la confirmation de votre commande par e-mail et votre commande commence \u00e0 \u00eatre compl\u00e9t\u00e9e.<\/p>\n<p>4.PAIEMENT DES MARCHANDISES COMMAND\u00c9ES<\/p>\n<p>4.1. Apr\u00e8s avoir pay\u00e9 votre achat, assurez-vous d&#8217;appuyer sur le bouton &#8220;Retour au marchand&#8221;.<\/p>\n<p>4.2. Vous pouvez payer votre commande rapidement et en toute s\u00e9curit\u00e9 sur notre site Web via des liens bancaires, des partenaires de paiement \u00e9chelonn\u00e9 et sur la base d&#8217;une facture\/facture \u00e9lectronique.<\/p>\n<p>4.2.1. Nous prenons en charge les liens bancaires suivants : Swedbank, SEB, banque LHV, banque Luminor et banque COOP. Les paiements sont m\u00e9dit\u00e9s par Gofain Marketing Agency O\u00dc.<\/p>\n<p>4.3. La commande sera trait\u00e9e d\u00e8s que le paiement effectu\u00e9 par vous aura \u00e9t\u00e9 int\u00e9gralement re\u00e7u sur le compte courant.<\/p>\n<p>4.4. Les frais de service li\u00e9s aux paiements sont \u00e0 la charge du client.<\/p>\n<p>5.LIVRAISON ET REMISE DES PRODUITS<\/p>\n<p>5.1. Si vous avez pay\u00e9 avec succ\u00e8s vos marchandises, vous recevrez un e-mail de confirmation de commande avec des informations d\u00e9taill\u00e9es. Si vous n&#8217;avez pas re\u00e7u cet e-mail, assurez-vous de contacter le service client. Ensuite, votre commande sera trait\u00e9e. Lorsque le produit est complet, il vous sera envoy\u00e9 et vous recevrez imm\u00e9diatement un e-mail indiquant &#8220;Votre commande a \u00e9t\u00e9 envoy\u00e9e&#8221;.<\/p>\n<p>5.1.1. NB ! Aucune livraison\/retrait les jours f\u00e9ri\u00e9s.<\/p>\n<p>5.2. Vous pouvez conna\u00eetre les m\u00e9thodes de livraison exactes et \u00e0 jour ainsi que leur co\u00fbt sur la page d&#8217;informations sur le transport. R\u00e9f\u00e9rence : Informations sur le transport 5.3. Si le client ne r\u00e9cup\u00e8re pas le colis \u00e0 temps et qu&#8217;il est retourn\u00e9 \u00e0 ecocruiser.eu, il incombe au client de payer les frais associ\u00e9s au retour et, si d\u00e9sir\u00e9, le co\u00fbt de renvoi.<\/p>\n<p>6.ANNULATION DE LA COMMANDE ET RETOUR DES PRODUITS<\/p>\n<p>6.1. Le client a le droit de se r\u00e9tracter du contrat et d&#8217;\u00e9changer ou de retourner les marchandises dans les 14 jours suivant la r\u00e9ception des marchandises command\u00e9es sans donner de raison. En cas de r\u00e9tractation du contrat, le client doit retourner les marchandises imm\u00e9diatement, mais au plus tard dans les 14 jours.<\/p>\n<p>6.2. Les marchandises peuvent \u00eatre essay\u00e9es et inspect\u00e9es pour en garantir l&#8217;ad\u00e9quation ou l&#8217;inad\u00e9quation, mais les marchandises et leur emballage doivent \u00eatre minimement affect\u00e9s pendant l&#8217;essai. L&#8217;essai signifie une utilisation \u00e9quivalente \u00e0 celle qui est habituelle dans les \u00e9tablissements de vente au d\u00e9tail avant de faire un achat.<\/p>\n<p>6.3. Le produit retourn\u00e9 doit \u00eatre dans son emballage d&#8217;origine, avec les marques d&#8217;origine et dans la m\u00eame complexit\u00e9 que lorsqu&#8217;il a \u00e9t\u00e9 remis au client. S&#8217;il est possible d&#8217;ouvrir l&#8217;emballage des marchandises sans endommager l&#8217;emballage, le client s&#8217;engage \u00e0 ouvrir l&#8217;emballage de cette mani\u00e8re. Si l&#8217;emballage d&#8217;origine des marchandises est endommag\u00e9 ou si l&#8217;utilisation des marchandises pendant la p\u00e9riode d&#8217;essai d\u00e9passe raisonnablement la mesure n\u00e9cessaire pour se familiariser avec les marchandises ou si les marchandises retourn\u00e9es ne sont pas dans un \u00e9tat similaire \u00e0 celui des nouvelles marchandises similaires, alors ecocruiser.eu a le droit de d\u00e9duire unilat\u00e9ralement la diminution de la valeur des marchandises du montant \u00e0 rembourser au client. correspondante compensation. Le montant de la compensation est d\u00e9termin\u00e9 \u00e0 chaque fois en fonction de l&#8217;ampleur de la possible diminution de la valeur des marchandises retourn\u00e9es, et le client est inform\u00e9 du montant de la compensation d\u00e8s que possible apr\u00e8s que le montant de la compensation est d\u00e9termin\u00e9.<\/p>\n<p>6.4. Les frais de retour des marchandises sont \u00e0 la charge du client, sauf si le motif du retour est que l&#8217;article \u00e0 retourner ne correspond pas \u00e0 ce qui a \u00e9t\u00e9 command\u00e9 (par exemple, un article incorrect ou d\u00e9fectueux).<\/p>\n<p>6.5. Le client doit retourner les marchandises dans les 14 jours suivant la soumission de la demande ou fournir la preuve qu&#8217;il a remis les marchandises au transporteur dans le d\u00e9lai susmentionn\u00e9.<\/p>\n<p>6.6. \u00c0 la r\u00e9ception des marchandises retourn\u00e9es, Ecocruiser.eu remboursera imm\u00e9diatement \u00e0 l&#8217;acheteur, mais au plus tard 14 jours apr\u00e8s r\u00e9ception de la r\u00e9tractation, tous les frais re\u00e7us de l&#8217;acheteur en vertu du contrat.<\/p>\n<p>6.7. Ecocruiser.eu peut refuser de rembourser tant que l&#8217;article faisant l&#8217;objet du contrat n&#8217;a pas \u00e9t\u00e9 retourn\u00e9 ou tant que le client n&#8217;a pas fourni de preuve de retour de l&#8217;article, selon ce qui se produit en premier.<\/p>\n<p>6.8. Si le client a explicitement choisi une m\u00e9thode de livraison autre que la m\u00e9thode de livraison standard la moins ch\u00e8re propos\u00e9e par Ecocruiser.eu, ecocruiser.eu n&#8217;est pas tenu de rembourser au consommateur le co\u00fbt d\u00e9passant le co\u00fbt associ\u00e9 \u00e0 la m\u00e9thode de livraison standard.<\/p>\n<p>6.9. Ecocruiser.eu a le droit de se retirer de la transaction de vente et de demander le retour des marchandises au client si le prix des marchandises dans la boutique en ligne est nettement inf\u00e9rieur au prix du march\u00e9 des marchandises en raison d&#8217;une erreur.<\/p>\n<p>6.10. Pour se r\u00e9tracter des marchandises, le client doit remplir une demande de r\u00e9tractation des marchandises, disponible ici : Demande de retour des marchandises 6.11. Apr\u00e8s avoir soumis la demande, vous pouvez envoyer les marchandises \u00e0 Haaberst Smartpost ou au distributeur automatique Omniva Haaberst rim au +372 566338381, ou dans le cas d&#8217;un article plus volumineux, le retourner \u00e0 notre bureau \u00e0 Meistri 16-304, 13517 Tallinn.<\/p>\n<p>6.12. Le d\u00e9lai de pr\u00e9sentation des r\u00e9clamations est de 2 ans. \u00c0 cet \u00e9gard, il convient de tenir compte du fait que si les marchandises pr\u00e9sentent des d\u00e9fauts dans les 6 mois suivant leur achat, il est pr\u00e9sum\u00e9 qu&#8217;ils \u00e9taient d\u00e9j\u00e0 pr\u00e9sents au moment de l&#8217;achat, sauf preuve du contraire par Ecocruiser.eu. Apr\u00e8s que la p\u00e9riode de 6 mois se soit \u00e9coul\u00e9e depuis l&#8217;achat des marchandises, le consommateur doit prouver qu&#8217;il s&#8217;agit d&#8217;une erreur de fabrication, et non d&#8217;un d\u00e9faut caus\u00e9 par une utilisation incorrecte du consommateur.<\/p>\n<p>6.13. En cas de d\u00e9faut, le client a le droit de contacter la boutique en ligne dans un d\u00e9lai de deux mois au plus tard en envoyant un e-mail \u00e0 <a target=\"_new\" rel=\"noreferrer noopener\">info@projekt.vombat.ee<\/a> ou en appelant le t\u00e9l\u00e9phone : +372 56638381. Ecocruiser.eu r\u00e9pondra \u00e0 la r\u00e9clamation du consommateur par \u00e9crit ou sous une forme permettant une reproduction \u00e9crite dans un d\u00e9lai de 15 jours. 6.14. Si les marchandises command\u00e9es ne peuvent \u00eatre livr\u00e9es en raison de l&#8217;\u00e9puisement des stocks ou pour toute autre raison, l&#8217;acheteur en sera inform\u00e9 d\u00e8s que possible et l&#8217;argent pay\u00e9 (y compris les co\u00fbts de livraison des marchandises) sera rembours\u00e9, g\u00e9n\u00e9ralement dans un d\u00e9lai de 1 \u00e0 2 jours ouvrables. En fonction du mode de paiement, cela peut prendre jusqu&#8217;\u00e0 7 jours ouvrables pour arriver.<\/p>\n<p>7.RESPONSABILIT\u00c9 ET FORCE MAJEURE<\/p>\n<p>7.1. Ecocruiser.eu est responsable envers le client pour les dommages caus\u00e9s par ecocruiser.eu en violation de ces conditions g\u00e9n\u00e9rales dans les cas et dans la mesure pr\u00e9vue par la l\u00e9gislation en vigueur en R\u00e9publique d&#8217;Estonie.<\/p>\n<p>7.2. Le client est responsable envers ecocruiser.eu pour les dommages caus\u00e9s par la violation par le client de ces conditions g\u00e9n\u00e9rales dans les cas et dans la mesure pr\u00e9vue par la l\u00e9gislation en vigueur en R\u00e9publique d&#8217;Estonie.<\/p>\n<p>7.3. Aucune des parties ne sera responsable envers l&#8217;autre partie, et son comportement ne sera pas consid\u00e9r\u00e9 comme une violation de ces conditions g\u00e9n\u00e9rales en raison du retard dans l&#8217;ex\u00e9cution de l&#8217;une de ses obligations ou de sa non-ex\u00e9cution, si la raison dudit retard ou de ladite non-ex\u00e9cution n&#8217;\u00e9tait pas sous le contr\u00f4le de ladite partie (force majeure).<\/p>\n<p>7.4. Ecocruiser.eu ne compense pas le client pour les co\u00fbts d\u00e9coulant du fait que le client a assum\u00e9 des obligations envers des tiers (ind\u00e9pendamment d&#8217;Ecocruiser.eu) dans des conditions qui ne sont pas conformes \u00e0 ces conditions g\u00e9n\u00e9rales.<\/p>\n<p>8.AUTRES DISPOSITIONS<\/p>\n<p>8.1. Ecocruiser.eu utilise les donn\u00e9es personnelles fournies par le client uniquement pour ex\u00e9cuter la commande d&#8217;achat du client. Les donn\u00e9es sont trait\u00e9es de mani\u00e8re confidentielle et ne sont pas divulgu\u00e9es \u00e0 des tiers, sauf si la m\u00e9thode de livraison choisie par le client l&#8217;exige et dans les cas pr\u00e9vus par la loi.<\/p>\n<p>8.2. Ecocruiser.eu se r\u00e9serve le droit d&#8217;envoyer au client des informations sur les nouveaux produits et les offres sp\u00e9ciales si le client s&#8217;est abonn\u00e9 \u00e0 la newsletter ecocruiser.eu. Le client a le droit de demander la suppression de ses donn\u00e9es de la base de donn\u00e9es ecocruiser.eu.<\/p>\n<p>8.3. En ce qui concerne les questions non r\u00e9gies par ces conditions, le client et ecocruiser.eu sont guid\u00e9s par la l\u00e9gislation en vigueur en R\u00e9publique d&#8217;Estonie et par d&#8217;autres textes r\u00e9glementant les relations entre les parties.<\/p>\n<p>8.4. Les d\u00e9saccords et les litiges d\u00e9coulant de l&#8217;ex\u00e9cution de ces conditions g\u00e9n\u00e9rales seront r\u00e9solus par les parties principalement par des n\u00e9gociations. Si les litiges d\u00e9coulant de l&#8217;accord ne peuvent pas \u00eatre r\u00e9solus par des n\u00e9gociations entre les parties, tant le client que ecocruiser.eu ont le droit de s&#8217;adresser au Bureau de protection des consommateurs ou au tribunal pour la protection de leurs droits. De plus, la plateforme ODR (R\u00e8glement des litiges en ligne) de l&#8217;Union europ\u00e9enne est ouverte \u00e0 tous les clients pour r\u00e9soudre les plaintes avec les commer\u00e7ants \u00e9lectroniques \u00e0 l&#8217;adresse <a href=\"http:\/\/ec.europa.eu\/odr\" target=\"_new\" rel=\"noreferrer noopener\">http:\/\/ec.europa.eu\/odr<\/a>.<\/p>\n<p>9.DISPOSITIONS FINALES<\/p>\n<p>9.1. La loi estonienne s&#8217;applique \u00e0 ces conditions de commande et aux contrats de vente de la boutique en ligne ecocruiser.eu. Si une disposition des conditions de commande est invalide, cela n&#8217;affecte pas la validit\u00e9 du reste des conditions de commande ou du contrat de vente. Une disposition nulle est remplac\u00e9e par une disposition l\u00e9gale qui est l\u00e9galement et \u00e9conomiquement la plus proche de la disposition nulle.<\/p>\n","protected":false},"excerpt":{"rendered":"<p>CONDITIONS DE VENTE 1. VALIDIT\u00c9 DES CONDITIONS G\u00c9N\u00c9RALES DE VENTE 1.1. Les conditions g\u00e9n\u00e9rales de vente s&#8217;appliquent entre les clients de Ecocruiser.eu (ci-apr\u00e8s le client) et le propri\u00e9taire de Ecocruiser.eu SW Kah O\u00dc (n\u00b0 de registre 16811462, adresse de registre Harju maakond, Saue vald, Alliku k\u00fcla, Kriisa, 76403, ci-apr\u00e8s ecocruiser.eu) lors de l&#8217;achat de marchandises concernant des relations juridiques naissantes.\u2026<\/p>\n","protected":false},"author":72,"featured_media":0,"parent":0,"menu_order":0,"comment_status":"closed","ping_status":"closed","template":"","meta":{"footnotes":""},"class_list":["post-17143","page","type-page","status-publish","hentry"],"yoast_head":"<!-- This site is optimized with the Yoast SEO plugin v23.8 - https:\/\/yoast.com\/wordpress\/plugins\/seo\/ -->\n<title>CONDITIONS G\u00c9N\u00c9RALES - Ecocruiser<\/title>\n<meta name=\"robots\" content=\"noindex, follow, max-snippet:-1, max-image-preview:large, max-video-preview:-1\" \/>\n<meta property=\"og:locale\" content=\"en_GB\" \/>\n<meta property=\"og:type\" content=\"article\" \/>\n<meta property=\"og:title\" content=\"CONDITIONS G\u00c9N\u00c9RALES - Ecocruiser\" \/>\n<meta property=\"og:description\" content=\"CONDITIONS DE VENTE 1. VALIDIT\u00c9 DES CONDITIONS G\u00c9N\u00c9RALES DE VENTE 1.1. Les conditions g\u00e9n\u00e9rales de vente s&#8217;appliquent entre les clients de Ecocruiser.eu (ci-apr\u00e8s le client) et le propri\u00e9taire de Ecocruiser.eu SW Kah O\u00dc (n\u00b0 de registre 16811462, adresse de registre Harju maakond, Saue vald, Alliku k\u00fcla, Kriisa, 76403, ci-apr\u00e8s ecocruiser.eu) lors de l&#8217;achat de marchandises concernant des relations juridiques naissantes.\u2026\" \/>\n<meta property=\"og:url\" content=\"https:\/\/projekt.vombat.ee\/eco\/fr\/conditions-generales\/\" \/>\n<meta property=\"og:site_name\" content=\"Ecocruiser\" \/>\n<meta name=\"twitter:card\" content=\"summary_large_image\" \/>\n<meta name=\"twitter:label1\" content=\"Estimated reading time\" \/>\n\t<meta name=\"twitter:data1\" content=\"9 minutes\" \/>\n<script type=\"application\/ld+json\" class=\"yoast-schema-graph\">{\"@context\":\"https:\/\/schema.org\",\"@graph\":[{\"@type\":\"WebPage\",\"@id\":\"https:\/\/projekt.vombat.ee\/eco\/fr\/conditions-generales\/\",\"url\":\"https:\/\/projekt.vombat.ee\/eco\/fr\/conditions-generales\/\",\"name\":\"CONDITIONS G\u00c9N\u00c9RALES - Ecocruiser\",\"isPartOf\":{\"@id\":\"https:\/\/projekt.vombat.ee\/eco\/#website\"},\"datePublished\":\"2024-05-15T20:12:29+00:00\",\"dateModified\":\"2024-05-15T20:12:29+00:00\",\"breadcrumb\":{\"@id\":\"https:\/\/projekt.vombat.ee\/eco\/fr\/conditions-generales\/#breadcrumb\"},\"inLanguage\":\"en-GB\",\"potentialAction\":[{\"@type\":\"ReadAction\",\"target\":[\"https:\/\/projekt.vombat.ee\/eco\/fr\/conditions-generales\/\"]}]},{\"@type\":\"BreadcrumbList\",\"@id\":\"https:\/\/projekt.vombat.ee\/eco\/fr\/conditions-generales\/#breadcrumb\",\"itemListElement\":[{\"@type\":\"ListItem\",\"position\":1,\"name\":\"Home\",\"item\":\"https:\/\/projekt.vombat.ee\/eco\/\"},{\"@type\":\"ListItem\",\"position\":2,\"name\":\"CONDITIONS G\u00c9N\u00c9RALES\"}]},{\"@type\":\"WebSite\",\"@id\":\"https:\/\/projekt.vombat.ee\/eco\/#website\",\"url\":\"https:\/\/projekt.vombat.ee\/eco\/\",\"name\":\"Ecocruiser\",\"description\":\"\",\"publisher\":{\"@id\":\"https:\/\/projekt.vombat.ee\/eco\/#organization\"},\"potentialAction\":[{\"@type\":\"SearchAction\",\"target\":{\"@type\":\"EntryPoint\",\"urlTemplate\":\"https:\/\/projekt.vombat.ee\/eco\/?s={search_term_string}\"},\"query-input\":{\"@type\":\"PropertyValueSpecification\",\"valueRequired\":true,\"valueName\":\"search_term_string\"}}],\"inLanguage\":\"en-GB\"},{\"@type\":\"Organization\",\"@id\":\"https:\/\/projekt.vombat.ee\/eco\/#organization\",\"name\":\"Ecocruiser\",\"url\":\"https:\/\/projekt.vombat.ee\/eco\/\",\"logo\":{\"@type\":\"ImageObject\",\"inLanguage\":\"en-GB\",\"@id\":\"https:\/\/projekt.vombat.ee\/eco\/#\/schema\/logo\/image\/\",\"url\":\"https:\/\/projekt.vombat.ee\/eco\/wp-content\/uploads\/2023\/03\/ECOCRUISER_5.png\",\"contentUrl\":\"https:\/\/projekt.vombat.ee\/eco\/wp-content\/uploads\/2023\/03\/ECOCRUISER_5.png\",\"width\":234,\"height\":91,\"caption\":\"Ecocruiser\"},\"image\":{\"@id\":\"https:\/\/projekt.vombat.ee\/eco\/#\/schema\/logo\/image\/\"}}]}<\/script>\n<!-- \/ Yoast SEO plugin. -->","yoast_head_json":{"title":"CONDITIONS G\u00c9N\u00c9RALES - Ecocruiser","robots":{"index":"noindex","follow":"follow","max-snippet":"max-snippet:-1","max-image-preview":"max-image-preview:large","max-video-preview":"max-video-preview:-1"},"og_locale":"en_GB","og_type":"article","og_title":"CONDITIONS G\u00c9N\u00c9RALES - Ecocruiser","og_description":"CONDITIONS DE VENTE 1. VALIDIT\u00c9 DES CONDITIONS G\u00c9N\u00c9RALES DE VENTE 1.1. Les conditions g\u00e9n\u00e9rales de vente s&#8217;appliquent entre les clients de Ecocruiser.eu (ci-apr\u00e8s le client) et le propri\u00e9taire de Ecocruiser.eu SW Kah O\u00dc (n\u00b0 de registre 16811462, adresse de registre Harju maakond, Saue vald, Alliku k\u00fcla, Kriisa, 76403, ci-apr\u00e8s ecocruiser.eu) lors de l&#8217;achat de marchandises concernant des relations juridiques naissantes.\u2026","og_url":"https:\/\/projekt.vombat.ee\/eco\/fr\/conditions-generales\/","og_site_name":"Ecocruiser","twitter_card":"summary_large_image","twitter_misc":{"Estimated reading time":"9 minutes"},"schema":{"@context":"https:\/\/schema.org","@graph":[{"@type":"WebPage","@id":"https:\/\/projekt.vombat.ee\/eco\/fr\/conditions-generales\/","url":"https:\/\/projekt.vombat.ee\/eco\/fr\/conditions-generales\/","name":"CONDITIONS G\u00c9N\u00c9RALES - Ecocruiser","isPartOf":{"@id":"https:\/\/projekt.vombat.ee\/eco\/#website"},"datePublished":"2024-05-15T20:12:29+00:00","dateModified":"2024-05-15T20:12:29+00:00","breadcrumb":{"@id":"https:\/\/projekt.vombat.ee\/eco\/fr\/conditions-generales\/#breadcrumb"},"inLanguage":"en-GB","potentialAction":[{"@type":"ReadAction","target":["https:\/\/projekt.vombat.ee\/eco\/fr\/conditions-generales\/"]}]},{"@type":"BreadcrumbList","@id":"https:\/\/projekt.vombat.ee\/eco\/fr\/conditions-generales\/#breadcrumb","itemListElement":[{"@type":"ListItem","position":1,"name":"Home","item":"https:\/\/projekt.vombat.ee\/eco\/"},{"@type":"ListItem","position":2,"name":"CONDITIONS G\u00c9N\u00c9RALES"}]},{"@type":"WebSite","@id":"https:\/\/projekt.vombat.ee\/eco\/#website","url":"https:\/\/projekt.vombat.ee\/eco\/","name":"Ecocruiser","description":"","publisher":{"@id":"https:\/\/projekt.vombat.ee\/eco\/#organization"},"potentialAction":[{"@type":"SearchAction","target":{"@type":"EntryPoint","urlTemplate":"https:\/\/projekt.vombat.ee\/eco\/?s={search_term_string}"},"query-input":{"@type":"PropertyValueSpecification","valueRequired":true,"valueName":"search_term_string"}}],"inLanguage":"en-GB"},{"@type":"Organization","@id":"https:\/\/projekt.vombat.ee\/eco\/#organization","name":"Ecocruiser","url":"https:\/\/projekt.vombat.ee\/eco\/","logo":{"@type":"ImageObject","inLanguage":"en-GB","@id":"https:\/\/projekt.vombat.ee\/eco\/#\/schema\/logo\/image\/","url":"https:\/\/projekt.vombat.ee\/eco\/wp-content\/uploads\/2023\/03\/ECOCRUISER_5.png","contentUrl":"https:\/\/projekt.vombat.ee\/eco\/wp-content\/uploads\/2023\/03\/ECOCRUISER_5.png","width":234,"height":91,"caption":"Ecocruiser"},"image":{"@id":"https:\/\/projekt.vombat.ee\/eco\/#\/schema\/logo\/image\/"}}]}},"lang":"fr","translations":{"fr":17143,"ru":5136,"et":1902,"lv":5860,"fi":7237,"en":12175},"pll_sync_post":[],"_links":{"self":[{"href":"https:\/\/projekt.vombat.ee\/eco\/wp-json\/wp\/v2\/pages\/17143"}],"collection":[{"href":"https:\/\/projekt.vombat.ee\/eco\/wp-json\/wp\/v2\/pages"}],"about":[{"href":"https:\/\/projekt.vombat.ee\/eco\/wp-json\/wp\/v2\/types\/page"}],"author":[{"embeddable":true,"href":"https:\/\/projekt.vombat.ee\/eco\/wp-json\/wp\/v2\/users\/72"}],"replies":[{"embeddable":true,"href":"https:\/\/projekt.vombat.ee\/eco\/wp-json\/wp\/v2\/comments?post=17143"}],"version-history":[{"count":1,"href":"https:\/\/projekt.vombat.ee\/eco\/wp-json\/wp\/v2\/pages\/17143\/revisions"}],"predecessor-version":[{"id":17145,"href":"https:\/\/projekt.vombat.ee\/eco\/wp-json\/wp\/v2\/pages\/17143\/revisions\/17145"}],"wp:attachment":[{"href":"https:\/\/projekt.vombat.ee\/eco\/wp-json\/wp\/v2\/media?parent=17143"}],"curies":[{"name":"wp","href":"https:\/\/api.w.org\/{rel}","templated":true}]}}