{"id":17139,"date":"2024-05-15T20:12:36","date_gmt":"2024-05-15T20:12:36","guid":{"rendered":"https:\/\/projekt.vombat.ee\/eco\/?page_id=17139"},"modified":"2024-05-15T20:12:36","modified_gmt":"2024-05-15T20:12:36","slug":"informations-expedition","status":"publish","type":"page","link":"https:\/\/projekt.vombat.ee\/eco\/fr\/informations-expedition\/","title":{"rendered":"Informations sur l&#8217;exp\u00e9dition"},"content":{"rendered":"<h1 style=\"text-align: center;\">Exp\u00e9dition<\/h1>\n<p><strong>Nous prenons en charge l&#8217;exp\u00e9dition rapide en franchise de droits pour ces 25 pays de l&#8217;UE :<\/strong><\/p>\n<p>Danemark, Espagne, Irlande, Pays-Bas, Portugal, Lituanie, Hongrie, Slovaquie, Finlande, Bulgarie, Croatie, Autriche, Italie, Su\u00e8de, France, R\u00e9publique tch\u00e8que, Belgique, Pologne, Gr\u00e8ce, Allemagne, Luxembourg, Lettonie, Slov\u00e9nie, Roumanie.<\/p>\n<p><strong>Toutes les commandes de l&#8217;UE sont exemptes de frais de port :<\/strong><\/p>\n<p>Nous exp\u00e9dions votre commande par l&#8217;interm\u00e9diaire d&#8217;une soci\u00e9t\u00e9 locale de transport express UPS, DHL ou DPD.<\/p>\n<p>Le d\u00e9lai de traitement est de 12 \u00e0 24 heures, apr\u00e8s quoi votre commande sera exp\u00e9di\u00e9e. (du lundi au vendredi)<\/p>\n<p>Notre objectif est de nous assurer que votre commande est trait\u00e9e rapidement et efficacement.<\/p>\n<p>Veuillez pr\u00e9voir un d\u00e9lai de 3 \u00e0 7 jours pour l&#8217;arriv\u00e9e de votre commande \u00e0 votre adresse.<\/p>\n<p>Si vous souhaitez conna\u00eetre les informations relatives \u00e0 l&#8217;exp\u00e9dition, vous pouvez nous contacter en laissant un message \u00e0 info@projekt.vombat.ee. Nous vous r\u00e9pondrons dans les 24 heures.<\/p>\n","protected":false},"excerpt":{"rendered":"<p>Exp\u00e9dition Nous prenons en charge l&#8217;exp\u00e9dition rapide en franchise de droits pour ces 25 pays de l&#8217;UE : Danemark, Espagne, Irlande, Pays-Bas, Portugal, Lituanie, Hongrie, Slovaquie, Finlande, Bulgarie, Croatie, Autriche, Italie, Su\u00e8de, France, R\u00e9publique tch\u00e8que, Belgique, Pologne, Gr\u00e8ce, Allemagne, Luxembourg, Lettonie, Slov\u00e9nie, Roumanie. Toutes les commandes de l&#8217;UE sont exemptes de frais de port : Nous exp\u00e9dions votre commande par\u2026<\/p>\n","protected":false},"author":72,"featured_media":0,"parent":0,"menu_order":0,"comment_status":"closed","ping_status":"closed","template":"","meta":{"footnotes":""},"class_list":["post-17139","page","type-page","status-publish","hentry"],"yoast_head":"<!-- This site is optimized with the Yoast SEO plugin v23.8 - https:\/\/yoast.com\/wordpress\/plugins\/seo\/ -->\n<title>Informations sur l&#039;exp\u00e9dition - Ecocruiser<\/title>\n<meta name=\"robots\" content=\"noindex, follow, max-snippet:-1, max-image-preview:large, max-video-preview:-1\" \/>\n<meta property=\"og:locale\" content=\"en_GB\" \/>\n<meta property=\"og:type\" content=\"article\" \/>\n<meta property=\"og:title\" content=\"Informations sur l&#039;exp\u00e9dition - Ecocruiser\" \/>\n<meta property=\"og:description\" content=\"Exp\u00e9dition Nous prenons en charge l&#8217;exp\u00e9dition rapide en franchise de droits pour ces 25 pays de l&#8217;UE : Danemark, Espagne, Irlande, Pays-Bas, Portugal, Lituanie, Hongrie, Slovaquie, Finlande, Bulgarie, Croatie, Autriche, Italie, Su\u00e8de, France, R\u00e9publique tch\u00e8que, Belgique, Pologne, Gr\u00e8ce, Allemagne, Luxembourg, Lettonie, Slov\u00e9nie, Roumanie. Toutes les commandes de l&#8217;UE sont exemptes de frais de port : Nous exp\u00e9dions votre commande par\u2026\" \/>\n<meta property=\"og:url\" content=\"https:\/\/projekt.vombat.ee\/eco\/fr\/informations-expedition\/\" \/>\n<meta property=\"og:site_name\" content=\"Ecocruiser\" \/>\n<meta name=\"twitter:card\" content=\"summary_large_image\" \/>\n<meta name=\"twitter:label1\" content=\"Estimated reading time\" \/>\n\t<meta name=\"twitter:data1\" content=\"1 minute\" \/>\n<script type=\"application\/ld+json\" class=\"yoast-schema-graph\">{\"@context\":\"https:\/\/schema.org\",\"@graph\":[{\"@type\":\"WebPage\",\"@id\":\"https:\/\/projekt.vombat.ee\/eco\/fr\/informations-expedition\/\",\"url\":\"https:\/\/projekt.vombat.ee\/eco\/fr\/informations-expedition\/\",\"name\":\"Informations sur l'exp\u00e9dition - Ecocruiser\",\"isPartOf\":{\"@id\":\"https:\/\/projekt.vombat.ee\/eco\/#website\"},\"datePublished\":\"2024-05-15T20:12:36+00:00\",\"dateModified\":\"2024-05-15T20:12:36+00:00\",\"breadcrumb\":{\"@id\":\"https:\/\/projekt.vombat.ee\/eco\/fr\/informations-expedition\/#breadcrumb\"},\"inLanguage\":\"en-GB\",\"potentialAction\":[{\"@type\":\"ReadAction\",\"target\":[\"https:\/\/projekt.vombat.ee\/eco\/fr\/informations-expedition\/\"]}]},{\"@type\":\"BreadcrumbList\",\"@id\":\"https:\/\/projekt.vombat.ee\/eco\/fr\/informations-expedition\/#breadcrumb\",\"itemListElement\":[{\"@type\":\"ListItem\",\"position\":1,\"name\":\"Home\",\"item\":\"https:\/\/projekt.vombat.ee\/eco\/\"},{\"@type\":\"ListItem\",\"position\":2,\"name\":\"Informations sur l&#8217;exp\u00e9dition\"}]},{\"@type\":\"WebSite\",\"@id\":\"https:\/\/projekt.vombat.ee\/eco\/#website\",\"url\":\"https:\/\/projekt.vombat.ee\/eco\/\",\"name\":\"Ecocruiser\",\"description\":\"\",\"publisher\":{\"@id\":\"https:\/\/projekt.vombat.ee\/eco\/#organization\"},\"potentialAction\":[{\"@type\":\"SearchAction\",\"target\":{\"@type\":\"EntryPoint\",\"urlTemplate\":\"https:\/\/projekt.vombat.ee\/eco\/?s={search_term_string}\"},\"query-input\":{\"@type\":\"PropertyValueSpecification\",\"valueRequired\":true,\"valueName\":\"search_term_string\"}}],\"inLanguage\":\"en-GB\"},{\"@type\":\"Organization\",\"@id\":\"https:\/\/projekt.vombat.ee\/eco\/#organization\",\"name\":\"Ecocruiser\",\"url\":\"https:\/\/projekt.vombat.ee\/eco\/\",\"logo\":{\"@type\":\"ImageObject\",\"inLanguage\":\"en-GB\",\"@id\":\"https:\/\/projekt.vombat.ee\/eco\/#\/schema\/logo\/image\/\",\"url\":\"https:\/\/projekt.vombat.ee\/eco\/wp-content\/uploads\/2023\/03\/ECOCRUISER_5.png\",\"contentUrl\":\"https:\/\/projekt.vombat.ee\/eco\/wp-content\/uploads\/2023\/03\/ECOCRUISER_5.png\",\"width\":234,\"height\":91,\"caption\":\"Ecocruiser\"},\"image\":{\"@id\":\"https:\/\/projekt.vombat.ee\/eco\/#\/schema\/logo\/image\/\"}}]}<\/script>\n<!-- \/ Yoast SEO plugin. -->","yoast_head_json":{"title":"Informations sur l'exp\u00e9dition - Ecocruiser","robots":{"index":"noindex","follow":"follow","max-snippet":"max-snippet:-1","max-image-preview":"max-image-preview:large","max-video-preview":"max-video-preview:-1"},"og_locale":"en_GB","og_type":"article","og_title":"Informations sur l'exp\u00e9dition - Ecocruiser","og_description":"Exp\u00e9dition Nous prenons en charge l&#8217;exp\u00e9dition rapide en franchise de droits pour ces 25 pays de l&#8217;UE : Danemark, Espagne, Irlande, Pays-Bas, Portugal, Lituanie, Hongrie, Slovaquie, Finlande, Bulgarie, Croatie, Autriche, Italie, Su\u00e8de, France, R\u00e9publique tch\u00e8que, Belgique, Pologne, Gr\u00e8ce, Allemagne, Luxembourg, Lettonie, Slov\u00e9nie, Roumanie. Toutes les commandes de l&#8217;UE sont exemptes de frais de port : Nous exp\u00e9dions votre commande par\u2026","og_url":"https:\/\/projekt.vombat.ee\/eco\/fr\/informations-expedition\/","og_site_name":"Ecocruiser","twitter_card":"summary_large_image","twitter_misc":{"Estimated reading time":"1 minute"},"schema":{"@context":"https:\/\/schema.org","@graph":[{"@type":"WebPage","@id":"https:\/\/projekt.vombat.ee\/eco\/fr\/informations-expedition\/","url":"https:\/\/projekt.vombat.ee\/eco\/fr\/informations-expedition\/","name":"Informations sur l'exp\u00e9dition - Ecocruiser","isPartOf":{"@id":"https:\/\/projekt.vombat.ee\/eco\/#website"},"datePublished":"2024-05-15T20:12:36+00:00","dateModified":"2024-05-15T20:12:36+00:00","breadcrumb":{"@id":"https:\/\/projekt.vombat.ee\/eco\/fr\/informations-expedition\/#breadcrumb"},"inLanguage":"en-GB","potentialAction":[{"@type":"ReadAction","target":["https:\/\/projekt.vombat.ee\/eco\/fr\/informations-expedition\/"]}]},{"@type":"BreadcrumbList","@id":"https:\/\/projekt.vombat.ee\/eco\/fr\/informations-expedition\/#breadcrumb","itemListElement":[{"@type":"ListItem","position":1,"name":"Home","item":"https:\/\/projekt.vombat.ee\/eco\/"},{"@type":"ListItem","position":2,"name":"Informations sur l&#8217;exp\u00e9dition"}]},{"@type":"WebSite","@id":"https:\/\/projekt.vombat.ee\/eco\/#website","url":"https:\/\/projekt.vombat.ee\/eco\/","name":"Ecocruiser","description":"","publisher":{"@id":"https:\/\/projekt.vombat.ee\/eco\/#organization"},"potentialAction":[{"@type":"SearchAction","target":{"@type":"EntryPoint","urlTemplate":"https:\/\/projekt.vombat.ee\/eco\/?s={search_term_string}"},"query-input":{"@type":"PropertyValueSpecification","valueRequired":true,"valueName":"search_term_string"}}],"inLanguage":"en-GB"},{"@type":"Organization","@id":"https:\/\/projekt.vombat.ee\/eco\/#organization","name":"Ecocruiser","url":"https:\/\/projekt.vombat.ee\/eco\/","logo":{"@type":"ImageObject","inLanguage":"en-GB","@id":"https:\/\/projekt.vombat.ee\/eco\/#\/schema\/logo\/image\/","url":"https:\/\/projekt.vombat.ee\/eco\/wp-content\/uploads\/2023\/03\/ECOCRUISER_5.png","contentUrl":"https:\/\/projekt.vombat.ee\/eco\/wp-content\/uploads\/2023\/03\/ECOCRUISER_5.png","width":234,"height":91,"caption":"Ecocruiser"},"image":{"@id":"https:\/\/projekt.vombat.ee\/eco\/#\/schema\/logo\/image\/"}}]}},"lang":"fr","translations":{"fr":17139,"ru":5139,"et":2577,"lv":5973,"fi":7215,"en":16312},"pll_sync_post":[],"_links":{"self":[{"href":"https:\/\/projekt.vombat.ee\/eco\/wp-json\/wp\/v2\/pages\/17139"}],"collection":[{"href":"https:\/\/projekt.vombat.ee\/eco\/wp-json\/wp\/v2\/pages"}],"about":[{"href":"https:\/\/projekt.vombat.ee\/eco\/wp-json\/wp\/v2\/types\/page"}],"author":[{"embeddable":true,"href":"https:\/\/projekt.vombat.ee\/eco\/wp-json\/wp\/v2\/users\/72"}],"replies":[{"embeddable":true,"href":"https:\/\/projekt.vombat.ee\/eco\/wp-json\/wp\/v2\/comments?post=17139"}],"version-history":[{"count":1,"href":"https:\/\/projekt.vombat.ee\/eco\/wp-json\/wp\/v2\/pages\/17139\/revisions"}],"predecessor-version":[{"id":17140,"href":"https:\/\/projekt.vombat.ee\/eco\/wp-json\/wp\/v2\/pages\/17139\/revisions\/17140"}],"wp:attachment":[{"href":"https:\/\/projekt.vombat.ee\/eco\/wp-json\/wp\/v2\/media?parent=17139"}],"curies":[{"name":"wp","href":"https:\/\/api.w.org\/{rel}","templated":true}]}}