{"id":17136,"date":"2024-05-15T20:13:02","date_gmt":"2024-05-15T20:13:02","guid":{"rendered":"https:\/\/projekt.vombat.ee\/eco\/?page_id=17136"},"modified":"2024-05-15T20:13:02","modified_gmt":"2024-05-15T20:13:02","slug":"remboursements-et-retours","status":"publish","type":"page","link":"https:\/\/projekt.vombat.ee\/eco\/fr\/remboursements-et-retours\/","title":{"rendered":"Remboursements et retours"},"content":{"rendered":"<p>Si vous souhaitez retourner votre produit pour obtenir un remboursement, veuillez consulter la politique de retour ci-dessous pour vous assurer que toutes les conditions sont remplies. Si vous d\u00e9couvrez ce que vous pensez \u00eatre un d\u00e9faut du produit, veuillez vous r\u00e9f\u00e9rer \u00e0 la politique de garantie limit\u00e9e et suivre ses proc\u00e9dures.<\/p>\n<p><strong>Politique de remboursement :<\/strong><\/p>\n<p>Les produits achet\u00e9s sur www.ecocruiser.eu ne peuvent \u00eatre retourn\u00e9s que dans l&#8217;un des cas suivants :<\/p>\n<p>Articles non ouverts dans leur \u00e9tat d&#8217;origine au moment de la livraison ou de l&#8217;enl\u00e8vement (le client est responsable du retour ou de la reprise de l&#8217;article au magasin), doit demander un retour dans les 7 jours suivant la livraison\/l&#8217;enl\u00e8vement, vous serez responsable de l&#8217;exp\u00e9dition de retour de l&#8217;article, merci Comprendre le soutien.<\/p>\n<p>Si le retour ou l&#8217;\u00e9change est d\u00fb \u00e0 un probl\u00e8me de produit (par exemple : produit incorrect, probl\u00e8me de qualit\u00e9 du produit), nous vous rembourserons int\u00e9gralement ;<br \/>\nSi le retour est d\u00fb \u00e0 des raisons li\u00e9es \u00e0 l&#8217;acheteur (par exemple : l&#8217;article n&#8217;a pas plu ou n&#8217;a pas \u00e9t\u00e9 voulu, le produit command\u00e9 n&#8217;est pas de la bonne taille, l&#8217;article a \u00e9t\u00e9 refus\u00e9), l&#8217;acheteur doit payer les frais d&#8217;exp\u00e9dition initiaux, les frais de retour et\/ou la remise \u00e0 neuf (si n\u00e9cessaire) 160-230 EUR (varie en fonction du mod\u00e8le et du mode d&#8217;exp\u00e9dition).<\/p>\n<p>L&#8217;article exp\u00e9di\u00e9 n&#8217;est pas le bon\/ne correspond pas \u00e0 ce qui est indiqu\u00e9 sur le site web. Les retours doivent \u00eatre demand\u00e9s dans les 7 jours suivant la livraison\/le retrait.<\/p>\n<p>Article ouvert, sans d\u00e9faut, ne pr\u00e9sentant aucun signe de dommage ou d&#8217;utilisation. Le retour doit \u00eatre demand\u00e9 dans les 7 jours suivant la livraison\/le retrait. (Le client est responsable du retour ou de l&#8217;apport de l&#8217;article au magasin).<\/p>\n<p>Tous les retours de produits doivent \u00eatre approuv\u00e9s par nos soins.<\/p>\n<p>Vous devez fournir les informations suivantes :<\/p>\n<p>Motif de la demande de retour<\/p>\n<p>votre num\u00e9ro de commande<\/p>\n<p>Num\u00e9ro de mod\u00e8le, num\u00e9ro de suivi et num\u00e9ro de commande du produit retourn\u00e9 (tout retour doit correspondre au num\u00e9ro de s\u00e9rie de la vente initiale et sera \u00e9galement v\u00e9rifi\u00e9 \u00e0 la r\u00e9ception du produit retourn\u00e9).<\/p>\n<p><strong>Pas de retour de pi\u00e8ces :<\/strong><\/p>\n<p>Toutes les ventes sont finales pour les pi\u00e8ces (y compris les batteries), que la marchandise ait \u00e9t\u00e9 ouverte ou non.<\/p>\n<p><strong>Dommages et probl\u00e8mes :<\/strong><\/p>\n<p>Veuillez inspecter votre commande d\u00e8s sa r\u00e9ception et nous contacter imm\u00e9diatement si l&#8217;article est d\u00e9fectueux, endommag\u00e9 ou si vous recevez le mauvais article, afin que nous puissions \u00e9valuer le probl\u00e8me et y rem\u00e9dier.<\/p>\n<p><strong>Frais de retour :<\/strong><\/p>\n<p>Les frais d&#8217;exp\u00e9dition sont \u00e0 votre charge et vous devez supporter tout risque de perte ou de d\u00e9t\u00e9rioration du produit pendant son acheminement jusqu&#8217;\u00e0 nous. Le produit contenant une batterie au lithium-ion, il doit \u00eatre exp\u00e9di\u00e9 conform\u00e9ment aux r\u00e9glementations en vigueur. Veuillez informer le transporteur de la batterie avant l&#8217;exp\u00e9dition. Nous recommandons d&#8217;utiliser un service d&#8217;exp\u00e9dition tra\u00e7able et de souscrire une assurance d&#8217;exp\u00e9dition. Dans la plupart des cas, nous pouvons \u00e9galement vous fournir une \u00e9tiquette de retour et d\u00e9duire les frais de votre remboursement final.<\/p>\n<p><strong>Traitement du remboursement :<\/strong><\/p>\n<p>Une fois que le produit retourn\u00e9 a \u00e9t\u00e9 re\u00e7u et inspect\u00e9 et que son num\u00e9ro de s\u00e9rie a \u00e9t\u00e9 v\u00e9rifi\u00e9, nous vous informons de notre d\u00e9cision d&#8217;approuver ou de refuser le remboursement. Si le retour est approuv\u00e9, nous rembourserons le mode de paiement initial. Vous devriez recevoir votre remboursement dans un d\u00e9lai de 2 \u00e0 7 jours ouvrables. Les retours sont soumis aux frais de restockage et aux frais d&#8217;exp\u00e9dition de retour mentionn\u00e9s ci-dessus.<\/p>\n<p>Note : En raison de la nouvelle politique de Paypal et Stripe, si vous souhaitez annuler votre achat, les frais de traitement s&#8217;\u00e9l\u00e8vent \u00e0 5 % de la valeur totale de la commande.<\/p>\n<p>Nous faisons toujours de notre mieux pour prendre soin de nos clients et vous traiter \u00e9quitablement ; nous demandons que vous, nos clients, nous traitiez \u00e9quitablement \u00e9galement.<\/p>\n<p>Pour effectuer un retour, veuillez nous contacter \u00e0 l&#8217;adresse info@projekt.vombat.ee en indiquant votre num\u00e9ro de commande et vos circonstances particuli\u00e8res.<\/p>\n<p>Remarque : les accessoires ne sont pas rembours\u00e9s (sauf pour des raisons logistiques et de qualit\u00e9 du produit).<\/p>\n","protected":false},"excerpt":{"rendered":"<p>Si vous souhaitez retourner votre produit pour obtenir un remboursement, veuillez consulter la politique de retour ci-dessous pour vous assurer que toutes les conditions sont remplies. Si vous d\u00e9couvrez ce que vous pensez \u00eatre un d\u00e9faut du produit, veuillez vous r\u00e9f\u00e9rer \u00e0 la politique de garantie limit\u00e9e et suivre ses proc\u00e9dures. Politique de remboursement : Les produits achet\u00e9s sur www.ecocruiser.eu\u2026<\/p>\n","protected":false},"author":72,"featured_media":0,"parent":0,"menu_order":0,"comment_status":"closed","ping_status":"closed","template":"","meta":{"footnotes":""},"class_list":["post-17136","page","type-page","status-publish","hentry"],"yoast_head":"<!-- This site is optimized with the Yoast SEO plugin v23.8 - https:\/\/yoast.com\/wordpress\/plugins\/seo\/ -->\n<title>Remboursements et retours - Ecocruiser<\/title>\n<meta name=\"robots\" content=\"noindex, follow, max-snippet:-1, max-image-preview:large, max-video-preview:-1\" \/>\n<meta property=\"og:locale\" content=\"en_GB\" \/>\n<meta property=\"og:type\" content=\"article\" \/>\n<meta property=\"og:title\" content=\"Remboursements et retours - Ecocruiser\" \/>\n<meta property=\"og:description\" content=\"Si vous souhaitez retourner votre produit pour obtenir un remboursement, veuillez consulter la politique de retour ci-dessous pour vous assurer que toutes les conditions sont remplies. Si vous d\u00e9couvrez ce que vous pensez \u00eatre un d\u00e9faut du produit, veuillez vous r\u00e9f\u00e9rer \u00e0 la politique de garantie limit\u00e9e et suivre ses proc\u00e9dures. Politique de remboursement : Les produits achet\u00e9s sur www.ecocruiser.eu\u2026\" \/>\n<meta property=\"og:url\" content=\"https:\/\/projekt.vombat.ee\/eco\/fr\/remboursements-et-retours\/\" \/>\n<meta property=\"og:site_name\" content=\"Ecocruiser\" \/>\n<meta name=\"twitter:card\" content=\"summary_large_image\" \/>\n<meta name=\"twitter:label1\" content=\"Estimated reading time\" \/>\n\t<meta name=\"twitter:data1\" content=\"3 minutes\" \/>\n<script type=\"application\/ld+json\" class=\"yoast-schema-graph\">{\"@context\":\"https:\/\/schema.org\",\"@graph\":[{\"@type\":\"WebPage\",\"@id\":\"https:\/\/projekt.vombat.ee\/eco\/fr\/remboursements-et-retours\/\",\"url\":\"https:\/\/projekt.vombat.ee\/eco\/fr\/remboursements-et-retours\/\",\"name\":\"Remboursements et retours - Ecocruiser\",\"isPartOf\":{\"@id\":\"https:\/\/projekt.vombat.ee\/eco\/#website\"},\"datePublished\":\"2024-05-15T20:13:02+00:00\",\"dateModified\":\"2024-05-15T20:13:02+00:00\",\"breadcrumb\":{\"@id\":\"https:\/\/projekt.vombat.ee\/eco\/fr\/remboursements-et-retours\/#breadcrumb\"},\"inLanguage\":\"en-GB\",\"potentialAction\":[{\"@type\":\"ReadAction\",\"target\":[\"https:\/\/projekt.vombat.ee\/eco\/fr\/remboursements-et-retours\/\"]}]},{\"@type\":\"BreadcrumbList\",\"@id\":\"https:\/\/projekt.vombat.ee\/eco\/fr\/remboursements-et-retours\/#breadcrumb\",\"itemListElement\":[{\"@type\":\"ListItem\",\"position\":1,\"name\":\"Home\",\"item\":\"https:\/\/projekt.vombat.ee\/eco\/\"},{\"@type\":\"ListItem\",\"position\":2,\"name\":\"Remboursements et retours\"}]},{\"@type\":\"WebSite\",\"@id\":\"https:\/\/projekt.vombat.ee\/eco\/#website\",\"url\":\"https:\/\/projekt.vombat.ee\/eco\/\",\"name\":\"Ecocruiser\",\"description\":\"\",\"publisher\":{\"@id\":\"https:\/\/projekt.vombat.ee\/eco\/#organization\"},\"potentialAction\":[{\"@type\":\"SearchAction\",\"target\":{\"@type\":\"EntryPoint\",\"urlTemplate\":\"https:\/\/projekt.vombat.ee\/eco\/?s={search_term_string}\"},\"query-input\":{\"@type\":\"PropertyValueSpecification\",\"valueRequired\":true,\"valueName\":\"search_term_string\"}}],\"inLanguage\":\"en-GB\"},{\"@type\":\"Organization\",\"@id\":\"https:\/\/projekt.vombat.ee\/eco\/#organization\",\"name\":\"Ecocruiser\",\"url\":\"https:\/\/projekt.vombat.ee\/eco\/\",\"logo\":{\"@type\":\"ImageObject\",\"inLanguage\":\"en-GB\",\"@id\":\"https:\/\/projekt.vombat.ee\/eco\/#\/schema\/logo\/image\/\",\"url\":\"https:\/\/projekt.vombat.ee\/eco\/wp-content\/uploads\/2023\/03\/ECOCRUISER_5.png\",\"contentUrl\":\"https:\/\/projekt.vombat.ee\/eco\/wp-content\/uploads\/2023\/03\/ECOCRUISER_5.png\",\"width\":234,\"height\":91,\"caption\":\"Ecocruiser\"},\"image\":{\"@id\":\"https:\/\/projekt.vombat.ee\/eco\/#\/schema\/logo\/image\/\"}}]}<\/script>\n<!-- \/ Yoast SEO plugin. -->","yoast_head_json":{"title":"Remboursements et retours - Ecocruiser","robots":{"index":"noindex","follow":"follow","max-snippet":"max-snippet:-1","max-image-preview":"max-image-preview:large","max-video-preview":"max-video-preview:-1"},"og_locale":"en_GB","og_type":"article","og_title":"Remboursements et retours - Ecocruiser","og_description":"Si vous souhaitez retourner votre produit pour obtenir un remboursement, veuillez consulter la politique de retour ci-dessous pour vous assurer que toutes les conditions sont remplies. Si vous d\u00e9couvrez ce que vous pensez \u00eatre un d\u00e9faut du produit, veuillez vous r\u00e9f\u00e9rer \u00e0 la politique de garantie limit\u00e9e et suivre ses proc\u00e9dures. Politique de remboursement : Les produits achet\u00e9s sur www.ecocruiser.eu\u2026","og_url":"https:\/\/projekt.vombat.ee\/eco\/fr\/remboursements-et-retours\/","og_site_name":"Ecocruiser","twitter_card":"summary_large_image","twitter_misc":{"Estimated reading time":"3 minutes"},"schema":{"@context":"https:\/\/schema.org","@graph":[{"@type":"WebPage","@id":"https:\/\/projekt.vombat.ee\/eco\/fr\/remboursements-et-retours\/","url":"https:\/\/projekt.vombat.ee\/eco\/fr\/remboursements-et-retours\/","name":"Remboursements et retours - Ecocruiser","isPartOf":{"@id":"https:\/\/projekt.vombat.ee\/eco\/#website"},"datePublished":"2024-05-15T20:13:02+00:00","dateModified":"2024-05-15T20:13:02+00:00","breadcrumb":{"@id":"https:\/\/projekt.vombat.ee\/eco\/fr\/remboursements-et-retours\/#breadcrumb"},"inLanguage":"en-GB","potentialAction":[{"@type":"ReadAction","target":["https:\/\/projekt.vombat.ee\/eco\/fr\/remboursements-et-retours\/"]}]},{"@type":"BreadcrumbList","@id":"https:\/\/projekt.vombat.ee\/eco\/fr\/remboursements-et-retours\/#breadcrumb","itemListElement":[{"@type":"ListItem","position":1,"name":"Home","item":"https:\/\/projekt.vombat.ee\/eco\/"},{"@type":"ListItem","position":2,"name":"Remboursements et retours"}]},{"@type":"WebSite","@id":"https:\/\/projekt.vombat.ee\/eco\/#website","url":"https:\/\/projekt.vombat.ee\/eco\/","name":"Ecocruiser","description":"","publisher":{"@id":"https:\/\/projekt.vombat.ee\/eco\/#organization"},"potentialAction":[{"@type":"SearchAction","target":{"@type":"EntryPoint","urlTemplate":"https:\/\/projekt.vombat.ee\/eco\/?s={search_term_string}"},"query-input":{"@type":"PropertyValueSpecification","valueRequired":true,"valueName":"search_term_string"}}],"inLanguage":"en-GB"},{"@type":"Organization","@id":"https:\/\/projekt.vombat.ee\/eco\/#organization","name":"Ecocruiser","url":"https:\/\/projekt.vombat.ee\/eco\/","logo":{"@type":"ImageObject","inLanguage":"en-GB","@id":"https:\/\/projekt.vombat.ee\/eco\/#\/schema\/logo\/image\/","url":"https:\/\/projekt.vombat.ee\/eco\/wp-content\/uploads\/2023\/03\/ECOCRUISER_5.png","contentUrl":"https:\/\/projekt.vombat.ee\/eco\/wp-content\/uploads\/2023\/03\/ECOCRUISER_5.png","width":234,"height":91,"caption":"Ecocruiser"},"image":{"@id":"https:\/\/projekt.vombat.ee\/eco\/#\/schema\/logo\/image\/"}}]}},"lang":"fr","translations":{"fr":17136,"ru":5713,"et":2591,"lv":5875,"fi":7212,"en":16320},"pll_sync_post":[],"_links":{"self":[{"href":"https:\/\/projekt.vombat.ee\/eco\/wp-json\/wp\/v2\/pages\/17136"}],"collection":[{"href":"https:\/\/projekt.vombat.ee\/eco\/wp-json\/wp\/v2\/pages"}],"about":[{"href":"https:\/\/projekt.vombat.ee\/eco\/wp-json\/wp\/v2\/types\/page"}],"author":[{"embeddable":true,"href":"https:\/\/projekt.vombat.ee\/eco\/wp-json\/wp\/v2\/users\/72"}],"replies":[{"embeddable":true,"href":"https:\/\/projekt.vombat.ee\/eco\/wp-json\/wp\/v2\/comments?post=17136"}],"version-history":[{"count":1,"href":"https:\/\/projekt.vombat.ee\/eco\/wp-json\/wp\/v2\/pages\/17136\/revisions"}],"predecessor-version":[{"id":17138,"href":"https:\/\/projekt.vombat.ee\/eco\/wp-json\/wp\/v2\/pages\/17136\/revisions\/17138"}],"wp:attachment":[{"href":"https:\/\/projekt.vombat.ee\/eco\/wp-json\/wp\/v2\/media?parent=17136"}],"curies":[{"name":"wp","href":"https:\/\/api.w.org\/{rel}","templated":true}]}}