{"id":17133,"date":"2024-05-15T20:12:48","date_gmt":"2024-05-15T20:12:48","guid":{"rendered":"https:\/\/projekt.vombat.ee\/eco\/?page_id=17133"},"modified":"2024-05-15T20:12:48","modified_gmt":"2024-05-15T20:12:48","slug":"politique-de-confidentialite","status":"publish","type":"page","link":"https:\/\/projekt.vombat.ee\/eco\/fr\/politique-de-confidentialite\/","title":{"rendered":"Politique de confidentialit\u00e9"},"content":{"rendered":"<h1>Politique de confidentialit\u00e9<\/h1>\n<p>La boutique en ligne Ecocruiser.eu est g\u00e9r\u00e9e par SW Kah O\u00dc. L&#8217;activit\u00e9 principale est la vente au d\u00e9tail via Internet. L&#8217;objectif de ce site web ecocruiser.eu est de pr\u00e9senter et de vendre des v\u00e9hicules \u00e9lectriques.<\/p>\n<p>Nous traitons les donn\u00e9es personnelles conform\u00e9ment au r\u00e8glement g\u00e9n\u00e9ral de l&#8217;UE sur la protection des donn\u00e9es (RGPD, UE 2016\/679) et aux lois de la R\u00e9publique d&#8217;Estonie. Notre politique de confidentialit\u00e9 explique comment et pourquoi nous collectons et traitons les donn\u00e9es personnelles.<\/p>\n<p><strong>QUELLES SONT LES DONN\u00c9ES PERSONNELLES QUE NOUS COLLECTONS ?<\/strong><\/p>\n<p>Vos donn\u00e9es personnelles ne sont pas collect\u00e9es lorsque vous visitez le site ecocruiser.eu. Vous avez la possibilit\u00e9 de fournir volontairement des donn\u00e9es personnelles lorsque vous vous inscrivez \u00e0 la liste de diffusion ou lorsque vous passez une commande. Il vous sera demand\u00e9<\/p>\n<p>votre nom<br \/>\nadresse \u00e9lectronique<br \/>\nnum\u00e9ro de t\u00e9l\u00e9phone<\/p>\n<p><strong>POURQUOI COLLECTONS-NOUS DES DONN\u00c9ES PERSONNELLES ?<\/strong><\/p>\n<p>Nous collectons et traitons des donn\u00e9es \u00e0 caract\u00e8re personnel aux fins suivantes :<\/p>\n<p>envoyer des r\u00e9ponses \u00e0 vos questions<br \/>\nenvoyer des bulletins d&#8217;information<br \/>\npour ex\u00e9cuter les commandes que vous nous avez pass\u00e9es<\/p>\n<p><strong>TRANSFERT DE DONN\u00c9ES EN DEHORS DE L&#8217;UE<\/strong><\/p>\n<p>SW Kah O\u00dc ne transf\u00e8re pas les donn\u00e9es de ses clients en dehors de l&#8217;Espace \u00e9conomique europ\u00e9en (UE). Nous traitons vos donn\u00e9es personnelles de mani\u00e8re confidentielle et ne les transmettons pas \u00e0 d&#8217;autres parties. L&#8217;entreprise transmet les informations relatives aux paiements \u00e0 Maksekeskus AS, une personne autoris\u00e9e (jur) pour le traitement des donn\u00e9es.<\/p>\n<p><strong>TRANSFERT DE DONN\u00c9ES PERSONNELLES EN DEHORS DE L&#8217;UE<\/strong><\/p>\n<p>Nous ne transf\u00e9rons pas vos donn\u00e9es personnelles en dehors de l&#8217;Union europ\u00e9enne ou de l&#8217;Espace \u00e9conomique europ\u00e9en (EEE).<\/p>\n<p><strong>S\u00c9CURIT\u00c9 DES DONN\u00c9ES<\/strong><\/p>\n<p>Nous nous effor\u00e7ons de prot\u00e9ger vos donn\u00e9es contre tout acc\u00e8s non autoris\u00e9 ou contre toute modification, divulgation ou violation non autoris\u00e9e.<\/p>\n<p>Pour garantir la s\u00e9curit\u00e9 des donn\u00e9es, nous prenons les mesures suivantes :<\/p>\n<p>Nous traitons toutes les donn\u00e9es personnelles de mani\u00e8re confidentielle.<br \/>\nNous n&#8217;utilisons que des services crypt\u00e9s utilisant le protocole SSL.<br \/>\nNous limitons l&#8217;acc\u00e8s aux donn\u00e9es \u00e0 caract\u00e8re personnel en n&#8217;autorisant l&#8217;acc\u00e8s qu&#8217;aux employ\u00e9s et aux sous-traitants qui ont besoin de ces informations pour les traiter, qui sont soumis \u00e0 des obligations contractuelles strictes en mati\u00e8re de confidentialit\u00e9 et qui peuvent faire l&#8217;objet de sanctions ou d&#8217;un licenciement s&#8217;ils ne respectent pas ces obligations.<br \/>\nNous conservons les donn\u00e9es \u00e0 caract\u00e8re personnel principalement sous forme num\u00e9rique et non sur papier afin de garantir un contr\u00f4le d&#8217;acc\u00e8s plus s\u00fbr.<br \/>\nLe r\u00e9f\u00e9rentiel de donn\u00e9es personnelles est prot\u00e9g\u00e9 par les mesures de protection techniques et organisationnelles n\u00e9cessaires.<\/p>\n<p>Bien que nous appliquions des r\u00e8gles de s\u00e9curit\u00e9 strictes pour les donn\u00e9es personnelles qui parviennent dans notre environnement, il convient de noter qu&#8217;Internet n&#8217;est jamais totalement s\u00fbr et que nous ne pouvons pas garantir la transmission s\u00e9curis\u00e9e des donn\u00e9es que vous nous envoyez. La s\u00e9curit\u00e9 de l&#8217;envoi de donn\u00e9es se fait toujours \u00e0 vos propres risques.<\/p>\n<p><strong>QUELS SONT VOS DROITS ET COMMENT LES EXERCER ?<\/strong><\/p>\n<p>Si vous avez donn\u00e9 votre consentement \u00e0 la collecte, au traitement et \u00e0 l&#8217;utilisation de vos donn\u00e9es \u00e0 caract\u00e8re personnel d&#8217;une certaine mani\u00e8re, vous pouvez retirer ce consentement \u00e0 tout moment pour l&#8217;avenir.<\/p>\n<p>Conform\u00e9ment \u00e0 la l\u00e9gislation applicable en mati\u00e8re de protection des donn\u00e9es, vous avez le droit de :<\/p>\n<p>Demander l&#8217;acc\u00e8s \u00e0 vos donn\u00e9es personnelles.<br \/>\nDemander la correction de vos donn\u00e9es personnelles.<br \/>\nDemander la suppression de vos donn\u00e9es personnelles.<br \/>\nDemander la restriction du traitement de vos donn\u00e9es \u00e0 caract\u00e8re personnel.<br \/>\nDemander le transfert de vos donn\u00e9es \u00e0 caract\u00e8re personnel.<br \/>\nDemander le retrait du consentement au traitement de vos donn\u00e9es \u00e0 caract\u00e8re personnel.<br \/>\nS&#8217;opposer \u00e0 la prise de d\u00e9cision automatis\u00e9e (y compris le profilage).<\/p>\n<p>L&#8217;application doit permettre de vous identifier de mani\u00e8re unique. Pour exercer vos droits et transmettre votre demande, veuillez nous contacter de la mani\u00e8re indiqu\u00e9e dans la section (&#8220;Contact&#8221;).<\/p>\n<p>Veuillez noter que vous ne pouvez demander la suppression de vos donn\u00e9es \u00e0 caract\u00e8re personnel, la restriction du traitement, etc. que si cela est conforme \u00e0 la base juridique et \u00e0 la l\u00e9gislation sur la protection des donn\u00e9es.<\/p>\n<p>En cas de r\u00e9clamation, vous avez le droit de d\u00e9poser une plainte aupr\u00e8s de l&#8217;autorit\u00e9 comp\u00e9tente en mati\u00e8re de protection des donn\u00e9es. Nous coop\u00e9rons avec les autorit\u00e9s r\u00e9glementaires comp\u00e9tentes, y compris les autorit\u00e9s locales de protection des donn\u00e9es, pour r\u00e9soudre les plaintes li\u00e9es au transfert de donn\u00e9es \u00e0 caract\u00e8re personnel.<\/p>\n<p><strong>COMBIEN DE TEMPS CONSERVONS-NOUS VOS DONN\u00c9ES PERSONNELLES ?<\/strong><\/p>\n<p>Vos donn\u00e9es personnelles seront conserv\u00e9es aussi longtemps que n\u00e9cessaire pour vous fournir les services demand\u00e9s. Si les donn\u00e9es personnelles n&#8217;ont pas \u00e9t\u00e9 utilis\u00e9es pendant trois ann\u00e9es cons\u00e9cutives, nous les supprimerons ou les rendrons anonymes, \u00e0 moins que des exigences de conservation obligatoires ne s&#8217;appliquent.<\/p>\n<p>Les donn\u00e9es non personnalis\u00e9es collect\u00e9es seront conserv\u00e9es ind\u00e9finiment.<\/p>\n<p><strong>CONDITIONS ET MODIFICATIONS DE LA POLITIQUE DE CONFIDENTIALIT\u00c9<\/strong><\/p>\n<p>En utilisant ce site web, vous avez lu et accept\u00e9 les pr\u00e9sentes conditions g\u00e9n\u00e9rales.<\/p>\n<p>Notre politique de confidentialit\u00e9 peut \u00eatre modifi\u00e9e de temps \u00e0 autre. Nous ne r\u00e9duirons pas vos droits en vertu de la politique de confidentialit\u00e9 sans votre consentement explicite. Nous publierons sur cette page un avis concernant toute modification de la politique de confidentialit\u00e9 et fournirons un avis plus d\u00e9taill\u00e9 en cas de modifications majeures.<\/p>\n<p><strong>PRENDRE CONTACT ; PRENDRE CONTACT<\/strong><\/p>\n<p>Si vous avez des questions, contactez le service client\u00e8le par t\u00e9l\u00e9phone (+372) 56207508 ou envoyez un courrier \u00e0 l&#8217;adresse \u00e9lectronique info@projekt.vombat.ee. Vous trouverez des informations compl\u00e9mentaires et des contacts ici !<\/p>\n","protected":false},"excerpt":{"rendered":"<p>Politique de confidentialit\u00e9 La boutique en ligne Ecocruiser.eu est g\u00e9r\u00e9e par SW Kah O\u00dc. L&#8217;activit\u00e9 principale est la vente au d\u00e9tail via Internet. L&#8217;objectif de ce site web ecocruiser.eu est de pr\u00e9senter et de vendre des v\u00e9hicules \u00e9lectriques. Nous traitons les donn\u00e9es personnelles conform\u00e9ment au r\u00e8glement g\u00e9n\u00e9ral de l&#8217;UE sur la protection des donn\u00e9es (RGPD, UE 2016\/679) et aux lois\u2026<\/p>\n","protected":false},"author":72,"featured_media":0,"parent":0,"menu_order":0,"comment_status":"closed","ping_status":"open","template":"","meta":{"footnotes":""},"class_list":["post-17133","page","type-page","status-publish","hentry"],"yoast_head":"<!-- This site is optimized with the Yoast SEO plugin v23.8 - https:\/\/yoast.com\/wordpress\/plugins\/seo\/ -->\n<title>Politique de confidentialit\u00e9 - Ecocruiser<\/title>\n<meta name=\"robots\" content=\"noindex, follow, max-snippet:-1, max-image-preview:large, max-video-preview:-1\" \/>\n<meta property=\"og:locale\" content=\"en_GB\" \/>\n<meta property=\"og:type\" content=\"article\" \/>\n<meta property=\"og:title\" content=\"Politique de confidentialit\u00e9 - Ecocruiser\" \/>\n<meta property=\"og:description\" content=\"Politique de confidentialit\u00e9 La boutique en ligne Ecocruiser.eu est g\u00e9r\u00e9e par SW Kah O\u00dc. L&#8217;activit\u00e9 principale est la vente au d\u00e9tail via Internet. L&#8217;objectif de ce site web ecocruiser.eu est de pr\u00e9senter et de vendre des v\u00e9hicules \u00e9lectriques. Nous traitons les donn\u00e9es personnelles conform\u00e9ment au r\u00e8glement g\u00e9n\u00e9ral de l&#8217;UE sur la protection des donn\u00e9es (RGPD, UE 2016\/679) et aux lois\u2026\" \/>\n<meta property=\"og:url\" content=\"https:\/\/projekt.vombat.ee\/eco\/fr\/politique-de-confidentialite\/\" \/>\n<meta property=\"og:site_name\" content=\"Ecocruiser\" \/>\n<meta name=\"twitter:card\" content=\"summary_large_image\" \/>\n<meta name=\"twitter:label1\" content=\"Estimated reading time\" \/>\n\t<meta name=\"twitter:data1\" content=\"4 minutes\" \/>\n<script type=\"application\/ld+json\" class=\"yoast-schema-graph\">{\"@context\":\"https:\/\/schema.org\",\"@graph\":[{\"@type\":\"WebPage\",\"@id\":\"https:\/\/projekt.vombat.ee\/eco\/fr\/politique-de-confidentialite\/\",\"url\":\"https:\/\/projekt.vombat.ee\/eco\/fr\/politique-de-confidentialite\/\",\"name\":\"Politique de confidentialit\u00e9 - Ecocruiser\",\"isPartOf\":{\"@id\":\"https:\/\/projekt.vombat.ee\/eco\/#website\"},\"datePublished\":\"2024-05-15T20:12:48+00:00\",\"dateModified\":\"2024-05-15T20:12:48+00:00\",\"breadcrumb\":{\"@id\":\"https:\/\/projekt.vombat.ee\/eco\/fr\/politique-de-confidentialite\/#breadcrumb\"},\"inLanguage\":\"en-GB\",\"potentialAction\":[{\"@type\":\"ReadAction\",\"target\":[\"https:\/\/projekt.vombat.ee\/eco\/fr\/politique-de-confidentialite\/\"]}]},{\"@type\":\"BreadcrumbList\",\"@id\":\"https:\/\/projekt.vombat.ee\/eco\/fr\/politique-de-confidentialite\/#breadcrumb\",\"itemListElement\":[{\"@type\":\"ListItem\",\"position\":1,\"name\":\"Home\",\"item\":\"https:\/\/projekt.vombat.ee\/eco\/\"},{\"@type\":\"ListItem\",\"position\":2,\"name\":\"Politique de confidentialit\u00e9\"}]},{\"@type\":\"WebSite\",\"@id\":\"https:\/\/projekt.vombat.ee\/eco\/#website\",\"url\":\"https:\/\/projekt.vombat.ee\/eco\/\",\"name\":\"Ecocruiser\",\"description\":\"\",\"publisher\":{\"@id\":\"https:\/\/projekt.vombat.ee\/eco\/#organization\"},\"potentialAction\":[{\"@type\":\"SearchAction\",\"target\":{\"@type\":\"EntryPoint\",\"urlTemplate\":\"https:\/\/projekt.vombat.ee\/eco\/?s={search_term_string}\"},\"query-input\":{\"@type\":\"PropertyValueSpecification\",\"valueRequired\":true,\"valueName\":\"search_term_string\"}}],\"inLanguage\":\"en-GB\"},{\"@type\":\"Organization\",\"@id\":\"https:\/\/projekt.vombat.ee\/eco\/#organization\",\"name\":\"Ecocruiser\",\"url\":\"https:\/\/projekt.vombat.ee\/eco\/\",\"logo\":{\"@type\":\"ImageObject\",\"inLanguage\":\"en-GB\",\"@id\":\"https:\/\/projekt.vombat.ee\/eco\/#\/schema\/logo\/image\/\",\"url\":\"https:\/\/projekt.vombat.ee\/eco\/wp-content\/uploads\/2023\/03\/ECOCRUISER_5.png\",\"contentUrl\":\"https:\/\/projekt.vombat.ee\/eco\/wp-content\/uploads\/2023\/03\/ECOCRUISER_5.png\",\"width\":234,\"height\":91,\"caption\":\"Ecocruiser\"},\"image\":{\"@id\":\"https:\/\/projekt.vombat.ee\/eco\/#\/schema\/logo\/image\/\"}}]}<\/script>\n<!-- \/ Yoast SEO plugin. -->","yoast_head_json":{"title":"Politique de confidentialit\u00e9 - Ecocruiser","robots":{"index":"noindex","follow":"follow","max-snippet":"max-snippet:-1","max-image-preview":"max-image-preview:large","max-video-preview":"max-video-preview:-1"},"og_locale":"en_GB","og_type":"article","og_title":"Politique de confidentialit\u00e9 - Ecocruiser","og_description":"Politique de confidentialit\u00e9 La boutique en ligne Ecocruiser.eu est g\u00e9r\u00e9e par SW Kah O\u00dc. L&#8217;activit\u00e9 principale est la vente au d\u00e9tail via Internet. L&#8217;objectif de ce site web ecocruiser.eu est de pr\u00e9senter et de vendre des v\u00e9hicules \u00e9lectriques. Nous traitons les donn\u00e9es personnelles conform\u00e9ment au r\u00e8glement g\u00e9n\u00e9ral de l&#8217;UE sur la protection des donn\u00e9es (RGPD, UE 2016\/679) et aux lois\u2026","og_url":"https:\/\/projekt.vombat.ee\/eco\/fr\/politique-de-confidentialite\/","og_site_name":"Ecocruiser","twitter_card":"summary_large_image","twitter_misc":{"Estimated reading time":"4 minutes"},"schema":{"@context":"https:\/\/schema.org","@graph":[{"@type":"WebPage","@id":"https:\/\/projekt.vombat.ee\/eco\/fr\/politique-de-confidentialite\/","url":"https:\/\/projekt.vombat.ee\/eco\/fr\/politique-de-confidentialite\/","name":"Politique de confidentialit\u00e9 - Ecocruiser","isPartOf":{"@id":"https:\/\/projekt.vombat.ee\/eco\/#website"},"datePublished":"2024-05-15T20:12:48+00:00","dateModified":"2024-05-15T20:12:48+00:00","breadcrumb":{"@id":"https:\/\/projekt.vombat.ee\/eco\/fr\/politique-de-confidentialite\/#breadcrumb"},"inLanguage":"en-GB","potentialAction":[{"@type":"ReadAction","target":["https:\/\/projekt.vombat.ee\/eco\/fr\/politique-de-confidentialite\/"]}]},{"@type":"BreadcrumbList","@id":"https:\/\/projekt.vombat.ee\/eco\/fr\/politique-de-confidentialite\/#breadcrumb","itemListElement":[{"@type":"ListItem","position":1,"name":"Home","item":"https:\/\/projekt.vombat.ee\/eco\/"},{"@type":"ListItem","position":2,"name":"Politique de confidentialit\u00e9"}]},{"@type":"WebSite","@id":"https:\/\/projekt.vombat.ee\/eco\/#website","url":"https:\/\/projekt.vombat.ee\/eco\/","name":"Ecocruiser","description":"","publisher":{"@id":"https:\/\/projekt.vombat.ee\/eco\/#organization"},"potentialAction":[{"@type":"SearchAction","target":{"@type":"EntryPoint","urlTemplate":"https:\/\/projekt.vombat.ee\/eco\/?s={search_term_string}"},"query-input":{"@type":"PropertyValueSpecification","valueRequired":true,"valueName":"search_term_string"}}],"inLanguage":"en-GB"},{"@type":"Organization","@id":"https:\/\/projekt.vombat.ee\/eco\/#organization","name":"Ecocruiser","url":"https:\/\/projekt.vombat.ee\/eco\/","logo":{"@type":"ImageObject","inLanguage":"en-GB","@id":"https:\/\/projekt.vombat.ee\/eco\/#\/schema\/logo\/image\/","url":"https:\/\/projekt.vombat.ee\/eco\/wp-content\/uploads\/2023\/03\/ECOCRUISER_5.png","contentUrl":"https:\/\/projekt.vombat.ee\/eco\/wp-content\/uploads\/2023\/03\/ECOCRUISER_5.png","width":234,"height":91,"caption":"Ecocruiser"},"image":{"@id":"https:\/\/projekt.vombat.ee\/eco\/#\/schema\/logo\/image\/"}}]}},"lang":"fr","translations":{"fr":17133,"ru":5087,"et":3,"en":5092,"lv":5094,"fi":7227},"pll_sync_post":[],"_links":{"self":[{"href":"https:\/\/projekt.vombat.ee\/eco\/wp-json\/wp\/v2\/pages\/17133"}],"collection":[{"href":"https:\/\/projekt.vombat.ee\/eco\/wp-json\/wp\/v2\/pages"}],"about":[{"href":"https:\/\/projekt.vombat.ee\/eco\/wp-json\/wp\/v2\/types\/page"}],"author":[{"embeddable":true,"href":"https:\/\/projekt.vombat.ee\/eco\/wp-json\/wp\/v2\/users\/72"}],"replies":[{"embeddable":true,"href":"https:\/\/projekt.vombat.ee\/eco\/wp-json\/wp\/v2\/comments?post=17133"}],"version-history":[{"count":1,"href":"https:\/\/projekt.vombat.ee\/eco\/wp-json\/wp\/v2\/pages\/17133\/revisions"}],"predecessor-version":[{"id":17135,"href":"https:\/\/projekt.vombat.ee\/eco\/wp-json\/wp\/v2\/pages\/17133\/revisions\/17135"}],"wp:attachment":[{"href":"https:\/\/projekt.vombat.ee\/eco\/wp-json\/wp\/v2\/media?parent=17133"}],"curies":[{"name":"wp","href":"https:\/\/api.w.org\/{rel}","templated":true}]}}