{"id":17123,"date":"2024-05-15T20:12:24","date_gmt":"2024-05-15T20:12:24","guid":{"rendered":"https:\/\/projekt.vombat.ee\/eco\/?page_id=17123"},"modified":"2024-05-15T20:12:24","modified_gmt":"2024-05-15T20:12:24","slug":"contactez-nous","status":"publish","type":"page","link":"https:\/\/projekt.vombat.ee\/eco\/fr\/contactez-nous\/","title":{"rendered":"Contactez nous"},"content":{"rendered":"<h1>Contact<\/h1>\n<p>Bienvenue sur Ecocruiser.eu ! Nous sommes l\u00e0 pour vous aider de toutes les mani\u00e8res possibles. Que vous ayez des questions sur nos produits, que vous ayez besoin d&#8217;aide pour passer une commande ou que vous souhaitiez simplement nous faire part de vos r\u00e9flexions, nous sommes \u00e0 votre disposition.<\/p>\n<p><strong>Assistance \u00e0 la client\u00e8le<\/strong><\/p>\n<p>Notre \u00e9quipe d&#8217;assistance \u00e0 la client\u00e8le est \u00e0 votre disposition pour r\u00e9pondre \u00e0 vos questions et vous aider. Nous nous engageons \u00e0 faire en sorte que votre exp\u00e9rience d&#8217;achat avec nous soit fluide et agr\u00e9able. Si vous avez des questions, des pr\u00e9occupations ou des commentaires, n&#8217;h\u00e9sitez pas \u00e0 nous contacter.<\/p>\n<p><strong>Prendre contact<\/strong><\/p>\n<ul>\n<li><strong>Courriel<\/strong> : Pour les questions d&#8217;ordre g\u00e9n\u00e9ral, vous pouvez nous envoyer un courriel \u00e0 l&#8217;adresse info@projekt.vombat.ee.<\/li>\n<li><strong>Chat en direct<\/strong> : Notre fonction de chat en direct sur le site web est disponible pendant les heures de bureau pour des r\u00e9ponses rapides.<\/li>\n<\/ul>\n<p>&nbsp;<\/p>\n<p><strong>Commentaires<\/strong><\/p>\n<p>Votre avis nous int\u00e9resse ! Si vous avez des suggestions pour am\u00e9liorer nos produits ou nos services, ou si vous avez eu une exp\u00e9rience positive que vous aimeriez partager, nous serions ravis de l&#8217;entendre.<\/p>\n<p><strong>contact<\/strong><\/p>\n<p>Service apr\u00e8s-vente<\/p>\n<p>Courriel : info@projekt.vombat.ee<\/p>\n<p>Assistance avant-vente<\/p>\n<p>Courriel : info@projekt.vombat.ee<\/p>\n<p><strong>Contactez nous<\/strong><\/p>\n<p>Chez Ecocruiser, nous nous engageons \u00e0 fournir un excellent service et \u00e0 construire une relation solide avec nos clients. Votre satisfaction est notre priorit\u00e9 et nous sommes ravis de vous aider. N&#8217;h\u00e9sitez pas \u00e0 nous contacter \u00e0 tout moment !<\/p>\n<p>Merci d&#8217;avoir choisi ecocruiser.eu pour vos besoins.<\/p>\n<p>Sinc\u00e8rement, l&#8217;\u00e9quipe Ecocruiser. \ud83d\ude42<\/p>\n","protected":false},"excerpt":{"rendered":"<p>Contact Bienvenue sur Ecocruiser.eu ! Nous sommes l\u00e0 pour vous aider de toutes les mani\u00e8res possibles. Que vous ayez des questions sur nos produits, que vous ayez besoin d&#8217;aide pour passer une commande ou que vous souhaitiez simplement nous faire part de vos r\u00e9flexions, nous sommes \u00e0 votre disposition. Assistance \u00e0 la client\u00e8le Notre \u00e9quipe d&#8217;assistance \u00e0 la client\u00e8le est\u2026<\/p>\n","protected":false},"author":72,"featured_media":0,"parent":0,"menu_order":0,"comment_status":"closed","ping_status":"closed","template":"elementor_header_footer","meta":{"footnotes":""},"class_list":["post-17123","page","type-page","status-publish","hentry"],"yoast_head":"<!-- This site is optimized with the Yoast SEO plugin v23.8 - https:\/\/yoast.com\/wordpress\/plugins\/seo\/ -->\n<title>Contactez nous - Ecocruiser<\/title>\n<meta name=\"description\" content=\"Ecocruiser.ee - Service client\u00e8le : (+372) 56638381 ; E-mail : info@projekt.vombat.ee. (e-mail : +358 (+30) - Tel.\" \/>\n<meta name=\"robots\" content=\"noindex, follow, max-snippet:-1, max-image-preview:large, max-video-preview:-1\" \/>\n<meta property=\"og:locale\" content=\"en_GB\" \/>\n<meta property=\"og:type\" content=\"article\" \/>\n<meta property=\"og:title\" content=\"Contactez nous - Ecocruiser\" \/>\n<meta property=\"og:description\" content=\"Ecocruiser.ee - Service client\u00e8le : (+372) 56638381 ; E-mail : info@projekt.vombat.ee. (e-mail : +358 (+30) - Tel.\" \/>\n<meta property=\"og:url\" content=\"https:\/\/projekt.vombat.ee\/eco\/fr\/contactez-nous\/\" \/>\n<meta property=\"og:site_name\" content=\"Ecocruiser\" \/>\n<meta name=\"twitter:card\" content=\"summary_large_image\" \/>\n<meta name=\"twitter:label1\" content=\"Estimated reading time\" \/>\n\t<meta name=\"twitter:data1\" content=\"2 minutes\" \/>\n<script type=\"application\/ld+json\" class=\"yoast-schema-graph\">{\"@context\":\"https:\/\/schema.org\",\"@graph\":[{\"@type\":\"WebPage\",\"@id\":\"https:\/\/projekt.vombat.ee\/eco\/fr\/contactez-nous\/\",\"url\":\"https:\/\/projekt.vombat.ee\/eco\/fr\/contactez-nous\/\",\"name\":\"Contactez nous - Ecocruiser\",\"isPartOf\":{\"@id\":\"https:\/\/projekt.vombat.ee\/eco\/#website\"},\"datePublished\":\"2024-05-15T20:12:24+00:00\",\"dateModified\":\"2024-05-15T20:12:24+00:00\",\"description\":\"Ecocruiser.ee - Service client\u00e8le : (+372) 56638381 ; E-mail : info@projekt.vombat.ee. (e-mail : +358 (+30) - Tel.\",\"breadcrumb\":{\"@id\":\"https:\/\/projekt.vombat.ee\/eco\/fr\/contactez-nous\/#breadcrumb\"},\"inLanguage\":\"en-GB\",\"potentialAction\":[{\"@type\":\"ReadAction\",\"target\":[\"https:\/\/projekt.vombat.ee\/eco\/fr\/contactez-nous\/\"]}]},{\"@type\":\"BreadcrumbList\",\"@id\":\"https:\/\/projekt.vombat.ee\/eco\/fr\/contactez-nous\/#breadcrumb\",\"itemListElement\":[{\"@type\":\"ListItem\",\"position\":1,\"name\":\"Home\",\"item\":\"https:\/\/projekt.vombat.ee\/eco\/\"},{\"@type\":\"ListItem\",\"position\":2,\"name\":\"Contactez nous\"}]},{\"@type\":\"WebSite\",\"@id\":\"https:\/\/projekt.vombat.ee\/eco\/#website\",\"url\":\"https:\/\/projekt.vombat.ee\/eco\/\",\"name\":\"Ecocruiser\",\"description\":\"\",\"publisher\":{\"@id\":\"https:\/\/projekt.vombat.ee\/eco\/#organization\"},\"potentialAction\":[{\"@type\":\"SearchAction\",\"target\":{\"@type\":\"EntryPoint\",\"urlTemplate\":\"https:\/\/projekt.vombat.ee\/eco\/?s={search_term_string}\"},\"query-input\":{\"@type\":\"PropertyValueSpecification\",\"valueRequired\":true,\"valueName\":\"search_term_string\"}}],\"inLanguage\":\"en-GB\"},{\"@type\":\"Organization\",\"@id\":\"https:\/\/projekt.vombat.ee\/eco\/#organization\",\"name\":\"Ecocruiser\",\"url\":\"https:\/\/projekt.vombat.ee\/eco\/\",\"logo\":{\"@type\":\"ImageObject\",\"inLanguage\":\"en-GB\",\"@id\":\"https:\/\/projekt.vombat.ee\/eco\/#\/schema\/logo\/image\/\",\"url\":\"https:\/\/projekt.vombat.ee\/eco\/wp-content\/uploads\/2023\/03\/ECOCRUISER_5.png\",\"contentUrl\":\"https:\/\/projekt.vombat.ee\/eco\/wp-content\/uploads\/2023\/03\/ECOCRUISER_5.png\",\"width\":234,\"height\":91,\"caption\":\"Ecocruiser\"},\"image\":{\"@id\":\"https:\/\/projekt.vombat.ee\/eco\/#\/schema\/logo\/image\/\"}}]}<\/script>\n<!-- \/ Yoast SEO plugin. -->","yoast_head_json":{"title":"Contactez nous - Ecocruiser","description":"Ecocruiser.ee - Service client\u00e8le : (+372) 56638381 ; E-mail : info@projekt.vombat.ee. (e-mail : +358 (+30) - Tel.","robots":{"index":"noindex","follow":"follow","max-snippet":"max-snippet:-1","max-image-preview":"max-image-preview:large","max-video-preview":"max-video-preview:-1"},"og_locale":"en_GB","og_type":"article","og_title":"Contactez nous - Ecocruiser","og_description":"Ecocruiser.ee - Service client\u00e8le : (+372) 56638381 ; E-mail : info@projekt.vombat.ee. (e-mail : +358 (+30) - Tel.","og_url":"https:\/\/projekt.vombat.ee\/eco\/fr\/contactez-nous\/","og_site_name":"Ecocruiser","twitter_card":"summary_large_image","twitter_misc":{"Estimated reading time":"2 minutes"},"schema":{"@context":"https:\/\/schema.org","@graph":[{"@type":"WebPage","@id":"https:\/\/projekt.vombat.ee\/eco\/fr\/contactez-nous\/","url":"https:\/\/projekt.vombat.ee\/eco\/fr\/contactez-nous\/","name":"Contactez nous - Ecocruiser","isPartOf":{"@id":"https:\/\/projekt.vombat.ee\/eco\/#website"},"datePublished":"2024-05-15T20:12:24+00:00","dateModified":"2024-05-15T20:12:24+00:00","description":"Ecocruiser.ee - Service client\u00e8le : (+372) 56638381 ; E-mail : info@projekt.vombat.ee. (e-mail : +358 (+30) - Tel.","breadcrumb":{"@id":"https:\/\/projekt.vombat.ee\/eco\/fr\/contactez-nous\/#breadcrumb"},"inLanguage":"en-GB","potentialAction":[{"@type":"ReadAction","target":["https:\/\/projekt.vombat.ee\/eco\/fr\/contactez-nous\/"]}]},{"@type":"BreadcrumbList","@id":"https:\/\/projekt.vombat.ee\/eco\/fr\/contactez-nous\/#breadcrumb","itemListElement":[{"@type":"ListItem","position":1,"name":"Home","item":"https:\/\/projekt.vombat.ee\/eco\/"},{"@type":"ListItem","position":2,"name":"Contactez nous"}]},{"@type":"WebSite","@id":"https:\/\/projekt.vombat.ee\/eco\/#website","url":"https:\/\/projekt.vombat.ee\/eco\/","name":"Ecocruiser","description":"","publisher":{"@id":"https:\/\/projekt.vombat.ee\/eco\/#organization"},"potentialAction":[{"@type":"SearchAction","target":{"@type":"EntryPoint","urlTemplate":"https:\/\/projekt.vombat.ee\/eco\/?s={search_term_string}"},"query-input":{"@type":"PropertyValueSpecification","valueRequired":true,"valueName":"search_term_string"}}],"inLanguage":"en-GB"},{"@type":"Organization","@id":"https:\/\/projekt.vombat.ee\/eco\/#organization","name":"Ecocruiser","url":"https:\/\/projekt.vombat.ee\/eco\/","logo":{"@type":"ImageObject","inLanguage":"en-GB","@id":"https:\/\/projekt.vombat.ee\/eco\/#\/schema\/logo\/image\/","url":"https:\/\/projekt.vombat.ee\/eco\/wp-content\/uploads\/2023\/03\/ECOCRUISER_5.png","contentUrl":"https:\/\/projekt.vombat.ee\/eco\/wp-content\/uploads\/2023\/03\/ECOCRUISER_5.png","width":234,"height":91,"caption":"Ecocruiser"},"image":{"@id":"https:\/\/projekt.vombat.ee\/eco\/#\/schema\/logo\/image\/"}}]}},"lang":"fr","translations":{"fr":17123,"fi":7224,"et":1173,"lv":10960,"en":12178,"ru":16129},"pll_sync_post":[],"_links":{"self":[{"href":"https:\/\/projekt.vombat.ee\/eco\/wp-json\/wp\/v2\/pages\/17123"}],"collection":[{"href":"https:\/\/projekt.vombat.ee\/eco\/wp-json\/wp\/v2\/pages"}],"about":[{"href":"https:\/\/projekt.vombat.ee\/eco\/wp-json\/wp\/v2\/types\/page"}],"author":[{"embeddable":true,"href":"https:\/\/projekt.vombat.ee\/eco\/wp-json\/wp\/v2\/users\/72"}],"replies":[{"embeddable":true,"href":"https:\/\/projekt.vombat.ee\/eco\/wp-json\/wp\/v2\/comments?post=17123"}],"version-history":[{"count":1,"href":"https:\/\/projekt.vombat.ee\/eco\/wp-json\/wp\/v2\/pages\/17123\/revisions"}],"predecessor-version":[{"id":17124,"href":"https:\/\/projekt.vombat.ee\/eco\/wp-json\/wp\/v2\/pages\/17123\/revisions\/17124"}],"wp:attachment":[{"href":"https:\/\/projekt.vombat.ee\/eco\/wp-json\/wp\/v2\/media?parent=17123"}],"curies":[{"name":"wp","href":"https:\/\/api.w.org\/{rel}","templated":true}]}}