{"id":17116,"date":"2024-05-15T20:12:05","date_gmt":"2024-05-15T20:12:05","guid":{"rendered":"https:\/\/projekt.vombat.ee\/eco\/?page_id=17116"},"modified":"2024-05-15T20:12:05","modified_gmt":"2024-05-15T20:12:05","slug":"a-propos-de-nous","status":"publish","type":"page","link":"https:\/\/projekt.vombat.ee\/eco\/fr\/a-propos-de-nous\/","title":{"rendered":"A propos de nous"},"content":{"rendered":"<h2>NAVIGUEZ DANS LA VIE AVEC ECOCRUISER<\/h2>\n<p><img fetchpriority=\"high\" decoding=\"async\" src=\"https:\/\/projekt.vombat.ee\/eco\/wp-content\/uploads\/2023\/02\/16-1024x1024.jpg\" sizes=\"(max-width: 1024px) 100vw, 1024px\" srcset=\"https:\/\/projekt.vombat.ee\/eco\/wp-content\/uploads\/2023\/02\/16-1024x1024.jpg 1024w, https:\/\/projekt.vombat.ee\/eco\/wp-content\/uploads\/2023\/02\/16-150x150.jpg 150w, https:\/\/projekt.vombat.ee\/eco\/wp-content\/uploads\/2023\/02\/16-300x300.jpg 300w, https:\/\/projekt.vombat.ee\/eco\/wp-content\/uploads\/2023\/02\/16-768x768.jpg 768w, https:\/\/projekt.vombat.ee\/eco\/wp-content\/uploads\/2023\/02\/16-50x50.jpg 50w, https:\/\/projekt.vombat.ee\/eco\/wp-content\/uploads\/2023\/02\/16-100x100.jpg 100w, https:\/\/projekt.vombat.ee\/eco\/wp-content\/uploads\/2023\/02\/16-370x370.jpg 370w, https:\/\/projekt.vombat.ee\/eco\/wp-content\/uploads\/2023\/02\/16-75x75.jpg 75w, https:\/\/projekt.vombat.ee\/eco\/wp-content\/uploads\/2023\/02\/16-760x760.jpg 760w, https:\/\/projekt.vombat.ee\/eco\/wp-content\/uploads\/2023\/02\/16-800x800.jpg 800w, https:\/\/projekt.vombat.ee\/eco\/wp-content\/uploads\/2023\/02\/16-500x500.jpg 500w, https:\/\/projekt.vombat.ee\/eco\/wp-content\/uploads\/2023\/02\/16-165x165.jpg 165w\" alt=\"\" width=\"1024\" height=\"1024\" \/><\/p>\n<h2>ECOCRUISER.EU<\/h2>\n<p>Ecocruiser.eu a \u00e9t\u00e9 cr\u00e9\u00e9 dans le but de fournir \u00e0 nos clients des produits qui apportent de la joie et de l&#8217;excitation \u00e0 la vie tout en contribuant \u00e0 r\u00e9duire la quantit\u00e9 de CO2 dans notre soci\u00e9t\u00e9. La gamme de produits comprend divers scooters \u00e9lectriques, tant de marques anciennes bien connues que de nouveaux venus. La livraison \u00e0 domicile en Estonie prend g\u00e9n\u00e9ralement de 3 \u00e0 4 jours ouvrables, mais dans certains cas, elle peut prendre jusqu&#8217;\u00e0 5 jours ouvrables. Les options de paiement sur Ecocruiser.eu comprennent le virement bancaire, la carte de cr\u00e9dit, ainsi que la facturation ou le paiement \u00e9chelonn\u00e9. Les personnes int\u00e9ress\u00e9es par les paiements \u00e9chelonn\u00e9s peuvent en faire la demande directement via notre panier d&#8217;achat, et les paiements \u00e9chelonn\u00e9s sont assur\u00e9s par Esto. Les solutions s\u00e9curis\u00e9es propos\u00e9es par les interm\u00e9diaires de paiement rendent les paiements en ligne s\u00fbrs et pratiques<\/p>\n<p>&nbsp;<\/p>\n<h2>COMMENTAIRES DES CLIENTS<\/h2>\n<p><img decoding=\"async\" src=\"https:\/\/projekt.vombat.ee\/eco\/wp-content\/uploads\/2023\/02\/scooters-2.jpg\" sizes=\"(max-width: 767px) 100vw, 500px\" srcset=\"https:\/\/projekt.vombat.ee\/eco\/wp-content\/uploads\/2023\/02\/scooters-2.jpg 500w, https:\/\/projekt.vombat.ee\/eco\/wp-content\/uploads\/2023\/02\/scooters-2-300x200.jpg 300w, https:\/\/projekt.vombat.ee\/eco\/wp-content\/uploads\/2023\/02\/scooters-2-370x247.jpg 370w\" alt=\"\" width=\"500\" height=\"334\" \/><\/p>\n<p>Excellent service !<\/p>\n<p>Markus K.<\/p>\n<p>Service professionnel \u00e0 tous points de vue, je le recommande.<\/p>\n<p>Hardi M<\/p>\n<p>&#8220;J&#8217;ai longtemps r\u00e9fl\u00e9chi et lutt\u00e9 pour savoir quel v\u00e9lo \u00e9lectrique acheter. Heureusement, les repr\u00e9sentants du service Ecocruiser m&#8217;ont beaucoup aid\u00e9, et je suis tr\u00e8s satisfait de mon choix \ud83d\ude42<\/p>\n<p>C\u00e9line<\/p>\n","protected":false},"excerpt":{"rendered":"<p>NAVIGUEZ DANS LA VIE AVEC ECOCRUISER ECOCRUISER.EU Ecocruiser.eu a \u00e9t\u00e9 cr\u00e9\u00e9 dans le but de fournir \u00e0 nos clients des produits qui apportent de la joie et de l&#8217;excitation \u00e0 la vie tout en contribuant \u00e0 r\u00e9duire la quantit\u00e9 de CO2 dans notre soci\u00e9t\u00e9. La gamme de produits comprend divers scooters \u00e9lectriques, tant de marques anciennes bien connues que de\u2026<\/p>\n","protected":false},"author":72,"featured_media":0,"parent":0,"menu_order":0,"comment_status":"closed","ping_status":"closed","template":"elementor_header_footer","meta":{"footnotes":""},"class_list":["post-17116","page","type-page","status-publish","hentry"],"yoast_head":"<!-- This site is optimized with the Yoast SEO plugin v23.8 - https:\/\/yoast.com\/wordpress\/plugins\/seo\/ -->\n<title>A propos de nous - Ecocruiser<\/title>\n<meta name=\"description\" content=\"Ecocruiser.eu a \u00e9t\u00e9 cr\u00e9\u00e9 pour vous offrir des produits qui apportent de la joie et de l&#039;enthousiasme dans votre vie et qui contribuent \u00e0 r\u00e9duire les \u00e9missions de CO2 dans notre soci\u00e9t\u00e9. Vous trouverez une large gamme de motos \u00e9lectriques diff\u00e9rentes, des anciennes marques bien connues aux nouveaux venus. La livraison en Estonie est g\u00e9n\u00e9ralement de 3 \u00e0 4 jours ouvrables lorsque vous commandez depuis votre domicile, dans certains cas, elle peut aller jusqu&#039;\u00e0 5 jours ouvrables.\" \/>\n<meta name=\"robots\" content=\"noindex, follow, max-snippet:-1, max-image-preview:large, max-video-preview:-1\" \/>\n<meta property=\"og:locale\" content=\"en_GB\" \/>\n<meta property=\"og:type\" content=\"article\" \/>\n<meta property=\"og:title\" content=\"A propos de nous - Ecocruiser\" \/>\n<meta property=\"og:description\" content=\"Ecocruiser.eu a \u00e9t\u00e9 cr\u00e9\u00e9 pour vous offrir des produits qui apportent de la joie et de l&#039;enthousiasme dans votre vie et qui contribuent \u00e0 r\u00e9duire les \u00e9missions de CO2 dans notre soci\u00e9t\u00e9. Vous trouverez une large gamme de motos \u00e9lectriques diff\u00e9rentes, des anciennes marques bien connues aux nouveaux venus. La livraison en Estonie est g\u00e9n\u00e9ralement de 3 \u00e0 4 jours ouvrables lorsque vous commandez depuis votre domicile, dans certains cas, elle peut aller jusqu&#039;\u00e0 5 jours ouvrables.\" \/>\n<meta property=\"og:url\" content=\"https:\/\/projekt.vombat.ee\/eco\/fr\/a-propos-de-nous\/\" \/>\n<meta property=\"og:site_name\" content=\"Ecocruiser\" \/>\n<meta property=\"og:image\" content=\"https:\/\/projekt.vombat.ee\/eco\/wp-content\/uploads\/2023\/02\/16-1024x1024.jpg\" \/>\n<meta name=\"twitter:card\" content=\"summary_large_image\" \/>\n<meta name=\"twitter:label1\" content=\"Estimated reading time\" \/>\n\t<meta name=\"twitter:data1\" content=\"2 minutes\" \/>\n<script type=\"application\/ld+json\" class=\"yoast-schema-graph\">{\"@context\":\"https:\/\/schema.org\",\"@graph\":[{\"@type\":\"WebPage\",\"@id\":\"https:\/\/projekt.vombat.ee\/eco\/fr\/a-propos-de-nous\/\",\"url\":\"https:\/\/projekt.vombat.ee\/eco\/fr\/a-propos-de-nous\/\",\"name\":\"A propos de nous - Ecocruiser\",\"isPartOf\":{\"@id\":\"https:\/\/projekt.vombat.ee\/eco\/#website\"},\"primaryImageOfPage\":{\"@id\":\"https:\/\/projekt.vombat.ee\/eco\/fr\/a-propos-de-nous\/#primaryimage\"},\"image\":{\"@id\":\"https:\/\/projekt.vombat.ee\/eco\/fr\/a-propos-de-nous\/#primaryimage\"},\"thumbnailUrl\":\"https:\/\/projekt.vombat.ee\/eco\/wp-content\/uploads\/2023\/02\/16-1024x1024.jpg\",\"datePublished\":\"2024-05-15T20:12:05+00:00\",\"dateModified\":\"2024-05-15T20:12:05+00:00\",\"description\":\"Ecocruiser.eu a \u00e9t\u00e9 cr\u00e9\u00e9 pour vous offrir des produits qui apportent de la joie et de l'enthousiasme dans votre vie et qui contribuent \u00e0 r\u00e9duire les \u00e9missions de CO2 dans notre soci\u00e9t\u00e9. Vous trouverez une large gamme de motos \u00e9lectriques diff\u00e9rentes, des anciennes marques bien connues aux nouveaux venus. La livraison en Estonie est g\u00e9n\u00e9ralement de 3 \u00e0 4 jours ouvrables lorsque vous commandez depuis votre domicile, dans certains cas, elle peut aller jusqu'\u00e0 5 jours ouvrables.\",\"breadcrumb\":{\"@id\":\"https:\/\/projekt.vombat.ee\/eco\/fr\/a-propos-de-nous\/#breadcrumb\"},\"inLanguage\":\"en-GB\",\"potentialAction\":[{\"@type\":\"ReadAction\",\"target\":[\"https:\/\/projekt.vombat.ee\/eco\/fr\/a-propos-de-nous\/\"]}]},{\"@type\":\"ImageObject\",\"inLanguage\":\"en-GB\",\"@id\":\"https:\/\/projekt.vombat.ee\/eco\/fr\/a-propos-de-nous\/#primaryimage\",\"url\":\"https:\/\/projekt.vombat.ee\/eco\/wp-content\/uploads\/2023\/02\/16.jpg\",\"contentUrl\":\"https:\/\/projekt.vombat.ee\/eco\/wp-content\/uploads\/2023\/02\/16.jpg\",\"width\":900,\"height\":600},{\"@type\":\"BreadcrumbList\",\"@id\":\"https:\/\/projekt.vombat.ee\/eco\/fr\/a-propos-de-nous\/#breadcrumb\",\"itemListElement\":[{\"@type\":\"ListItem\",\"position\":1,\"name\":\"Home\",\"item\":\"https:\/\/projekt.vombat.ee\/eco\/\"},{\"@type\":\"ListItem\",\"position\":2,\"name\":\"A propos de nous\"}]},{\"@type\":\"WebSite\",\"@id\":\"https:\/\/projekt.vombat.ee\/eco\/#website\",\"url\":\"https:\/\/projekt.vombat.ee\/eco\/\",\"name\":\"Ecocruiser\",\"description\":\"\",\"publisher\":{\"@id\":\"https:\/\/projekt.vombat.ee\/eco\/#organization\"},\"potentialAction\":[{\"@type\":\"SearchAction\",\"target\":{\"@type\":\"EntryPoint\",\"urlTemplate\":\"https:\/\/projekt.vombat.ee\/eco\/?s={search_term_string}\"},\"query-input\":{\"@type\":\"PropertyValueSpecification\",\"valueRequired\":true,\"valueName\":\"search_term_string\"}}],\"inLanguage\":\"en-GB\"},{\"@type\":\"Organization\",\"@id\":\"https:\/\/projekt.vombat.ee\/eco\/#organization\",\"name\":\"Ecocruiser\",\"url\":\"https:\/\/projekt.vombat.ee\/eco\/\",\"logo\":{\"@type\":\"ImageObject\",\"inLanguage\":\"en-GB\",\"@id\":\"https:\/\/projekt.vombat.ee\/eco\/#\/schema\/logo\/image\/\",\"url\":\"https:\/\/projekt.vombat.ee\/eco\/wp-content\/uploads\/2023\/03\/ECOCRUISER_5.png\",\"contentUrl\":\"https:\/\/projekt.vombat.ee\/eco\/wp-content\/uploads\/2023\/03\/ECOCRUISER_5.png\",\"width\":234,\"height\":91,\"caption\":\"Ecocruiser\"},\"image\":{\"@id\":\"https:\/\/projekt.vombat.ee\/eco\/#\/schema\/logo\/image\/\"}}]}<\/script>\n<!-- \/ Yoast SEO plugin. -->","yoast_head_json":{"title":"A propos de nous - Ecocruiser","description":"Ecocruiser.eu a \u00e9t\u00e9 cr\u00e9\u00e9 pour vous offrir des produits qui apportent de la joie et de l'enthousiasme dans votre vie et qui contribuent \u00e0 r\u00e9duire les \u00e9missions de CO2 dans notre soci\u00e9t\u00e9. Vous trouverez une large gamme de motos \u00e9lectriques diff\u00e9rentes, des anciennes marques bien connues aux nouveaux venus. La livraison en Estonie est g\u00e9n\u00e9ralement de 3 \u00e0 4 jours ouvrables lorsque vous commandez depuis votre domicile, dans certains cas, elle peut aller jusqu'\u00e0 5 jours ouvrables.","robots":{"index":"noindex","follow":"follow","max-snippet":"max-snippet:-1","max-image-preview":"max-image-preview:large","max-video-preview":"max-video-preview:-1"},"og_locale":"en_GB","og_type":"article","og_title":"A propos de nous - Ecocruiser","og_description":"Ecocruiser.eu a \u00e9t\u00e9 cr\u00e9\u00e9 pour vous offrir des produits qui apportent de la joie et de l'enthousiasme dans votre vie et qui contribuent \u00e0 r\u00e9duire les \u00e9missions de CO2 dans notre soci\u00e9t\u00e9. Vous trouverez une large gamme de motos \u00e9lectriques diff\u00e9rentes, des anciennes marques bien connues aux nouveaux venus. La livraison en Estonie est g\u00e9n\u00e9ralement de 3 \u00e0 4 jours ouvrables lorsque vous commandez depuis votre domicile, dans certains cas, elle peut aller jusqu'\u00e0 5 jours ouvrables.","og_url":"https:\/\/projekt.vombat.ee\/eco\/fr\/a-propos-de-nous\/","og_site_name":"Ecocruiser","og_image":[{"url":"https:\/\/projekt.vombat.ee\/eco\/wp-content\/uploads\/2023\/02\/16-1024x1024.jpg"}],"twitter_card":"summary_large_image","twitter_misc":{"Estimated reading time":"2 minutes"},"schema":{"@context":"https:\/\/schema.org","@graph":[{"@type":"WebPage","@id":"https:\/\/projekt.vombat.ee\/eco\/fr\/a-propos-de-nous\/","url":"https:\/\/projekt.vombat.ee\/eco\/fr\/a-propos-de-nous\/","name":"A propos de nous - Ecocruiser","isPartOf":{"@id":"https:\/\/projekt.vombat.ee\/eco\/#website"},"primaryImageOfPage":{"@id":"https:\/\/projekt.vombat.ee\/eco\/fr\/a-propos-de-nous\/#primaryimage"},"image":{"@id":"https:\/\/projekt.vombat.ee\/eco\/fr\/a-propos-de-nous\/#primaryimage"},"thumbnailUrl":"https:\/\/projekt.vombat.ee\/eco\/wp-content\/uploads\/2023\/02\/16-1024x1024.jpg","datePublished":"2024-05-15T20:12:05+00:00","dateModified":"2024-05-15T20:12:05+00:00","description":"Ecocruiser.eu a \u00e9t\u00e9 cr\u00e9\u00e9 pour vous offrir des produits qui apportent de la joie et de l'enthousiasme dans votre vie et qui contribuent \u00e0 r\u00e9duire les \u00e9missions de CO2 dans notre soci\u00e9t\u00e9. Vous trouverez une large gamme de motos \u00e9lectriques diff\u00e9rentes, des anciennes marques bien connues aux nouveaux venus. La livraison en Estonie est g\u00e9n\u00e9ralement de 3 \u00e0 4 jours ouvrables lorsque vous commandez depuis votre domicile, dans certains cas, elle peut aller jusqu'\u00e0 5 jours ouvrables.","breadcrumb":{"@id":"https:\/\/projekt.vombat.ee\/eco\/fr\/a-propos-de-nous\/#breadcrumb"},"inLanguage":"en-GB","potentialAction":[{"@type":"ReadAction","target":["https:\/\/projekt.vombat.ee\/eco\/fr\/a-propos-de-nous\/"]}]},{"@type":"ImageObject","inLanguage":"en-GB","@id":"https:\/\/projekt.vombat.ee\/eco\/fr\/a-propos-de-nous\/#primaryimage","url":"https:\/\/projekt.vombat.ee\/eco\/wp-content\/uploads\/2023\/02\/16.jpg","contentUrl":"https:\/\/projekt.vombat.ee\/eco\/wp-content\/uploads\/2023\/02\/16.jpg","width":900,"height":600},{"@type":"BreadcrumbList","@id":"https:\/\/projekt.vombat.ee\/eco\/fr\/a-propos-de-nous\/#breadcrumb","itemListElement":[{"@type":"ListItem","position":1,"name":"Home","item":"https:\/\/projekt.vombat.ee\/eco\/"},{"@type":"ListItem","position":2,"name":"A propos de nous"}]},{"@type":"WebSite","@id":"https:\/\/projekt.vombat.ee\/eco\/#website","url":"https:\/\/projekt.vombat.ee\/eco\/","name":"Ecocruiser","description":"","publisher":{"@id":"https:\/\/projekt.vombat.ee\/eco\/#organization"},"potentialAction":[{"@type":"SearchAction","target":{"@type":"EntryPoint","urlTemplate":"https:\/\/projekt.vombat.ee\/eco\/?s={search_term_string}"},"query-input":{"@type":"PropertyValueSpecification","valueRequired":true,"valueName":"search_term_string"}}],"inLanguage":"en-GB"},{"@type":"Organization","@id":"https:\/\/projekt.vombat.ee\/eco\/#organization","name":"Ecocruiser","url":"https:\/\/projekt.vombat.ee\/eco\/","logo":{"@type":"ImageObject","inLanguage":"en-GB","@id":"https:\/\/projekt.vombat.ee\/eco\/#\/schema\/logo\/image\/","url":"https:\/\/projekt.vombat.ee\/eco\/wp-content\/uploads\/2023\/03\/ECOCRUISER_5.png","contentUrl":"https:\/\/projekt.vombat.ee\/eco\/wp-content\/uploads\/2023\/03\/ECOCRUISER_5.png","width":234,"height":91,"caption":"Ecocruiser"},"image":{"@id":"https:\/\/projekt.vombat.ee\/eco\/#\/schema\/logo\/image\/"}}]}},"lang":"fr","translations":{"fr":17116,"ru":5704,"et":1146,"lv":5934,"fi":7219,"en":12169},"pll_sync_post":[],"_links":{"self":[{"href":"https:\/\/projekt.vombat.ee\/eco\/wp-json\/wp\/v2\/pages\/17116"}],"collection":[{"href":"https:\/\/projekt.vombat.ee\/eco\/wp-json\/wp\/v2\/pages"}],"about":[{"href":"https:\/\/projekt.vombat.ee\/eco\/wp-json\/wp\/v2\/types\/page"}],"author":[{"embeddable":true,"href":"https:\/\/projekt.vombat.ee\/eco\/wp-json\/wp\/v2\/users\/72"}],"replies":[{"embeddable":true,"href":"https:\/\/projekt.vombat.ee\/eco\/wp-json\/wp\/v2\/comments?post=17116"}],"version-history":[{"count":1,"href":"https:\/\/projekt.vombat.ee\/eco\/wp-json\/wp\/v2\/pages\/17116\/revisions"}],"predecessor-version":[{"id":17117,"href":"https:\/\/projekt.vombat.ee\/eco\/wp-json\/wp\/v2\/pages\/17116\/revisions\/17117"}],"wp:attachment":[{"href":"https:\/\/projekt.vombat.ee\/eco\/wp-json\/wp\/v2\/media?parent=17116"}],"curies":[{"name":"wp","href":"https:\/\/api.w.org\/{rel}","templated":true}]}}