{"id":16702,"date":"2024-04-30T09:18:42","date_gmt":"2024-04-30T09:18:42","guid":{"rendered":"https:\/\/projekt.vombat.ee\/eco\/?page_id=16702"},"modified":"2024-04-30T09:31:59","modified_gmt":"2024-04-30T09:31:59","slug":"tule-toole","status":"publish","type":"page","link":"https:\/\/projekt.vombat.ee\/eco\/tule-toole\/","title":{"rendered":"Tule t\u00f6\u00f6le"},"content":{"rendered":"\t\t<div data-elementor-type=\"wp-page\" data-elementor-id=\"16702\" class=\"elementor elementor-16702\" data-elementor-post-type=\"page\">\n\t\t\t\t\t\t<section class=\"elementor-section elementor-top-section elementor-element elementor-element-44e6f95 elementor-section-boxed elementor-section-height-default elementor-section-height-default\" data-id=\"44e6f95\" data-element_type=\"section\">\n\t\t\t\t\t\t<div class=\"elementor-container elementor-column-gap-default\">\n\t\t\t\t\t<div class=\"elementor-column elementor-col-100 elementor-top-column elementor-element elementor-element-43c451b\" data-id=\"43c451b\" data-element_type=\"column\">\n\t\t\t<div class=\"elementor-widget-wrap elementor-element-populated\">\n\t\t\t\t\t\t<div class=\"elementor-element elementor-element-389da74 elementor-widget elementor-widget-heading\" data-id=\"389da74\" data-element_type=\"widget\" data-widget_type=\"heading.default\">\n\t\t\t\t<div class=\"elementor-widget-container\">\n\t\t\t<h2 class=\"elementor-heading-title elementor-size-default\">SAADAOLEVAD PAKKUMISED<\/h2>\t\t<\/div>\n\t\t\t\t<\/div>\n\t\t\t\t\t<\/div>\n\t\t<\/div>\n\t\t\t\t\t<\/div>\n\t\t<\/section>\n\t\t\t\t<section class=\"elementor-section elementor-top-section elementor-element elementor-element-0345141 elementor-section-boxed elementor-section-height-default elementor-section-height-default\" data-id=\"0345141\" data-element_type=\"section\">\n\t\t\t\t\t\t<div class=\"elementor-container elementor-column-gap-default\">\n\t\t\t\t\t<div class=\"elementor-column elementor-col-100 elementor-top-column elementor-element elementor-element-a9f0293\" data-id=\"a9f0293\" data-element_type=\"column\">\n\t\t\t<div class=\"elementor-widget-wrap elementor-element-populated\">\n\t\t\t\t\t\t<div class=\"elementor-element elementor-element-8b3cac2 elementor-widget elementor-widget-heading\" data-id=\"8b3cac2\" data-element_type=\"widget\" data-widget_type=\"heading.default\">\n\t\t\t\t<div class=\"elementor-widget-container\">\n\t\t\t<h3 class=\"elementor-heading-title elementor-size-default\"><span style=\"font-size: 26px\">1. Klienditeenindaja\/remondispetsialist<\/span><\/h3>\t\t<\/div>\n\t\t\t\t<\/div>\n\t\t\t\t\t<\/div>\n\t\t<\/div>\n\t\t\t\t\t<\/div>\n\t\t<\/section>\n\t\t\t\t<section class=\"elementor-section elementor-top-section elementor-element elementor-element-48f9f62 elementor-section-boxed elementor-section-height-default elementor-section-height-default\" data-id=\"48f9f62\" data-element_type=\"section\">\n\t\t\t\t\t\t<div class=\"elementor-container elementor-column-gap-default\">\n\t\t\t\t\t<div class=\"elementor-column elementor-col-100 elementor-top-column elementor-element elementor-element-60f86c6\" data-id=\"60f86c6\" data-element_type=\"column\">\n\t\t\t<div class=\"elementor-widget-wrap elementor-element-populated\">\n\t\t\t\t\t\t<div class=\"elementor-element elementor-element-d6182d2 elementor-widget elementor-widget-text-editor\" data-id=\"d6182d2\" data-element_type=\"widget\" data-widget_type=\"text-editor.default\">\n\t\t\t\t<div class=\"elementor-widget-container\">\n\t\t\t\t\t\t\t<div style=\"width: 792px; color: #040429; font-family: 'Open Sans', Helvetica, sans-serif; font-size: 16px;\"><div style=\"border: 1px solid #dadadf; border-radius: 2px; margin-bottom: 24px;\"><div style=\"-webkit-tap-highlight-color: transparent;\" data-tabs=\"true\"><div style=\"padding: 32px 24px;\" role=\"tabpanel\" aria-labelledby=\"react-tabs-12\"><div style=\"margin-top: 16px; border-bottom: 1px solid #dadadf; text-align: justify; padding-bottom: 16px;\"><div><span style=\"background-color: var(--site-bg-color);\">Kasuks tuleb:<\/span><\/div><ul><li>Vene keele oskus<\/li><li>Varasem t\u00f6\u00f6kogemus kergliikurite valdkonnas<\/li><li>korrektsus, t\u00e4psus, t\u00e4helepanelikkus, lahendustele orienteeritud suhtumine<\/li><li>Oskus teha lihtsamaid remondi ja hooldust\u00f6id elektrilistel kergliikuritel (rehvide ja pidurite vahetus, veekindlustamine, kontrollerite ja akude vahetus jms.)<\/li><\/ul><\/div><div style=\"margin-top: 16px; border-bottom: 1px solid #dadadf; text-align: justify; padding-bottom: 16px;\"><h3 style=\"font-size: 20px; font-weight: normal; margin-top: 16px; margin-bottom: 8px;\">T\u00f6\u00f6\u00fclesannete kirjeldus<\/h3><div><div>Igap\u00e4eva t\u00f6\u00f6\u00fclesanded hakkavad olema:<\/div><ul><li>Klientide vastuv\u00f5tt salongis<\/li><li>P\u00e4ringutele vastamine emaili\/telefoni teel<\/li><li>Tellimuste t\u00e4itmine<\/li><li>Toodete tutvustamine klientidele\/m\u00fc\u00fck<\/li><li>Elektriliste kergliikurite remont\/hooldus<\/li><li>Arvete v\u00e4ljastamine<\/li><li>M\u00fc\u00fcgisaali korrashoid<\/li><li>J\u00e4relteenindus<\/li><\/ul><\/div><\/div><div style=\"margin-top: 16px; border-bottom: 0px; text-align: justify;\"><h3 style=\"font-size: 20px; font-weight: normal; margin-top: 16px; margin-bottom: 8px;\">Omalt poolt pakume<\/h3><div><ul><li>Stabiilset t\u00f6\u00f6d Tallinnas osalise koormusega (t\u00f6\u00f6aega graafiku alusel vahemikus 11:00-19:00)<\/li><li>s\u00f5bralikku ja toetavat t\u00f6\u00f6keskkonda, v\u00e4lja\u00f5pet<\/li><li>motiveerivat ja tulemustele orienteeritud t\u00f6\u00f6tasu (p\u00f5hipalk+boonus).<\/li><li>T\u00f6\u00f6arvuti ja telefon<\/li><li>V\u00f5imalus areneda kergliikurite valdkonnas<\/li><li>Otsime 2 inimest t\u00e4iskohaga<\/li><\/ul><\/div><\/div><\/div><\/div><\/div><\/div>\t\t\t\t\t\t<\/div>\n\t\t\t\t<\/div>\n\t\t\t\t<div class=\"elementor-element elementor-element-d12078d elementor-widget elementor-widget-text-editor\" data-id=\"d12078d\" data-element_type=\"widget\" data-widget_type=\"text-editor.default\">\n\t\t\t\t<div class=\"elementor-widget-container\">\n\t\t\t\t\t\t\t<div style=\"line-height: 1.5; padding-bottom: 24px; vertical-align: middle; color: rgb(4, 4, 41); font-family: &quot;Open Sans&quot;, Helvetica, sans-serif; font-size: 16px;\"><div style=\"-webkit-box-pack: justify; justify-content: space-between; display: flex; font-size: 32px;\"><span>Brutokuupalk<span style=\"background-color: var(--site-bg-color);\">&nbsp;\u20ac 1000 &#8211; 2500<\/span><\/span><\/div><h3 style=\"font-size: 20px; font-weight: normal; margin-top: 16px; margin-bottom: 8px;\">Lisah\u00fcved:&nbsp;Lisandub p\u00f5hipalgale saavutatav tulemustasu kuni 2500\u20ac<\/h3><\/div><div style=\"border-top: 1px solid rgb(218, 218, 223); padding-top: 24px; padding-bottom: 24px; -webkit-box-pack: justify; justify-content: space-between; display: flex; color: rgb(4, 4, 41); font-family: &quot;Open Sans&quot;, Helvetica, sans-serif; font-size: 16px;\"><div style=\"flex: 1 1 50%;\"><h3 style=\"font-size: 20px; font-weight: normal; margin-top: 16px; margin-bottom: 8px;\">Asukoht<\/h3><h3 style=\"font-size: 20px; font-weight: normal; margin-top: 16px; margin-bottom: 8px;\">&#8211; <span style=\"color: rgb(4, 4, 41); font-family: &quot;Open Sans&quot;, Helvetica, sans-serif; font-size: 16px; background-color: var(--site-bg-color);\">Harjumaa,<\/span><span style=\"color: rgb(4, 4, 41); font-family: &quot;Open Sans&quot;, Helvetica, sans-serif; font-size: 16px; background-color: var(--site-bg-color);\">&nbsp;Tallinn<\/span><span style=\"color: rgb(4, 4, 41); font-family: &quot;Open Sans&quot;, Helvetica, sans-serif; font-size: 16px; background-color: var(--site-bg-color);\">, Lootsi 8<\/span><\/h3><\/div><div style=\"flex: 1 1 50%;\"><h3 style=\"font-size: 20px; font-weight: normal; margin-top: 16px; margin-bottom: 8px;\">T\u00f6\u00f6aeg<\/h3><ul style=\"list-style: none;\"><li>T\u00e4ist\u00f6\u00f6aeg<\/li><li>Paindlik t\u00f6\u00f6aeg<\/li><\/ul><\/div><\/div>\t\t\t\t\t\t<\/div>\n\t\t\t\t<\/div>\n\t\t\t\t<div class=\"elementor-element elementor-element-c2fc136 elementor-widget elementor-widget-text-editor\" data-id=\"c2fc136\" data-element_type=\"widget\" data-widget_type=\"text-editor.default\">\n\t\t\t\t<div class=\"elementor-widget-container\">\n\t\t\t\t\t\t\t<h6><span style=\"font-weight: normal;\">T\u00f6\u00f6le kandideerimiseks saada meile CV emailile<\/span> <b>info@projekt.vombat.ee<\/b>\u00a0<\/h6>\t\t\t\t\t\t<\/div>\n\t\t\t\t<\/div>\n\t\t\t\t\t<\/div>\n\t\t<\/div>\n\t\t\t\t\t<\/div>\n\t\t<\/section>\n\t\t\t\t<\/div>\n\t\t","protected":false},"excerpt":{"rendered":"<p>SAADAOLEVAD PAKKUMISED 1. Klienditeenindaja\/remondispetsialist Kasuks tuleb: Vene keele oskus Varasem t\u00f6\u00f6kogemus kergliikurite valdkonnas korrektsus, t\u00e4psus, t\u00e4helepanelikkus, lahendustele orienteeritud suhtumine Oskus teha lihtsamaid remondi ja hooldust\u00f6id elektrilistel kergliikuritel (rehvide ja pidurite vahetus, veekindlustamine, kontrollerite ja akude vahetus jms.) T\u00f6\u00f6\u00fclesannete kirjeldus Igap\u00e4eva t\u00f6\u00f6\u00fclesanded hakkavad olema: Klientide vastuv\u00f5tt salongis P\u00e4ringutele vastamine emaili\/telefoni teel Tellimuste t\u00e4itmine Toodete tutvustamine klientidele\/m\u00fc\u00fck Elektriliste kergliikurite remont\/hooldus Arvete v\u00e4ljastamine\u2026<\/p>\n","protected":false},"author":65,"featured_media":0,"parent":0,"menu_order":0,"comment_status":"closed","ping_status":"closed","template":"","meta":{"footnotes":""},"class_list":["post-16702","page","type-page","status-publish","hentry"],"yoast_head":"<!-- This site is optimized with the Yoast SEO plugin v23.8 - https:\/\/yoast.com\/wordpress\/plugins\/seo\/ -->\n<title>Tule t\u00f6\u00f6le - Ecocruiser<\/title>\n<meta name=\"robots\" content=\"noindex, follow, max-snippet:-1, max-image-preview:large, max-video-preview:-1\" \/>\n<meta property=\"og:locale\" content=\"en_GB\" \/>\n<meta property=\"og:type\" content=\"article\" \/>\n<meta property=\"og:title\" content=\"Tule t\u00f6\u00f6le - Ecocruiser\" \/>\n<meta property=\"og:description\" content=\"SAADAOLEVAD PAKKUMISED 1. Klienditeenindaja\/remondispetsialist Kasuks tuleb: Vene keele oskus Varasem t\u00f6\u00f6kogemus kergliikurite valdkonnas korrektsus, t\u00e4psus, t\u00e4helepanelikkus, lahendustele orienteeritud suhtumine Oskus teha lihtsamaid remondi ja hooldust\u00f6id elektrilistel kergliikuritel (rehvide ja pidurite vahetus, veekindlustamine, kontrollerite ja akude vahetus jms.) T\u00f6\u00f6\u00fclesannete kirjeldus Igap\u00e4eva t\u00f6\u00f6\u00fclesanded hakkavad olema: Klientide vastuv\u00f5tt salongis P\u00e4ringutele vastamine emaili\/telefoni teel Tellimuste t\u00e4itmine Toodete tutvustamine klientidele\/m\u00fc\u00fck Elektriliste kergliikurite remont\/hooldus Arvete v\u00e4ljastamine\u2026\" \/>\n<meta property=\"og:url\" content=\"https:\/\/projekt.vombat.ee\/eco\/tule-toole\/\" \/>\n<meta property=\"og:site_name\" content=\"Ecocruiser\" \/>\n<meta property=\"article:modified_time\" content=\"2024-04-30T09:31:59+00:00\" \/>\n<meta name=\"twitter:card\" content=\"summary_large_image\" \/>\n<meta name=\"twitter:label1\" content=\"Estimated reading time\" \/>\n\t<meta name=\"twitter:data1\" content=\"1 minute\" \/>\n<script type=\"application\/ld+json\" class=\"yoast-schema-graph\">{\"@context\":\"https:\/\/schema.org\",\"@graph\":[{\"@type\":\"WebPage\",\"@id\":\"https:\/\/projekt.vombat.ee\/eco\/tule-toole\/\",\"url\":\"https:\/\/projekt.vombat.ee\/eco\/tule-toole\/\",\"name\":\"Tule t\u00f6\u00f6le - Ecocruiser\",\"isPartOf\":{\"@id\":\"https:\/\/projekt.vombat.ee\/eco\/#website\"},\"datePublished\":\"2024-04-30T09:18:42+00:00\",\"dateModified\":\"2024-04-30T09:31:59+00:00\",\"breadcrumb\":{\"@id\":\"https:\/\/projekt.vombat.ee\/eco\/tule-toole\/#breadcrumb\"},\"inLanguage\":\"en-GB\",\"potentialAction\":[{\"@type\":\"ReadAction\",\"target\":[\"https:\/\/projekt.vombat.ee\/eco\/tule-toole\/\"]}]},{\"@type\":\"BreadcrumbList\",\"@id\":\"https:\/\/projekt.vombat.ee\/eco\/tule-toole\/#breadcrumb\",\"itemListElement\":[{\"@type\":\"ListItem\",\"position\":1,\"name\":\"Home\",\"item\":\"https:\/\/projekt.vombat.ee\/eco\/\"},{\"@type\":\"ListItem\",\"position\":2,\"name\":\"Tule t\u00f6\u00f6le\"}]},{\"@type\":\"WebSite\",\"@id\":\"https:\/\/projekt.vombat.ee\/eco\/#website\",\"url\":\"https:\/\/projekt.vombat.ee\/eco\/\",\"name\":\"Ecocruiser\",\"description\":\"\",\"publisher\":{\"@id\":\"https:\/\/projekt.vombat.ee\/eco\/#organization\"},\"potentialAction\":[{\"@type\":\"SearchAction\",\"target\":{\"@type\":\"EntryPoint\",\"urlTemplate\":\"https:\/\/projekt.vombat.ee\/eco\/?s={search_term_string}\"},\"query-input\":{\"@type\":\"PropertyValueSpecification\",\"valueRequired\":true,\"valueName\":\"search_term_string\"}}],\"inLanguage\":\"en-GB\"},{\"@type\":\"Organization\",\"@id\":\"https:\/\/projekt.vombat.ee\/eco\/#organization\",\"name\":\"Ecocruiser\",\"url\":\"https:\/\/projekt.vombat.ee\/eco\/\",\"logo\":{\"@type\":\"ImageObject\",\"inLanguage\":\"en-GB\",\"@id\":\"https:\/\/projekt.vombat.ee\/eco\/#\/schema\/logo\/image\/\",\"url\":\"https:\/\/projekt.vombat.ee\/eco\/wp-content\/uploads\/2023\/03\/ECOCRUISER_5.png\",\"contentUrl\":\"https:\/\/projekt.vombat.ee\/eco\/wp-content\/uploads\/2023\/03\/ECOCRUISER_5.png\",\"width\":234,\"height\":91,\"caption\":\"Ecocruiser\"},\"image\":{\"@id\":\"https:\/\/projekt.vombat.ee\/eco\/#\/schema\/logo\/image\/\"}}]}<\/script>\n<!-- \/ Yoast SEO plugin. -->","yoast_head_json":{"title":"Tule t\u00f6\u00f6le - Ecocruiser","robots":{"index":"noindex","follow":"follow","max-snippet":"max-snippet:-1","max-image-preview":"max-image-preview:large","max-video-preview":"max-video-preview:-1"},"og_locale":"en_GB","og_type":"article","og_title":"Tule t\u00f6\u00f6le - Ecocruiser","og_description":"SAADAOLEVAD PAKKUMISED 1. Klienditeenindaja\/remondispetsialist Kasuks tuleb: Vene keele oskus Varasem t\u00f6\u00f6kogemus kergliikurite valdkonnas korrektsus, t\u00e4psus, t\u00e4helepanelikkus, lahendustele orienteeritud suhtumine Oskus teha lihtsamaid remondi ja hooldust\u00f6id elektrilistel kergliikuritel (rehvide ja pidurite vahetus, veekindlustamine, kontrollerite ja akude vahetus jms.) T\u00f6\u00f6\u00fclesannete kirjeldus Igap\u00e4eva t\u00f6\u00f6\u00fclesanded hakkavad olema: Klientide vastuv\u00f5tt salongis P\u00e4ringutele vastamine emaili\/telefoni teel Tellimuste t\u00e4itmine Toodete tutvustamine klientidele\/m\u00fc\u00fck Elektriliste kergliikurite remont\/hooldus Arvete v\u00e4ljastamine\u2026","og_url":"https:\/\/projekt.vombat.ee\/eco\/tule-toole\/","og_site_name":"Ecocruiser","article_modified_time":"2024-04-30T09:31:59+00:00","twitter_card":"summary_large_image","twitter_misc":{"Estimated reading time":"1 minute"},"schema":{"@context":"https:\/\/schema.org","@graph":[{"@type":"WebPage","@id":"https:\/\/projekt.vombat.ee\/eco\/tule-toole\/","url":"https:\/\/projekt.vombat.ee\/eco\/tule-toole\/","name":"Tule t\u00f6\u00f6le - Ecocruiser","isPartOf":{"@id":"https:\/\/projekt.vombat.ee\/eco\/#website"},"datePublished":"2024-04-30T09:18:42+00:00","dateModified":"2024-04-30T09:31:59+00:00","breadcrumb":{"@id":"https:\/\/projekt.vombat.ee\/eco\/tule-toole\/#breadcrumb"},"inLanguage":"en-GB","potentialAction":[{"@type":"ReadAction","target":["https:\/\/projekt.vombat.ee\/eco\/tule-toole\/"]}]},{"@type":"BreadcrumbList","@id":"https:\/\/projekt.vombat.ee\/eco\/tule-toole\/#breadcrumb","itemListElement":[{"@type":"ListItem","position":1,"name":"Home","item":"https:\/\/projekt.vombat.ee\/eco\/"},{"@type":"ListItem","position":2,"name":"Tule t\u00f6\u00f6le"}]},{"@type":"WebSite","@id":"https:\/\/projekt.vombat.ee\/eco\/#website","url":"https:\/\/projekt.vombat.ee\/eco\/","name":"Ecocruiser","description":"","publisher":{"@id":"https:\/\/projekt.vombat.ee\/eco\/#organization"},"potentialAction":[{"@type":"SearchAction","target":{"@type":"EntryPoint","urlTemplate":"https:\/\/projekt.vombat.ee\/eco\/?s={search_term_string}"},"query-input":{"@type":"PropertyValueSpecification","valueRequired":true,"valueName":"search_term_string"}}],"inLanguage":"en-GB"},{"@type":"Organization","@id":"https:\/\/projekt.vombat.ee\/eco\/#organization","name":"Ecocruiser","url":"https:\/\/projekt.vombat.ee\/eco\/","logo":{"@type":"ImageObject","inLanguage":"en-GB","@id":"https:\/\/projekt.vombat.ee\/eco\/#\/schema\/logo\/image\/","url":"https:\/\/projekt.vombat.ee\/eco\/wp-content\/uploads\/2023\/03\/ECOCRUISER_5.png","contentUrl":"https:\/\/projekt.vombat.ee\/eco\/wp-content\/uploads\/2023\/03\/ECOCRUISER_5.png","width":234,"height":91,"caption":"Ecocruiser"},"image":{"@id":"https:\/\/projekt.vombat.ee\/eco\/#\/schema\/logo\/image\/"}}]}},"lang":"et","translations":{"et":16702},"pll_sync_post":[],"_links":{"self":[{"href":"https:\/\/projekt.vombat.ee\/eco\/wp-json\/wp\/v2\/pages\/16702"}],"collection":[{"href":"https:\/\/projekt.vombat.ee\/eco\/wp-json\/wp\/v2\/pages"}],"about":[{"href":"https:\/\/projekt.vombat.ee\/eco\/wp-json\/wp\/v2\/types\/page"}],"author":[{"embeddable":true,"href":"https:\/\/projekt.vombat.ee\/eco\/wp-json\/wp\/v2\/users\/65"}],"replies":[{"embeddable":true,"href":"https:\/\/projekt.vombat.ee\/eco\/wp-json\/wp\/v2\/comments?post=16702"}],"version-history":[{"count":9,"href":"https:\/\/projekt.vombat.ee\/eco\/wp-json\/wp\/v2\/pages\/16702\/revisions"}],"predecessor-version":[{"id":16712,"href":"https:\/\/projekt.vombat.ee\/eco\/wp-json\/wp\/v2\/pages\/16702\/revisions\/16712"}],"wp:attachment":[{"href":"https:\/\/projekt.vombat.ee\/eco\/wp-json\/wp\/v2\/media?parent=16702"}],"curies":[{"name":"wp","href":"https:\/\/api.w.org\/{rel}","templated":true}]}}