{"id":12169,"date":"2023-08-30T13:00:44","date_gmt":"2023-08-30T13:00:44","guid":{"rendered":"https:\/\/projekt.vombat.ee\/eco\/?page_id=12169"},"modified":"2024-03-02T17:39:47","modified_gmt":"2024-03-02T17:39:47","slug":"about-us","status":"publish","type":"page","link":"https:\/\/projekt.vombat.ee\/eco\/en\/about-us\/","title":{"rendered":"About us"},"content":{"rendered":"\t\t<div data-elementor-type=\"wp-page\" data-elementor-id=\"12169\" class=\"elementor elementor-12169\" data-elementor-post-type=\"page\">\n\t\t\t\t\t\t<section class=\"elementor-section elementor-top-section elementor-element elementor-element-666d4e3 elementor-section-full_width elementor-section-height-min-height elementor-section-height-default elementor-section-items-middle\" data-id=\"666d4e3\" data-element_type=\"section\" data-settings=\"{&quot;background_background&quot;:&quot;classic&quot;}\">\n\t\t\t\t\t\t<div class=\"elementor-container elementor-column-gap-wider\">\n\t\t\t\t\t<div class=\"elementor-column elementor-col-100 elementor-top-column elementor-element elementor-element-e5bcca4\" data-id=\"e5bcca4\" data-element_type=\"column\">\n\t\t\t<div class=\"elementor-widget-wrap elementor-element-populated\">\n\t\t\t\t\t\t<div class=\"elementor-element elementor-element-5e65753 elementor-widget elementor-widget-heading\" data-id=\"5e65753\" data-element_type=\"widget\" data-widget_type=\"heading.default\">\n\t\t\t\t<div class=\"elementor-widget-container\">\n\t\t\t<h2 class=\"elementor-heading-title elementor-size-default\">CRUISE THROUGH LIFE WITH ECOCRUISER<\/h2>\t\t<\/div>\n\t\t\t\t<\/div>\n\t\t\t\t\t<\/div>\n\t\t<\/div>\n\t\t\t\t\t<\/div>\n\t\t<\/section>\n\t\t\t\t<section class=\"elementor-section elementor-top-section elementor-element elementor-element-127b29a elementor-section-content-middle elementor-section-boxed elementor-section-height-default elementor-section-height-default\" data-id=\"127b29a\" data-element_type=\"section\">\n\t\t\t\t\t\t<div class=\"elementor-container elementor-column-gap-wider\">\n\t\t\t\t\t<div class=\"elementor-column elementor-col-50 elementor-top-column elementor-element elementor-element-6971120\" data-id=\"6971120\" data-element_type=\"column\">\n\t\t\t<div class=\"elementor-widget-wrap elementor-element-populated\">\n\t\t\t\t\t\t<div class=\"elementor-element elementor-element-4155547 elementor-widget elementor-widget-image\" data-id=\"4155547\" data-element_type=\"widget\" data-widget_type=\"image.default\">\n\t\t\t\t<div class=\"elementor-widget-container\">\n\t\t\t\t\t\t\t\t\t\t\t\t\t<img fetchpriority=\"high\" decoding=\"async\" width=\"1024\" height=\"1024\" src=\"https:\/\/projekt.vombat.ee\/eco\/wp-content\/uploads\/2023\/02\/16-1024x1024.jpg\" class=\"attachment-large size-large wp-image-2541\" alt=\"\" srcset=\"https:\/\/projekt.vombat.ee\/eco\/wp-content\/uploads\/2023\/02\/16-1024x1024.jpg 1024w, https:\/\/projekt.vombat.ee\/eco\/wp-content\/uploads\/2023\/02\/16-150x150.jpg 150w, https:\/\/projekt.vombat.ee\/eco\/wp-content\/uploads\/2023\/02\/16-300x300.jpg 300w, https:\/\/projekt.vombat.ee\/eco\/wp-content\/uploads\/2023\/02\/16-768x768.jpg 768w, https:\/\/projekt.vombat.ee\/eco\/wp-content\/uploads\/2023\/02\/16-50x50.jpg 50w, https:\/\/projekt.vombat.ee\/eco\/wp-content\/uploads\/2023\/02\/16-100x100.jpg 100w, https:\/\/projekt.vombat.ee\/eco\/wp-content\/uploads\/2023\/02\/16-370x370.jpg 370w, https:\/\/projekt.vombat.ee\/eco\/wp-content\/uploads\/2023\/02\/16-75x75.jpg 75w, https:\/\/projekt.vombat.ee\/eco\/wp-content\/uploads\/2023\/02\/16-760x760.jpg 760w, https:\/\/projekt.vombat.ee\/eco\/wp-content\/uploads\/2023\/02\/16-800x800.jpg 800w, https:\/\/projekt.vombat.ee\/eco\/wp-content\/uploads\/2023\/02\/16-500x500.jpg 500w, https:\/\/projekt.vombat.ee\/eco\/wp-content\/uploads\/2023\/02\/16-165x165.jpg 165w\" sizes=\"(max-width: 1024px) 100vw, 1024px\" \/>\t\t\t\t\t\t\t\t\t\t\t\t\t<\/div>\n\t\t\t\t<\/div>\n\t\t\t\t\t<\/div>\n\t\t<\/div>\n\t\t\t\t<div class=\"elementor-column elementor-col-50 elementor-top-column elementor-element elementor-element-8d38154\" data-id=\"8d38154\" data-element_type=\"column\">\n\t\t\t<div class=\"elementor-widget-wrap elementor-element-populated\">\n\t\t\t\t\t\t<div class=\"elementor-element elementor-element-61c97dd elementor-widget elementor-widget-heading\" data-id=\"61c97dd\" data-element_type=\"widget\" data-widget_type=\"heading.default\">\n\t\t\t\t<div class=\"elementor-widget-container\">\n\t\t\t<h2 class=\"elementor-heading-title elementor-size-default\">ECOCRUISER.EU<\/h2>\t\t<\/div>\n\t\t\t\t<\/div>\n\t\t\t\t<div class=\"elementor-element elementor-element-31886ec elementor-widget elementor-widget-heading\" data-id=\"31886ec\" data-element_type=\"widget\" data-widget_type=\"heading.default\">\n\t\t\t\t<div class=\"elementor-widget-container\">\n\t\t\t<div class=\"elementor-heading-title elementor-size-default\"><p style=\"margin-top: 20px;margin-bottom: 20px;, sans-serif;font-size: 14px\"><span style=\"font-size: 16px\">Ecocruiser.eu is created with the aim of providing our customers with products that bring joy and excitement to life while helping to reduce the amount of CO2 in our society. The product range includes various electric scooters, both from well-known older brands and newcomers. Delivery within Estonia when ordering to your home usually takes about 3-4 working days, in some cases, it may take up to 5 working days. Payment options at Ecocruiser.eu include bank transfer, credit card, as well as invoicing or installment payment. Those interested in installment payments can apply for it directly through our shopping cart, and installment payments are provided by Esto. The secure solutions offered by payment intermediaries make online payments safe and convenient<\/span><br><\/p><div style=\"position: relative;margin-bottom: 25px;margin-left: -45px;overflow: hidden;, sans-serif;font-size: 14px\"><div style=\"float: left;margin-left: 45px;width: calc(33.3333% - 45px)\"><p style=\"margin-bottom: 20px\"><a href=\"https:\/\/www.veltekspert.ee\/img_img-20180723-1515-1_bc962f0c73bf4e164d58c527fd923291.jpeg\"><\/a><\/p><\/div><\/div> <\/div>\t\t<\/div>\n\t\t\t\t<\/div>\n\t\t\t\t<div class=\"elementor-element elementor-element-b6f7a86 elementor-widget elementor-widget-spacer\" data-id=\"b6f7a86\" data-element_type=\"widget\" data-widget_type=\"spacer.default\">\n\t\t\t\t<div class=\"elementor-widget-container\">\n\t\t\t\t\t<div class=\"elementor-spacer\">\n\t\t\t<div class=\"elementor-spacer-inner\"><\/div>\n\t\t<\/div>\n\t\t\t\t<\/div>\n\t\t\t\t<\/div>\n\t\t\t\t\t<\/div>\n\t\t<\/div>\n\t\t\t\t\t<\/div>\n\t\t<\/section>\n\t\t\t\t<section class=\"elementor-section elementor-top-section elementor-element elementor-element-e700079 elementor-section-content-middle elementor-section-boxed elementor-section-height-default elementor-section-height-default\" data-id=\"e700079\" data-element_type=\"section\">\n\t\t\t\t\t\t<div class=\"elementor-container elementor-column-gap-wider\">\n\t\t\t\t\t<div class=\"elementor-column elementor-col-50 elementor-top-column elementor-element elementor-element-f3a98c6 elementor-hidden-mobile_extra elementor-hidden-mobile\" data-id=\"f3a98c6\" data-element_type=\"column\">\n\t\t\t<div class=\"elementor-widget-wrap elementor-element-populated\">\n\t\t\t\t\t\t<div class=\"elementor-element elementor-element-bb2ae35 elementor-widget elementor-widget-image\" data-id=\"bb2ae35\" data-element_type=\"widget\" data-widget_type=\"image.default\">\n\t\t\t\t<div class=\"elementor-widget-container\">\n\t\t\t\t\t\t\t\t\t\t\t\t\t<img decoding=\"async\" width=\"500\" height=\"334\" src=\"https:\/\/projekt.vombat.ee\/eco\/wp-content\/uploads\/2023\/02\/scooters-2.jpg\" class=\"attachment-large size-large wp-image-2559\" alt=\"\" srcset=\"https:\/\/projekt.vombat.ee\/eco\/wp-content\/uploads\/2023\/02\/scooters-2.jpg 500w, https:\/\/projekt.vombat.ee\/eco\/wp-content\/uploads\/2023\/02\/scooters-2-300x200.jpg 300w, https:\/\/projekt.vombat.ee\/eco\/wp-content\/uploads\/2023\/02\/scooters-2-370x247.jpg 370w\" sizes=\"(max-width: 767px) 100vw, 500px\" \/>\t\t\t\t\t\t\t\t\t\t\t\t\t<\/div>\n\t\t\t\t<\/div>\n\t\t\t\t\t<\/div>\n\t\t<\/div>\n\t\t\t\t<div class=\"elementor-column elementor-col-50 elementor-top-column elementor-element elementor-element-1fc75ea\" data-id=\"1fc75ea\" data-element_type=\"column\">\n\t\t\t<div class=\"elementor-widget-wrap elementor-element-populated\">\n\t\t\t\t\t\t<div class=\"elementor-element elementor-element-6b4f2ae elementor-widget elementor-widget-heading\" data-id=\"6b4f2ae\" data-element_type=\"widget\" data-widget_type=\"heading.default\">\n\t\t\t\t<div class=\"elementor-widget-container\">\n\t\t\t<h2 class=\"elementor-heading-title elementor-size-default\">CUSTOMER FEEDBACK<\/h2>\t\t<\/div>\n\t\t\t\t<\/div>\n\t\t\t\t<div class=\"elementor-element elementor-element-785aa32 elementor-widget elementor-widget-spacer\" data-id=\"785aa32\" data-element_type=\"widget\" data-widget_type=\"spacer.default\">\n\t\t\t\t<div class=\"elementor-widget-container\">\n\t\t\t\t\t<div class=\"elementor-spacer\">\n\t\t\t<div class=\"elementor-spacer-inner\"><\/div>\n\t\t<\/div>\n\t\t\t\t<\/div>\n\t\t\t\t<\/div>\n\t\t\t\t\t<\/div>\n\t\t<\/div>\n\t\t\t\t\t<\/div>\n\t\t<\/section>\n\t\t\t\t<\/div>\n\t\t","protected":false},"excerpt":{"rendered":"<p>CRUISE THROUGH LIFE WITH ECOCRUISER ECOCRUISER.EU Ecocruiser.eu is created with the aim of providing our customers with products that bring joy and excitement to life while helping to reduce the amount of CO2 in our society. The product range includes various electric scooters, both from well-known older brands and newcomers. Delivery within Estonia when ordering to your home usually takes\u2026<\/p>\n","protected":false},"author":3,"featured_media":0,"parent":0,"menu_order":0,"comment_status":"closed","ping_status":"closed","template":"elementor_header_footer","meta":{"footnotes":""},"class_list":["post-12169","page","type-page","status-publish","hentry"],"yoast_head":"<!-- This site is optimized with the Yoast SEO plugin v23.8 - https:\/\/yoast.com\/wordpress\/plugins\/seo\/ -->\n<title>About us - Ecocruiser<\/title>\n<meta name=\"description\" content=\"Ecocruiser.eu on loodud eesm\u00e4rgiga pakkuda sulle tooteid, mis toovad ellu rohkelt r\u00f5\u00f5mu ja p\u00f5nevust ning aitaksid v\u00e4hendada CO2 hulka meie \u00fchiskonnas. Tootevalikust leiab mitmeid erinevaid eletriliikureid, nii vanematest tuntud br\u00e4ndidest kui ka uustulijaid. Tarne on Eesti piires koju tellides tavaliselt ca 3-4 t\u00f6\u00f6p\u00e4eva, m\u00f5ningatel juhtudel v\u00f5ib see minna ka kuni 5 t\u00f6\u00f6p\u00e4evani.\" \/>\n<meta name=\"robots\" content=\"noindex, follow, max-snippet:-1, max-image-preview:large, max-video-preview:-1\" \/>\n<meta property=\"og:locale\" content=\"en_GB\" \/>\n<meta property=\"og:type\" content=\"article\" \/>\n<meta property=\"og:title\" content=\"About us - Ecocruiser\" \/>\n<meta property=\"og:description\" content=\"Ecocruiser.eu on loodud eesm\u00e4rgiga pakkuda sulle tooteid, mis toovad ellu rohkelt r\u00f5\u00f5mu ja p\u00f5nevust ning aitaksid v\u00e4hendada CO2 hulka meie \u00fchiskonnas. Tootevalikust leiab mitmeid erinevaid eletriliikureid, nii vanematest tuntud br\u00e4ndidest kui ka uustulijaid. Tarne on Eesti piires koju tellides tavaliselt ca 3-4 t\u00f6\u00f6p\u00e4eva, m\u00f5ningatel juhtudel v\u00f5ib see minna ka kuni 5 t\u00f6\u00f6p\u00e4evani.\" \/>\n<meta property=\"og:url\" content=\"https:\/\/projekt.vombat.ee\/eco\/en\/about-us\/\" \/>\n<meta property=\"og:site_name\" content=\"Ecocruiser\" \/>\n<meta property=\"article:modified_time\" content=\"2024-03-02T17:39:47+00:00\" \/>\n<meta property=\"og:image\" content=\"https:\/\/projekt.vombat.ee\/eco\/wp-content\/uploads\/2023\/02\/16-1024x1024.jpg\" \/>\n<meta name=\"twitter:card\" content=\"summary_large_image\" \/>\n<meta name=\"twitter:label1\" content=\"Estimated reading time\" \/>\n\t<meta name=\"twitter:data1\" content=\"2 minutes\" \/>\n<script type=\"application\/ld+json\" class=\"yoast-schema-graph\">{\"@context\":\"https:\/\/schema.org\",\"@graph\":[{\"@type\":\"WebPage\",\"@id\":\"https:\/\/projekt.vombat.ee\/eco\/en\/about-us\/\",\"url\":\"https:\/\/projekt.vombat.ee\/eco\/en\/about-us\/\",\"name\":\"About us - Ecocruiser\",\"isPartOf\":{\"@id\":\"https:\/\/projekt.vombat.ee\/eco\/#website\"},\"primaryImageOfPage\":{\"@id\":\"https:\/\/projekt.vombat.ee\/eco\/en\/about-us\/#primaryimage\"},\"image\":{\"@id\":\"https:\/\/projekt.vombat.ee\/eco\/en\/about-us\/#primaryimage\"},\"thumbnailUrl\":\"https:\/\/projekt.vombat.ee\/eco\/wp-content\/uploads\/2023\/02\/16-1024x1024.jpg\",\"datePublished\":\"2023-08-30T13:00:44+00:00\",\"dateModified\":\"2024-03-02T17:39:47+00:00\",\"description\":\"Ecocruiser.eu on loodud eesm\u00e4rgiga pakkuda sulle tooteid, mis toovad ellu rohkelt r\u00f5\u00f5mu ja p\u00f5nevust ning aitaksid v\u00e4hendada CO2 hulka meie \u00fchiskonnas. Tootevalikust leiab mitmeid erinevaid eletriliikureid, nii vanematest tuntud br\u00e4ndidest kui ka uustulijaid. Tarne on Eesti piires koju tellides tavaliselt ca 3-4 t\u00f6\u00f6p\u00e4eva, m\u00f5ningatel juhtudel v\u00f5ib see minna ka kuni 5 t\u00f6\u00f6p\u00e4evani.\",\"breadcrumb\":{\"@id\":\"https:\/\/projekt.vombat.ee\/eco\/en\/about-us\/#breadcrumb\"},\"inLanguage\":\"en-GB\",\"potentialAction\":[{\"@type\":\"ReadAction\",\"target\":[\"https:\/\/projekt.vombat.ee\/eco\/en\/about-us\/\"]}]},{\"@type\":\"ImageObject\",\"inLanguage\":\"en-GB\",\"@id\":\"https:\/\/projekt.vombat.ee\/eco\/en\/about-us\/#primaryimage\",\"url\":\"https:\/\/projekt.vombat.ee\/eco\/wp-content\/uploads\/2023\/02\/16.jpg\",\"contentUrl\":\"https:\/\/projekt.vombat.ee\/eco\/wp-content\/uploads\/2023\/02\/16.jpg\",\"width\":900,\"height\":600},{\"@type\":\"BreadcrumbList\",\"@id\":\"https:\/\/projekt.vombat.ee\/eco\/en\/about-us\/#breadcrumb\",\"itemListElement\":[{\"@type\":\"ListItem\",\"position\":1,\"name\":\"Home\",\"item\":\"https:\/\/projekt.vombat.ee\/eco\/\"},{\"@type\":\"ListItem\",\"position\":2,\"name\":\"About us\"}]},{\"@type\":\"WebSite\",\"@id\":\"https:\/\/projekt.vombat.ee\/eco\/#website\",\"url\":\"https:\/\/projekt.vombat.ee\/eco\/\",\"name\":\"Ecocruiser\",\"description\":\"\",\"publisher\":{\"@id\":\"https:\/\/projekt.vombat.ee\/eco\/#organization\"},\"potentialAction\":[{\"@type\":\"SearchAction\",\"target\":{\"@type\":\"EntryPoint\",\"urlTemplate\":\"https:\/\/projekt.vombat.ee\/eco\/?s={search_term_string}\"},\"query-input\":{\"@type\":\"PropertyValueSpecification\",\"valueRequired\":true,\"valueName\":\"search_term_string\"}}],\"inLanguage\":\"en-GB\"},{\"@type\":\"Organization\",\"@id\":\"https:\/\/projekt.vombat.ee\/eco\/#organization\",\"name\":\"Ecocruiser\",\"url\":\"https:\/\/projekt.vombat.ee\/eco\/\",\"logo\":{\"@type\":\"ImageObject\",\"inLanguage\":\"en-GB\",\"@id\":\"https:\/\/projekt.vombat.ee\/eco\/#\/schema\/logo\/image\/\",\"url\":\"https:\/\/projekt.vombat.ee\/eco\/wp-content\/uploads\/2023\/03\/ECOCRUISER_5.png\",\"contentUrl\":\"https:\/\/projekt.vombat.ee\/eco\/wp-content\/uploads\/2023\/03\/ECOCRUISER_5.png\",\"width\":234,\"height\":91,\"caption\":\"Ecocruiser\"},\"image\":{\"@id\":\"https:\/\/projekt.vombat.ee\/eco\/#\/schema\/logo\/image\/\"}}]}<\/script>\n<!-- \/ Yoast SEO plugin. -->","yoast_head_json":{"title":"About us - Ecocruiser","description":"Ecocruiser.eu on loodud eesm\u00e4rgiga pakkuda sulle tooteid, mis toovad ellu rohkelt r\u00f5\u00f5mu ja p\u00f5nevust ning aitaksid v\u00e4hendada CO2 hulka meie \u00fchiskonnas. Tootevalikust leiab mitmeid erinevaid eletriliikureid, nii vanematest tuntud br\u00e4ndidest kui ka uustulijaid. Tarne on Eesti piires koju tellides tavaliselt ca 3-4 t\u00f6\u00f6p\u00e4eva, m\u00f5ningatel juhtudel v\u00f5ib see minna ka kuni 5 t\u00f6\u00f6p\u00e4evani.","robots":{"index":"noindex","follow":"follow","max-snippet":"max-snippet:-1","max-image-preview":"max-image-preview:large","max-video-preview":"max-video-preview:-1"},"og_locale":"en_GB","og_type":"article","og_title":"About us - Ecocruiser","og_description":"Ecocruiser.eu on loodud eesm\u00e4rgiga pakkuda sulle tooteid, mis toovad ellu rohkelt r\u00f5\u00f5mu ja p\u00f5nevust ning aitaksid v\u00e4hendada CO2 hulka meie \u00fchiskonnas. Tootevalikust leiab mitmeid erinevaid eletriliikureid, nii vanematest tuntud br\u00e4ndidest kui ka uustulijaid. Tarne on Eesti piires koju tellides tavaliselt ca 3-4 t\u00f6\u00f6p\u00e4eva, m\u00f5ningatel juhtudel v\u00f5ib see minna ka kuni 5 t\u00f6\u00f6p\u00e4evani.","og_url":"https:\/\/projekt.vombat.ee\/eco\/en\/about-us\/","og_site_name":"Ecocruiser","article_modified_time":"2024-03-02T17:39:47+00:00","og_image":[{"url":"https:\/\/projekt.vombat.ee\/eco\/wp-content\/uploads\/2023\/02\/16-1024x1024.jpg"}],"twitter_card":"summary_large_image","twitter_misc":{"Estimated reading time":"2 minutes"},"schema":{"@context":"https:\/\/schema.org","@graph":[{"@type":"WebPage","@id":"https:\/\/projekt.vombat.ee\/eco\/en\/about-us\/","url":"https:\/\/projekt.vombat.ee\/eco\/en\/about-us\/","name":"About us - Ecocruiser","isPartOf":{"@id":"https:\/\/projekt.vombat.ee\/eco\/#website"},"primaryImageOfPage":{"@id":"https:\/\/projekt.vombat.ee\/eco\/en\/about-us\/#primaryimage"},"image":{"@id":"https:\/\/projekt.vombat.ee\/eco\/en\/about-us\/#primaryimage"},"thumbnailUrl":"https:\/\/projekt.vombat.ee\/eco\/wp-content\/uploads\/2023\/02\/16-1024x1024.jpg","datePublished":"2023-08-30T13:00:44+00:00","dateModified":"2024-03-02T17:39:47+00:00","description":"Ecocruiser.eu on loodud eesm\u00e4rgiga pakkuda sulle tooteid, mis toovad ellu rohkelt r\u00f5\u00f5mu ja p\u00f5nevust ning aitaksid v\u00e4hendada CO2 hulka meie \u00fchiskonnas. Tootevalikust leiab mitmeid erinevaid eletriliikureid, nii vanematest tuntud br\u00e4ndidest kui ka uustulijaid. Tarne on Eesti piires koju tellides tavaliselt ca 3-4 t\u00f6\u00f6p\u00e4eva, m\u00f5ningatel juhtudel v\u00f5ib see minna ka kuni 5 t\u00f6\u00f6p\u00e4evani.","breadcrumb":{"@id":"https:\/\/projekt.vombat.ee\/eco\/en\/about-us\/#breadcrumb"},"inLanguage":"en-GB","potentialAction":[{"@type":"ReadAction","target":["https:\/\/projekt.vombat.ee\/eco\/en\/about-us\/"]}]},{"@type":"ImageObject","inLanguage":"en-GB","@id":"https:\/\/projekt.vombat.ee\/eco\/en\/about-us\/#primaryimage","url":"https:\/\/projekt.vombat.ee\/eco\/wp-content\/uploads\/2023\/02\/16.jpg","contentUrl":"https:\/\/projekt.vombat.ee\/eco\/wp-content\/uploads\/2023\/02\/16.jpg","width":900,"height":600},{"@type":"BreadcrumbList","@id":"https:\/\/projekt.vombat.ee\/eco\/en\/about-us\/#breadcrumb","itemListElement":[{"@type":"ListItem","position":1,"name":"Home","item":"https:\/\/projekt.vombat.ee\/eco\/"},{"@type":"ListItem","position":2,"name":"About us"}]},{"@type":"WebSite","@id":"https:\/\/projekt.vombat.ee\/eco\/#website","url":"https:\/\/projekt.vombat.ee\/eco\/","name":"Ecocruiser","description":"","publisher":{"@id":"https:\/\/projekt.vombat.ee\/eco\/#organization"},"potentialAction":[{"@type":"SearchAction","target":{"@type":"EntryPoint","urlTemplate":"https:\/\/projekt.vombat.ee\/eco\/?s={search_term_string}"},"query-input":{"@type":"PropertyValueSpecification","valueRequired":true,"valueName":"search_term_string"}}],"inLanguage":"en-GB"},{"@type":"Organization","@id":"https:\/\/projekt.vombat.ee\/eco\/#organization","name":"Ecocruiser","url":"https:\/\/projekt.vombat.ee\/eco\/","logo":{"@type":"ImageObject","inLanguage":"en-GB","@id":"https:\/\/projekt.vombat.ee\/eco\/#\/schema\/logo\/image\/","url":"https:\/\/projekt.vombat.ee\/eco\/wp-content\/uploads\/2023\/03\/ECOCRUISER_5.png","contentUrl":"https:\/\/projekt.vombat.ee\/eco\/wp-content\/uploads\/2023\/03\/ECOCRUISER_5.png","width":234,"height":91,"caption":"Ecocruiser"},"image":{"@id":"https:\/\/projekt.vombat.ee\/eco\/#\/schema\/logo\/image\/"}}]}},"lang":"en","translations":{"en":12169,"ru":5704,"et":1146,"lv":5934,"fi":7219,"fr":17116},"pll_sync_post":[],"_links":{"self":[{"href":"https:\/\/projekt.vombat.ee\/eco\/wp-json\/wp\/v2\/pages\/12169"}],"collection":[{"href":"https:\/\/projekt.vombat.ee\/eco\/wp-json\/wp\/v2\/pages"}],"about":[{"href":"https:\/\/projekt.vombat.ee\/eco\/wp-json\/wp\/v2\/types\/page"}],"author":[{"embeddable":true,"href":"https:\/\/projekt.vombat.ee\/eco\/wp-json\/wp\/v2\/users\/3"}],"replies":[{"embeddable":true,"href":"https:\/\/projekt.vombat.ee\/eco\/wp-json\/wp\/v2\/comments?post=12169"}],"version-history":[{"count":8,"href":"https:\/\/projekt.vombat.ee\/eco\/wp-json\/wp\/v2\/pages\/12169\/revisions"}],"predecessor-version":[{"id":14852,"href":"https:\/\/projekt.vombat.ee\/eco\/wp-json\/wp\/v2\/pages\/12169\/revisions\/14852"}],"wp:attachment":[{"href":"https:\/\/projekt.vombat.ee\/eco\/wp-json\/wp\/v2\/media?parent=12169"}],"curies":[{"name":"wp","href":"https:\/\/api.w.org\/{rel}","templated":true}]}}