{"id":1173,"date":"2021-11-20T10:33:28","date_gmt":"2021-11-20T10:33:28","guid":{"rendered":"https:\/\/sportie.novaworks.net\/?page_id=1173"},"modified":"2024-07-13T09:07:22","modified_gmt":"2024-07-13T09:07:22","slug":"kontakt","status":"publish","type":"page","link":"https:\/\/projekt.vombat.ee\/eco\/kontakt\/","title":{"rendered":"Kontakt"},"content":{"rendered":"\t\t<div data-elementor-type=\"wp-page\" data-elementor-id=\"1173\" class=\"elementor elementor-1173\" data-elementor-post-type=\"page\">\n\t\t\t\t\t\t<section class=\"elementor-section elementor-top-section elementor-element elementor-element-bff0898 elementor-section-boxed elementor-section-height-default elementor-section-height-default\" data-id=\"bff0898\" data-element_type=\"section\">\n\t\t\t\t\t\t<div class=\"elementor-container elementor-column-gap-default\">\n\t\t\t\t\t<div class=\"elementor-column elementor-col-50 elementor-top-column elementor-element elementor-element-920822c\" data-id=\"920822c\" data-element_type=\"column\">\n\t\t\t<div class=\"elementor-widget-wrap elementor-element-populated\">\n\t\t\t\t\t\t<div class=\"elementor-element elementor-element-d73be4e elementor-widget elementor-widget-text-editor\" data-id=\"d73be4e\" data-element_type=\"widget\" data-widget_type=\"text-editor.default\">\n\t\t\t\t<div class=\"elementor-widget-container\">\n\t\t\t\t\t\t\t<h2>\u00a0<\/h2><h2>\u00a0<\/h2><h2>\u00a0<\/h2><h2>Tallinna Lootsi 8 esindus\/t\u00f6\u00f6koda<\/h2><p>Esindus ja T\u00f6\u00f6koda on avatud:<br \/><strong>E-R 11:00-19:00<\/strong><br \/><strong>L-P Suletud<\/strong><\/p><p><strong>Pood:<\/strong> +372 56207508 | <strong>T\u00f6\u00f6koda:<\/strong> +372 56207508<br \/><strong>Email:<\/strong> info@projekt.vombat.ee<\/p>\t\t\t\t\t\t<\/div>\n\t\t\t\t<\/div>\n\t\t\t\t\t<\/div>\n\t\t<\/div>\n\t\t\t\t<div class=\"elementor-column elementor-col-50 elementor-top-column elementor-element elementor-element-2a9b7e4\" data-id=\"2a9b7e4\" data-element_type=\"column\">\n\t\t\t<div class=\"elementor-widget-wrap elementor-element-populated\">\n\t\t\t\t\t\t<div class=\"elementor-element elementor-element-3a44009 elementor-widget elementor-widget-image\" data-id=\"3a44009\" data-element_type=\"widget\" data-widget_type=\"image.default\">\n\t\t\t\t<div class=\"elementor-widget-container\">\n\t\t\t\t\t\t\t\t\t\t\t\t\t<img fetchpriority=\"high\" decoding=\"async\" width=\"1024\" height=\"565\" src=\"https:\/\/projekt.vombat.ee\/eco\/wp-content\/uploads\/2024\/04\/Kuvatommis-2024-04-14-153737-1024x565.png\" class=\"attachment-large size-large wp-image-15804\" alt=\"\" srcset=\"https:\/\/projekt.vombat.ee\/eco\/wp-content\/uploads\/2024\/04\/Kuvatommis-2024-04-14-153737-1024x565.png 1024w, https:\/\/projekt.vombat.ee\/eco\/wp-content\/uploads\/2024\/04\/Kuvatommis-2024-04-14-153737-300x166.png 300w, https:\/\/projekt.vombat.ee\/eco\/wp-content\/uploads\/2024\/04\/Kuvatommis-2024-04-14-153737-768x424.png 768w, https:\/\/projekt.vombat.ee\/eco\/wp-content\/uploads\/2024\/04\/Kuvatommis-2024-04-14-153737-500x276.png 500w, https:\/\/projekt.vombat.ee\/eco\/wp-content\/uploads\/2024\/04\/Kuvatommis-2024-04-14-153737-800x441.png 800w, https:\/\/projekt.vombat.ee\/eco\/wp-content\/uploads\/2024\/04\/Kuvatommis-2024-04-14-153737-760x419.png 760w, https:\/\/projekt.vombat.ee\/eco\/wp-content\/uploads\/2024\/04\/Kuvatommis-2024-04-14-153737-370x204.png 370w, https:\/\/projekt.vombat.ee\/eco\/wp-content\/uploads\/2024\/04\/Kuvatommis-2024-04-14-153737.png 1080w\" sizes=\"(max-width: 1024px) 100vw, 1024px\" \/>\t\t\t\t\t\t\t\t\t\t\t\t\t<\/div>\n\t\t\t\t<\/div>\n\t\t\t\t<div class=\"elementor-element elementor-element-7ba0533 elementor-widget elementor-widget-google_maps\" data-id=\"7ba0533\" data-element_type=\"widget\" data-widget_type=\"google_maps.default\">\n\t\t\t\t<div class=\"elementor-widget-container\">\n\t\t\t\t\t<div class=\"elementor-custom-embed\">\n\t\t\t<iframe loading=\"lazy\"\n\t\t\t\t\tsrc=\"https:\/\/maps.google.com\/maps?q=Lootsi%208&#038;t=m&#038;z=14&#038;output=embed&#038;iwloc=near\"\n\t\t\t\t\ttitle=\"Lootsi 8\"\n\t\t\t\t\taria-label=\"Lootsi 8\"\n\t\t\t><\/iframe>\n\t\t<\/div>\n\t\t\t\t<\/div>\n\t\t\t\t<\/div>\n\t\t\t\t\t<\/div>\n\t\t<\/div>\n\t\t\t\t\t<\/div>\n\t\t<\/section>\n\t\t\t\t<section class=\"elementor-section elementor-top-section elementor-element elementor-element-7e7f011 elementor-section-boxed elementor-section-height-default elementor-section-height-default\" data-id=\"7e7f011\" data-element_type=\"section\">\n\t\t\t\t\t\t<div class=\"elementor-container elementor-column-gap-default\">\n\t\t\t\t\t<div class=\"elementor-column elementor-col-100 elementor-top-column elementor-element elementor-element-7eb958b\" data-id=\"7eb958b\" data-element_type=\"column\">\n\t\t\t<div class=\"elementor-widget-wrap elementor-element-populated\">\n\t\t\t\t\t\t<div class=\"elementor-element elementor-element-d2443dd elementor-widget elementor-widget-text-editor\" data-id=\"d2443dd\" data-element_type=\"widget\" data-widget_type=\"text-editor.default\">\n\t\t\t\t<div class=\"elementor-widget-container\">\n\t\t\t\t\t\t\t<h3>Ecocruiseri esindus \u2013 <a href=\"https:\/\/projekt.vombat.ee\/eco\/ecocruiser\/elektritoukerattad\/\">elektriliste t\u00f5ukerataste<\/a>, <a href=\"https:\/\/projekt.vombat.ee\/eco\/ecocruiser\/elektrirattad\/\">elektrirataste<\/a>, <a href=\"https:\/\/projekt.vombat.ee\/eco\/ecocruiser\/elektrirollerid\/\">elektrirollerite<\/a>, <a href=\"https:\/\/projekt.vombat.ee\/eco\/ecocruiser\/elektrimootorratas\/\">elektrimootorratast<\/a>e, <a href=\"https:\/\/projekt.vombat.ee\/eco\/ecocruiser\/kastirattad\/\">kastirataste<\/a> ja nende <a href=\"https:\/\/projekt.vombat.ee\/eco\/ecocruiser\/varuosad\/\">varuosade<\/a> \/ lisavarustuse pood ning t\u00f6\u00f6koda asub:<\/h3>\n<p><strong>Lootsi 8, 10151 Tallinn, Eesti<\/strong><br><strong>Pood:<\/strong> +372 56207508 (EE \/ EN \/ RU)<br><strong>T\u00f6\u00f6koda:<\/strong> +372 56207508 (EE \/ EN \/ RU)<br><strong>Email:<\/strong> info@projekt.vombat.ee<\/p>\n<p>Tule l\u00e4bi! Elektrit\u00f5ukerataste, elektrirataste, elektrirollerite ja elektrimootorrataste salongile kohaselt on meil v\u00f5imalus teha toodetega ka proovis\u00f5itu. Valige enda vajadustele k\u00f5ige vastavam elektrit\u00f5ukeratas v\u00f5i m\u00f5ni muu elektriline s\u00f5iduk ning k\u00fcsige lihtsalt n\u00f5u.<\/p>\n<p><strong>Muud kontaktid:<\/strong><\/p>\n<p>Hinnap\u00e4ringud, \u00fcldinfo, koost\u00f6\u00f6pakkumised ja k\u00fcsimused arvete kohta: info@projekt.vombat.ee<br>Info (e-poe) tellimuste ja laoseisude kohta: +372 56207508 (EE \/ EN\/ RU)<br>Koost\u00f6\u00f6pakkumised, \u00fcldinfo: +372 56207508 (EE \/ EN \/ RU)<br>Elektrit\u00f5ukerataste ja elektrirollerite rendi infotelefon: +372 56207508 ((EE \/ EN \/ RU)<\/p>\n<p><strong>Tallinna esindus on avatud:<\/strong><br>E-R 11:00-19:00<br>L-P Suletud<\/p>\t\t\t\t\t\t<\/div>\n\t\t\t\t<\/div>\n\t\t\t\t\t<\/div>\n\t\t<\/div>\n\t\t\t\t\t<\/div>\n\t\t<\/section>\n\t\t\t\t<section class=\"elementor-section elementor-top-section elementor-element elementor-element-52508ad elementor-section-boxed elementor-section-height-default elementor-section-height-default\" data-id=\"52508ad\" data-element_type=\"section\">\n\t\t\t\t\t\t<div class=\"elementor-container elementor-column-gap-default\">\n\t\t\t\t\t<div class=\"elementor-column elementor-col-100 elementor-top-column elementor-element elementor-element-b5fed63\" data-id=\"b5fed63\" data-element_type=\"column\">\n\t\t\t<div class=\"elementor-widget-wrap elementor-element-populated\">\n\t\t\t\t\t\t<div class=\"elementor-element elementor-element-5889d4f elementor-widget elementor-widget-heading\" data-id=\"5889d4f\" data-element_type=\"widget\" data-widget_type=\"heading.default\">\n\t\t\t\t<div class=\"elementor-widget-container\">\n\t\t\t<h1 class=\"elementor-heading-title elementor-size-default\">Kuidas meid leida?<\/h1>\t\t<\/div>\n\t\t\t\t<\/div>\n\t\t\t\t\t<\/div>\n\t\t<\/div>\n\t\t\t\t\t<\/div>\n\t\t<\/section>\n\t\t\t\t<section class=\"elementor-section elementor-top-section elementor-element elementor-element-a1c5ec8 elementor-section-boxed elementor-section-height-default elementor-section-height-default\" data-id=\"a1c5ec8\" data-element_type=\"section\">\n\t\t\t\t\t\t<div class=\"elementor-container elementor-column-gap-custom\">\n\t\t\t\t\t<div class=\"elementor-column elementor-col-100 elementor-top-column elementor-element elementor-element-dbda449\" data-id=\"dbda449\" data-element_type=\"column\">\n\t\t\t<div class=\"elementor-widget-wrap elementor-element-populated\">\n\t\t\t\t\t\t<div class=\"elementor-element elementor-element-0499407 elementor-widget elementor-widget-video\" data-id=\"0499407\" data-element_type=\"widget\" data-settings=\"{&quot;video_type&quot;:&quot;hosted&quot;,&quot;loop&quot;:&quot;yes&quot;,&quot;controls&quot;:&quot;yes&quot;}\" data-widget_type=\"video.default\">\n\t\t\t\t<div class=\"elementor-widget-container\">\n\t\t\t\t\t<div class=\"e-hosted-video elementor-wrapper elementor-open-inline\">\n\t\t\t\t\t<video class=\"elementor-video\" src=\"https:\/\/projekt.vombat.ee\/eco\/wp-content\/uploads\/2024\/04\/Ecocruiser.mp4\" loop=\"\" controls=\"\" preload=\"metadata\" controlsList=\"nodownload\"><\/video>\n\t\t\t\t<\/div>\n\t\t\t\t<\/div>\n\t\t\t\t<\/div>\n\t\t\t\t\t<\/div>\n\t\t<\/div>\n\t\t\t\t\t<\/div>\n\t\t<\/section>\n\t\t\t\t<section class=\"elementor-section elementor-top-section elementor-element elementor-element-8ecb8a8 elementor-section-full_width elementor-section-content-middle elementor-section-height-default elementor-section-height-default\" data-id=\"8ecb8a8\" data-element_type=\"section\" data-settings=\"{&quot;background_background&quot;:&quot;classic&quot;}\">\n\t\t\t\t\t\t<div class=\"elementor-container elementor-column-gap-no\">\n\t\t\t\t\t<div class=\"elementor-column elementor-col-50 elementor-top-column elementor-element elementor-element-0d8c2ee\" data-id=\"0d8c2ee\" data-element_type=\"column\">\n\t\t\t<div class=\"elementor-widget-wrap elementor-element-populated\">\n\t\t\t\t\t\t<div class=\"elementor-element elementor-element-9ef0f81 elementor-widget elementor-widget-google_maps\" data-id=\"9ef0f81\" data-element_type=\"widget\" data-widget_type=\"google_maps.default\">\n\t\t\t\t<div class=\"elementor-widget-container\">\n\t\t\t\t\t<div class=\"elementor-custom-embed\">\n\t\t\t<iframe loading=\"lazy\"\n\t\t\t\t\tsrc=\"https:\/\/maps.google.com\/maps?q=Lootsi%208&#038;t=m&#038;z=17&#038;output=embed&#038;iwloc=near\"\n\t\t\t\t\ttitle=\"Lootsi 8\"\n\t\t\t\t\taria-label=\"Lootsi 8\"\n\t\t\t><\/iframe>\n\t\t<\/div>\n\t\t\t\t<\/div>\n\t\t\t\t<\/div>\n\t\t\t\t\t<\/div>\n\t\t<\/div>\n\t\t\t\t<div class=\"elementor-column elementor-col-50 elementor-top-column elementor-element elementor-element-1dd746c\" data-id=\"1dd746c\" data-element_type=\"column\">\n\t\t\t<div class=\"elementor-widget-wrap elementor-element-populated\">\n\t\t\t\t\t\t<div class=\"elementor-element elementor-element-061a2a9 elementor-widget elementor-widget-heading\" data-id=\"061a2a9\" data-element_type=\"widget\" data-widget_type=\"heading.default\">\n\t\t\t\t<div class=\"elementor-widget-container\">\n\t\t\t<h2 class=\"elementor-heading-title elementor-size-default\">V\u00d5TA \u00dcHENDUST<\/h2>\t\t<\/div>\n\t\t\t\t<\/div>\n\t\t\t\t\t<\/div>\n\t\t<\/div>\n\t\t\t\t\t<\/div>\n\t\t<\/section>\n\t\t\t\t<section class=\"elementor-section elementor-top-section elementor-element elementor-element-2ccbf57 elementor-section-boxed elementor-section-height-default elementor-section-height-default\" data-id=\"2ccbf57\" data-element_type=\"section\">\n\t\t\t\t\t\t<div class=\"elementor-container elementor-column-gap-default\">\n\t\t\t\t\t<div class=\"elementor-column elementor-col-100 elementor-top-column elementor-element elementor-element-969cf39\" data-id=\"969cf39\" data-element_type=\"column\">\n\t\t\t<div class=\"elementor-widget-wrap elementor-element-populated\">\n\t\t\t\t\t\t<div class=\"elementor-element elementor-element-808e28a elementor-widget elementor-widget-text-editor\" data-id=\"808e28a\" data-element_type=\"widget\" data-widget_type=\"text-editor.default\">\n\t\t\t\t<div class=\"elementor-widget-container\">\n\t\t\t\t\t\t\t<p style=\"text-align: center;\">SW Kah O\u00dc<br \/>Registrikood: 16811462<br \/>KMKR nr: EE102653481<br \/>Lootsi 8, 10151 Tallinn<\/p>\t\t\t\t\t\t<\/div>\n\t\t\t\t<\/div>\n\t\t\t\t\t<\/div>\n\t\t<\/div>\n\t\t\t\t\t<\/div>\n\t\t<\/section>\n\t\t\t\t<section class=\"elementor-section elementor-top-section elementor-element elementor-element-043a62f elementor-section-boxed elementor-section-height-default elementor-section-height-default\" data-id=\"043a62f\" data-element_type=\"section\">\n\t\t\t\t\t\t<div class=\"elementor-container elementor-column-gap-default\">\n\t\t\t\t\t<div class=\"elementor-column elementor-col-100 elementor-top-column elementor-element elementor-element-50e2300\" data-id=\"50e2300\" data-element_type=\"column\">\n\t\t\t<div class=\"elementor-widget-wrap elementor-element-populated\">\n\t\t\t\t\t\t<div class=\"elementor-element elementor-element-1841e31 elementor-widget elementor-widget-heading\" data-id=\"1841e31\" data-element_type=\"widget\" data-widget_type=\"heading.default\">\n\t\t\t\t<div class=\"elementor-widget-container\">\n\t\t\t<h2 class=\"elementor-heading-title elementor-size-default\">Liitu meie uudiskirjaga<\/h2>\t\t<\/div>\n\t\t\t\t<\/div>\n\t\t\t\t<div class=\"elementor-element elementor-element-17c5517 elementor-widget elementor-widget-heading\" data-id=\"17c5517\" data-element_type=\"widget\" data-widget_type=\"heading.default\">\n\t\t\t\t<div class=\"elementor-widget-container\">\n\t\t\t<div class=\"elementor-heading-title elementor-size-default\">Ole kursis meie uusimate pakkumiste ja kampaaniatega!<\/div>\t\t<\/div>\n\t\t\t\t<\/div>\n\t\t\t\t\t<\/div>\n\t\t<\/div>\n\t\t\t\t\t<\/div>\n\t\t<\/section>\n\t\t\t\t<\/div>\n\t\t","protected":false},"excerpt":{"rendered":"<p>\u00a0 \u00a0 \u00a0 Tallinna Lootsi 8 esindus\/t\u00f6\u00f6koda Esindus ja T\u00f6\u00f6koda on avatud:E-R 11:00-19:00L-P Suletud Pood: +372 56207508 | T\u00f6\u00f6koda: +372 56207508Email: info@projekt.vombat.ee Ecocruiseri esindus \u2013 elektriliste t\u00f5ukerataste, elektrirataste, elektrirollerite, elektrimootorrataste, kastirataste ja nende varuosade \/ lisavarustuse pood ning t\u00f6\u00f6koda asub: Lootsi 8, 10151 Tallinn, EestiPood: +372 56207508 (EE \/ EN \/ RU)T\u00f6\u00f6koda: +372 56207508 (EE \/ EN \/ RU)Email: info@projekt.vombat.ee\u2026<\/p>\n","protected":false},"author":1,"featured_media":0,"parent":0,"menu_order":0,"comment_status":"closed","ping_status":"closed","template":"elementor_header_footer","meta":{"footnotes":""},"class_list":["post-1173","page","type-page","status-publish","hentry"],"yoast_head":"<!-- This site is optimized with the Yoast SEO plugin v23.8 - https:\/\/yoast.com\/wordpress\/plugins\/seo\/ -->\n<title>Kontakt - Ecocruiser<\/title>\n<meta name=\"description\" content=\"Ecocruiser.ee - Klienditeenindus: (+372) 56638381 ; E-mail: info@projekt.vombat.ee. Tuntud br\u00e4ndid, kvaliteetne valik\" \/>\n<meta name=\"robots\" content=\"noindex, follow, max-snippet:-1, max-image-preview:large, max-video-preview:-1\" \/>\n<meta property=\"og:locale\" content=\"en_GB\" \/>\n<meta property=\"og:type\" content=\"article\" \/>\n<meta property=\"og:title\" content=\"Kontakt - Ecocruiser\" \/>\n<meta property=\"og:description\" content=\"Ecocruiser.ee - Klienditeenindus: (+372) 56638381 ; E-mail: info@projekt.vombat.ee. Tuntud br\u00e4ndid, kvaliteetne valik\" \/>\n<meta property=\"og:url\" content=\"https:\/\/projekt.vombat.ee\/eco\/kontakt\/\" \/>\n<meta property=\"og:site_name\" content=\"Ecocruiser\" \/>\n<meta property=\"article:modified_time\" content=\"2024-07-13T09:07:22+00:00\" \/>\n<meta property=\"og:image\" content=\"https:\/\/projekt.vombat.ee\/eco\/wp-content\/uploads\/2024\/04\/Kuvatommis-2024-04-14-153737-1024x565.png\" \/>\n<meta name=\"twitter:card\" content=\"summary_large_image\" \/>\n<meta name=\"twitter:label1\" content=\"Estimated reading time\" \/>\n\t<meta name=\"twitter:data1\" content=\"1 minute\" \/>\n<script type=\"application\/ld+json\" class=\"yoast-schema-graph\">{\"@context\":\"https:\/\/schema.org\",\"@graph\":[{\"@type\":\"WebPage\",\"@id\":\"https:\/\/projekt.vombat.ee\/eco\/kontakt\/\",\"url\":\"https:\/\/projekt.vombat.ee\/eco\/kontakt\/\",\"name\":\"Kontakt - Ecocruiser\",\"isPartOf\":{\"@id\":\"https:\/\/projekt.vombat.ee\/eco\/#website\"},\"primaryImageOfPage\":{\"@id\":\"https:\/\/projekt.vombat.ee\/eco\/kontakt\/#primaryimage\"},\"image\":{\"@id\":\"https:\/\/projekt.vombat.ee\/eco\/kontakt\/#primaryimage\"},\"thumbnailUrl\":\"https:\/\/projekt.vombat.ee\/eco\/wp-content\/uploads\/2024\/04\/Kuvatommis-2024-04-14-153737-1024x565.png\",\"datePublished\":\"2021-11-20T10:33:28+00:00\",\"dateModified\":\"2024-07-13T09:07:22+00:00\",\"description\":\"Ecocruiser.ee - Klienditeenindus: (+372) 56638381 ; E-mail: info@projekt.vombat.ee. Tuntud br\u00e4ndid, kvaliteetne valik\",\"breadcrumb\":{\"@id\":\"https:\/\/projekt.vombat.ee\/eco\/kontakt\/#breadcrumb\"},\"inLanguage\":\"en-GB\",\"potentialAction\":[{\"@type\":\"ReadAction\",\"target\":[\"https:\/\/projekt.vombat.ee\/eco\/kontakt\/\"]}]},{\"@type\":\"ImageObject\",\"inLanguage\":\"en-GB\",\"@id\":\"https:\/\/projekt.vombat.ee\/eco\/kontakt\/#primaryimage\",\"url\":\"https:\/\/projekt.vombat.ee\/eco\/wp-content\/uploads\/2024\/04\/Kuvatommis-2024-04-14-153737.png\",\"contentUrl\":\"https:\/\/projekt.vombat.ee\/eco\/wp-content\/uploads\/2024\/04\/Kuvatommis-2024-04-14-153737.png\",\"width\":1080,\"height\":596},{\"@type\":\"BreadcrumbList\",\"@id\":\"https:\/\/projekt.vombat.ee\/eco\/kontakt\/#breadcrumb\",\"itemListElement\":[{\"@type\":\"ListItem\",\"position\":1,\"name\":\"Home\",\"item\":\"https:\/\/projekt.vombat.ee\/eco\/\"},{\"@type\":\"ListItem\",\"position\":2,\"name\":\"Kontakt\"}]},{\"@type\":\"WebSite\",\"@id\":\"https:\/\/projekt.vombat.ee\/eco\/#website\",\"url\":\"https:\/\/projekt.vombat.ee\/eco\/\",\"name\":\"Ecocruiser\",\"description\":\"\",\"publisher\":{\"@id\":\"https:\/\/projekt.vombat.ee\/eco\/#organization\"},\"potentialAction\":[{\"@type\":\"SearchAction\",\"target\":{\"@type\":\"EntryPoint\",\"urlTemplate\":\"https:\/\/projekt.vombat.ee\/eco\/?s={search_term_string}\"},\"query-input\":{\"@type\":\"PropertyValueSpecification\",\"valueRequired\":true,\"valueName\":\"search_term_string\"}}],\"inLanguage\":\"en-GB\"},{\"@type\":\"Organization\",\"@id\":\"https:\/\/projekt.vombat.ee\/eco\/#organization\",\"name\":\"Ecocruiser\",\"url\":\"https:\/\/projekt.vombat.ee\/eco\/\",\"logo\":{\"@type\":\"ImageObject\",\"inLanguage\":\"en-GB\",\"@id\":\"https:\/\/projekt.vombat.ee\/eco\/#\/schema\/logo\/image\/\",\"url\":\"https:\/\/projekt.vombat.ee\/eco\/wp-content\/uploads\/2023\/03\/ECOCRUISER_5.png\",\"contentUrl\":\"https:\/\/projekt.vombat.ee\/eco\/wp-content\/uploads\/2023\/03\/ECOCRUISER_5.png\",\"width\":234,\"height\":91,\"caption\":\"Ecocruiser\"},\"image\":{\"@id\":\"https:\/\/projekt.vombat.ee\/eco\/#\/schema\/logo\/image\/\"}}]}<\/script>\n<!-- \/ Yoast SEO plugin. -->","yoast_head_json":{"title":"Kontakt - Ecocruiser","description":"Ecocruiser.ee - Klienditeenindus: (+372) 56638381 ; E-mail: info@projekt.vombat.ee. Tuntud br\u00e4ndid, kvaliteetne valik","robots":{"index":"noindex","follow":"follow","max-snippet":"max-snippet:-1","max-image-preview":"max-image-preview:large","max-video-preview":"max-video-preview:-1"},"og_locale":"en_GB","og_type":"article","og_title":"Kontakt - Ecocruiser","og_description":"Ecocruiser.ee - Klienditeenindus: (+372) 56638381 ; E-mail: info@projekt.vombat.ee. Tuntud br\u00e4ndid, kvaliteetne valik","og_url":"https:\/\/projekt.vombat.ee\/eco\/kontakt\/","og_site_name":"Ecocruiser","article_modified_time":"2024-07-13T09:07:22+00:00","og_image":[{"url":"https:\/\/projekt.vombat.ee\/eco\/wp-content\/uploads\/2024\/04\/Kuvatommis-2024-04-14-153737-1024x565.png"}],"twitter_card":"summary_large_image","twitter_misc":{"Estimated reading time":"1 minute"},"schema":{"@context":"https:\/\/schema.org","@graph":[{"@type":"WebPage","@id":"https:\/\/projekt.vombat.ee\/eco\/kontakt\/","url":"https:\/\/projekt.vombat.ee\/eco\/kontakt\/","name":"Kontakt - Ecocruiser","isPartOf":{"@id":"https:\/\/projekt.vombat.ee\/eco\/#website"},"primaryImageOfPage":{"@id":"https:\/\/projekt.vombat.ee\/eco\/kontakt\/#primaryimage"},"image":{"@id":"https:\/\/projekt.vombat.ee\/eco\/kontakt\/#primaryimage"},"thumbnailUrl":"https:\/\/projekt.vombat.ee\/eco\/wp-content\/uploads\/2024\/04\/Kuvatommis-2024-04-14-153737-1024x565.png","datePublished":"2021-11-20T10:33:28+00:00","dateModified":"2024-07-13T09:07:22+00:00","description":"Ecocruiser.ee - Klienditeenindus: (+372) 56638381 ; E-mail: info@projekt.vombat.ee. Tuntud br\u00e4ndid, kvaliteetne valik","breadcrumb":{"@id":"https:\/\/projekt.vombat.ee\/eco\/kontakt\/#breadcrumb"},"inLanguage":"en-GB","potentialAction":[{"@type":"ReadAction","target":["https:\/\/projekt.vombat.ee\/eco\/kontakt\/"]}]},{"@type":"ImageObject","inLanguage":"en-GB","@id":"https:\/\/projekt.vombat.ee\/eco\/kontakt\/#primaryimage","url":"https:\/\/projekt.vombat.ee\/eco\/wp-content\/uploads\/2024\/04\/Kuvatommis-2024-04-14-153737.png","contentUrl":"https:\/\/projekt.vombat.ee\/eco\/wp-content\/uploads\/2024\/04\/Kuvatommis-2024-04-14-153737.png","width":1080,"height":596},{"@type":"BreadcrumbList","@id":"https:\/\/projekt.vombat.ee\/eco\/kontakt\/#breadcrumb","itemListElement":[{"@type":"ListItem","position":1,"name":"Home","item":"https:\/\/projekt.vombat.ee\/eco\/"},{"@type":"ListItem","position":2,"name":"Kontakt"}]},{"@type":"WebSite","@id":"https:\/\/projekt.vombat.ee\/eco\/#website","url":"https:\/\/projekt.vombat.ee\/eco\/","name":"Ecocruiser","description":"","publisher":{"@id":"https:\/\/projekt.vombat.ee\/eco\/#organization"},"potentialAction":[{"@type":"SearchAction","target":{"@type":"EntryPoint","urlTemplate":"https:\/\/projekt.vombat.ee\/eco\/?s={search_term_string}"},"query-input":{"@type":"PropertyValueSpecification","valueRequired":true,"valueName":"search_term_string"}}],"inLanguage":"en-GB"},{"@type":"Organization","@id":"https:\/\/projekt.vombat.ee\/eco\/#organization","name":"Ecocruiser","url":"https:\/\/projekt.vombat.ee\/eco\/","logo":{"@type":"ImageObject","inLanguage":"en-GB","@id":"https:\/\/projekt.vombat.ee\/eco\/#\/schema\/logo\/image\/","url":"https:\/\/projekt.vombat.ee\/eco\/wp-content\/uploads\/2023\/03\/ECOCRUISER_5.png","contentUrl":"https:\/\/projekt.vombat.ee\/eco\/wp-content\/uploads\/2023\/03\/ECOCRUISER_5.png","width":234,"height":91,"caption":"Ecocruiser"},"image":{"@id":"https:\/\/projekt.vombat.ee\/eco\/#\/schema\/logo\/image\/"}}]}},"lang":"et","translations":{"et":1173,"fi":7224,"lv":10960,"en":12178,"ru":16129,"fr":17123},"pll_sync_post":[],"_links":{"self":[{"href":"https:\/\/projekt.vombat.ee\/eco\/wp-json\/wp\/v2\/pages\/1173"}],"collection":[{"href":"https:\/\/projekt.vombat.ee\/eco\/wp-json\/wp\/v2\/pages"}],"about":[{"href":"https:\/\/projekt.vombat.ee\/eco\/wp-json\/wp\/v2\/types\/page"}],"author":[{"embeddable":true,"href":"https:\/\/projekt.vombat.ee\/eco\/wp-json\/wp\/v2\/users\/1"}],"replies":[{"embeddable":true,"href":"https:\/\/projekt.vombat.ee\/eco\/wp-json\/wp\/v2\/comments?post=1173"}],"version-history":[{"count":61,"href":"https:\/\/projekt.vombat.ee\/eco\/wp-json\/wp\/v2\/pages\/1173\/revisions"}],"predecessor-version":[{"id":20718,"href":"https:\/\/projekt.vombat.ee\/eco\/wp-json\/wp\/v2\/pages\/1173\/revisions\/20718"}],"wp:attachment":[{"href":"https:\/\/projekt.vombat.ee\/eco\/wp-json\/wp\/v2\/media?parent=1173"}],"curies":[{"name":"wp","href":"https:\/\/api.w.org\/{rel}","templated":true}]}}